{"id":3243,"date":"2022-03-02T21:49:52","date_gmt":"2022-03-02T21:49:52","guid":{"rendered":"https:\/\/dembedesign.hu\/?page_id=3243"},"modified":"2025-12-08T10:44:17","modified_gmt":"2025-12-08T09:44:17","slug":"vasarlas-es-szallitas","status":"publish","type":"page","link":"https:\/\/dembedesign.hu\/en\/vasarlas-es-szallitas\/","title":{"rendered":"BUY AND SHIPPING"},"content":{"rendered":"<div data-elementor-type=\"wp-page\" data-elementor-id=\"3243\" class=\"elementor elementor-3243\">\n\t\t\t\t\t\t<section class=\"elementor-section elementor-top-section elementor-element elementor-element-77a3642 elementor-section-boxed elementor-section-height-default elementor-section-height-default\" data-id=\"77a3642\" data-element_type=\"section\" data-e-type=\"section\">\n\t\t\t\t\t\t<div class=\"elementor-container elementor-column-gap-default\">\n\t\t\t\t\t<div class=\"elementor-column elementor-col-100 elementor-top-column elementor-element elementor-element-529a4b0\" data-id=\"529a4b0\" data-element_type=\"column\" data-e-type=\"column\">\n\t\t\t<div class=\"elementor-widget-wrap elementor-element-populated\">\n\t\t\t\t\t\t<div class=\"elementor-element elementor-element-ec9644a elementor-widget elementor-widget-text-editor\" data-id=\"ec9644a\" data-element_type=\"widget\" data-e-type=\"widget\" data-widget_type=\"text-editor.default\">\n\t\t\t\t<div class=\"elementor-widget-container\">\n\t\t\t\t\t\t\t\t\t<p>PAYMENT METHODS<\/p>\t\t\t\t\t\t\t\t<\/div>\n\t\t\t\t<\/div>\n\t\t\t\t\t<\/div>\n\t\t<\/div>\n\t\t\t\t\t<\/div>\n\t\t<\/section>\n\t\t\t\t<section class=\"elementor-section elementor-top-section elementor-element elementor-element-a24cdd0 elementor-section-boxed elementor-section-height-default elementor-section-height-default\" data-id=\"a24cdd0\" data-element_type=\"section\" data-e-type=\"section\">\n\t\t\t\t\t\t<div class=\"elementor-container elementor-column-gap-default\">\n\t\t\t\t\t<div class=\"elementor-column elementor-col-100 elementor-top-column elementor-element elementor-element-4d5a6be\" data-id=\"4d5a6be\" data-element_type=\"column\" data-e-type=\"column\">\n\t\t\t<div class=\"elementor-widget-wrap elementor-element-populated\">\n\t\t\t\t\t\t<div class=\"elementor-element elementor-element-51ae532 elementor-widget elementor-widget-text-editor\" data-id=\"51ae532\" data-element_type=\"widget\" data-e-type=\"widget\" data-widget_type=\"text-editor.default\">\n\t\t\t\t<div class=\"elementor-widget-container\">\n\t\t\t\t\t\t\t\t\t<p><strong>Payment by credit card: <\/strong>A v\u00e1s\u00e1rl\u00f3 gyorsan \u00e9s egyszer\u0171en a bankk\u00e1rty\u00e1j\u00e1val fizet a Barion Payment Zrt. biztons\u00e1gos rendszer\u00e9n kereszt\u00fcl.<\/p>\t\t\t\t\t\t\t\t<\/div>\n\t\t\t\t<\/div>\n\t\t\t\t\t<\/div>\n\t\t<\/div>\n\t\t\t\t\t<\/div>\n\t\t<\/section>\n\t\t\t\t<section class=\"elementor-section elementor-top-section elementor-element elementor-element-1c4728a elementor-section-boxed elementor-section-height-default elementor-section-height-default\" data-id=\"1c4728a\" data-element_type=\"section\" data-e-type=\"section\">\n\t\t\t\t\t\t<div class=\"elementor-container elementor-column-gap-default\">\n\t\t\t\t\t<div class=\"elementor-column elementor-col-100 elementor-top-column elementor-element elementor-element-944d7f3\" data-id=\"944d7f3\" data-element_type=\"column\" data-e-type=\"column\">\n\t\t\t<div class=\"elementor-widget-wrap elementor-element-populated\">\n\t\t\t\t\t\t<div class=\"elementor-element elementor-element-ea7a45d elementor-widget elementor-widget-text-editor\" data-id=\"ea7a45d\" data-element_type=\"widget\" data-e-type=\"widget\" data-widget_type=\"text-editor.default\">\n\t\t\t\t<div class=\"elementor-widget-container\">\n\t\t\t\t\t\t\t\t\t<p data-trid=\"522\"><b>K\u00f6zvetlen<\/b><strong> \u00e1tutal\u00e1s:<\/strong>\u00a0<span style=\"font-size: 1rem;\">A v\u00e1s\u00e1rl\u00f3 a netbankj\u00e1n kereszt\u00fcl utal a web\u00e1ruh\u00e1z banksz\u00e1ml\u00e1j\u00e1ra. A fizet\u00e9s\u00a0<\/span>elind\u00edt\u00e1s\u00e1ra 24 \u00f3ra \u00e1ll rendelkez\u00e9sre. Ezt meghalad\u00f3an a megrendel\u00e9s automatikusan t\u00f6rl\u00e9sre ker\u00fcl.<\/p><p><b>Payment information:\u00a0<\/b><br \/>Kedvezm\u00e9nyezett:\u00a0R\u00e9zm\u00fcves Georgina<br \/>Sz\u00e1mlavezet\u0151 Bank: OTP Bank Nyrt.<br \/>Sz\u00e1mlasz\u00e1m: 11773384-01890598<br \/>IBAN sz\u00e1m: HU03117733840189059800000000<\/p><p style=\"font-size: 16px; font-style: normal;\" data-trid=\"522\">A \u201ck\u00f6zlem\u00e9ny\u201d rovatba k\u00e9rj\u00fck felt\u00fcntetni a rendel\u00e9si sz\u00e1mot!<\/p>\t\t\t\t\t\t\t\t<\/div>\n\t\t\t\t<\/div>\n\t\t\t\t\t<\/div>\n\t\t<\/div>\n\t\t\t\t\t<\/div>\n\t\t<\/section>\n\t\t\t\t<section class=\"elementor-section elementor-top-section elementor-element elementor-element-d4cb869 elementor-section-boxed elementor-section-height-default elementor-section-height-default\" data-id=\"d4cb869\" data-element_type=\"section\" data-e-type=\"section\">\n\t\t\t\t\t\t<div class=\"elementor-container elementor-column-gap-default\">\n\t\t\t\t\t<div class=\"elementor-column elementor-col-100 elementor-top-column elementor-element elementor-element-9f4a2c8\" data-id=\"9f4a2c8\" data-element_type=\"column\" data-e-type=\"column\">\n\t\t\t<div class=\"elementor-widget-wrap elementor-element-populated\">\n\t\t\t\t\t\t<div class=\"elementor-element elementor-element-7206a82 elementor-widget elementor-widget-text-editor\" data-id=\"7206a82\" data-element_type=\"widget\" data-e-type=\"widget\" data-widget_type=\"text-editor.default\">\n\t\t\t\t<div class=\"elementor-widget-container\">\n\t\t\t\t\t\t\t\t\t<p>METHODS OF TRANSPORT<\/p>\t\t\t\t\t\t\t\t<\/div>\n\t\t\t\t<\/div>\n\t\t\t\t\t<\/div>\n\t\t<\/div>\n\t\t\t\t\t<\/div>\n\t\t<\/section>\n\t\t\t\t<section class=\"elementor-section elementor-top-section elementor-element elementor-element-94386aa elementor-section-boxed elementor-section-height-default elementor-section-height-default\" data-id=\"94386aa\" data-element_type=\"section\" data-e-type=\"section\">\n\t\t\t\t\t\t<div class=\"elementor-container elementor-column-gap-default\">\n\t\t\t\t\t<div class=\"elementor-column elementor-col-100 elementor-top-column elementor-element elementor-element-b128896\" data-id=\"b128896\" data-element_type=\"column\" data-e-type=\"column\">\n\t\t\t<div class=\"elementor-widget-wrap elementor-element-populated\">\n\t\t\t\t\t\t<div class=\"elementor-element elementor-element-4d9641c elementor-widget elementor-widget-text-editor\" data-id=\"4d9641c\" data-element_type=\"widget\" data-e-type=\"widget\" data-widget_type=\"text-editor.default\">\n\t\t\t\t<div class=\"elementor-widget-container\">\n\t\t\t\t\t\t\t\t\t<p>MAGYARORSZ\u00c1G<\/p>\t\t\t\t\t\t\t\t<\/div>\n\t\t\t\t<\/div>\n\t\t\t\t\t<\/div>\n\t\t<\/div>\n\t\t\t\t\t<\/div>\n\t\t<\/section>\n\t\t\t\t<section class=\"elementor-section elementor-top-section elementor-element elementor-element-35d6850 elementor-section-boxed elementor-section-height-default elementor-section-height-default\" data-id=\"35d6850\" data-element_type=\"section\" data-e-type=\"section\">\n\t\t\t\t\t\t<div class=\"elementor-container elementor-column-gap-default\">\n\t\t\t\t\t<div class=\"elementor-column elementor-col-100 elementor-top-column elementor-element elementor-element-4530b14\" data-id=\"4530b14\" data-element_type=\"column\" data-e-type=\"column\">\n\t\t\t<div class=\"elementor-widget-wrap elementor-element-populated\">\n\t\t\t\t\t\t<div class=\"elementor-element elementor-element-9092187 elementor-widget elementor-widget-text-editor\" data-id=\"9092187\" data-element_type=\"widget\" data-e-type=\"widget\" data-widget_type=\"text-editor.default\">\n\t\t\t\t<div class=\"elementor-widget-container\">\n\t\t\t\t\t\t\t\t\t<div><section><div><p><strong>GLS h\u00e1zhozsz\u00e1ll\u00edt\u00e1s<\/strong>\u00a0(\u00e1tlagosan 2-3 munkanap)<\/p><p><strong>MPL h\u00e1zhozsz\u00e1ll\u00edt\u00e1s\u00a0<\/strong>(\u00e1tlagosan 7-14 munkanap)<\/p><p><strong>Foxpost automata<\/strong>\u00a0(\u00e1tlagosan 3-5 munkanap)\u00a0<\/p><p><span style=\"font-style: inherit;\">Fekhely eset\u00e9n az automata nem v\u00e1laszthat\u00f3!<\/span><\/p><p><span style=\"font-size: 16px;\">Itt tudod ellen\u0151rizni, hogy melyik csomagpont van hozz\u00e1d a legk\u00f6zelebb!<\/span><\/p><\/div><\/section><\/div>\t\t\t\t\t\t\t\t<\/div>\n\t\t\t\t<\/div>\n\t\t\t\t\t<\/div>\n\t\t<\/div>\n\t\t\t\t\t<\/div>\n\t\t<\/section>\n\t\t\t\t<section class=\"elementor-section elementor-top-section elementor-element elementor-element-a972c58 elementor-section-boxed elementor-section-height-default elementor-section-height-default\" data-id=\"a972c58\" data-element_type=\"section\" data-e-type=\"section\">\n\t\t\t\t\t\t<div class=\"elementor-container elementor-column-gap-default\">\n\t\t\t\t\t<div class=\"elementor-column elementor-col-100 elementor-top-column elementor-element elementor-element-f7bd25c\" data-id=\"f7bd25c\" data-element_type=\"column\" data-e-type=\"column\">\n\t\t\t<div class=\"elementor-widget-wrap elementor-element-populated\">\n\t\t\t\t\t\t<div class=\"elementor-element elementor-element-dc4c4d5 elementor-widget elementor-widget-button\" data-id=\"dc4c4d5\" data-element_type=\"widget\" data-e-type=\"widget\" data-widget_type=\"button.default\">\n\t\t\t\t<div class=\"elementor-widget-container\">\n\t\t\t\t\t\t\t\t\t<div class=\"elementor-button-wrapper\">\n\t\t\t\t\t<a class=\"elementor-button elementor-button-link elementor-size-sm\" href=\"https:\/\/foxpost.hu\/csomagautomatak\">\n\t\t\t\t\t\t<span class=\"elementor-button-content-wrapper\">\n\t\t\t\t\t\t\t\t\t<span class=\"elementor-button-text\">FOXPOST AUTOMATA KERES\u00c9S<\/span>\n\t\t\t\t\t<\/span>\n\t\t\t\t\t<\/a>\n\t\t\t\t<\/div>\n\t\t\t\t\t\t\t\t<\/div>\n\t\t\t\t<\/div>\n\t\t\t\t\t<\/div>\n\t\t<\/div>\n\t\t\t\t\t<\/div>\n\t\t<\/section>\n\t\t\t\t<section class=\"elementor-section elementor-top-section elementor-element elementor-element-af69648 elementor-section-boxed elementor-section-height-default elementor-section-height-default\" data-id=\"af69648\" data-element_type=\"section\" data-e-type=\"section\">\n\t\t\t\t\t\t<div class=\"elementor-container elementor-column-gap-default\">\n\t\t\t\t\t<div class=\"elementor-column elementor-col-100 elementor-top-column elementor-element elementor-element-ff21ac7\" data-id=\"ff21ac7\" data-element_type=\"column\" data-e-type=\"column\">\n\t\t\t<div class=\"elementor-widget-wrap elementor-element-populated\">\n\t\t\t\t\t\t<div class=\"elementor-element elementor-element-c17f53b elementor-widget elementor-widget-text-editor\" data-id=\"c17f53b\" data-element_type=\"widget\" data-e-type=\"widget\" data-widget_type=\"text-editor.default\">\n\t\t\t\t<div class=\"elementor-widget-container\">\n\t\t\t\t\t\t\t\t\t<p>INTERNATIONAL SHIPPING:<\/p>\n<p><\/p>\t\t\t\t\t\t\t\t<\/div>\n\t\t\t\t<\/div>\n\t\t\t\t\t<\/div>\n\t\t<\/div>\n\t\t\t\t\t<\/div>\n\t\t<\/section>\n\t\t\t\t<section class=\"elementor-section elementor-top-section elementor-element elementor-element-7046bb3 elementor-section-boxed elementor-section-height-default elementor-section-height-default\" data-id=\"7046bb3\" data-element_type=\"section\" data-e-type=\"section\">\n\t\t\t\t\t\t<div class=\"elementor-container elementor-column-gap-default\">\n\t\t\t\t\t<div class=\"elementor-column elementor-col-100 elementor-top-column elementor-element elementor-element-b1e4d9f\" data-id=\"b1e4d9f\" data-element_type=\"column\" data-e-type=\"column\">\n\t\t\t<div class=\"elementor-widget-wrap elementor-element-populated\">\n\t\t\t\t\t\t<div class=\"elementor-element elementor-element-3994b32 elementor-widget elementor-widget-text-editor\" data-id=\"3994b32\" data-element_type=\"widget\" data-e-type=\"widget\" data-widget_type=\"text-editor.default\">\n\t\t\t\t<div class=\"elementor-widget-container\">\n\t\t\t\t\t\t\t\t\t<p><strong>H\u00e1zhozsz\u00e1ll\u00edt\u00e1s<\/strong>: Szlov\u00e1kia, Csehorsz\u00e1g, Ausztria, Rom\u00e1nia, N\u00e9metorsz\u00e1g, Olaszorsz\u00e1g, Franciaorsz\u00e1g, Szlov\u00e9nia, Belgium, Hollandia, Lengyelorsz\u00e1g, Luxemburg, D\u00e1nia, Horv\u00e1torsz\u00e1g, \u00cdrorsz\u00e1g,&nbsp;Amerikai Egyes\u00fclt \u00c1llamok.<\/p>\n<p style=\"font-size: 16px; font-style: normal;\"><strong>K\u00fclf\u00f6ldre fekhelyeket \u00e9s f\u0151tt men\u00fcket nem sz\u00e1ll\u00edtunk!<\/strong><\/p>\n<p style=\"font-size: 16px; font-style: normal;\"><strong>Az Amerikai Egyes\u00fclt \u00c1llamokba csak ruh\u00e1zati term\u00e9keket sz\u00e1ll\u00edtunk!<\/strong><\/p>\n<p><\/p>\t\t\t\t\t\t\t\t<\/div>\n\t\t\t\t<\/div>\n\t\t\t\t\t<\/div>\n\t\t<\/div>\n\t\t\t\t\t<\/div>\n\t\t<\/section>\n\t\t\t\t<\/div>","protected":false},"excerpt":{"rendered":"<p>FIZET\u00c9SI M\u00d3DOK Bankk\u00e1rty\u00e1s fizet\u00e9s: A v\u00e1s\u00e1rl\u00f3 gyorsan \u00e9s egyszer\u0171en a bankk\u00e1rty\u00e1j\u00e1val fizet a Barion Payment Zrt. biztons\u00e1gos rendszer\u00e9n kereszt\u00fcl. K\u00f6zvetlen \u00e1tutal\u00e1s:\u00a0A v\u00e1s\u00e1rl\u00f3 a netbankj\u00e1n kereszt\u00fcl utal a web\u00e1ruh\u00e1z banksz\u00e1ml\u00e1j\u00e1ra. A fizet\u00e9s\u00a0elind\u00edt\u00e1s\u00e1ra 24 \u00f3ra \u00e1ll rendelkez\u00e9sre. Ezt meghalad\u00f3an a megrendel\u00e9s automatikusan t\u00f6rl\u00e9sre ker\u00fcl. Utal\u00e1si inform\u00e1ci\u00f3k:\u00a0Kedvezm\u00e9nyezett:\u00a0R\u00e9zm\u00fcves GeorginaSz\u00e1mlavezet\u0151 Bank: OTP Bank Nyrt.Sz\u00e1mlasz\u00e1m: 11773384-01890598IBAN sz\u00e1m: HU03117733840189059800000000 A \u201ck\u00f6zlem\u00e9ny\u201d rovatba [&hellip;]<\/p>\n","protected":false},"author":1,"featured_media":0,"parent":0,"menu_order":0,"comment_status":"closed","ping_status":"closed","template":"","meta":{"om_disable_all_campaigns":false,"_monsterinsights_skip_tracking":false,"_monsterinsights_sitenote_active":false,"_monsterinsights_sitenote_note":"","_monsterinsights_sitenote_category":0,"site-sidebar-layout":"default","site-content-layout":"","ast-site-content-layout":"default","site-content-style":"default","site-sidebar-style":"default","ast-global-header-display":"","ast-banner-title-visibility":"","ast-main-header-display":"","ast-hfb-above-header-display":"","ast-hfb-below-header-display":"","ast-hfb-mobile-header-display":"","site-post-title":"","ast-breadcrumbs-content":"","ast-featured-img":"","footer-sml-layout":"","theme-transparent-header-meta":"","adv-header-id-meta":"","stick-header-meta":"","header-above-stick-meta":"","header-main-stick-meta":"","header-below-stick-meta":"","astra-migrate-meta-layouts":"default","ast-page-background-enabled":"default","ast-page-background-meta":{"desktop":{"background-color":"","background-image":"","background-repeat":"repeat","background-position":"center center","background-size":"auto","background-attachment":"scroll","background-type":"","background-media":"","overlay-type":"","overlay-color":"","overlay-opacity":"","overlay-gradient":""},"tablet":{"background-color":"","background-image":"","background-repeat":"repeat","background-position":"center center","background-size":"auto","background-attachment":"scroll","background-type":"","background-media":"","overlay-type":"","overlay-color":"","overlay-opacity":"","overlay-gradient":""},"mobile":{"background-color":"","background-image":"","background-repeat":"repeat","background-position":"center center","background-size":"auto","background-attachment":"scroll","background-type":"","background-media":"","overlay-type":"","overlay-color":"","overlay-opacity":"","overlay-gradient":""}},"ast-content-background-meta":{"desktop":{"background-color":"var(--ast-global-color-5)","background-image":"","background-repeat":"repeat","background-position":"center center","background-size":"auto","background-attachment":"scroll","background-type":"","background-media":"","overlay-type":"","overlay-color":"","overlay-opacity":"","overlay-gradient":""},"tablet":{"background-color":"var(--ast-global-color-5)","background-image":"","background-repeat":"repeat","background-position":"center center","background-size":"auto","background-attachment":"scroll","background-type":"","background-media":"","overlay-type":"","overlay-color":"","overlay-opacity":"","overlay-gradient":""},"mobile":{"background-color":"var(--ast-global-color-5)","background-image":"","background-repeat":"repeat","background-position":"center center","background-size":"auto","background-attachment":"scroll","background-type":"","background-media":"","overlay-type":"","overlay-color":"","overlay-opacity":"","overlay-gradient":""}},"footnotes":""},"class_list":["post-3243","page","type-page","status-publish","hentry"],"aioseo_notices":[],"_links":{"self":[{"href":"https:\/\/dembedesign.hu\/en\/wp-json\/wp\/v2\/pages\/3243","targetHints":{"allow":["GET"]}}],"collection":[{"href":"https:\/\/dembedesign.hu\/en\/wp-json\/wp\/v2\/pages"}],"about":[{"href":"https:\/\/dembedesign.hu\/en\/wp-json\/wp\/v2\/types\/page"}],"author":[{"embeddable":true,"href":"https:\/\/dembedesign.hu\/en\/wp-json\/wp\/v2\/users\/1"}],"replies":[{"embeddable":true,"href":"https:\/\/dembedesign.hu\/en\/wp-json\/wp\/v2\/comments?post=3243"}],"version-history":[{"count":260,"href":"https:\/\/dembedesign.hu\/en\/wp-json\/wp\/v2\/pages\/3243\/revisions"}],"predecessor-version":[{"id":18007,"href":"https:\/\/dembedesign.hu\/en\/wp-json\/wp\/v2\/pages\/3243\/revisions\/18007"}],"wp:attachment":[{"href":"https:\/\/dembedesign.hu\/en\/wp-json\/wp\/v2\/media?parent=3243"}],"curies":[{"name":"wp","href":"https:\/\/api.w.org\/{rel}","templated":true}]}}