{"id":11068,"date":"2023-04-28T15:06:40","date_gmt":"2023-04-28T13:06:40","guid":{"rendered":"https:\/\/dembedesign.hu\/?post_type=product&#038;p=11068"},"modified":"2025-11-06T11:39:18","modified_gmt":"2025-11-06T10:39:18","slug":"chuckit-ultra-ring-vizen-es-szarazfoldon","status":"publish","type":"product","link":"https:\/\/dembedesign.hu\/en\/product\/chuckit-ultra-ring-vizen-es-szarazfoldon\/","title":{"rendered":"Chuckit Ultra Ring (v\u00edzen \u00e9s sz\u00e1razf\u00f6ld\u00f6n)"},"content":{"rendered":"<p><strong>Chuckit Ultra Ring er\u0151s, nat\u00far-kaucsukb\u00f3l k\u00e9sz\u00fclt, pattog\u00f3 gumikarika. \u00a0Lehet gur\u00edtani, dob\u00e1lni. Im\u00e1dj\u00e1k a kiskedvencek, ahogy szab\u00e1lytalanul ugr\u00e1l \u00e9s cik\u00e1zik a f\u0171ben. Felt\u0171n\u0151 sz\u00edneinek k\u00f6sz\u00f6nhet\u0151en k\u00f6nny\u0171 megtal\u00e1lni. Nem r\u00e1g\u00f3j\u00e1t\u00e9k. Minden \u00e9letkorban \u00e9s minden m\u00e9ret\u0171 kutyusnak aj\u00e1nlott.<\/strong><\/p>\n<p><a href=\"https:\/\/dembedesign.hu\/en\/product-category\/jatek\/\"><img fetchpriority=\"high\" decoding=\"async\" class=\"noselect db alignnone\" src=\"https:\/\/i5.walmartimages.com\/asr\/608c701e-2922-470f-9267-59ecc4190564_1.8d1ba06e997d78667e6f955f4b92b6f9.jpeg?odnHeight=2000&amp;odnWidth=2000&amp;odnBg=FFFFFF\" alt=\"Chuckit Ultra Ring\" width=\"380\" height=\"380\" \/><\/a><\/p>\n<p><strong>Size:<\/strong> 12 cm \u00e1tm\u00e9r\u0151<\/p>\n<p><strong>Mi\u00e9rt j\u00f3 v\u00e1laszt\u00e1s a\u00a0Ultra Ring?<\/strong><\/p>\n<ul>\n<li>Kiv\u00e1l\u00f3an alkalmas v\u00edzi j\u00e1t\u00e9kokhoz \u00e9s sz\u00e1razf\u00f6ldi apport\u00edroz\u00e1shoz is.<\/li>\n<li>Er\u0151s \u00e9s tart\u00f3s gumib\u00f3l k\u00e9sz\u00fclt, m\u00e9gis k\u00edm\u00e9letes a kutya sz\u00e1j\u00e1hoz.<\/li>\n<li>A v\u00edz felsz\u00edn\u00e9n is k\u00e9pes lebegni.<\/li>\n<li>\u00c9l\u00e9nk sz\u00edne j\u00f3 l\u00e1that\u00f3s\u00e1got biztos\u00edt.<\/li>\n<li>K\u00f6nnyen tiszt\u00edthat\u00f3.<\/li>\n<\/ul>\n<p>FONTOS! Mindig fel\u00fcgyeld kuty\u00e1dat j\u00e1t\u00e9k k\u00f6zben!<\/p>\n<p>Egyetlen kutyaj\u00e1t\u00e9k sem teljesen megsemmis\u00edthetetlen. Kis alkot\u00f3r\u00e9szek b\u00e1rmikor leszakadhatnak, amiket a kutya lenyelhet. Id\u0151k\u00f6z\u00f6nk\u00e9nt vizsg\u00e1ld \u00e1t a j\u00e1t\u00e9kokat, \u00e9s fel\u00fcgyelet n\u00e9lk\u00fcl ne hagyd kuty\u00e1dat j\u00e1tszani. Amennyiben a j\u00e1t\u00e9kokon s\u00e9r\u00fcl\u00e9st tapasztalsz vedd el kuty\u00e1dt\u00f3l.<\/p>\n<p>&nbsp;<\/p>\n<p>&nbsp;<\/p>\n<p>&nbsp;<\/p>","protected":false},"excerpt":{"rendered":"<p>Chuckit Ultra Ring t\u00f6k\u00e9letes v\u00edzi \u00e9s sz\u00e1razf\u00f6ldi j\u00e1t\u00e9kokhoz. Er\u0151s \u00e9s tart\u00f3s nat\u00far-kaucsukb\u00f3l k\u00e9sz\u00fclt. Im\u00e1dj\u00e1k a kiskedvencek, ahogy szab\u00e1lytalanul ugr\u00e1l \u00e9s cik\u00e1zik f\u0171ben. \u00dagy tervezt\u00e9k, hogy k\u00e9pes a v\u00edz felsz\u00edn\u00e9n is lebegni.<\/p>\n<p><strong><a href=\"https:\/\/www.chuckit-toys.co.uk\"><img decoding=\"async\" class=\"alignnone\" src=\"https:\/\/www.chuckit-toys.co.uk\/media\/wysiwyg\/chuckit.png\" alt=\"chuckit ultra ring\" width=\"106\" height=\"58\" \/><\/a>\u00a0\u00a0Size:<\/strong> 12 cm \u00e1tm\u00e9r\u0151<\/p>","protected":false},"featured_media":11071,"template":"","meta":{"om_disable_all_campaigns":false,"_monsterinsights_skip_tracking":false,"_monsterinsights_sitenote_active":false,"_monsterinsights_sitenote_note":"","_monsterinsights_sitenote_category":0,"site-sidebar-layout":"default","site-content-layout":"default","ast-site-content-layout":"default","site-content-style":"default","site-sidebar-style":"default","ast-global-header-display":"","ast-banner-title-visibility":"","ast-main-header-display":"","ast-hfb-above-header-display":"","ast-hfb-below-header-display":"","ast-hfb-mobile-header-display":"","site-post-title":"","ast-breadcrumbs-content":"","ast-featured-img":"","footer-sml-layout":"","theme-transparent-header-meta":"default","adv-header-id-meta":"","stick-header-meta":"","header-above-stick-meta":"","header-main-stick-meta":"","header-below-stick-meta":"","astra-migrate-meta-layouts":"default","ast-page-background-enabled":"default","ast-page-background-meta":{"desktop":{"background-color":"","background-image":"","background-repeat":"repeat","background-position":"center center","background-size":"auto","background-attachment":"scroll","background-type":"","background-media":"","overlay-type":"","overlay-color":"","overlay-opacity":"","overlay-gradient":""},"tablet":{"background-color":"","background-image":"","background-repeat":"repeat","background-position":"center center","background-size":"auto","background-attachment":"scroll","background-type":"","background-media":"","overlay-type":"","overlay-color":"","overlay-opacity":"","overlay-gradient":""},"mobile":{"background-color":"","background-image":"","background-repeat":"repeat","background-position":"center center","background-size":"auto","background-attachment":"scroll","background-type":"","background-media":"","overlay-type":"","overlay-color":"","overlay-opacity":"","overlay-gradient":""}},"ast-content-background-meta":{"desktop":{"background-color":"var(--ast-global-color-5)","background-image":"","background-repeat":"repeat","background-position":"center center","background-size":"auto","background-attachment":"scroll","background-type":"","background-media":"","overlay-type":"","overlay-color":"","overlay-opacity":"","overlay-gradient":""},"tablet":{"background-color":"var(--ast-global-color-5)","background-image":"","background-repeat":"repeat","background-position":"center center","background-size":"auto","background-attachment":"scroll","background-type":"","background-media":"","overlay-type":"","overlay-color":"","overlay-opacity":"","overlay-gradient":""},"mobile":{"background-color":"var(--ast-global-color-5)","background-image":"","background-repeat":"repeat","background-position":"center center","background-size":"auto","background-attachment":"scroll","background-type":"","background-media":"","overlay-type":"","overlay-color":"","overlay-opacity":"","overlay-gradient":""}}},"product_brand":[],"product_cat":[103,610],"product_tag":[308,546],"class_list":{"0":"post-11068","1":"product","2":"type-product","3":"status-publish","4":"has-post-thumbnail","6":"product_cat-jatek","7":"product_cat-labda-apport","8":"product_tag-chuckit","9":"product_tag-ultra-ring","10":"desktop-align-left","11":"tablet-align-left","12":"mobile-align-left","14":"first","15":"outofstock","16":"shipping-taxable","17":"purchasable","18":"product-type-simple"},"aioseo_notices":[],"_links":{"self":[{"href":"https:\/\/dembedesign.hu\/en\/wp-json\/wp\/v2\/product\/11068","targetHints":{"allow":["GET"]}}],"collection":[{"href":"https:\/\/dembedesign.hu\/en\/wp-json\/wp\/v2\/product"}],"about":[{"href":"https:\/\/dembedesign.hu\/en\/wp-json\/wp\/v2\/types\/product"}],"version-history":[{"count":7,"href":"https:\/\/dembedesign.hu\/en\/wp-json\/wp\/v2\/product\/11068\/revisions"}],"predecessor-version":[{"id":11318,"href":"https:\/\/dembedesign.hu\/en\/wp-json\/wp\/v2\/product\/11068\/revisions\/11318"}],"wp:featuredmedia":[{"embeddable":true,"href":"https:\/\/dembedesign.hu\/en\/wp-json\/wp\/v2\/media\/11071"}],"wp:attachment":[{"href":"https:\/\/dembedesign.hu\/en\/wp-json\/wp\/v2\/media?parent=11068"}],"wp:term":[{"taxonomy":"product_brand","embeddable":true,"href":"https:\/\/dembedesign.hu\/en\/wp-json\/wp\/v2\/product_brand?post=11068"},{"taxonomy":"product_cat","embeddable":true,"href":"https:\/\/dembedesign.hu\/en\/wp-json\/wp\/v2\/product_cat?post=11068"},{"taxonomy":"product_tag","embeddable":true,"href":"https:\/\/dembedesign.hu\/en\/wp-json\/wp\/v2\/product_tag?post=11068"}],"curies":[{"name":"wp","href":"https:\/\/api.w.org\/{rel}","templated":true}]}}