{"id":13458,"date":"2024-01-30T16:02:16","date_gmt":"2024-01-30T15:02:16","guid":{"rendered":"https:\/\/dembedesign.hu\/?post_type=product&#038;p=13458"},"modified":"2026-02-04T16:44:25","modified_gmt":"2026-02-04T15:44:25","slug":"chuckit-max-glow-floureszkalo-labda","status":"publish","type":"product","link":"https:\/\/dembedesign.hu\/en\/product\/chuckit-max-glow-floureszkalo-labda\/","title":{"rendered":"Chuckit Max Glow &#8211; Floureszk\u00e1l\u00f3 labda"},"content":{"rendered":"<p><strong> Chuckit Max Glow floureszk\u00e1l\u00f3 labda, amely az innovat\u00edv technol\u00f3gi\u00e1nak\u00a0k\u00f6sz\u00f6nhet\u0151en vil\u00e1g\u00edt a s\u00f6t\u00e9tben. <\/strong><strong>A\u00a0nappali f\u00e9nyt elt\u00e1rolja \u00e9s a s\u00f6t\u00e9tben vil\u00e1gosz\u00f6ld sz\u00ednben visszaadja. Vil\u00e1gos f\u00e9nyben t\u00f6lt\u00f6tt 5-10 perces felt\u00f6lt\u0151d\u00e9si id\u0151 ut\u00e1n ak\u00e1r 30 percen \u00e1t vil\u00e1g\u00edt a szabadban. \u00c9<\/strong><strong>jszaka is kiv\u00e1l\u00f3an l\u00e1that\u00f3 marad. K<\/strong><strong>iv\u00e1l\u00f3 min\u0151s\u00e9g\u0171 lumineszk\u00e1l\u00f3 kaucsukb\u00f3l\u00a0k\u00e9sz\u00fclt. Kompatibilis a Chuckit labdahaj\u00edt\u00f3val!<\/strong><\/p>\n<p><a href=\"https:\/\/dembedesign.hu\/en\/product-category\/jatek\/labda-apport\/\"><img decoding=\"async\" class=\"alignnone\" src=\"https:\/\/www.chuckit-toys.co.uk\/media\/wysiwyg\/chuckit.png\" alt=\"Chuckit Max Glow - Floureszk\u00e1l\u00f3 labda\" width=\"229\" height=\"125\" \/><\/a><\/p>\n<p><strong>PROPERTIES:<\/strong><\/p>\n<ul>\n<li>Floureszk\u00e1l\u00f3 labda, amely vil\u00e1g\u00edt a s\u00f6t\u00e9tben.<\/li>\n<li>A\u00a0nappali f\u00e9nyt elt\u00e1rolja \u00e9s a s\u00f6t\u00e9tben visszaadja.<\/li>\n<li>Ak\u00e1r 30 percig is vil\u00e1g\u00edt 5-10 perces felt\u00f6lt\u0151d\u00e9s ut\u00e1n.<\/li>\n<li>\u00c9jszaka is kiv\u00e1l\u00f3an l\u00e1that\u00f3 marad.<\/li>\n<li>Lumineszk\u00e1l\u00f3 kaucsukb\u00f3l\u00a0k\u00e9sz\u00fclt.<\/li>\n<li>Kompatibilis a Chuckit labdahaj\u00edt\u00f3val!<\/li>\n<li><strong>Size:<\/strong> 6 cm<\/li>\n<\/ul>\n<p>Egy j\u00e1t\u00e9k sem elpuszt\u00edthatatlan, ez\u00e9rt k\u00e9rlek mindig ellen\u0151rizd a j\u00e1t\u00e9kot \u00e9s fel\u00fcgyeld a kiskuty\u00e1d!<\/p>\n<p>&nbsp;<\/p>\n<p>&nbsp;<\/p>","protected":false},"excerpt":{"rendered":"<p>Chuckit Max Glow floureszk\u00e1l\u00f3 labda, amely az innovat\u00edv technol\u00f3gi\u00e1nak\u00a0k\u00f6sz\u00f6nhet\u0151en vil\u00e1g\u00edt a s\u00f6t\u00e9tben.\u00a0Vil\u00e1gos f\u00e9nyben t\u00f6lt\u00f6tt 5-10 perces felt\u00f6lt\u0151d\u00e9si id\u0151 ut\u00e1n ak\u00e1r 30 percen \u00e1t vil\u00e1g\u00edt a szabadban. \u00c9jszaka is kiv\u00e1l\u00f3an l\u00e1that\u00f3 marad.\u00a0Kompatibilis a Chuckit labdahaj\u00edt\u00f3val!<\/p>\n<p><b>Size:\u00a0<\/b>6 cm<\/p>","protected":false},"featured_media":13460,"template":"","meta":{"om_disable_all_campaigns":false,"_monsterinsights_skip_tracking":false,"_monsterinsights_sitenote_active":false,"_monsterinsights_sitenote_note":"","_monsterinsights_sitenote_category":0,"site-sidebar-layout":"default","site-content-layout":"default","ast-site-content-layout":"default","site-content-style":"default","site-sidebar-style":"default","ast-global-header-display":"","ast-banner-title-visibility":"","ast-main-header-display":"","ast-hfb-above-header-display":"","ast-hfb-below-header-display":"","ast-hfb-mobile-header-display":"","site-post-title":"","ast-breadcrumbs-content":"","ast-featured-img":"","footer-sml-layout":"","theme-transparent-header-meta":"default","adv-header-id-meta":"","stick-header-meta":"","header-above-stick-meta":"","header-main-stick-meta":"","header-below-stick-meta":"","astra-migrate-meta-layouts":"set","ast-page-background-enabled":"default","ast-page-background-meta":{"desktop":{"background-color":"","background-image":"","background-repeat":"repeat","background-position":"center center","background-size":"auto","background-attachment":"scroll","background-type":"","background-media":"","overlay-type":"","overlay-color":"","overlay-opacity":"","overlay-gradient":""},"tablet":{"background-color":"","background-image":"","background-repeat":"repeat","background-position":"center center","background-size":"auto","background-attachment":"scroll","background-type":"","background-media":"","overlay-type":"","overlay-color":"","overlay-opacity":"","overlay-gradient":""},"mobile":{"background-color":"","background-image":"","background-repeat":"repeat","background-position":"center center","background-size":"auto","background-attachment":"scroll","background-type":"","background-media":"","overlay-type":"","overlay-color":"","overlay-opacity":"","overlay-gradient":""}},"ast-content-background-meta":{"desktop":{"background-color":"var(--ast-global-color-5)","background-image":"","background-repeat":"repeat","background-position":"center center","background-size":"auto","background-attachment":"scroll","background-type":"","background-media":"","overlay-type":"","overlay-color":"","overlay-opacity":"","overlay-gradient":""},"tablet":{"background-color":"var(--ast-global-color-5)","background-image":"","background-repeat":"repeat","background-position":"center center","background-size":"auto","background-attachment":"scroll","background-type":"","background-media":"","overlay-type":"","overlay-color":"","overlay-opacity":"","overlay-gradient":""},"mobile":{"background-color":"var(--ast-global-color-5)","background-image":"","background-repeat":"repeat","background-position":"center center","background-size":"auto","background-attachment":"scroll","background-type":"","background-media":"","overlay-type":"","overlay-color":"","overlay-opacity":"","overlay-gradient":""}}},"product_brand":[],"product_cat":[103,610],"product_tag":[308,636,303,635],"class_list":{"0":"post-13458","1":"product","2":"type-product","3":"status-publish","4":"has-post-thumbnail","6":"product_cat-jatek","7":"product_cat-labda-apport","8":"product_tag-chuckit","9":"product_tag-floureszkalo","10":"product_tag-labda","11":"product_tag-maw-glow","12":"desktop-align-left","13":"tablet-align-left","14":"mobile-align-left","16":"first","17":"instock","18":"shipping-taxable","19":"purchasable","20":"product-type-simple"},"aioseo_notices":[],"_links":{"self":[{"href":"https:\/\/dembedesign.hu\/en\/wp-json\/wp\/v2\/product\/13458","targetHints":{"allow":["GET"]}}],"collection":[{"href":"https:\/\/dembedesign.hu\/en\/wp-json\/wp\/v2\/product"}],"about":[{"href":"https:\/\/dembedesign.hu\/en\/wp-json\/wp\/v2\/types\/product"}],"version-history":[{"count":3,"href":"https:\/\/dembedesign.hu\/en\/wp-json\/wp\/v2\/product\/13458\/revisions"}],"predecessor-version":[{"id":13462,"href":"https:\/\/dembedesign.hu\/en\/wp-json\/wp\/v2\/product\/13458\/revisions\/13462"}],"wp:featuredmedia":[{"embeddable":true,"href":"https:\/\/dembedesign.hu\/en\/wp-json\/wp\/v2\/media\/13460"}],"wp:attachment":[{"href":"https:\/\/dembedesign.hu\/en\/wp-json\/wp\/v2\/media?parent=13458"}],"wp:term":[{"taxonomy":"product_brand","embeddable":true,"href":"https:\/\/dembedesign.hu\/en\/wp-json\/wp\/v2\/product_brand?post=13458"},{"taxonomy":"product_cat","embeddable":true,"href":"https:\/\/dembedesign.hu\/en\/wp-json\/wp\/v2\/product_cat?post=13458"},{"taxonomy":"product_tag","embeddable":true,"href":"https:\/\/dembedesign.hu\/en\/wp-json\/wp\/v2\/product_tag?post=13458"}],"curies":[{"name":"wp","href":"https:\/\/api.w.org\/{rel}","templated":true}]}}