{"id":13463,"date":"2024-01-31T09:40:06","date_gmt":"2024-01-31T08:40:06","guid":{"rendered":"https:\/\/dembedesign.hu\/?post_type=product&#038;p=13463"},"modified":"2025-12-12T08:18:48","modified_gmt":"2025-12-12T07:18:48","slug":"liker-9-nagymeretu-labda","status":"publish","type":"product","link":"https:\/\/dembedesign.hu\/en\/product\/liker-9-nagymeretu-labda\/","title":{"rendered":"LIKER 9 &#8211; Nagym\u00e9ret\u0171 labda"},"content":{"rendered":"<p><strong>LIKER 9 nagym\u00e9ret\u0171 labda\u00a0k\u00f6nny\u0171, rugalmas \u00e9s tart\u00f3s. K<span style=\"font-size: 16px;\">\u00edm\u00e9letes a kuty\u00e1k az \u00edny\u00e9hez \u00e9s a fogaihoz. A r\u00e1g\u00e1sa nem okoz f\u00e1jdalmat az \u00e9rz\u00e9kenyek sz\u00e1m\u00e1ra sem. A speci\u00e1lis anyagszerkezet\u00e9nek k\u00f6sz\u00f6nhet\u0151 a sz\u00e1razf\u00f6ld\u00f6n \u00e9s a\u00a0v\u00edzben is kiv\u00e1l\u00f3 sz\u00f3rakoz\u00e1s. Nem tartalmaz toxikus, m\u00e9rgez\u0151 anyagokat!<\/span><\/strong><\/p>\n<p><a href=\"https:\/\/dembedesign.hu\/en\/product-category\/jatek\/labda-apport\/\"><img decoding=\"async\" class=\"alignnone\" src=\"data:image\/jpeg;base64,\/9j\/4AAQSkZJRgABAQEAYABgAAD\/4QFARXhpZgAASUkqAAgAAAAGABoBBQABAAAAVgAAABsBBQABAAAAXgAAACgBAwABAAAAAgAAADEBAgALAAAAZgAAADIBAgAUAAAAcgAAAGmHBAABAAAAhgAAAAAAAABgAAAAAQAAAGAAAAABAAAAUGhvdG9TY2FwZQAAMjAyMjowNToyNyAxNTo1MTozOAALAACQBwAEAAAAMDIyMQOQAgAUAAAAEAEAAASQAgAUAAAAJAEAAAGRBwAEAAAAAQIDAJGSAgAEAAAAOTE2AJKSAgAEAAAAOTE2AACgBwAEAAAAMDEwMAGgAwABAAAAAQAAAAKgBAABAAAAUAEAAAOgBAABAAAAiwAAAAakAwABAAAAAAAAAAAAAAAyMDIyOjA1OjI3IDE1OjUxOjM4ADIwMjI6MDU6MjcgMTU6NTE6MzgA\/+0AZlBob3Rvc2hvcCAzLjAAOEJJTQQEAAAAAABJHAFaAAMbJUccAgAAAgACHAI\/AAsxNTUxMzgrMDAwMBwCPAALMTU1MTM4KzAwMDAcAjcACDIwMjIwNTI3HAI+AAgyMDIyMDUyNwD\/2wBDAAIBAQEBAQIBAQECAgICAgQDAgICAgUEBAMEBgUGBgYFBgYGBwkIBgcJBwYGCAsICQoKCgoKBggLDAsKDAkKCgr\/2wBDAQICAgICAgUDAwUKBwYHCgoKCgoKCgoKCgoKCgoKCgoKCgoKCgoKCgoKCgoKCgoKCgoKCgoKCgoKCgoKCgoKCgr\/wAARCACLAVADASIAAhEBAxEB\/8QAHwAAAQUBAQEBAQEAAAAAAAAAAAECAwQFBgcICQoL\/8QAtRAAAgEDAwIEAwUFBAQAAAF9AQIDAAQRBRIhMUEGE1FhByJxFDKBkaEII0KxwRVS0fAkM2JyggkKFhcYGRolJicoKSo0NTY3ODk6Q0RFRkdISUpTVFVWV1hZWmNkZWZnaGlqc3R1dnd4eXqDhIWGh4iJipKTlJWWl5iZmqKjpKWmp6ipqrKztLW2t7i5usLDxMXGx8jJytLT1NXW19jZ2uHi4+Tl5ufo6erx8vP09fb3+Pn6\/8QAHwEAAwEBAQEBAQEBAQAAAAAAAAECAwQFBgcICQoL\/8QAtREAAgECBAQDBAcFBAQAAQJ3AAECAxEEBSExBhJBUQdhcRMiMoEIFEKRobHBCSMzUvAVYnLRChYkNOEl8RcYGRomJygpKjU2Nzg5OkNERUZHSElKU1RVVldYWVpjZGVmZ2hpanN0dXZ3eHl6goOEhYaHiImKkpOUlZaXmJmaoqOkpaanqKmqsrO0tba3uLm6wsPExcbHyMnK0tPU1dbX2Nna4uPk5ebn6Onq8vP09fb3+Pn6\/9oADAMBAAIRAxEAPwD9+KKKKACiiigAooooAKKKKACiiigAooooAKKKKACiiigAooooAKKKKACiiigAooooAKKKKACiiigAooooAKKKKACiiigAooooAKKKKACiiigAooooAKKKKACiivmH9vH\/AIKBaX+zpbSfDT4Yvb3\/AI1uIQZncB4dHRhlXkHR5SCCsZ4AIZuMK\/jZ\/n+V8M5ZPH4+fLTj97fSMV1b6L5uyTZ7GRZDmfEmZQwOAhzTl9yXWUn0S6v5K7aR7b8Yf2gPg98BdHGtfFfx3ZaSsik29tI5e4uMf884UBd\/TIGBnkivlP4kf8Fm\/C9nNJZ\/Cb4PXl+vRL7Xr5bcZ9fKiDkj\/gamvhXxp438XfEXxJc+L\/HXiO71XU7x91xe3sxd39Bk9ABwAMADgACsqv5Y4j8dOJsxrShlaWHp9HZSm15uScV6JafzPc\/p7h7wR4by+jGWZt4ip1V3GCfkotSfq3r2Wx9cXX\/BZH9o57jdZfD3wTHF2SWyvHb\/AL6Fyo\/Sun8F\/wDBaDxRDdRxfEX4J2FxCTiWbRdSeFkHqElDhvpuH1r4gor5Ch4qcf4er7SOOk\/JqMl9zi0fW1\/DDgOvS5JYGK805J\/epJn66fAn9vr9mz4+3MGi+HvGJ0rWZwNmi68gtpnY8bY2yY5W\/wBlGLY7V7RX4SI7xuHRirKcgg4INfYf7D3\/AAUt8R+AtSs\/hb+0Lrk+peHpSsNjr9yxkuNNJOAJWJzJD7nLIOmQMD9m4J8caePxEMFn0I05S0VWOkb\/AN9Nvl\/xJ27qK1Px7jTwUqYHDyxmRSlUjHV05ayt\/caS5v8AC1fs29D9GKKjtbq1vrWO9srmOaGaMPDNE4ZXUjIYEcEEcgipK\/ohNNXR\/PzTTswoorE+I\/jC8+H\/AIG1TxrY+Btb8SyaXZSXI0Pw5DDJfXgRSxjgSaWNHkIHC7wWPAySBTEbdFflNd\/8Hiv\/AASbsLuWwv8Awn8Y4J4JGjmhm8FWqvG4OCrA3uQQRgg163+wn\/wci\/8ABPn\/AIKIftM6H+yj8ANA+I8fifX7e8ns5de8NW9vaRpbW0lxIZJEunZfkiIGFOWKjgHIAPv6iiigAoqtrF9daZpNzqNlo1zqM0EDSRWFm0Sy3DAZEaGV0jDHoN7quTyQOa\/Nf4mf8HXv\/BLz4N\/EPW\/hP8UvD3xb0PxJ4c1SfTtc0fUPAipNZ3ULlJInH2jqGBHGQeoJFAH6Y0V+anwi\/wCDrj\/glR8bfix4X+DHgeX4kvrfi7xFZaLo6XHgxVja6up0giDETkhd8i5IBwOxr9KnYqhZULEDIUYyfbmgBaK\/PH9qH\/g5m\/4J5fsZ\/HPXv2cf2j\/BnxX8OeLvDlwsWpabP4MikG10DxyxyJclJYnRldXUlWDDmuN8N\/8AB3T\/AMEkPFXiKw8L6PN8Tnu9SvYrW1Q+CFw0kjhFHFwT1I7UAfqBRRXkv7bH7b\/7OH\/BPj4Caj+0f+1D47TQ\/DthKlvAkcfm3Wo3bgmO1tYQd00zBWIUcBUZ2KojMAD1qivyy\/4jB\/8Agj\/\/AM\/XxP8A\/CIX\/wCSK9j\/AGFv+Dhb9hP\/AIKM\/H2z\/Zx\/Zc8K\/E3VtfubOa8uri78HLDZadaxLl7i5m88iGPJVAT955ERQWYAgH3VRXz3\/wAFDP8AgpL8E\/8AgmX8NLH40ftG+BvG1z4Ru79LGbxD4V0WK+gsbl8+XHcL56SR79pCvsKZwpYMyqfjb\/iMH\/4I\/wD\/AD9fE\/8A8Ihf\/kigD9TaK\/LL\/iMH\/wCCP\/8Az9fE\/wD8Ihf\/AJIo\/wCIwf8A4I\/\/APP18T\/\/AAiF\/wDkigD9TaK\/LL\/iMH\/4I\/8A\/P18T\/8AwiF\/+SK++f2KP2w\/hB+31+zN4b\/ay+Av9q\/8Il4rN4NJbWrIW1y32W8ns5S8YZtv723kA55AB70AeqUV8if8FFv+C037Kf8AwS28VaJ4c\/ay8D\/ESytfEsEsnh\/X9F8NRXmn3xi2+bGsq3AKyJvQlHVWwwIBBzXzb\/xGD\/8ABH\/\/AJ+vif8A+EQv\/wAkUAfqbRX5Zf8AEYP\/AMEf\/wDn6+J\/\/hEL\/wDJFaHhj\/g7v\/4I3a\/rUOlar418f6JBK2H1LVPAkzwQj1YWzyyEf7qMaAP09orz39mf9rH9m39sn4bRfF79l3406B438OySmJ9Q0K+En2eYAMYZ4ziS3lAKkxyKrgMDjBFehUAFFFFABRRRQB5L+2n+0jB+zF8Db7xtZ+VJrV44sfD1vKQQ104JEjDusahnI6HaFyNwNflh4H+FXxw\/aN8WXUvgjwhrHibU7u6MuoXscZZRK5JLzTPhI8kk5dgK\/TL43fsjwftO\/HWx8T\/GG+mHgrwpYrHpWgwTFTqV1IRJPNIynKRYEUeBh2MbcqAN3EfGb\/gox+zZ+zBYN8Lfgb4StNcvNNJiFhoapa6baMOCGlVSHYd9itk5BYHNfz94i5FDPs2eN4hxiwmX0bxpx3qVH9uUY62u9E7SfLFPlSd3+9+H2dzyLK1gsgwbxWPrWlUltTpr7EZS02Wr1iuaTXM2rLxb4Zf8Ecvi7r0MV98UviLpPh9H5azsImvp1HoxykYP0Zh\/KvYNB\/4I+\/s26JbC58WeOvFN+yD94xvbe3h+uBEWH\/fdfK\/xW\/4KWftYfE+WSK08dL4ZsnJ22fhmH7OVHT\/XEtNn6OBk9BxjxTxH4x8XeMLo3vi7xVqWqTFixm1G+knYk9TlyTmvzWXE3hPk3uYDKZ4lr7dadr+dveX\/AJLH0P0aPDfinnHv4\/NY4ZP7NKF7eV\/df\/k0vU\/R8\/8ABNv9guImOTW7gMvDBvFig596juf+CUv7HniyFx4W8VeIIG25D6br0EwXtkh4n4z\/APrFfmlUlrd3VjcLd2VzJDKhyksTlWU+xHIrP\/iIvBs\/dqcO0beUrP7\/AGZf\/EPeMIa0+IK1\/ON193tD7m8f\/wDBF+6SF7j4WfGyOST\/AJZ2fiDTSgP1mhJ\/9F181\/Gn9if9pL4DRyah43+HNzLpsZ51jST9qtgM4yzJkxg\/9NAvUVW+Hn7ZP7UHwvljbwn8atc8qMgiz1C7N5BgdvLn3qB9AK+ofgZ\/wWHW4li0D9orwDGsUnySa54fUkLnjMls5JIx1KvnjhD0rSK8H+J\/3cVVy6q9m3z0r+d23b\/wBeZnL\/iLfDS9pJ08wpLdJclS3lZJX\/8AA35Gh\/wSZ\/aqv9ftJv2Z\/HGpmWWwtmufCs8zfMYF5ltc99md6dTt3jgIor7er5o8X\/sofCT4o61oP7Wn7JOq6bY6\/p9\/HqNs+lvtsNaVG\/eQSKpAhd13xlgB94hx3X6WVtyhtpGRnBHIr+j\/AA\/wmd5Vk\/8AZuYzVVUreyqxd41KTV46946q3SPLZtav+eOPcVk2aZv\/AGjgIOk6t\/a0pK0qdVO0tO0tHfq+a6T0S0UVFfXtrptlNqN9MI4LeJpJpD0VFGSfwAr7w+GP4Vf2y9dtvFP7X\/xW8TWcMccOo\/EnXbqKOFcIqyahO4CjsADxX3v\/AMGhnhhde\/4LG6TqrQhjonw9129ViM7C0cdvn2\/4+MfjX5meJNam8S+Ir\/xFcxhJNQvZbmRAchWdyxH5mv13\/wCDK7wymo\/8FMviB4nmiDLpnwRvo4yf4ZJdW0oBuv8AdSQdCPm7cZAP6dKKKKACv47\/APg5Xlspv+C33x4ewChBq2kK21No3jRNPD8eu4Nk9zzX9iFfxef8F3vE6+Lf+Cw37Q+qq2fK+JN7Zdv+XYLb9gP+eX\/6+tAHPf8ABG7w0niz\/grD+zjpMillT40eHbplC5yLfUIZ+R6fu+fav7ZK\/jf\/AODc3w1\/wlf\/AAWs+AWl+S0nleJry82qcEfZtMvLjP0HlZPsK\/sgoA\/lO\/4O\/tdttX\/4LDXunwQxq2l\/DbQ7WZkXBdiJ5st6nbMo+gFfBP7DvhceOP21fg\/4KZNw1j4o+H7IrtBz5upQR4weD96vrX\/g6U8Tx+JP+C4XxiggZWj0u38PWSOvcroVg7546h3df+A189\/8En7zwjpH\/BTX4B+JfH\/iKy0jQ9D+LWhavq+qalcJFb2ltZ3sV1JLK7kKkarCSzE4ABNAH9of7Qf7QXwe\/ZX+DWv\/AB\/+Pfjqy8OeE\/DNg13q2q30mFRRwqKOskjsVRI1BZ3ZVUEkCv4\/\/wDgs7\/wWA+Mv\/BW\/wDaQfxx4iM+jfD3w1PcW3w58GB\/lsLVmGbmfBIe7mCIZG5C7VRflQE+sf8ABwV\/wXO8Xf8ABVH4yt8JfhJeT6b8D\/BerynwvZbXjk8Q3K7o\/wC1blWAI3KW8mJgDHG5LDe7AfAPwt+FvxE+N3xG0X4R\/CTwdf8AiDxN4i1GKw0TRdMgMk93cSNhUVR+pOAACSQATQB0X7K37Lnxr\/bQ+Pvhv9mj9nrwhJrfizxTffZ9OtFbZHGoUvJPK54jhjjV5Hc8KqE89K\/sG\/4I\/f8ABJ74Mf8ABJj9l2z+EHgqO11bxlq6x3fxC8bC32zazfYPyqT8yWsO4pDFwANzkGSSRm8z\/wCCDH\/BEv4d\/wDBKD4BxeJPG2lWGqfGvxbpyHxz4ljYSiwjYhxpVo+PlgjIUuy\/66RN5JVYlT79oA\/Pz\/g6P12z0T\/gh18Zo7iJHlvpfD1raiRMje2v6exPXghFcg+oFfyFV\/Vn\/wAHffieTQf+CO9\/pSMwGt\/EfQ7J9vQhWmuOeOmbcenOPpX8plABRX9QX\/BsD+wR+x38Vv8AgkL4M+KHxu\/ZN+GvjHXNc8S67KdZ8V+A9O1C6aKK\/lt0j86eFnKL5JwCcDJxX6D\/APDsv\/gm7\/0j6+CH\/hqNH\/8AkagD+Hav7If+Dc\/wynhP\/gip8AtLSMIJfDF3e4Hrc6nd3BPU9TLn8eg6D2j\/AIdl\/wDBN3\/pH18EP\/DUaP8A\/I1eueDfBfg74c+FbDwL8PfCemaFomlWy2+l6Po1hHa2tnCvCxxRRBUjQdlUACgD8W\/+D3LxDbW37JXwU8KMkfnXvxFvbtGI+cLBYMjAHHTNwueew69v5vq\/oA\/4Pj\/FSra\/s1+CYZlJeTxXfXEfGRgaTHGfXB3S\/lX8\/wDQAUV\/YN\/wTt\/4JGf8E09c\/wCCf\/wN134ifsCfCDW\/EN\/8IPDV1r2s6t8PdPuLq\/vZNLt3nnlleNmd3kZ2LFjksea+Ev8Ag6h\/4I1fsLfAz9ii3\/bU\/Zk+DegfDXxJ4a8S2Om6ppnhWzSy0\/WbO7do9ptUAjWeOQo6yRhSU80OHwhjAPxh\/wCCcv8AwUa\/aO\/4Jj\/tHab+0N+zz4lkjMciReJPDdxOwsPENgGy9pcoOCCCdkmN0TEOpBHP9n37K37SPw4\/bA\/Zx8F\/tO\/CS\/8AtHh7xt4ft9U0\/cwLweYv7yCTHAlikDxOOzxsO1fwjV\/WB\/waMeI\/EOuf8EafD2ma1MWttG8d69Z6QpH3LdrgXDAf9tp5j+NAH6cUUUUAFFFFAHx1\/wAFbP2jfEvw88HaR8FPBmoTWc\/iWKW41m7gcq\/2NCEEII5xIxbd\/spjkMRX50V+lf8AwVO\/ZZ8TfGbwNpvxW+HumSXur+FopUvtPgUtLdWTkMSij7zRsC20clXfqQAfzVIKkqwIIPINfxX41084jxvUljL+zcY+y\/l5LK6XmpX5ut9dmj+yfBqplEuC6ccJb2ilL2v83Pd2b8uW3L0t5piUUUV+Rn6uFFFFABRRRQB9Ff8ABNf9o3xH8Hfj9pXgKS9ll8P+MNQi069sC5KJcykJBOg6Bw5VSe6Mc9Fx+qVfmL\/wTK\/ZV8UfFT4vab8aNa0t4PDHha+W6iupkIF5exndFHH\/AHtj7XZhwNoHVq\/Tqv7I8DKecU+EJfW7+yc26V\/5bK7X91yvbz5n1P5C8bamUVOLY\/VLe1UEqtv5ru1\/7yja\/lZdArg\/2pvFI8Dfsx\/Ebxs0yxjR\/Aer3xkfGF8qymkyc8YG2u8rwD\/gq74r\/wCEI\/4Jg\/tEeJ0k2SWvwS8UfZ2xnEzaVcpHnkcb2Wv2g\/HD+Iav3H\/4Mg\/DT3X7RXx48YBRtsfBWkWZO3kGe7mcc\/8Abuf8ivw4r+gr\/gxx8LNB4a\/aS8ayJkXV94VsYWKnjyk1WRwD0585PyH4gH73UUUUAFfw8f8ABTjxSvjf\/gpH+0D4vjfcmpfGvxTcQncDiNtWuSoBGQQFwPwr+4ev4NPj54nfxt8dfGvjN5jI2r+LdSvTITksZbqR85753UAfd\/8Awai+Gf7e\/wCC2vw21X7Oz\/2JoPiK93L0j3aRdW+4+3+kY+rCv63K\/ln\/AODNrwwmv\/8ABWvVtVaEMdE+Dus3qsRnYWvNOt8+3\/HwR+Nf1MUAfxkf8F\/PE6eLf+Cyn7QeqpMJBF49kstwOcG2ghtyPw8rH4V8fV79\/wAFWvFA8af8FPf2ifE0cpeK6+N3ik27HOTCuq3Kx9z\/AAKvt6cV4Pp2nahq+oQaTpNjNdXV1MsNtbW8ReSWRiAqKoyWYkgADkk0AQ1+t3\/BnT8Wf2bvA3\/BSHWPAXxa8GWD+N\/FvhCa3+GPii8kJawuYt0t5ZxKTsWS4tgxEmN4Fs0YOJmB+Gf29P8Agl5+1t\/wTc0z4b3\/AO1L4KTR3+JnhQ61pdtG7M9i6ylZbC5yoCXUSNbySRjIQXKLncGA8X+FHxS8e\/BD4m+H\/jF8LfElxo\/iTwvrFvqmh6patiS2uoJFkjceuGUcHgjIPBoA\/vYorwr\/AIJrftyeCP8Ago1+xX4G\/a28Eww2reJNLC67pEUu\/wDsvVISYru0JPOEmVthYAtGY3xhhXutAH46\/wDB6v4mNh\/wTa+HPhOMkNqPxss52II5SHSdUBH\/AH1Kp\/4DX8yNf0Vf8Hv\/AIoNp8CPgD4K38ah4u1u9K7jz9ntbaPOOn\/Lz+v1r+dWgD6m\/Zx\/4LYf8FRv2Rvgxo37PX7On7XOseGPBvh\/7R\/Y+h2uj6dLHbefcy3MuGmt3c7pppX5Y8uQMDAHcf8AESB\/wWz\/AOj9vEH\/AIT+k\/8AyJXp37PX\/Bqb\/wAFPv2l\/gR4N\/aJ+HmtfC+HQPHPhix17RI9U8VXMVyLS7gSeLzEW0YK+x1yAxAPc12P\/EG\/\/wAFb\/8AoY\/hB\/4WV3\/8hUAfS3\/BsP8A8FY\/+ClX7ev\/AAUa1P4R\/tQ\/tRaz4w8KaV8MdT1qXSbrSrCGMTx3djbxys0Fuj8G5IxuAyw61\/QLX42f8G5P\/BA\/9s7\/AIJX\/ta+NPj7+1Bqvgaew1r4dS+H9LXwvrs13MJpb+zuWLLJbRhU22vUN1xweo\/ZOgD+cP8A4PdvFX2z9qb4H+CPMz\/Z\/wAP9RvtmOn2i+Eeevf7L6du\/b8Q6\/Xn\/g9F8VNrH\/BUbwX4bimYxaP8EtNVoznCyy6pqsjEfVDF+Vfkhoei6p4k1qz8O6HZtcXt\/dR21nboQDLK7BUUZ4yWIHPrQB+2Hwi\/4PRfiP8ACP4T+GPhRp3\/AAT70G5t\/DHh2y0mC5f4hzqZUtoEhVyPsZwSEBxk4z1NfF3\/AAWB\/wCC9\/7Uv\/BXmDRPAnjjwtpXgj4f+Hr37fY+C9CuZJ1ub7a6LdXU8gBmkSOR0QBURQ7\/ACksTXiH7Yf\/AATC\/bx\/YC0LRPE37X37Oeq+CtP8RXctro13e31pcJczRKrumbeaTaQrA4bGRnGcHHgtAGj4R8I+KfH\/AIr03wL4H8O3ur61rN\/DZaTpWm2zTXF5cyuEjhijUFndmYKFAJJIAr+1n\/gkn+xKf+CeX\/BPP4Z\/sp6gYm1nQdENx4omhkDq+rXUr3V3tYfeRZpXjU90jWvz2\/4NUP8AglV+wv4f\/Zl8J\/8ABTHQtUuPHPxM1yG6tVutatY44vBl1FJLb3NtawKzYmZf+XlyXeGRSixLK6t+y9ABRRRQAUUUUAeBftA\/tW6h+yh8b9LT4nWU914A8XWgFvqVtEXl0e+iISUFRy8LI0T7R8+fMKhsFa574sfsP\/sn\/tn6c3xV+Fnie203Ub5t8uueGmSWC4kPzE3FvkDzOcnHluScsTXqf7Wn7O+j\/tN\/BbUfh1eNFDqC4utCvpF\/49rxAdhOP4WBZG6\/K5IGQK\/JzTPEXxl\/Zv8AiDeWOi69q\/hbX9LujBfRWty0TB0P3HAO2RfY5Vge4NfgPiLntThvM3hc8waxmXV3zQb0nTl9uMZevvRV4vllZSsrL948Pskp8RZasTkuLeEzGguWaWsKkfsylH092WkldXcbu79n+KX\/AASq\/al8BSy3HhXTNP8AFdkhysukXixzbfUwzbTn2QvXifin4G\/GnwRIY\/GHwl8S6YR\/FfaJPEp9wWTBHuK+hfhp\/wAFef2iPCkUdl4\/0DRfFMKKA08sJtLlvq8X7v8A8h17F4d\/4LOfCW6jQ+Lfg94isnP+sXTrqC6C\/QuYs\/kK\/M5ZH4PZz7+EzGrhG\/sVIOSXo0rffUZ+kRzrxcyf3MXl9PFJfapzUW\/k3f7oI\/Pc6Tqqkq2mXAIPIMLf4VoaH8PPH\/ieVYPDfgbWNQkc4VLHTJZSTnHART34r9GU\/wCCwn7LjIGbwx41UkZKnSrbI9uLms7Wv+CyX7P1tE39gfDjxfdyDoLmC1gQ\/iJ3P6VP+oXh5S96pxDBrsqWv\/pb\/Ir\/AF54\/qe7T4fmn51NP\/SF+Z8m\/Dv\/AIJ2ftdfEaVTb\/Ce50e3P3rrxFItmF+qP+9P4If5V9Q\/A\/8A4JE\/DbwUyeKP2gfGv\/CQPbp5kml2O61sY8ckySkiSRQBn\/lmOuQRXB\/EH\/gsz8QtSiktvhj8IdK0rKlUutYvpLxx\/tBEESg+xLD69K+bvjH+1V8f\/j0zRfE34l6he2bNkaVC4gtBg5H7mMKjEdmYFvetYY3wf4XftMNSqZhWW3P7tO\/mmo6eThNGU8H4t8TL2eJq08BSe\/J71S3qnLX0nBn318Qf20PAkHi3Q\/2Tf2P00+61rU71dMXUtLth\/Z+hRZ\/eSxqq7JmRA7\/LlBtyS2CtfT0UYhiWJWYhVABdiScepPU18bf8Ep\/2SrrwN4ef9o3x7pxj1PWrbyvDdrKnzW9k2C1wc9Gl4C9MIM8iTA+y6\/ozgGvn2ZZU8zzVKDrWdOlFWjTpJe6ku8ruTb1a5VpZJfz1x3QyLLc0WW5W3NUbqpUbvKpUb9537RsopLRPmet22V8ef8F\/\/FLeD\/8AgjV+0HqyzMnneBHsdy5yftNxDbY47HzcH2NfYdfnz\/wdKeJ5PDf\/AAQ9+MUEDMsmqXHh6yR17BtesHfPHQojr\/wKvuz4c\/kNr92f+DTT\/goT+wV+xB+zD8VNM\/ap\/ae8MeB9d8RePbeWx07W5nSWe0hskCyrtQ5XfJIvJ6qePX8JqKAP7Ov+H+3\/AARu\/wCkhHw\/\/wDAyb\/43Xc\/s6\/8FXv+CdH7WvxNt\/gz+zd+1v4T8YeKbq1mubfRNHnkaZ4ol3SOAyAYVeTzX8Rlfq3\/AMGcXhj+3v8Agrjf6r9nZ\/7E+EWs3u5eke66sLfceOn+kY7csKAP6g\/iR4l\/4Qv4d6\/4x85Y\/wCydFurzzHGQvlQs+TweBtr+CGv7mf+ChHir\/hBP2Bvjh4383Z\/Y3wg8S32\/Gdvk6VcyZ6j+76iv4ZqAP2m\/wCDJbwqLv8Abh+L3jbywTp\/wpSxD4OR9o1O2kxnPf7L+n5\/0pV\/Pj\/wY5eFmuPF\/wC0h41dMCz03wtYxsVPzedJqkjAHpx5C5+or+gHxJrUPhrw7f8AiK5jLx6fZS3MiA4LKiFiPyFAH8J37UXiYeNf2mfiL4yVyw1bx1q96GYEE+beyvnn\/er7l\/4NS\/hR4S+Kf\/BZTwTN4x8MWWqweGPD2ra7ZxX9ssqQXcEG23uFVgQJI5ZUdG6q6qwwQCPzlvr261K9m1G+mMk9xK0k0h6s7HJP4k1+uP8AwZeeGX1f\/gqZ4x154j5Wk\/BHU5A\/YSSappUar17q0h7j5foaAP2j\/wCDgr\/gnAn\/AAUk\/wCCc3ijwN4S0MXXj7wWG8TfD5o48yzXtvG3m2S9z9pgMkQXIHmmFj9wV\/HO6PG5jkUqynDKRgg1\/fvX8jX\/AAc2f8E6Zv2DP+CkuueK\/CGhC18BfF0zeKfCjQRbYbe5eT\/iY2S44BiuG8wKowsV1APWgD6E\/wCDPv8A4KXRfAL9p3V\/+CfnxO1xovDHxZm+2+D3mkxFZeIoYsGPkgKLq3QR55Jlt7dAMua\/phr+Bfwn4q8R+BPFWmeN\/B2tXGm6vo2oQ32lajaSbJbW5hcSRSow6MrqrA9iBX9rP\/BJr9vfw5\/wUn\/YN8C\/tTaXJbx6vqOn\/YfGWnW5wLDW7cCO7i2\/wqz4ljB58qaM96APx5\/4Pi\/EyXXxB\/Zx8HCUFrDRvE96U7gTy6YgPTv9mPc9Og7\/AIOV+z\/\/AAey+Jvtf7enwn8G\/aFP2D4RC98odV+0apepuPPQ\/Zsf8BNfjBQB\/XL+wr\/wWu\/4JEfBv9iP4OfCHxJ+3h4E0\/UfCvwr8PaPf6fPeS77ae2023geJsR4yrIVOO4r1X\/h\/t\/wRu\/6SEfD\/wD8DJv\/AI3X8YtFAH9oWk\/8F4P+CQGvarbaHo37ffgO5vL24SC0tobqYvLI7BVRR5fJJIA+tfW1fw4\/8E2\/AUnxS\/4KHfAn4dRwGRda+MHhu0mAUkLE+p24kY45wqbmPsDX9x1AH8nv\/B3F4nk17\/gsz4l0p2YjRPA+gWSbugDWv2jjjpm4Przn6V8QfsG+HP8AhMP25Pgz4S25\/tT4r+HbPGevm6nbp6j+96j6ivpr\/g5q8THxV\/wXB+Od4Cdlre6JZRqSPl8jQtPib82Vj+NeUf8ABF\/wwPFv\/BWn9nHSihbyvjJoF7gHH\/HtexXGfw8rNAH9Sf8AwX0\/YZH7fn\/BL\/4ifCvRNJF34p8O2X\/CU+C1AG86lYq8nlJkH5poDcW46cz9RX8aVf38V\/Gp\/wAF9\/2FX\/YA\/wCCn3xB+FujaULXwt4lu\/8AhKvBKocoNNvnd\/KXjgQzrcW4BycQA5Oc0Afb\/wDwZr\/8FBn+FX7Snir\/AIJ9+P8AxIItB+JFo+teDIbiXCRa9axjzokHQG4s1ZiT1NjGo5bn+kyv4MPgh8YfHH7Pfxk8K\/Hb4aambPxB4O8Q2es6NcgnCXNtMsse7BGVLKAR3BI71\/cD+xf+1P4A\/bc\/ZV8CftXfDFiNH8ceHodRitmfc9nMcpcWrkcF4Z0lhYjjdGccUAenUUUUAFFFFABXz7+25+wh4W\/al0oeKPDk1vpPjOzhCWupSKfKvIxnEM4XJxz8rgFl6YI4r6Corys6yXLOIcungcfTU6ct12fRp7pro0epk2c5lkGYQxuBqOFSOz7rqmtmn1TPxH+KXwg+JXwV8TyeD\/ih4PvNHvoydqXMfyTKP445BlJV\/wBpSR71zdfuB8QPhn8PvitoL+GPiP4O0\/WrFskW+oWyyBG6bkJ5Rv8AaUgj1r5l+I3\/AAR8+AXiS5e9+HvjDXfDTu2Ras63tug9FWTEn5yGv5g4j8Bc9wlZzyerGtT6Rk1Ga8rv3H63j6H9LcPeOeSYqioZvTlRqdZRTlB+dl7y9LS9T82aK+4Lr\/gix4mS422X7QNjJFu+\/L4ddGx67ROwz7ZrpfBv\/BF\/wJZXCy+P\/jbquoxggtDpOlR2Z+m6R5v5CvkKHg74h1qvI8Hy+bqU7fhNt\/JM+treLvAFGnzrF83kqdS\/4xSXzaPz\/sbG+1S9i03TLOW4uJ5Fjgt4Iy7yOTgKqjkkngAV9x\/sRf8ABMLVF1Oy+LH7S+kLDDAwm03whOoZpW4KvddlUdfJ6k\/fwAUb6t+Cv7JnwA\/Z+VZ\/hp8PLS2vghVtXusz3bA9R5r5Kg9wuB7V6PX7NwT4IYPKMRHG51NVqkdVTjf2afeTdnP0so9+Y\/H+M\/GnF5tQlg8mg6NOWjnK3O12ildQ9bt9uURESNQiKFVRgADAApaKK\/fT8ICvOP2q\/wBkf9nj9t34PXXwC\/ai+HMfirwje3kF1daNLqNzarJNC++JjJbSxyfK3OA2D3Br0evPv2kf2q\/2fP2QfBenfEb9pT4n2PhLQtV8RWeh2Wq6lFKYTfXTFYY3aNG8pSVbMj7Y0AJZlAzQB8mXv\/BsX\/wQ01CIQz\/sK2qgNuBg8f8AiKI5+qagDjnp0qr\/AMQun\/BCr\/oxr\/zJnif\/AOWder\/BP\/gtd\/wTG\/aG+OOm\/s6\/Cn9qOyvPFOuuyeHIL7w\/qVha62y5ytjd3VtHb3Z4+XypG35GzdmvYv2oP2tv2b\/2L\/hjJ8Yv2oPi3pfg\/wAPLdJaw3eoF3kurh8lLe3giV5rmYgMRFEjuQrHGASAD49vv+DWb\/ghndurW\/7GdzagDBWD4leIiG9zvv2\/SvYP2HP+CLv\/AATn\/wCCcfxT1L40fsg\/Au48M+JNW8PyaJf6hP4q1K\/32Mk8E7xBLu4kVcyW8LbgAfkxnGa7T9jr\/gpN+xZ+3tPrel\/svfGmHXNV8NeWfEHh7UNIvNL1PT1kAKSSWd9DDMI2yMSBChJA3Z4r4b8F\/wDBdXw7pv8AwXV+KP7NXxI\/aM1L\/hSmi+Abew8NaBF8NLuSS38WLd2UM4Z4NPN7t+a6AeVvsxBBUkFDQB+mXxl+EfgL4\/fCTxP8DPipo76j4Z8Y6Bd6L4hsI7uWBrmyuYWhmjEkTK6bkdhuVgRngivhb\/iFb\/4Id\/8ARo+of+HI1\/8A+Ta\/Q6vnP9jjTv2KdG8bftAfGn9mjx3qeq39x8UL6w+MU19dX0sWneIdOhVrm1hjuEARY47hDiANG24bSSDQBb\/YO\/4JefsTf8E0dP8AE2l\/sa\/CWbwtD4wmtJfECz+IL7UDctbCUQnddzSFAonl4UgHdzXufifw5pPjDw1qPhLX7dpbDVLGazvYklZC8MqFHUMpDKSrEZBBHauc+AHx9+Ef7Ufwd0H4\/fAfxgmv+EPE1obnQ9YjtJoFuog7RlhHOiSL8yMMMoPHpWR8Jf2vf2bPjj+zjH+118N\/i1p118NpLS\/uv+Euv0lsLWOCynmgupZPtSRtEkclvMCzqBhNwJUgkA+Of+IVv\/gh3\/0aPqH\/AIcjX\/8A5Nr279hj\/gjd\/wAE8v8Agm98QdY+KX7H3wQufDGua7o39laneT+K9SvxLaeak3lhLu4kRfnjQ7gA3y4zgkHF+Hn\/AAXX\/wCCXvxN+IegfDTQP2iby0vfFmpRaf4V1DX\/AAJrel6brFzIQI4re+u7OO2kZyQF\/eDdkbc5ryL\/AIKY\/wDBQX4mfCf\/AIKG\/s5fAz4f\/BH4+TQWXxB1S88QQ+DtDb+z\/G+mx+Hp5ZILYJcoNQFvLcQySRyqqo0LMMlFyAfovXh37dP\/AATh\/Y5\/4KSeBtF+Hf7YvwkXxVpnh7Vm1HRhFq11Yz2s7RNE22a1ljk2MrfNGW2sUQkEopHsXhbXh4p8Mab4nGj3+nDUbCG6Gn6rbGG6tvMQP5U0ZJ8uRc7WXPDAjtXif7Wf\/BTj9ib9iTxZpnw8\/aE+MbWXijWbM3emeFNB8PX+s6pNbBtnnm10+CaWOLcGAkdVUlWAJIIoA+bP+IVv\/gh3\/wBGj6h\/4cjX\/wD5Nr6V\/YS\/4Jp\/sff8E1\/DfiDwd+x38PtS8M6T4nvob3V9NuvFeo6jC9xEjIsqJeTyiFyhCsybS4SMNnYuOj\/ZK\/bh\/ZT\/AG6fBN98Qf2UvjNp3i7TtLvzZavHBbz2t3p1yM\/urm0uY47i2c4OBJGpODjODXqGo39tpenz6nePthtoWllb0VQST+QoA+eP2t\/+CSX\/AATt\/bt+Jdp8Yf2tP2ZtN8aeJLHRYtJs9Uv9Xv4Whso5ZZUhVYLhECiSeZumcyHmvLv+Ib\/\/AIImf9GE+H\/\/AAoNW\/8Akuvlj\/gi1\/wWe\/4J7fsif8Er\/hF8OP2pv2n2t\/GcsOral4p+y6Bqusf2Ub3XdQmg+33FpbzpalonTaszq2wK2NvNfqD8Tv2t\/wBmb4Nfs9n9q74l\/HDw5pXw4OlQalB4xk1FXsrq2mUPA8Dx7vtHmhl8tYwzSbgFDEigD5l\/4hv\/APgiZ\/0YT4f\/APCg1b\/5Lo\/4hv8A\/giZ\/wBGE+H\/APwoNW\/+S67f9nz\/AILTf8E3P2m\/i1pPwK+Gfx\/uLfxd4hjaTw5onizwbq+hSaugXdm1fUbSBLgleQiMXI6LXnn\/AAUL1LVbz\/gsZ+wJ4FttQuI7K81b4k6lfwxTMqSiz8ORGPeAwDASTLgEEjORjBoA7H4O\/wDBB7\/gkl8APiloPxq+EP7F2haN4o8ManFqGg6tHrGpStaXUZ3JKqy3LISp5G5SMivrmvhL9u3Vr\/Uf+C3v7CPg2y1SVLa2sPidquqWSy4jnA0K2hgLLn5tru7DI4IBHIOPu2gD4z\/aC\/4N8\/8AgkP+1P8AGbxB+0H8ev2Sm1\/xh4qvvtmvaw3xA8QWxuZtqpu8q3v0iQbVUbURQAOlJ+z\/AP8ABvh\/wSD\/AGXPjL4e\/aC+BX7Io0Pxf4Vvxe6Dqx8e6\/dfZZwpUP5VxfyRPwx4dGHOcV9m0UAFfO\/7cP8AwSh\/4J\/f8FINX8PeIP2z\/wBnuDxjfeFba4t9CvF8Q6lpssEU7RtJGzWFzAZV3RqQJNwQltu3e+76IooA+Af+IXT\/AIIVf9GNf+ZM8T\/\/ACzr6v8A2Q\/2Nf2cv2EPg3B+z9+yt4DuPDPg+11Ce9tdFm8QX+orBNMQ0pje+nmkRWYbtisE3MzBQWYn0+igAooooAKKKKACiiigAooooAKKKKACiiigAooooAK\/P3\/g4G8L6D8TvCH7KnwS8UaJb6ppXjL9tDwRp+uaXdpuiutOC30lzG4wQVZE2kcZ3ema\/QKvH\/2o\/wBi74cftY+N\/hN45+IHiHWbOf4P\/ES38ZeH7bS3gEV3fQwyRRpcebE5MQErHCFGyAdwxQB8l\/8ABxv4V8M6h8Af2frr+y7WDW7b9qzwTaeGdWRFS402SW4l3mFwNyApHyF4OxSQdgxt\/GnS9F+Lv\/Bxl8I\/h78ULNL3Rvhz+zHrfjXwLZ3ihoIvENxrlvp8twisMNKlouQeSmAw2kZr6U\/bM\/Yk+G37bun\/AA30v4l+Kde0yH4ZfFvRfiDpK6FPCn22\/wBM84w29x5sT5t2MxLhNj\/KuHXnOF+3D\/wTo+Ff7bup+D\/iDf8AxI8a\/Dz4hfD25uZvA\/xJ+HOsrY6tpYuFVbiAmSOSOe3lVFV4pEYEAgFdzZAPCf2ndMtLH\/g4V\/Zc1j4dWy2+uX\/we8dQ\/Ee4s1Bku9BjW1bT47jHIiW\/ZmQn+Pj6eOfsMGPxR\/wdZ\/tkeK7cb4tJ+FHh7S0kA+6WstCLqSDjO+B+vPHbBFfZ\/wCxf\/wTV+FH7Hvj7xN8d9R+J3jf4ofFPxjaRWXiH4n\/ABM1eO+1VrCNt8en2\/lxxxWlorgP5MSKGYKWLbE28l8Qv+CPPwa8Qft8XP8AwUa+E3x++KPwy8fa3b2Ft41s\/A+u2sWl+KILVodsd7bz20rEOlvDG\/lugKx5AV2Z2APrmvy5\/wCCWvicaZ\/wT\/8A29vi\/BsJ1D9pL4u66DCxfcRaxEHoR\/yyGAAQRjg5r9JPij8XfhR8D\/B8\/wAQvjR8TPD\/AIR0G1YLca14m1iCxtI2OcK0szKgJwcDOTivgf8A4NqNHsvHn\/BNPxT4w8Q6JHd6P8RvjL4x1eJL223R6lZXN35JZg4\/eI4jdSTnIGKAPTP+CI+q6b8Pv+CIPwQ8TC4gNvpnwpGoTPhVRSPOmfdyBwdwJJHIOcV86fsNfsKeJP24P+DVrwN+xj4S8cW\/hfVfGfgv7Vp2rXkLyQRzL4ifVESZV+YwymMRSYzhJWwp+6fX\/Bv\/AAb+fBz4feCtd+AHgn9tj9oHSvgrrU184+DFh43hi0e0jui7SWkcy232sWu+Rm8nzsPkiUy7n3exv\/wSt\/Z3vP2AvB\/\/AATv1HxV42Twt4Ft9P8A+Ea8TaN4kfTNcs7uyl822vkubRY1E6SfODs2bsNtyAQAeC\/GH9uX\/gqf+wv4I8N\/FX9vT9kH4C6z8OLbxPoejeIdT+Fnj\/UPtumyXd5DZxXtvZ6hYqsgSWVGEKuGAwN6gM69z+2CU1z\/AILbfsZ6MjLnRfBvxO1WVWUE\/vLDS7VCMjIPzyDjqCaTwz\/wRI8A6j8UfC3j79p39t\/4\/fHHSfA2u2+teE\/BfxS8Z29xpNvqMBBgu7iG1tYPtksZGVMmV5YMrBmB9i\/a2\/4J9\/Cz9rr4g+C\/jDrHxL8f+BvGfgG31G18PeLfhv4lGmXyWt8sQubaRmikSSJzBE2CuVK8EbmBAPd6+K\/iT+2n8fPiR+3L8Qf2eP8Agnt+x54B8XeLvhToelWHxL+JvxH8XNottZNfI17aaRbm2srm6ux5bNMx+SKNyQRuOT9qV8h\/Hv8A4JI6J8Qv2otf\/a\/\/AGd\/2wfit8EPGXjaysrX4hN8PNQs2svEiWkaxW009teW80YuI4gY1lUcKT8pLNuAPFf+CU0Hx+1P\/gsV+2Z4j\/aL8F+DfDfiweFfhyniTSPAGuXOoaa80llqBt5fOuILeR5TBGM5iwNxAb1+7\/2mPEB8Jfs4fEDxUrhTpngjVrsMSMDy7OV88g+noa8k\/YT\/AOCYvwf\/AGBPiT8Uviv8Pfin4\/8AFuufF250i68Xap8QNdj1G6mubCCaITiYRIxaVp5ZHU5RWbbEsUarGvt3xj+GWi\/Gv4ReKvg14k1C8tNO8W+G77Rb+60+RVuIYbq3eB3iZlZQ4WQlSVIBAyD0oA+Hv+CMHwg+Avgn\/g3z8B6HrvhrSJvC3iL4V6lq\/jlJ4YxFfm6S4kvGuDwHITMRZjkLEq5G0Y8G\/wCCav7WWp\/srf8ABAb9lLwb45\/Z9Pxf8d\/FTxhL4c+GngDV7uG2t7ic63qF3Y3Fxc3Ecq29vbQW8MyyiN2TEO1fl3r7v4b\/AODer4WeC\/g7afsteDP2+\/2jNK+Dn9mQ2et\/C6y8bWqWGqLsAu1aX7J58EN22+SeCF0jZ55doRWCr9A\/tTf8Ez\/2dv2nP2ePBf7PVrJrfgCH4Yajp2o\/CrxF4BvxZ6j4RvLGPyrWW1d1dSFjzGySKwZSejBXUA+GP+Cnkn\/BSD4g\/Ef9kRP2vvgN8FvDOiwftmeBm0nV\/AHj\/UtT1aO4824d4Atxp1uqxNBHKzsr\/ehj+Uj5l96\/asc+IP8Ag4E\/ZM0VZj\/xT3wo8f6oyDHS4itLbPTPVfUdPwO5pH\/BFrQfEXxL+G3xp\/aW\/bp+N3xW8UfCvxva+JPCk\/inXLKOxgkgVx5H2K3tUiIdnVnlOZz5SKsiruVvTP2zP+Cbnw7\/AGwPid4P+PVn8bPiH8MfiH4G0++0\/QfG\/wANNYt7W8+w3ezz7WZbm3niliOwEAoCpJIPNAHjX7Qjt4g\/4OGv2ddF27h4e+AnjPVMDPyfaLm1ttxwOAduOSR7A9fvCvnT9q\/\/AIJufDz9qL4v+Cf2jNN+N\/xF+HHxF8B6bPpemeMvh7rcFtc32mzsjzWF4lxBNFPAzoHwFVg3IYdK+i6ACiiigAooooAKKKKACiiigAooooAKKKKACiiigAooooAKKKKACiiigAooooAKKKKACiiigDl\/i98Efgv+0F4Nf4c\/Hv4ReF\/G\/h6W4jnk0LxfoFtqVk8qHKSGC4R0LKSSGxkdq2vDPhjw34L8PWXhHwd4esdJ0nTLVLbTdL0y0SC3tIUUKkUcaALGigABVAAAwBV6igAooooAKKKKACiiigAooooAKKKKACiiigAooooAKKKKACiiigAooooAKKKKACiiigAooooAKKKKACiiigAooooAKKKKACiiigAooooAKKKKACiiigAooooAKKKKACiiigAooooAKKKKACiiigAooooAKKKKACiiigAooooAKKKKAP\/Z\" alt=\"LIKER 9 - Nagym\u00e9ret\u0171 labda (9 cm)\" width=\"251\" height=\"104\" \/><\/a><\/p>\n<p><strong>PROPERTIES:<\/strong><\/p>\n<ul>\n<li>LIKER 9 nagym\u00e9ret\u0171 labda.<\/li>\n<li>K\u00f6nny\u0171, rugalmas \u00e9s tart\u00f3s.<\/li>\n<li>Felt\u0171n\u0151, \u00e9l\u00e9nk narancss\u00e1rga sz\u00edn.<\/li>\n<li>Biztons\u00e1gos a fogak \u00e9s az \u00edny sz\u00e1m\u00e1ra!<\/li>\n<li>Lebeg a v\u00edzen! V\u00edzi j\u00e1t\u00e9knak is kiv\u00e1l\u00f3!<\/li>\n<li>Nem tartalmaz m\u00e9rgez\u0151 anyagokat!<\/li>\n<li><strong>Size:<\/strong>\u00a09 cm<\/li>\n<\/ul>\n<p>Egy j\u00e1t\u00e9k sem elpuszt\u00edthatatlan, ez\u00e9rt k\u00e9rlek mindig ellen\u0151rizd a j\u00e1t\u00e9kot \u00e9s fel\u00fcgyeld a kiskuty\u00e1d!<\/p>\n<p>&nbsp;<\/p>\n<p>&nbsp;<\/p>","protected":false},"excerpt":{"rendered":"<p>A LIKER 9 nagym\u00e9ret\u0171 labda\u00a0k\u00f6nny\u0171, rugalmas \u00e9s tart\u00f3s. K<span style=\"font-size: 16px;\">\u00edm\u00e9letes a kuty\u00e1k az \u00edny\u00e9hez \u00e9s a fogaihoz. A r\u00e1g\u00e1sa nem okoz f\u00e1jdalmat az \u00e9rz\u00e9kenyek sz\u00e1m\u00e1ra sem. A sz\u00e1razf\u00f6ld\u00f6n \u00e9s a\u00a0v\u00edzben is kiv\u00e1l\u00f3 sz\u00f3rakoz\u00e1s! Nem tartalmaz m\u00e9rgez\u0151 anyagokat!<\/span><\/p>\n<p><b>Size: <\/b>9\u00a0cm<\/p>","protected":false},"featured_media":13467,"template":"","meta":{"om_disable_all_campaigns":false,"_monsterinsights_skip_tracking":false,"_monsterinsights_sitenote_active":false,"_monsterinsights_sitenote_note":"","_monsterinsights_sitenote_category":0,"site-sidebar-layout":"default","site-content-layout":"default","ast-site-content-layout":"default","site-content-style":"default","site-sidebar-style":"default","ast-global-header-display":"","ast-banner-title-visibility":"","ast-main-header-display":"","ast-hfb-above-header-display":"","ast-hfb-below-header-display":"","ast-hfb-mobile-header-display":"","site-post-title":"","ast-breadcrumbs-content":"","ast-featured-img":"","footer-sml-layout":"","theme-transparent-header-meta":"default","adv-header-id-meta":"","stick-header-meta":"","header-above-stick-meta":"","header-main-stick-meta":"","header-below-stick-meta":"","astra-migrate-meta-layouts":"default","ast-page-background-enabled":"default","ast-page-background-meta":{"desktop":{"background-color":"","background-image":"","background-repeat":"repeat","background-position":"center center","background-size":"auto","background-attachment":"scroll","background-type":"","background-media":"","overlay-type":"","overlay-color":"","overlay-opacity":"","overlay-gradient":""},"tablet":{"background-color":"","background-image":"","background-repeat":"repeat","background-position":"center center","background-size":"auto","background-attachment":"scroll","background-type":"","background-media":"","overlay-type":"","overlay-color":"","overlay-opacity":"","overlay-gradient":""},"mobile":{"background-color":"","background-image":"","background-repeat":"repeat","background-position":"center center","background-size":"auto","background-attachment":"scroll","background-type":"","background-media":"","overlay-type":"","overlay-color":"","overlay-opacity":"","overlay-gradient":""}},"ast-content-background-meta":{"desktop":{"background-color":"var(--ast-global-color-5)","background-image":"","background-repeat":"repeat","background-position":"center center","background-size":"auto","background-attachment":"scroll","background-type":"","background-media":"","overlay-type":"","overlay-color":"","overlay-opacity":"","overlay-gradient":""},"tablet":{"background-color":"var(--ast-global-color-5)","background-image":"","background-repeat":"repeat","background-position":"center center","background-size":"auto","background-attachment":"scroll","background-type":"","background-media":"","overlay-type":"","overlay-color":"","overlay-opacity":"","overlay-gradient":""},"mobile":{"background-color":"var(--ast-global-color-5)","background-image":"","background-repeat":"repeat","background-position":"center center","background-size":"auto","background-attachment":"scroll","background-type":"","background-media":"","overlay-type":"","overlay-color":"","overlay-opacity":"","overlay-gradient":""}}},"product_brand":[],"product_cat":[103,610],"product_tag":[303,637,638,639],"class_list":{"0":"post-13463","1":"product","2":"type-product","3":"status-publish","4":"has-post-thumbnail","6":"product_cat-jatek","7":"product_cat-labda-apport","8":"product_tag-labda","9":"product_tag-liker","10":"product_tag-liker-9","11":"product_tag-nagymeretu-labda","12":"desktop-align-left","13":"tablet-align-left","14":"mobile-align-left","16":"first","17":"outofstock","18":"shipping-taxable","19":"purchasable","20":"product-type-simple"},"aioseo_notices":[],"_links":{"self":[{"href":"https:\/\/dembedesign.hu\/en\/wp-json\/wp\/v2\/product\/13463","targetHints":{"allow":["GET"]}}],"collection":[{"href":"https:\/\/dembedesign.hu\/en\/wp-json\/wp\/v2\/product"}],"about":[{"href":"https:\/\/dembedesign.hu\/en\/wp-json\/wp\/v2\/types\/product"}],"version-history":[{"count":8,"href":"https:\/\/dembedesign.hu\/en\/wp-json\/wp\/v2\/product\/13463\/revisions"}],"predecessor-version":[{"id":13478,"href":"https:\/\/dembedesign.hu\/en\/wp-json\/wp\/v2\/product\/13463\/revisions\/13478"}],"wp:featuredmedia":[{"embeddable":true,"href":"https:\/\/dembedesign.hu\/en\/wp-json\/wp\/v2\/media\/13467"}],"wp:attachment":[{"href":"https:\/\/dembedesign.hu\/en\/wp-json\/wp\/v2\/media?parent=13463"}],"wp:term":[{"taxonomy":"product_brand","embeddable":true,"href":"https:\/\/dembedesign.hu\/en\/wp-json\/wp\/v2\/product_brand?post=13463"},{"taxonomy":"product_cat","embeddable":true,"href":"https:\/\/dembedesign.hu\/en\/wp-json\/wp\/v2\/product_cat?post=13463"},{"taxonomy":"product_tag","embeddable":true,"href":"https:\/\/dembedesign.hu\/en\/wp-json\/wp\/v2\/product_tag?post=13463"}],"curies":[{"name":"wp","href":"https:\/\/api.w.org\/{rel}","templated":true}]}}