{"id":13793,"date":"2024-04-24T14:19:45","date_gmt":"2024-04-24T12:19:45","guid":{"rendered":"https:\/\/dembedesign.hu\/?post_type=product&#038;p=13793"},"modified":"2026-01-27T09:49:21","modified_gmt":"2026-01-27T08:49:21","slug":"sheila-naturkozmetikum-ful-es-borredo-tisztito","status":"publish","type":"product","link":"https:\/\/dembedesign.hu\/en\/product\/sheila-naturkozmetikum-ful-es-borredo-tisztito\/","title":{"rendered":"Sheila Nat\u00farkozmetikum &#8211; F\u00fcl \u00e9s b\u0151rred\u0151 tiszt\u00edt\u00f3"},"content":{"rendered":"<p><strong>A Sheila Nat\u00farkozmetikum f\u00fcl \u00e9s b\u0151rred\u0151 tiszt\u00edt\u00f3 folyad\u00e9k hat\u00e9konyan\u00a0elt\u00e1vol\u00edtja a szennyez\u0151d\u00e9seket. \u00a0 Kiv\u00e1l\u00f3an oldja k\u00fcls\u0151 hall\u00f3j\u00e1ratban felhalmoz\u00f3dott f\u00fclv\u00e1lad\u00e9kot \u00e9s a red\u0151kben felgy\u00fclemlett szennyez\u0151d\u00e9seket. Rendszeres haszn\u00e1lat\u00e1val megel\u0151zhet\u0151 a gyullad\u00e1s, az irrit\u00e1ci\u00f3 \u00e9s a sz\u0151rsz\u00e1lak elsz\u00ednez\u0151d\u00e9se. Term\u00e9szetes, b\u0151rbar\u00e1t \u00f6sszetev\u0151iket tartalmaz. A kamilla vir\u00e1gv\u00edz \u00e1polja a gyulladt ter\u00fcletet \u00e9s nyugtatja az irrit\u00e1lt b\u0151rt. \u00a0A benne l\u00e9v\u0151\u00a0B5-provitamin pedig el\u0151seg\u00edti a sebgy\u00f3gyul\u00e1st.\u00a0K\u0151olajsz\u00e1rmaz\u00e9kokt\u00f3l mentes!\u00a0Veg\u00e1n.<\/strong><\/p>\n<p><a href=\"https:\/\/dembedesign.hu\/en\/product-category\/apolas_higienia\/\"><img decoding=\"async\" class=\"alignnone\" src=\"https:\/\/www.sheila-kozmetikum.hu\/wp-content\/uploads\/2021\/06\/logo-1.jpg\" alt=\"Sheila Nat\u00farkozmetikum - f\u00fcl \u00e9s b\u0151rred\u0151 tiszt\u00edt\u00f3 folyad\u00e9k\" width=\"181\" height=\"95\" aria-hidden=\"false\" \/><\/a><\/p>\n<p><strong>PROPERTIES:<\/strong><\/p>\n<ul>\n<li>K\u00edm\u00e9letesen tiszt\u00edtja \u00e9s \u00e1polja a kuty\u00e1k f\u00fcl\u00e9t, b\u0151rred\u0151it \u00e9s szemk\u00f6rny\u00e9k\u00e9t.<\/li>\n<li>Haszn\u00e1lat\u00e1val megel\u0151zhet\u0151 a gyullad\u00e1s, az irrit\u00e1ci\u00f3 \u00e9s a sz\u0151rsz\u00e1lak elsz\u00ednez\u0151d\u00e9se.<\/li>\n<li>\u00c1polja a gyulladt ter\u00fcletet \u00e9s nyugtatja az irrit\u00e1lt b\u0151rt!<\/li>\n<li>Term\u00e9szetes, b\u0151rbar\u00e1t \u00f6sszetev\u0151ket tartalmaz.<\/li>\n<li>K\u0151olajsz\u00e1rmaz\u00e9kokt\u00f3l \u00e9s mesters\u00e9ges sz\u00ednez\u00e9kekt\u0151l mentes!<\/li>\n<li>P\u00e1lmaolaj felhaszn\u00e1l\u00e1sa n\u00e9lk\u00fcl k\u00e9sz\u00fclt!<\/li>\n<li>Veg\u00e1n.<\/li>\n<\/ul>\n<p><strong><img decoding=\"async\" class=\"alignnone wp-image-8739\" src=\"https:\/\/dembedesign.hu\/wp-content\/uploads\/2022\/09\/Kepernyofoto-2022-08-29-19.51.31-300x295.png\" sizes=\"(max-width: 123px) 100vw, 123px\" srcset=\"https:\/\/dembedesign.hu\/wp-content\/uploads\/2022\/09\/Kepernyofoto-2022-08-29-19.51.31-300x295.png 300w, https:\/\/dembedesign.hu\/wp-content\/uploads\/2022\/09\/Kepernyofoto-2022-08-29-19.51.31-1024x1007.png 1024w, https:\/\/dembedesign.hu\/wp-content\/uploads\/2022\/09\/Kepernyofoto-2022-08-29-19.51.31-768x755.png 768w, https:\/\/dembedesign.hu\/wp-content\/uploads\/2022\/09\/Kepernyofoto-2022-08-29-19.51.31-12x12.png 12w, https:\/\/dembedesign.hu\/wp-content\/uploads\/2022\/09\/Kepernyofoto-2022-08-29-19.51.31-600x590.png 600w, https:\/\/dembedesign.hu\/wp-content\/uploads\/2022\/09\/Kepernyofoto-2022-08-29-19.51.31.png 1056w\" alt=\"\" width=\"123\" height=\"121\" \/>Nem tartalmaz p\u00e1lmaolajat, k\u0151olajsz\u00e1rmaz\u00e9kokat \u00e9s parab\u00e9nmentes!<\/strong><\/p>\n<p><strong>HOW TO USE YOUR DOG?<\/strong><\/p>\n<ul>\n<li>R\u00e1zd fel a tiszt\u00edt\u00f3 folyad\u00e9kot!<\/li>\n<li>Nedves\u00edts be egy vattakorongot!<\/li>\n<li>K\u00f6rk\u00f6r\u00f6sen kifel\u00e9 \u00edvel\u0151 mozdulatokkal tiszt\u00edtsd meg a ter\u00fcletet!<\/li>\n<li>Ism\u00e9teld meg ha sz\u00fcks\u00e9ges!<\/li>\n<li>V\u00e9g\u00fcl t\u00f6r\u00f6ld meg egy sz\u00e1raz vattakoronggal is!<\/li>\n<\/ul>\n<p><strong>\u00d6SSZETEV\u0150K:\u00a0<\/strong>AQUA, ANTHEMIS NOBILIS FLOWER WATER, GLYCERIN, CAPRYLYL\/CAPRYL GLUCOSIDE, LAURYL GLUCOSIDE, PRUNUS AMYGDALUS DULCIS OIL, PANTHENOL, BENZYL ALCOHOL, BENZOIC ACID, SORBIC ACID, LACTIC ACID,\u00a0LAVANDULA HYBRIDA OIL<\/p>\n<p><strong style=\"font-size: 16px;\">Lej\u00e1rati id\u0151:<\/strong><span style=\"font-size: 16px;\"> szobah\u0151m\u00e9rs\u00e9kleten, napf\u00e9nyt\u0151l v\u00e9dve 30 fok alatt t\u00e1roland\u00f3.<\/span><\/p>\n<p><strong>Nyilv\u00e1ntart\u00e1si sz\u00e1ma:\u00a0<\/strong>1136\/1\/2018 N\u00c9BIH \u00c1TI<\/p>\n<p><strong>How many:<\/strong>\u00a0100 ml<\/p>\n<p>&nbsp;<\/p>\n<p>&nbsp;<\/p>","protected":false},"excerpt":{"rendered":"<p>A Sheila Nat\u00farkozmetikum f\u00fcl \u00e9s b\u0151rred\u0151 tiszt\u00edt\u00f3 folyad\u00e9k hat\u00e9konyan\u00a0elt\u00e1vol\u00edtja a szennyez\u0151d\u00e9seket. \u00a0 Kiv\u00e1l\u00f3an oldja k\u00fcls\u0151 hall\u00f3j\u00e1ratban felhalmoz\u00f3dott f\u00fclv\u00e1lad\u00e9kot \u00e9s a red\u0151kben felgy\u00fclemlett szennyez\u0151d\u00e9seket. Rendszeres haszn\u00e1lat\u00e1val megel\u0151zhet\u0151 a gyullad\u00e1s, az irrit\u00e1ci\u00f3 \u00e9s a sz\u0151rsz\u00e1lak elsz\u00ednez\u0151d\u00e9se. K\u0151olajsz\u00e1rmaz\u00e9kokt\u00f3l mentes!\u00a0Veg\u00e1n.<\/p>\n<p><strong>How many:<\/strong>\u00a0100 ml<\/p>","protected":false},"featured_media":13807,"template":"","meta":{"om_disable_all_campaigns":false,"_monsterinsights_skip_tracking":false,"_monsterinsights_sitenote_active":false,"_monsterinsights_sitenote_note":"","_monsterinsights_sitenote_category":0,"site-sidebar-layout":"default","site-content-layout":"default","ast-site-content-layout":"default","site-content-style":"default","site-sidebar-style":"default","ast-global-header-display":"","ast-banner-title-visibility":"","ast-main-header-display":"","ast-hfb-above-header-display":"","ast-hfb-below-header-display":"","ast-hfb-mobile-header-display":"","site-post-title":"","ast-breadcrumbs-content":"","ast-featured-img":"","footer-sml-layout":"","theme-transparent-header-meta":"default","adv-header-id-meta":"","stick-header-meta":"","header-above-stick-meta":"","header-main-stick-meta":"","header-below-stick-meta":"","astra-migrate-meta-layouts":"default","ast-page-background-enabled":"default","ast-page-background-meta":{"desktop":{"background-color":"","background-image":"","background-repeat":"repeat","background-position":"center center","background-size":"auto","background-attachment":"scroll","background-type":"","background-media":"","overlay-type":"","overlay-color":"","overlay-opacity":"","overlay-gradient":""},"tablet":{"background-color":"","background-image":"","background-repeat":"repeat","background-position":"center center","background-size":"auto","background-attachment":"scroll","background-type":"","background-media":"","overlay-type":"","overlay-color":"","overlay-opacity":"","overlay-gradient":""},"mobile":{"background-color":"","background-image":"","background-repeat":"repeat","background-position":"center center","background-size":"auto","background-attachment":"scroll","background-type":"","background-media":"","overlay-type":"","overlay-color":"","overlay-opacity":"","overlay-gradient":""}},"ast-content-background-meta":{"desktop":{"background-color":"var(--ast-global-color-5)","background-image":"","background-repeat":"repeat","background-position":"center center","background-size":"auto","background-attachment":"scroll","background-type":"","background-media":"","overlay-type":"","overlay-color":"","overlay-opacity":"","overlay-gradient":""},"tablet":{"background-color":"var(--ast-global-color-5)","background-image":"","background-repeat":"repeat","background-position":"center center","background-size":"auto","background-attachment":"scroll","background-type":"","background-media":"","overlay-type":"","overlay-color":"","overlay-opacity":"","overlay-gradient":""},"mobile":{"background-color":"var(--ast-global-color-5)","background-image":"","background-repeat":"repeat","background-position":"center center","background-size":"auto","background-attachment":"scroll","background-type":"","background-media":"","overlay-type":"","overlay-color":"","overlay-opacity":"","overlay-gradient":""}}},"product_brand":[],"product_cat":[100],"product_tag":[890,882,885,883,902,888,886,889,892,891,650,898],"class_list":{"0":"post-13793","1":"product","2":"type-product","3":"status-publish","4":"has-post-thumbnail","6":"product_cat-francia-bulldog-naturkozmetikum","7":"product_tag-francia-bulldog-kozmetikum","8":"product_tag-francia-bulldog-naturkozmetikum","9":"product_tag-francia-bulldog-redotisztito","10":"product_tag-francia-bulldog-sampon","11":"product_tag-kutya-fultisztito","12":"product_tag-kutya-kozmetikum","13":"product_tag-kutya-naturkozmetikum","14":"product_tag-kutya-sampon","15":"product_tag-sampon-kutyaknak","16":"product_tag-sampon-kutyanak","17":"product_tag-sheila-naturkozmetikum","18":"product_tag-sheila-naturkozmetikum-ful-es-borredo-tisztito","19":"desktop-align-left","20":"tablet-align-left","21":"mobile-align-left","23":"first","24":"instock","25":"shipping-taxable","26":"purchasable","27":"product-type-simple"},"aioseo_notices":[],"_links":{"self":[{"href":"https:\/\/dembedesign.hu\/en\/wp-json\/wp\/v2\/product\/13793","targetHints":{"allow":["GET"]}}],"collection":[{"href":"https:\/\/dembedesign.hu\/en\/wp-json\/wp\/v2\/product"}],"about":[{"href":"https:\/\/dembedesign.hu\/en\/wp-json\/wp\/v2\/types\/product"}],"version-history":[{"count":4,"href":"https:\/\/dembedesign.hu\/en\/wp-json\/wp\/v2\/product\/13793\/revisions"}],"predecessor-version":[{"id":13809,"href":"https:\/\/dembedesign.hu\/en\/wp-json\/wp\/v2\/product\/13793\/revisions\/13809"}],"wp:featuredmedia":[{"embeddable":true,"href":"https:\/\/dembedesign.hu\/en\/wp-json\/wp\/v2\/media\/13807"}],"wp:attachment":[{"href":"https:\/\/dembedesign.hu\/en\/wp-json\/wp\/v2\/media?parent=13793"}],"wp:term":[{"taxonomy":"product_brand","embeddable":true,"href":"https:\/\/dembedesign.hu\/en\/wp-json\/wp\/v2\/product_brand?post=13793"},{"taxonomy":"product_cat","embeddable":true,"href":"https:\/\/dembedesign.hu\/en\/wp-json\/wp\/v2\/product_cat?post=13793"},{"taxonomy":"product_tag","embeddable":true,"href":"https:\/\/dembedesign.hu\/en\/wp-json\/wp\/v2\/product_tag?post=13793"}],"curies":[{"name":"wp","href":"https:\/\/api.w.org\/{rel}","templated":true}]}}