{"id":13797,"date":"2024-04-24T14:32:00","date_gmt":"2024-04-24T12:32:00","guid":{"rendered":"https:\/\/dembedesign.hu\/?post_type=product&#038;p=13797"},"modified":"2026-03-31T15:19:52","modified_gmt":"2026-03-31T13:19:52","slug":"sheila-naturkozmetikum-magic-berry-vanilla-parfum","status":"publish","type":"product","link":"https:\/\/dembedesign.hu\/en\/product\/sheila-naturkozmetikum-magic-berry-vanilla-parfum\/","title":{"rendered":"Sheila Nat\u00farkozmetikum &#8211; Magic Berry Vanilla parf\u00fcm"},"content":{"rendered":"<p><strong>A Sheila Nat\u00farkozmetikum Magic Berry Vanilla egy friss\u00edt\u0151, szagsemleges\u00edt\u0151\u00a0parf\u00fcm. Hat\u00e9konyan\u00a0elt\u00e1vol\u00edtja a kellemetlen szagokat a kuty\u00e1k bund\u00e1j\u00e1b\u00f3l \u00e9s a fekhely\u00e9b\u0151l is. A benne l\u00e9v\u0151 arg\u00e1nolaj regener\u00e1lja a sz\u0151rzetet m\u00edg a m\u00e1lna \u00e9s a van\u00edlia kellemes illatot biztos\u00edt. Vegyszermentes! Veg\u00e1n.<\/strong><\/p>\n<p><a href=\"https:\/\/dembedesign.hu\/en\/product-category\/apolas_higienia\/\"><img decoding=\"async\" class=\"alignnone\" src=\"https:\/\/www.sheila-kozmetikum.hu\/wp-content\/uploads\/2021\/06\/logo-1.jpg\" alt=\"Sheila Nat\u00farkozmetikum - Magic Berry Vanilla parf\u00fcm\" width=\"181\" height=\"95\" aria-hidden=\"false\" \/><\/a><\/p>\n<p><strong>PROPERTIES:<\/strong><\/p>\n<ul>\n<li>A Magic Berry Vanilla egy friss\u00edt\u0151, szagsemleges\u00edt\u0151 parf\u00fcm.<\/li>\n<li>K\u00edm\u00e9letesen tiszt\u00edtja \u00e9s \u00e1polja a kuty\u00e1k sz\u0151r\u00e9t \u00e9s b\u0151r\u00e9t.<\/li>\n<li>Hat\u00e9konyan\u00a0elt\u00e1vol\u00edtja a kellemetlen szagokat!<\/li>\n<li>Fekhely szagsemleges\u00edt\u00e9s\u00e9re is haszn\u00e1lhat\u00f3.<\/li>\n<li>Az arg\u00e1nolaj regener\u00e1lja a sz\u0151rzetet.<\/li>\n<li>A m\u00e1lna \u00e9s a van\u00edlia kellemes illatot biztos\u00edt.<\/li>\n<li>Vegyszermentes! Veg\u00e1n.<\/li>\n<\/ul>\n<p><strong><img decoding=\"async\" class=\"alignnone wp-image-8739\" src=\"https:\/\/dembedesign.hu\/wp-content\/uploads\/2022\/09\/Kepernyofoto-2022-08-29-19.51.31-300x295.png\" sizes=\"(max-width: 123px) 100vw, 123px\" srcset=\"https:\/\/dembedesign.hu\/wp-content\/uploads\/2022\/09\/Kepernyofoto-2022-08-29-19.51.31-300x295.png 300w, https:\/\/dembedesign.hu\/wp-content\/uploads\/2022\/09\/Kepernyofoto-2022-08-29-19.51.31-1024x1007.png 1024w, https:\/\/dembedesign.hu\/wp-content\/uploads\/2022\/09\/Kepernyofoto-2022-08-29-19.51.31-768x755.png 768w, https:\/\/dembedesign.hu\/wp-content\/uploads\/2022\/09\/Kepernyofoto-2022-08-29-19.51.31-12x12.png 12w, https:\/\/dembedesign.hu\/wp-content\/uploads\/2022\/09\/Kepernyofoto-2022-08-29-19.51.31-600x590.png 600w, https:\/\/dembedesign.hu\/wp-content\/uploads\/2022\/09\/Kepernyofoto-2022-08-29-19.51.31.png 1056w\" alt=\"\" width=\"123\" height=\"121\" \/>Nem tartalmaz p\u00e1lmaolajat, k\u0151olajsz\u00e1rmaz\u00e9kokat \u00e9s parab\u00e9nmentes!<\/strong><\/p>\n<p><strong>\u00d6SSZETEV\u0150K:<\/strong> AQUA, POLYSORBATE 80, ARGANIA SPINOSA KERNEL OIL, VANILLIN, PARFUM, BENZYL ALCOHOL, GLYCERIN, BENZOIC ACID, SORBIC ACID<\/p>\n<p><strong style=\"font-size: 16px;\">Lej\u00e1rati id\u0151:<\/strong><span style=\"font-size: 16px;\"> szobah\u0151m\u00e9rs\u00e9kleten, napf\u00e9nyt\u0151l v\u00e9dve 30 fok alatt t\u00e1roland\u00f3.<\/span><\/p>\n<p><strong>Nyilv\u00e1ntart\u00e1si sz\u00e1ma:<\/strong>2481\/1\/NM\/2024 N\u00c9BIH \u00c1TI<\/p>\n<p><strong>How many:<\/strong>\u00a0100 ml<\/p>\n<p>&nbsp;<\/p>\n<p>&nbsp;<\/p>","protected":false},"excerpt":{"rendered":"<p>A Sheila Nat\u00farkozmetikum Magic Berry Vanilla egy friss\u00edt\u0151, szagsemleges\u00edt\u0151 parf\u00fcm. Hat\u00e9konyan\u00a0elt\u00e1vol\u00edtja a kellemetlen szagokat a kuty\u00e1k bund\u00e1j\u00e1b\u00f3l \u00e9s a fekhely\u00e9b\u0151l is.\u00a0Vegyszermentes!\u00a0Veg\u00e1n.<\/p>\n<p><strong>How many:<\/strong>\u00a0100 ml<\/p>","protected":false},"featured_media":16373,"template":"","meta":{"om_disable_all_campaigns":false,"_monsterinsights_skip_tracking":false,"_monsterinsights_sitenote_active":false,"_monsterinsights_sitenote_note":"","_monsterinsights_sitenote_category":0,"site-sidebar-layout":"default","site-content-layout":"default","ast-site-content-layout":"default","site-content-style":"default","site-sidebar-style":"default","ast-global-header-display":"","ast-banner-title-visibility":"","ast-main-header-display":"","ast-hfb-above-header-display":"","ast-hfb-below-header-display":"","ast-hfb-mobile-header-display":"","site-post-title":"","ast-breadcrumbs-content":"","ast-featured-img":"","footer-sml-layout":"","theme-transparent-header-meta":"default","adv-header-id-meta":"","stick-header-meta":"","header-above-stick-meta":"","header-main-stick-meta":"","header-below-stick-meta":"","astra-migrate-meta-layouts":"default","ast-page-background-enabled":"default","ast-page-background-meta":{"desktop":{"background-color":"","background-image":"","background-repeat":"repeat","background-position":"center center","background-size":"auto","background-attachment":"scroll","background-type":"","background-media":"","overlay-type":"","overlay-color":"","overlay-opacity":"","overlay-gradient":""},"tablet":{"background-color":"","background-image":"","background-repeat":"repeat","background-position":"center center","background-size":"auto","background-attachment":"scroll","background-type":"","background-media":"","overlay-type":"","overlay-color":"","overlay-opacity":"","overlay-gradient":""},"mobile":{"background-color":"","background-image":"","background-repeat":"repeat","background-position":"center center","background-size":"auto","background-attachment":"scroll","background-type":"","background-media":"","overlay-type":"","overlay-color":"","overlay-opacity":"","overlay-gradient":""}},"ast-content-background-meta":{"desktop":{"background-color":"var(--ast-global-color-5)","background-image":"","background-repeat":"repeat","background-position":"center center","background-size":"auto","background-attachment":"scroll","background-type":"","background-media":"","overlay-type":"","overlay-color":"","overlay-opacity":"","overlay-gradient":""},"tablet":{"background-color":"var(--ast-global-color-5)","background-image":"","background-repeat":"repeat","background-position":"center center","background-size":"auto","background-attachment":"scroll","background-type":"","background-media":"","overlay-type":"","overlay-color":"","overlay-opacity":"","overlay-gradient":""},"mobile":{"background-color":"var(--ast-global-color-5)","background-image":"","background-repeat":"repeat","background-position":"center center","background-size":"auto","background-attachment":"scroll","background-type":"","background-media":"","overlay-type":"","overlay-color":"","overlay-opacity":"","overlay-gradient":""}}},"product_brand":[],"product_cat":[100],"product_tag":[890,882,883,888,886,889,897,892,891,650,887],"class_list":{"0":"post-13797","1":"product","2":"type-product","3":"status-publish","4":"has-post-thumbnail","6":"product_cat-francia-bulldog-naturkozmetikum","7":"product_tag-francia-bulldog-kozmetikum","8":"product_tag-francia-bulldog-naturkozmetikum","9":"product_tag-francia-bulldog-sampon","10":"product_tag-kutya-kozmetikum","11":"product_tag-kutya-naturkozmetikum","12":"product_tag-kutya-sampon","13":"product_tag-kutya-szagsemlegesito","14":"product_tag-sampon-kutyaknak","15":"product_tag-sampon-kutyanak","16":"product_tag-sheila-naturkozmetikum","17":"product_tag-sheila-naturkozmetikum-magic-dream","18":"desktop-align-left","19":"tablet-align-left","20":"mobile-align-left","22":"first","23":"instock","24":"shipping-taxable","25":"purchasable","26":"product-type-simple"},"aioseo_notices":[],"_links":{"self":[{"href":"https:\/\/dembedesign.hu\/en\/wp-json\/wp\/v2\/product\/13797","targetHints":{"allow":["GET"]}}],"collection":[{"href":"https:\/\/dembedesign.hu\/en\/wp-json\/wp\/v2\/product"}],"about":[{"href":"https:\/\/dembedesign.hu\/en\/wp-json\/wp\/v2\/types\/product"}],"version-history":[{"count":5,"href":"https:\/\/dembedesign.hu\/en\/wp-json\/wp\/v2\/product\/13797\/revisions"}],"predecessor-version":[{"id":16374,"href":"https:\/\/dembedesign.hu\/en\/wp-json\/wp\/v2\/product\/13797\/revisions\/16374"}],"wp:featuredmedia":[{"embeddable":true,"href":"https:\/\/dembedesign.hu\/en\/wp-json\/wp\/v2\/media\/16373"}],"wp:attachment":[{"href":"https:\/\/dembedesign.hu\/en\/wp-json\/wp\/v2\/media?parent=13797"}],"wp:term":[{"taxonomy":"product_brand","embeddable":true,"href":"https:\/\/dembedesign.hu\/en\/wp-json\/wp\/v2\/product_brand?post=13797"},{"taxonomy":"product_cat","embeddable":true,"href":"https:\/\/dembedesign.hu\/en\/wp-json\/wp\/v2\/product_cat?post=13797"},{"taxonomy":"product_tag","embeddable":true,"href":"https:\/\/dembedesign.hu\/en\/wp-json\/wp\/v2\/product_tag?post=13797"}],"curies":[{"name":"wp","href":"https:\/\/api.w.org\/{rel}","templated":true}]}}