{"id":14678,"date":"2024-08-26T13:17:10","date_gmt":"2024-08-26T11:17:10","guid":{"rendered":"https:\/\/dembedesign.hu\/?post_type=product&#038;p=14678"},"modified":"2026-01-27T15:05:47","modified_gmt":"2026-01-27T14:05:47","slug":"pamico-mix-malna-es-sparga","status":"publish","type":"product","link":"https:\/\/dembedesign.hu\/en\/product\/pamico-mix-malna-es-sparga\/","title":{"rendered":"PAMICO Mix &#8211; M\u00e1lna \u00e9s sp\u00e1rga"},"content":{"rendered":"<p><strong>A Pamico Mix egy sz\u00e1r\u00edtott z\u00f6lds\u00e9g \u00e9s gy\u00fcm\u00f6lcs kever\u00e9k a kuty\u00e1k sz\u00e1m\u00e1ra. Fagyasztva sz\u00e1r\u00edt\u00e1ssal k\u00e9sz\u00fcl \u00edgy meg\u0151rzi a zamatos \u00edzeit \u00e9s az \u00e9rt\u00e9kes vitaminjait. <\/strong><strong>A sp\u00e1rga kiv\u00e1l\u00f3 rostforr\u00e1s \u00e9s \u00e9rt\u00e9kes A, C, E \u00e9s K vitaminban gazdag.\u00a0<\/strong><strong>A m\u00e1lna finom \u00edze \u00e9s arom\u00e1ja m\u00e9g \u00edzletesebb\u00e9 teszi ezt a kever\u00e9ket. Alacsony kal\u00f3riatartalm\u00fa \u00e9s magas rosttartalm\u00fa. K\u00f6nnyen em\u00e9szthet\u0151!\u00a0<\/strong><strong>A kever\u00e9ket r\u00e1sz\u00f3rhatod topperk\u00e9nt a kuty\u00e1d \u00e9tel\u00e9re vagy ak\u00e1r be is \u00e1ztathatod. Feldobja a legunalmasabb \u00e9tkez\u00e9st is! Nem tartalmaz tart\u00f3s\u00edt\u00f3szert \u00e9s sz\u00ednez\u00e9ket! BARF \u00e9trendet k\u00f6vet\u0151k is v\u00e1laszthatj\u00e1k! Veg\u00e1n.<\/strong><\/p>\n<p><strong>PROPERTIES:<\/strong><\/p>\n<ul>\n<li>Eg\u00e9szs\u00e9ges sz\u00e1r\u00edtott z\u00f6lds\u00e9g \u00e9s gy\u00fcm\u00f6lcs kever\u00e9k.<\/li>\n<li>Friss, v\u00e1logatott \u00f6sszetev\u0151kb\u0151l k\u00e9sz\u00fcl.<\/li>\n<li>A sp\u00e1rga kiv\u00e1l\u00f3 rostforr\u00e1s \u00e9s \u00e9rt\u00e9kes vitaminokban gazdag.<\/li>\n<li>A m\u00e1lna finom \u00edze \u00e9s arom\u00e1ja m\u00e9g \u00edzletesebb\u00e9 teszi.<\/li>\n<li>Alacsony kal\u00f3riatartalm\u00fa \u00e9s magas rosttartalm\u00fa.<\/li>\n<li>K\u00f6nnyen em\u00e9szthet\u0151!<\/li>\n<li>V\u00e1ltozatoss\u00e1 teszi az \u00e9trendet.<\/li>\n<li>Veg\u00e1n.<\/li>\n<li>Nem tartalmaz tart\u00f3s\u00edt\u00f3szert!<\/li>\n<li>BARF \u00e9trendet k\u00f6vet\u0151k is v\u00e1laszthatj\u00e1k!<\/li>\n<\/ul>\n<p><strong><img decoding=\"async\" class=\"alignnone wp-image-8739\" src=\"https:\/\/dembedesign.hu\/wp-content\/uploads\/2022\/09\/Kepernyofoto-2022-08-29-19.51.31-300x295.png\" sizes=\"(max-width: 113px) 100vw, 113px\" srcset=\"https:\/\/dembedesign.hu\/wp-content\/uploads\/2022\/09\/Kepernyofoto-2022-08-29-19.51.31-300x295.png 300w, https:\/\/dembedesign.hu\/wp-content\/uploads\/2022\/09\/Kepernyofoto-2022-08-29-19.51.31-1024x1007.png 1024w, https:\/\/dembedesign.hu\/wp-content\/uploads\/2022\/09\/Kepernyofoto-2022-08-29-19.51.31-768x755.png 768w, https:\/\/dembedesign.hu\/wp-content\/uploads\/2022\/09\/Kepernyofoto-2022-08-29-19.51.31-12x12.png 12w, https:\/\/dembedesign.hu\/wp-content\/uploads\/2022\/09\/Kepernyofoto-2022-08-29-19.51.31-600x590.png 600w, https:\/\/dembedesign.hu\/wp-content\/uploads\/2022\/09\/Kepernyofoto-2022-08-29-19.51.31.png 1056w\" alt=\"\" width=\"121\" height=\"119\" \/>Nem tartalmaz mesters\u00e9ges adal\u00e9kanyagokat!<\/strong><\/p>\n<p><strong>Ingredients:<\/strong>\u00a070% sz\u00e1r\u00edtott sp\u00e1rga, 30% sz\u00e1r\u00edtott m\u00e1lna<strong><br \/>\n<\/strong><\/p>\n<p><strong>Analytical components: <\/strong>nyersfeh\u00e9rje 26,4%, nyers zs\u00edr 4%, nyersrost 21,2%, nyershamu 16,3%, nedvess\u00e9g 3,3%<\/p>\n<p>Biztos\u00edts mell\u00e9 mindig elegend\u0151, friss vizet. T\u00e1rold napf\u00e9nyt\u0151l v\u00e9dve, sz\u00e1raz helyen!<\/p>\n<p>&nbsp;<\/p>","protected":false},"excerpt":{"rendered":"<p>A Pamico Mix egy sz\u00e1r\u00edtott z\u00f6lds\u00e9g \u00e9s gy\u00fcm\u00f6lcs kever\u00e9k a kuty\u00e1k sz\u00e1m\u00e1ra. A sp\u00e1rga kiv\u00e1l\u00f3 rostforr\u00e1s \u00e9s \u00e9rt\u00e9kes vitaminokban gazdag.\u00a0A m\u00e1lna finom \u00edze \u00e9s arom\u00e1ja m\u00e9g \u00edzletesebb\u00e9 teszi ezt a kever\u00e9ket. R\u00e1sz\u00f3rhatod a kuty\u00e1d \u00e9tel\u00e9re vagy ak\u00e1r be is \u00e1ztathatod. Feldobja a legunalmasabb \u00e9tkez\u00e9st is!<\/p>\n<p><strong>How many:<\/strong> 50 g<\/p>","protected":false},"featured_media":14680,"template":"","meta":{"om_disable_all_campaigns":false,"_monsterinsights_skip_tracking":false,"_monsterinsights_sitenote_active":false,"_monsterinsights_sitenote_note":"","_monsterinsights_sitenote_category":0,"site-sidebar-layout":"default","site-content-layout":"default","ast-site-content-layout":"default","site-content-style":"default","site-sidebar-style":"default","ast-global-header-display":"","ast-banner-title-visibility":"","ast-main-header-display":"","ast-hfb-above-header-display":"","ast-hfb-below-header-display":"","ast-hfb-mobile-header-display":"","site-post-title":"","ast-breadcrumbs-content":"","ast-featured-img":"","footer-sml-layout":"","theme-transparent-header-meta":"default","adv-header-id-meta":"","stick-header-meta":"","header-above-stick-meta":"","header-main-stick-meta":"","header-below-stick-meta":"","astra-migrate-meta-layouts":"set","ast-page-background-enabled":"default","ast-page-background-meta":{"desktop":{"background-color":"","background-image":"","background-repeat":"repeat","background-position":"center center","background-size":"auto","background-attachment":"scroll","background-type":"","background-media":"","overlay-type":"","overlay-color":"","overlay-opacity":"","overlay-gradient":""},"tablet":{"background-color":"","background-image":"","background-repeat":"repeat","background-position":"center center","background-size":"auto","background-attachment":"scroll","background-type":"","background-media":"","overlay-type":"","overlay-color":"","overlay-opacity":"","overlay-gradient":""},"mobile":{"background-color":"","background-image":"","background-repeat":"repeat","background-position":"center center","background-size":"auto","background-attachment":"scroll","background-type":"","background-media":"","overlay-type":"","overlay-color":"","overlay-opacity":"","overlay-gradient":""}},"ast-content-background-meta":{"desktop":{"background-color":"var(--ast-global-color-5)","background-image":"","background-repeat":"repeat","background-position":"center center","background-size":"auto","background-attachment":"scroll","background-type":"","background-media":"","overlay-type":"","overlay-color":"","overlay-opacity":"","overlay-gradient":""},"tablet":{"background-color":"var(--ast-global-color-5)","background-image":"","background-repeat":"repeat","background-position":"center center","background-size":"auto","background-attachment":"scroll","background-type":"","background-media":"","overlay-type":"","overlay-color":"","overlay-opacity":"","overlay-gradient":""},"mobile":{"background-color":"var(--ast-global-color-5)","background-image":"","background-repeat":"repeat","background-position":"center center","background-size":"auto","background-attachment":"scroll","background-type":"","background-media":"","overlay-type":"","overlay-color":"","overlay-opacity":"","overlay-gradient":""}}},"product_brand":[],"product_cat":[102,341,693],"product_tag":[213,515,694,698,702,714,703,704,662,705],"class_list":{"0":"post-14678","1":"product","2":"type-product","3":"status-publish","4":"has-post-thumbnail","6":"product_cat-francia-bulldog-jutalomfalat","7":"product_cat-kulonlegesseg","8":"product_cat-francia-bulldog-zoldseg-gyumolcs","9":"product_tag-jutalomfalat","10":"product_tag-malna","11":"product_tag-pamico","12":"product_tag-pamico-mix","13":"product_tag-sparga","14":"product_tag-szaritott-gyumolcs","15":"product_tag-szaritott-malna","16":"product_tag-szaritott-sparga","17":"product_tag-szaritott-zoldseg","18":"product_tag-zoldsegmix","19":"desktop-align-left","20":"tablet-align-left","21":"mobile-align-left","23":"first","24":"outofstock","25":"shipping-taxable","26":"purchasable","27":"product-type-simple"},"aioseo_notices":[],"_links":{"self":[{"href":"https:\/\/dembedesign.hu\/en\/wp-json\/wp\/v2\/product\/14678","targetHints":{"allow":["GET"]}}],"collection":[{"href":"https:\/\/dembedesign.hu\/en\/wp-json\/wp\/v2\/product"}],"about":[{"href":"https:\/\/dembedesign.hu\/en\/wp-json\/wp\/v2\/types\/product"}],"version-history":[{"count":9,"href":"https:\/\/dembedesign.hu\/en\/wp-json\/wp\/v2\/product\/14678\/revisions"}],"predecessor-version":[{"id":18406,"href":"https:\/\/dembedesign.hu\/en\/wp-json\/wp\/v2\/product\/14678\/revisions\/18406"}],"wp:featuredmedia":[{"embeddable":true,"href":"https:\/\/dembedesign.hu\/en\/wp-json\/wp\/v2\/media\/14680"}],"wp:attachment":[{"href":"https:\/\/dembedesign.hu\/en\/wp-json\/wp\/v2\/media?parent=14678"}],"wp:term":[{"taxonomy":"product_brand","embeddable":true,"href":"https:\/\/dembedesign.hu\/en\/wp-json\/wp\/v2\/product_brand?post=14678"},{"taxonomy":"product_cat","embeddable":true,"href":"https:\/\/dembedesign.hu\/en\/wp-json\/wp\/v2\/product_cat?post=14678"},{"taxonomy":"product_tag","embeddable":true,"href":"https:\/\/dembedesign.hu\/en\/wp-json\/wp\/v2\/product_tag?post=14678"}],"curies":[{"name":"wp","href":"https:\/\/api.w.org\/{rel}","templated":true}]}}