{"id":16393,"date":"2025-04-22T13:22:46","date_gmt":"2025-04-22T11:22:46","guid":{"rendered":"https:\/\/dembedesign.hu\/?post_type=product&#038;p=16393"},"modified":"2026-03-11T23:14:48","modified_gmt":"2026-03-11T22:14:48","slug":"petpincer-rocky-barany-fott-menu-80-hustartalom","status":"publish","type":"product","link":"https:\/\/dembedesign.hu\/en\/product\/petpincer-rocky-barany-fott-menu-80-hustartalom\/","title":{"rendered":"PetPinc\u00e9r ROCKY &#8211; B\u00e1r\u00e1ny f\u0151tt men\u00fc (80% h\u00fastartalom)"},"content":{"rendered":"<p><strong>Gabonamentes, magas h\u00fastartalm\u00fa b\u00e1r\u00e1ny f\u0151tt men\u00fc a PetPinc\u00e9r konyh\u00e1j\u00e1b\u00f3l. Min\u0151s\u00e9gi, friss, emberi fogyaszt\u00e1sra sz\u00e1nt alapanyagokb\u00f3l k\u00e9sz\u00fclt tart\u00f3s\u00edt\u00f3szer, \u00edzfokoz\u00f3 \u00e9s sz\u00ednez\u00e9k felhaszn\u00e1l\u00e1sa n\u00e9lk\u00fcl. A PetPinc\u00e9r \u00e9s besz\u00e1ll\u00edt\u00f3i rendszeresen ellen\u0151rzik laborat\u00f3riumi vizsg\u00e1lattal, hogy a f\u0151tt \u00e9tel\u00a0<\/strong><strong>This menu contains 80% meat.<\/strong><\/p>\n<p><a href=\"https:\/\/dembedesign.hu\/en\/product-category\/kutyaeledel\/fott-menu\/\"><img fetchpriority=\"high\" decoding=\"async\" class=\"r48jcc pT0Scc iPVvYb alignnone\" src=\"https:\/\/media.istockphoto.com\/id\/939812206\/photo\/fresh-raw-piece-of-beef-meat-isolated-on-white-background.jpg?s=612x612&amp;w=0&amp;k=20&amp;c=apmQT1ZKxpPDf_8jKtgi-qsd9S1KzpAfgqcK9NOzFBs=\" alt=\"petpinc\u00e9r b\u00e1r\u00e1ny f\u0151tt men\u00fc\" width=\"491\" height=\"278\" aria-hidden=\"false\" \/><\/a><\/p>\n<p><strong>How many:<\/strong> 300 g<\/p>\n<p><strong><img decoding=\"async\" class=\"alignnone wp-image-8739\" src=\"https:\/\/dembedesign.hu\/wp-content\/uploads\/2022\/09\/Kepernyofoto-2022-08-29-19.51.31-300x295.png\" sizes=\"(max-width: 123px) 100vw, 123px\" srcset=\"https:\/\/dembedesign.hu\/wp-content\/uploads\/2022\/09\/Kepernyofoto-2022-08-29-19.51.31-300x295.png 300w, https:\/\/dembedesign.hu\/wp-content\/uploads\/2022\/09\/Kepernyofoto-2022-08-29-19.51.31-1024x1007.png 1024w, https:\/\/dembedesign.hu\/wp-content\/uploads\/2022\/09\/Kepernyofoto-2022-08-29-19.51.31-768x755.png 768w, https:\/\/dembedesign.hu\/wp-content\/uploads\/2022\/09\/Kepernyofoto-2022-08-29-19.51.31-12x12.png 12w, https:\/\/dembedesign.hu\/wp-content\/uploads\/2022\/09\/Kepernyofoto-2022-08-29-19.51.31-600x590.png 600w, https:\/\/dembedesign.hu\/wp-content\/uploads\/2022\/09\/Kepernyofoto-2022-08-29-19.51.31.png 1056w\" alt=\"\" width=\"123\" height=\"121\" \/><b>Ingredients: <\/b><\/strong>b\u00e1r\u00e1nyh\u00fas, b\u00e1r\u00e1ny bels\u0151s\u00e9gek, rizs, spen\u00f3t, s\u00fct\u0151t\u00f6k, alma<strong><b><br \/>\n<\/b><\/strong><\/p>\n<p><strong>Analytical components (100 g):<\/strong><\/p>\n<p>nyersfeh\u00e9rje 29,30 g, nyershamu 1,19 g, nyerszs\u00edr 5,23 g, nyersrost 0,79 g, sz\u00e9nhidr\u00e1t 3,45 g<\/p>\n<h4 class=\"text-center\"><strong>Dosage recommendation:<\/strong><\/h4>\n<p>For dogs under 5 kg: 80 - 100 g<br \/>\nFor 5 - 10 kg dogs: 100 - 200 g<br \/>\nFor 10 - 20 kg dogs: 200 - 300 g<br \/>\nFor 20 - 30 kg dogs: 300 - 400 g<br \/>\nFor dogs over 30 kg: 400g &lt;<\/p>\n<p>Attention! Every pet's needs are different, which depends on its age, energy level, activity, breed..., so the above amounts are only guidelines!<\/p>\n<p><strong>Warranty, storage:<\/strong> Using special technology, the products are sterilized at the temperature and time prescribed by the laboratory, so they retain their warranty for 6 months at room temperature.<\/p>\n<p><strong>After opening, keep in the refrigerator and consume within 2-3 days!<\/strong><\/p>\n<p>&nbsp;<\/p>\n<p>&nbsp;<\/p>","protected":false},"excerpt":{"rendered":"<p>Gabonamentes, 80% h\u00fastartalm\u00fa b\u00e1r\u00e1ny f\u0151tt men\u00fc a PetPinc\u00e9r konyh\u00e1j\u00e1b\u00f3l. Min\u0151s\u00e9gi, friss, emberi fogyaszt\u00e1sra sz\u00e1nt alapanyagokb\u00f3l k\u00e9sz\u00fclt tart\u00f3s\u00edt\u00f3szer, \u00edzfokoz\u00f3 \u00e9s sz\u00ednez\u00e9k felhaszn\u00e1l\u00e1sa n\u00e9lk\u00fcl. Kifejezetten aj\u00e1nljuk a v\u00e1logat\u00f3s vagy allergi\u00e1s kiskedvencek sz\u00e1m\u00e1ra!<\/p>\n<p><strong>How many:<\/strong> 300 g<\/p>","protected":false},"featured_media":11050,"template":"","meta":{"om_disable_all_campaigns":false,"_monsterinsights_skip_tracking":false,"_monsterinsights_sitenote_active":false,"_monsterinsights_sitenote_note":"","_monsterinsights_sitenote_category":0,"site-sidebar-layout":"default","site-content-layout":"default","ast-site-content-layout":"default","site-content-style":"default","site-sidebar-style":"default","ast-global-header-display":"","ast-banner-title-visibility":"","ast-main-header-display":"","ast-hfb-above-header-display":"","ast-hfb-below-header-display":"","ast-hfb-mobile-header-display":"","site-post-title":"","ast-breadcrumbs-content":"","ast-featured-img":"","footer-sml-layout":"","theme-transparent-header-meta":"default","adv-header-id-meta":"","stick-header-meta":"","header-above-stick-meta":"","header-main-stick-meta":"","header-below-stick-meta":"","astra-migrate-meta-layouts":"set","ast-page-background-enabled":"default","ast-page-background-meta":{"desktop":{"background-color":"","background-image":"","background-repeat":"repeat","background-position":"center center","background-size":"auto","background-attachment":"scroll","background-type":"","background-media":"","overlay-type":"","overlay-color":"","overlay-opacity":"","overlay-gradient":""},"tablet":{"background-color":"","background-image":"","background-repeat":"repeat","background-position":"center center","background-size":"auto","background-attachment":"scroll","background-type":"","background-media":"","overlay-type":"","overlay-color":"","overlay-opacity":"","overlay-gradient":""},"mobile":{"background-color":"","background-image":"","background-repeat":"repeat","background-position":"center center","background-size":"auto","background-attachment":"scroll","background-type":"","background-media":"","overlay-type":"","overlay-color":"","overlay-opacity":"","overlay-gradient":""}},"ast-content-background-meta":{"desktop":{"background-color":"var(--ast-global-color-5)","background-image":"","background-repeat":"repeat","background-position":"center center","background-size":"auto","background-attachment":"scroll","background-type":"","background-media":"","overlay-type":"","overlay-color":"","overlay-opacity":"","overlay-gradient":""},"tablet":{"background-color":"var(--ast-global-color-5)","background-image":"","background-repeat":"repeat","background-position":"center center","background-size":"auto","background-attachment":"scroll","background-type":"","background-media":"","overlay-type":"","overlay-color":"","overlay-opacity":"","overlay-gradient":""},"mobile":{"background-color":"var(--ast-global-color-5)","background-image":"","background-repeat":"repeat","background-position":"center center","background-size":"auto","background-attachment":"scroll","background-type":"","background-media":"","overlay-type":"","overlay-color":"","overlay-opacity":"","overlay-gradient":""}}},"product_brand":[],"product_cat":[444],"product_tag":[242,508,836,452,447,509,843,997],"class_list":{"0":"post-16393","1":"product","2":"type-product","3":"status-publish","4":"has-post-thumbnail","6":"product_cat-petpincer-fott-menu","7":"product_tag-barany","8":"product_tag-fott","9":"product_tag-fott-menu","10":"product_tag-gabonamentes","11":"product_tag-menu","12":"product_tag-petpincer","13":"product_tag-petpincer-fott-menu","14":"product_tag-petpincer-rocky","15":"desktop-align-left","16":"tablet-align-left","17":"mobile-align-left","19":"first","20":"instock","21":"shipping-taxable","22":"purchasable","23":"product-type-simple"},"aioseo_notices":[],"_links":{"self":[{"href":"https:\/\/dembedesign.hu\/en\/wp-json\/wp\/v2\/product\/16393","targetHints":{"allow":["GET"]}}],"collection":[{"href":"https:\/\/dembedesign.hu\/en\/wp-json\/wp\/v2\/product"}],"about":[{"href":"https:\/\/dembedesign.hu\/en\/wp-json\/wp\/v2\/types\/product"}],"version-history":[{"count":4,"href":"https:\/\/dembedesign.hu\/en\/wp-json\/wp\/v2\/product\/16393\/revisions"}],"predecessor-version":[{"id":17372,"href":"https:\/\/dembedesign.hu\/en\/wp-json\/wp\/v2\/product\/16393\/revisions\/17372"}],"wp:featuredmedia":[{"embeddable":true,"href":"https:\/\/dembedesign.hu\/en\/wp-json\/wp\/v2\/media\/11050"}],"wp:attachment":[{"href":"https:\/\/dembedesign.hu\/en\/wp-json\/wp\/v2\/media?parent=16393"}],"wp:term":[{"taxonomy":"product_brand","embeddable":true,"href":"https:\/\/dembedesign.hu\/en\/wp-json\/wp\/v2\/product_brand?post=16393"},{"taxonomy":"product_cat","embeddable":true,"href":"https:\/\/dembedesign.hu\/en\/wp-json\/wp\/v2\/product_cat?post=16393"},{"taxonomy":"product_tag","embeddable":true,"href":"https:\/\/dembedesign.hu\/en\/wp-json\/wp\/v2\/product_tag?post=16393"}],"curies":[{"name":"wp","href":"https:\/\/api.w.org\/{rel}","templated":true}]}}