{"id":16432,"date":"2025-04-22T18:00:50","date_gmt":"2025-04-22T16:00:50","guid":{"rendered":"https:\/\/dembedesign.hu\/?post_type=product&#038;p=16432"},"modified":"2026-01-23T17:17:46","modified_gmt":"2026-01-23T16:17:46","slug":"cookas-cookies-szaritott-apro-halak","status":"publish","type":"product","link":"https:\/\/dembedesign.hu\/en\/product\/cookas-cookies-szaritott-apro-halak\/","title":{"rendered":"COOKA&#8217;S COOKIES &#8211; Sz\u00e1r\u00edtott apr\u00f3 halak"},"content":{"rendered":"<p><strong>Cooka&#8217;s Cookies eg\u00e9szs\u00e9ges sz\u00e1r\u00edtott apr\u00f3 halak. K\u00edm\u00e9letes leveg\u0151n sz\u00e1r\u00edt\u00e1ssal k\u00e9sz\u00fclt, \u00edgy meg\u0151rizte a benne l\u00e9v\u0151 \u00e9rdekes vitaminokat \u00e9s t\u00e1panyagokat. Magas a feh\u00e9rje, az omega 3, k\u00e1lcium \u00e9s a j\u00f3d tartalma. Fogyaszt\u00e1sa hozz\u00e1j\u00e1rul a sz\u00edv, a szem, az agy, a b\u0151r \u00e9s az \u00edz\u00fcletek eg\u00e9szs\u00e9g\u00e9hez. Gabonamentes. Nem tartalmaz mesters\u00e9ges adal\u00e9kanyagokat!<\/strong><\/p>\n<p><strong>PROPERTIES:<\/strong><\/p>\n<ul>\n<li>Eg\u00e9szs\u00e9ges sz\u00e1r\u00edtott apr\u00f3 halak.<\/li>\n<li>Kiv\u00e1l\u00f3 feh\u00e9rjeforr\u00e1s.<\/li>\n<li>Omega 3 zs\u00edrsavakban gazdag.<\/li>\n<li>J\u00f3t\u00e9kony hat\u00e1ssal vannak a sz\u00edvm\u0171k\u00f6d\u00e9sre.<\/li>\n<li>Gabonamenetes.<\/li>\n<li>Nem tartalmaz tart\u00f3s\u00edt\u00f3szert!<\/li>\n<li>BARF \u00e9trendet k\u00f6vet\u0151k is v\u00e1laszthatj\u00e1k!<\/li>\n<li><strong>How many:<\/strong> 90 g<\/li>\n<\/ul>\n<p><strong><img decoding=\"async\" class=\"alignnone wp-image-8739\" src=\"https:\/\/dembedesign.hu\/wp-content\/uploads\/2022\/09\/Kepernyofoto-2022-08-29-19.51.31-300x295.png\" sizes=\"(max-width: 113px) 100vw, 113px\" srcset=\"https:\/\/dembedesign.hu\/wp-content\/uploads\/2022\/09\/Kepernyofoto-2022-08-29-19.51.31-300x295.png 300w, https:\/\/dembedesign.hu\/wp-content\/uploads\/2022\/09\/Kepernyofoto-2022-08-29-19.51.31-1024x1007.png 1024w, https:\/\/dembedesign.hu\/wp-content\/uploads\/2022\/09\/Kepernyofoto-2022-08-29-19.51.31-768x755.png 768w, https:\/\/dembedesign.hu\/wp-content\/uploads\/2022\/09\/Kepernyofoto-2022-08-29-19.51.31-12x12.png 12w, https:\/\/dembedesign.hu\/wp-content\/uploads\/2022\/09\/Kepernyofoto-2022-08-29-19.51.31-600x590.png 600w, https:\/\/dembedesign.hu\/wp-content\/uploads\/2022\/09\/Kepernyofoto-2022-08-29-19.51.31.png 1056w\" alt=\"\" width=\"121\" height=\"119\" \/>Nem tartalmaz mesters\u00e9ges adal\u00e9kanyagokat!<\/strong><\/p>\n<p><strong>Ingredients:<\/strong> 100% omena (sprotni)<strong><br \/>\n<\/strong><\/p>\n<p><strong>Analytical components: <\/strong>nyersfeh\u00e9rje 62,9%, nyerszs\u00edr 18,3%, nyersrost 0,3%, nyershamu 12%<\/p>\n<p>Biztos\u00edts mell\u00e9 mindig elegend\u0151, friss vizet. T\u00e1rold napf\u00e9nyt\u0151l v\u00e9dve, sz\u00e1raz helyen!<\/p>\n<p>&nbsp;<\/p>","protected":false},"excerpt":{"rendered":"<p>Eg\u00e9szs\u00e9ges sz\u00e1r\u00edtott apr\u00f3 halak. Magas a feh\u00e9rje, az omega 3, k\u00e1lcium \u00e9s a j\u00f3d tartalma. Fogyaszt\u00e1sa hozz\u00e1j\u00e1rul a sz\u00edv, a szem, az agy, a b\u0151r \u00e9s az \u00edz\u00fcletek eg\u00e9szs\u00e9g\u00e9hez.<\/p>\n<p><strong>How many:<\/strong> 90 g<\/p>","protected":false},"featured_media":18282,"template":"","meta":{"om_disable_all_campaigns":false,"_monsterinsights_skip_tracking":false,"_monsterinsights_sitenote_active":false,"_monsterinsights_sitenote_note":"","_monsterinsights_sitenote_category":0,"site-sidebar-layout":"default","site-content-layout":"default","ast-site-content-layout":"default","site-content-style":"default","site-sidebar-style":"default","ast-global-header-display":"","ast-banner-title-visibility":"","ast-main-header-display":"","ast-hfb-above-header-display":"","ast-hfb-below-header-display":"","ast-hfb-mobile-header-display":"","site-post-title":"","ast-breadcrumbs-content":"","ast-featured-img":"","footer-sml-layout":"","theme-transparent-header-meta":"default","adv-header-id-meta":"","stick-header-meta":"","header-above-stick-meta":"","header-main-stick-meta":"","header-below-stick-meta":"","astra-migrate-meta-layouts":"set","ast-page-background-enabled":"default","ast-page-background-meta":{"desktop":{"background-color":"","background-image":"","background-repeat":"repeat","background-position":"center center","background-size":"auto","background-attachment":"scroll","background-type":"","background-media":"","overlay-type":"","overlay-color":"","overlay-opacity":"","overlay-gradient":""},"tablet":{"background-color":"","background-image":"","background-repeat":"repeat","background-position":"center center","background-size":"auto","background-attachment":"scroll","background-type":"","background-media":"","overlay-type":"","overlay-color":"","overlay-opacity":"","overlay-gradient":""},"mobile":{"background-color":"","background-image":"","background-repeat":"repeat","background-position":"center center","background-size":"auto","background-attachment":"scroll","background-type":"","background-media":"","overlay-type":"","overlay-color":"","overlay-opacity":"","overlay-gradient":""}},"ast-content-background-meta":{"desktop":{"background-color":"var(--ast-global-color-5)","background-image":"","background-repeat":"repeat","background-position":"center center","background-size":"auto","background-attachment":"scroll","background-type":"","background-media":"","overlay-type":"","overlay-color":"","overlay-opacity":"","overlay-gradient":""},"tablet":{"background-color":"var(--ast-global-color-5)","background-image":"","background-repeat":"repeat","background-position":"center center","background-size":"auto","background-attachment":"scroll","background-type":"","background-media":"","overlay-type":"","overlay-color":"","overlay-opacity":"","overlay-gradient":""},"mobile":{"background-color":"var(--ast-global-color-5)","background-image":"","background-repeat":"repeat","background-position":"center center","background-size":"auto","background-attachment":"scroll","background-type":"","background-media":"","overlay-type":"","overlay-color":"","overlay-opacity":"","overlay-gradient":""}}},"product_brand":[],"product_cat":[102,340,338],"product_tag":[1248],"class_list":{"0":"post-16432","1":"product","2":"type-product","3":"status-publish","4":"has-post-thumbnail","6":"product_cat-francia-bulldog-jutalomfalat","7":"product_cat-ragcsa-fogtisztito-jutalomfalat","8":"product_cat-szaritott-husok-jutalomfalat","9":"product_tag-szaritott-hal","10":"desktop-align-left","11":"tablet-align-left","12":"mobile-align-left","14":"first","15":"instock","16":"shipping-taxable","17":"purchasable","18":"product-type-simple"},"aioseo_notices":[],"_links":{"self":[{"href":"https:\/\/dembedesign.hu\/en\/wp-json\/wp\/v2\/product\/16432","targetHints":{"allow":["GET"]}}],"collection":[{"href":"https:\/\/dembedesign.hu\/en\/wp-json\/wp\/v2\/product"}],"about":[{"href":"https:\/\/dembedesign.hu\/en\/wp-json\/wp\/v2\/types\/product"}],"version-history":[{"count":5,"href":"https:\/\/dembedesign.hu\/en\/wp-json\/wp\/v2\/product\/16432\/revisions"}],"predecessor-version":[{"id":18322,"href":"https:\/\/dembedesign.hu\/en\/wp-json\/wp\/v2\/product\/16432\/revisions\/18322"}],"wp:featuredmedia":[{"embeddable":true,"href":"https:\/\/dembedesign.hu\/en\/wp-json\/wp\/v2\/media\/18282"}],"wp:attachment":[{"href":"https:\/\/dembedesign.hu\/en\/wp-json\/wp\/v2\/media?parent=16432"}],"wp:term":[{"taxonomy":"product_brand","embeddable":true,"href":"https:\/\/dembedesign.hu\/en\/wp-json\/wp\/v2\/product_brand?post=16432"},{"taxonomy":"product_cat","embeddable":true,"href":"https:\/\/dembedesign.hu\/en\/wp-json\/wp\/v2\/product_cat?post=16432"},{"taxonomy":"product_tag","embeddable":true,"href":"https:\/\/dembedesign.hu\/en\/wp-json\/wp\/v2\/product_tag?post=16432"}],"curies":[{"name":"wp","href":"https:\/\/api.w.org\/{rel}","templated":true}]}}