{"id":16488,"date":"2025-04-24T17:21:20","date_gmt":"2025-04-24T15:21:20","guid":{"rendered":"https:\/\/dembedesign.hu\/?post_type=product&#038;p=16488"},"modified":"2026-03-07T10:56:20","modified_gmt":"2026-03-07T09:56:20","slug":"syta-micha-lazac-eperrel-es-bazsalikommal-jutalomfalat","status":"publish","type":"product","link":"https:\/\/dembedesign.hu\/en\/product\/syta-micha-lazac-eperrel-es-bazsalikommal-jutalomfalat\/","title":{"rendered":"SYTA MICHA &#8211; Lazac eperrel \u00e9s bazsalikommal jutalomfalat"},"content":{"rendered":"<p><strong>A Syta Micha lazac eperrel \u00e9s bazsalikommal jutalomfalat rendk\u00edv\u00fcl eg\u00e9szs\u00e9ges.\u00a0K\u00edm\u00e9letes elj\u00e1r\u00e1ssal, liofiliz\u00e1l\u00e1ssal k\u00e9sz\u00fcl. Ennek k\u00f6sz\u00f6nhet\u0151en meg\u0151rizte a benne l\u00e9v\u0151 az \u00e9rt\u00e9kes vitaminokat \u00e9s \u00e1sv\u00e1nyi anyagokat.\u00a0A lazac kiv\u00e1l\u00f3 feh\u00e9rjeforr\u00e1s illetve omega 3 \u00e9s 6 zs\u00edrsavakban gazdag. A fogyaszt\u00e1sa hozz\u00e1j\u00e1rul az eg\u00e9szs\u00e9ges sz\u00edv- \u00e9s \u00e9rrendszer\u00e9hez. <b>A\u00a0lazac alacsony\u00a0allergiakock\u00e1zat\u00fa \u00e9s kal\u00f3riatartalm\u00fa!<\/b>\u00a0K\u00f6nnyen em\u00e9szthet\u0151.\u00a0<b>Allergi\u00e1s \u00e9s h\u00edz\u00e9kony kuty\u00e1k sz\u00e1m\u00e1ra is ide\u00e1lis! <\/b>Gabonamentes.<\/strong><\/p>\n<p><strong>PROPERTIES:<\/strong><\/p>\n<ul>\n<li>Eg\u00e9szs\u00e9ges sz\u00e1r\u00edtott lazac jutalomfalat.<\/li>\n<li>Monoproteines, teh\u00e1t egyf\u00e9le feh\u00e9rj\u00e9b\u0151l k\u00e9sz\u00fclt.<\/li>\n<li>K\u00edm\u00e9letes elj\u00e1r\u00e1ssal, liofiliz\u00e1l\u00e1ssal k\u00e9sz\u00fcl.<\/li>\n<li>Omega 3 \u00e9s 6 zs\u00edrsavakban gazdag.<\/li>\n<li>Hozz\u00e1j\u00e1rul az eg\u00e9szs\u00e9ges sz\u00edv- \u00e9s \u00e9rrendszer\u00e9hez.<\/li>\n<li>Alacsony\u00a0allergiakock\u00e1zat\u00fa \u00e9s kal\u00f3riatartalm\u00fa!<\/li>\n<li>K\u00f6nnyen em\u00e9szthet\u0151.<\/li>\n<li>Gabona \u00e9s glut\u00e9nmentes.<\/li>\n<li>BARF \u00e9trendet k\u00f6vet\u0151k is v\u00e1laszthatj\u00e1k!<\/li>\n<\/ul>\n<p><strong><img decoding=\"async\" class=\"alignnone wp-image-8739\" src=\"https:\/\/dembedesign.hu\/wp-content\/uploads\/2022\/09\/Kepernyofoto-2022-08-29-19.51.31-300x295.png\" sizes=\"(max-width: 113px) 100vw, 113px\" srcset=\"https:\/\/dembedesign.hu\/wp-content\/uploads\/2022\/09\/Kepernyofoto-2022-08-29-19.51.31-300x295.png 300w, https:\/\/dembedesign.hu\/wp-content\/uploads\/2022\/09\/Kepernyofoto-2022-08-29-19.51.31-1024x1007.png 1024w, https:\/\/dembedesign.hu\/wp-content\/uploads\/2022\/09\/Kepernyofoto-2022-08-29-19.51.31-768x755.png 768w, https:\/\/dembedesign.hu\/wp-content\/uploads\/2022\/09\/Kepernyofoto-2022-08-29-19.51.31-12x12.png 12w, https:\/\/dembedesign.hu\/wp-content\/uploads\/2022\/09\/Kepernyofoto-2022-08-29-19.51.31-600x590.png 600w, https:\/\/dembedesign.hu\/wp-content\/uploads\/2022\/09\/Kepernyofoto-2022-08-29-19.51.31.png 1056w\" alt=\"\" width=\"121\" height=\"119\" \/>Nem tartalmaz mesters\u00e9ges adal\u00e9kanyagokat!<\/strong><\/p>\n<p><strong>Ingredients: <\/strong>lazac\u00a094%, eper 4%, bazsalikom 1%, cik\u00f3ria inulin\u00a0(prebiotikum), s\u00f6r\u00e9leszt\u0151<\/p>\n<p><strong>Analytical components:\u00a0<\/strong>nyersfeh\u00e9rje 35%, nyerszs\u00edr 49%, nyersrost 2,5%, nyershamu: 7%, nedvess\u00e9g &lt;5,0%<\/p>\n<p>Biztos\u00edts mell\u00e9 mindig elegend\u0151, friss vizet. T\u00e1rold napf\u00e9nyt\u0151l v\u00e9dve, sz\u00e1raz helyen!<\/p>\n<p>&nbsp;<\/p>\n<p>&nbsp;<\/p>","protected":false},"excerpt":{"rendered":"<p>A Syta Micha lazac eperrel \u00e9s bazsalikommal jutalomfalat rendk\u00edv\u00fcl eg\u00e9szs\u00e9ges. A lazac omega 3 \u00e9s 6 zs\u00edrsavakban gazdag.\u00a0A\u00a0lazac alacsony\u00a0allergiakock\u00e1zat\u00fa \u00e9s kal\u00f3riatartalm\u00fa!\u00a0Allergi\u00e1s \u00e9s h\u00edz\u00e9kony kuty\u00e1k sz\u00e1m\u00e1ra is ide\u00e1lis! Gabonamentes.<\/p>\n<p><strong>How many:<\/strong>\u00a040 g<\/p>","protected":false},"featured_media":16498,"template":"","meta":{"om_disable_all_campaigns":false,"_monsterinsights_skip_tracking":false,"_monsterinsights_sitenote_active":false,"_monsterinsights_sitenote_note":"","_monsterinsights_sitenote_category":0,"site-sidebar-layout":"default","site-content-layout":"default","ast-site-content-layout":"default","site-content-style":"default","site-sidebar-style":"default","ast-global-header-display":"","ast-banner-title-visibility":"","ast-main-header-display":"","ast-hfb-above-header-display":"","ast-hfb-below-header-display":"","ast-hfb-mobile-header-display":"","site-post-title":"","ast-breadcrumbs-content":"","ast-featured-img":"","footer-sml-layout":"","theme-transparent-header-meta":"default","adv-header-id-meta":"","stick-header-meta":"","header-above-stick-meta":"","header-main-stick-meta":"","header-below-stick-meta":"","astra-migrate-meta-layouts":"default","ast-page-background-enabled":"default","ast-page-background-meta":{"desktop":{"background-color":"","background-image":"","background-repeat":"repeat","background-position":"center center","background-size":"auto","background-attachment":"scroll","background-type":"","background-media":"","overlay-type":"","overlay-color":"","overlay-opacity":"","overlay-gradient":""},"tablet":{"background-color":"","background-image":"","background-repeat":"repeat","background-position":"center center","background-size":"auto","background-attachment":"scroll","background-type":"","background-media":"","overlay-type":"","overlay-color":"","overlay-opacity":"","overlay-gradient":""},"mobile":{"background-color":"","background-image":"","background-repeat":"repeat","background-position":"center center","background-size":"auto","background-attachment":"scroll","background-type":"","background-media":"","overlay-type":"","overlay-color":"","overlay-opacity":"","overlay-gradient":""}},"ast-content-background-meta":{"desktop":{"background-color":"var(--ast-global-color-5)","background-image":"","background-repeat":"repeat","background-position":"center center","background-size":"auto","background-attachment":"scroll","background-type":"","background-media":"","overlay-type":"","overlay-color":"","overlay-opacity":"","overlay-gradient":""},"tablet":{"background-color":"var(--ast-global-color-5)","background-image":"","background-repeat":"repeat","background-position":"center center","background-size":"auto","background-attachment":"scroll","background-type":"","background-media":"","overlay-type":"","overlay-color":"","overlay-opacity":"","overlay-gradient":""},"mobile":{"background-color":"var(--ast-global-color-5)","background-image":"","background-repeat":"repeat","background-position":"center center","background-size":"auto","background-attachment":"scroll","background-type":"","background-media":"","overlay-type":"","overlay-color":"","overlay-opacity":"","overlay-gradient":""}}},"product_brand":[],"product_cat":[102,341,339],"product_tag":[941,1015,213,933,720,1034,1033,1012,1014,1032],"class_list":{"0":"post-16488","1":"product","2":"type-product","3":"status-publish","4":"has-post-thumbnail","6":"product_cat-francia-bulldog-jutalomfalat","7":"product_cat-kulonlegesseg","8":"product_cat-francia-bulldog-trening-jutalomfalat","9":"product_tag-francia-bulldog-jutalomfalat","10":"product_tag-francia-bulldog-uzlet","11":"product_tag-jutalomfalat","12":"product_tag-kutya-jutalomfalat","13":"product_tag-lazac-jutalomfalat","14":"product_tag-lazac-trening-jutalomfalat","15":"product_tag-lazac-trening-snack","16":"product_tag-syta-micha","17":"product_tag-syta-micha-jutalomfalat","18":"product_tag-syta-micha-lazac","19":"desktop-align-left","20":"tablet-align-left","21":"mobile-align-left","23":"first","24":"instock","25":"shipping-taxable","26":"purchasable","27":"product-type-simple"},"aioseo_notices":[],"_links":{"self":[{"href":"https:\/\/dembedesign.hu\/en\/wp-json\/wp\/v2\/product\/16488","targetHints":{"allow":["GET"]}}],"collection":[{"href":"https:\/\/dembedesign.hu\/en\/wp-json\/wp\/v2\/product"}],"about":[{"href":"https:\/\/dembedesign.hu\/en\/wp-json\/wp\/v2\/types\/product"}],"version-history":[{"count":5,"href":"https:\/\/dembedesign.hu\/en\/wp-json\/wp\/v2\/product\/16488\/revisions"}],"predecessor-version":[{"id":16595,"href":"https:\/\/dembedesign.hu\/en\/wp-json\/wp\/v2\/product\/16488\/revisions\/16595"}],"wp:featuredmedia":[{"embeddable":true,"href":"https:\/\/dembedesign.hu\/en\/wp-json\/wp\/v2\/media\/16498"}],"wp:attachment":[{"href":"https:\/\/dembedesign.hu\/en\/wp-json\/wp\/v2\/media?parent=16488"}],"wp:term":[{"taxonomy":"product_brand","embeddable":true,"href":"https:\/\/dembedesign.hu\/en\/wp-json\/wp\/v2\/product_brand?post=16488"},{"taxonomy":"product_cat","embeddable":true,"href":"https:\/\/dembedesign.hu\/en\/wp-json\/wp\/v2\/product_cat?post=16488"},{"taxonomy":"product_tag","embeddable":true,"href":"https:\/\/dembedesign.hu\/en\/wp-json\/wp\/v2\/product_tag?post=16488"}],"curies":[{"name":"wp","href":"https:\/\/api.w.org\/{rel}","templated":true}]}}