{"id":16646,"date":"2025-05-12T15:35:04","date_gmt":"2025-05-12T13:35:04","guid":{"rendered":"https:\/\/dembedesign.hu\/?post_type=product&#038;p=16646"},"modified":"2025-09-15T12:28:52","modified_gmt":"2025-09-15T10:28:52","slug":"jw-hol-ee-roller-labda-aquamarine","status":"publish","type":"product","link":"https:\/\/dembedesign.hu\/en\/product\/jw-hol-ee-roller-labda-aquamarine\/","title":{"rendered":"JW Hol-ee &#8211; Roller labda (aquamarine)"},"content":{"rendered":"<p><strong>JW Hol-ee Roller labda egy sokoldal\u00fa, sz\u00f3rakoztat\u00f3 j\u00e1t\u00e9k. A nyitott kialak\u00edt\u00e1sa sz\u00e1mos lehet\u0151s\u00e9get k\u00edn\u00e1l. Jutalomfalattal vagy kisebb j\u00e1t\u00e9kokkal is t\u00f6lthet\u0151, \u00edgy m\u00e9g hosszabb id\u0151re k\u00f6ti le a kuty\u00e1k figyelm\u00e9t. Ak\u00e1r foganty\u00fa is k\u00f6thet\u0151 r\u00e1 apport\u00edroz\u00e1shoz. Tart\u00f3s, strapab\u00edr\u00f3 term\u00e9szetes gumib\u00f3l k\u00e9sz\u00fclt. K\u00f6nnyen dob\u00e1lhat\u00f3 \u00e9s j\u00f3l pattog!<\/strong><\/p>\n<p><strong>PROPERTIES:<\/strong><\/p>\n<ul>\n<li>Sokoldal\u00fa, sz\u00f3rakoztat\u00f3 labda.<\/li>\n<li>Jutalomfalattal vagy kisebb j\u00e1t\u00e9kokkal is t\u00f6lthet\u0151.<\/li>\n<li>Ak\u00e1r foganty\u00fa is k\u00f6thet\u0151 r\u00e1!<\/li>\n<li>K\u00f6nnyen dob\u00e1lhat\u00f3 \u00e9s j\u00f3l pattog.<\/li>\n<li>Biztons\u00e1gos a fogak \u00e9s az \u00edny sz\u00e1m\u00e1ra!<\/li>\n<li>Tart\u00f3s, strapab\u00edr\u00f3 term\u00e9szetes gumib\u00f3l k\u00e9sz\u00fclt.<\/li>\n<li>Nem tartalmaz m\u00e9rgez\u0151 anyagokat!<\/li>\n<li><strong>Size:<\/strong>\u00a013 cm<\/li>\n<\/ul>\n<p>Egy j\u00e1t\u00e9k sem elpuszt\u00edthatatlan, ez\u00e9rt k\u00e9rlek mindig ellen\u0151rizd a j\u00e1t\u00e9kot \u00e9s fel\u00fcgyeld a kiskuty\u00e1d!<\/p>\n<p>&nbsp;<\/p>\n<p>&nbsp;<\/p>","protected":false},"excerpt":{"rendered":"<p>Sokoldal\u00fa \u00e9s sz\u00f3rakoztat\u00f3 labda. Jutalomfalattal vagy kisebb j\u00e1t\u00e9kokkal is t\u00f6lthet\u0151. Ak\u00e1r foganty\u00fa is k\u00f6thet\u0151 r\u00e1 apport\u00edroz\u00e1shoz. K\u00f6nnyen dob\u00e1lhat\u00f3 \u00e9s j\u00f3l pattog!<\/p>\n<p><b>Size: <\/b>13 cm<\/p>","protected":false},"featured_media":16647,"template":"","meta":{"om_disable_all_campaigns":false,"_monsterinsights_skip_tracking":false,"_monsterinsights_sitenote_active":false,"_monsterinsights_sitenote_note":"","_monsterinsights_sitenote_category":0,"site-sidebar-layout":"default","site-content-layout":"default","ast-site-content-layout":"default","site-content-style":"default","site-sidebar-style":"default","ast-global-header-display":"","ast-banner-title-visibility":"","ast-main-header-display":"","ast-hfb-above-header-display":"","ast-hfb-below-header-display":"","ast-hfb-mobile-header-display":"","site-post-title":"","ast-breadcrumbs-content":"","ast-featured-img":"","footer-sml-layout":"","theme-transparent-header-meta":"default","adv-header-id-meta":"","stick-header-meta":"","header-above-stick-meta":"","header-main-stick-meta":"","header-below-stick-meta":"","astra-migrate-meta-layouts":"default","ast-page-background-enabled":"default","ast-page-background-meta":{"desktop":{"background-color":"","background-image":"","background-repeat":"repeat","background-position":"center center","background-size":"auto","background-attachment":"scroll","background-type":"","background-media":"","overlay-type":"","overlay-color":"","overlay-opacity":"","overlay-gradient":""},"tablet":{"background-color":"","background-image":"","background-repeat":"repeat","background-position":"center center","background-size":"auto","background-attachment":"scroll","background-type":"","background-media":"","overlay-type":"","overlay-color":"","overlay-opacity":"","overlay-gradient":""},"mobile":{"background-color":"","background-image":"","background-repeat":"repeat","background-position":"center center","background-size":"auto","background-attachment":"scroll","background-type":"","background-media":"","overlay-type":"","overlay-color":"","overlay-opacity":"","overlay-gradient":""}},"ast-content-background-meta":{"desktop":{"background-color":"var(--ast-global-color-5)","background-image":"","background-repeat":"repeat","background-position":"center center","background-size":"auto","background-attachment":"scroll","background-type":"","background-media":"","overlay-type":"","overlay-color":"","overlay-opacity":"","overlay-gradient":""},"tablet":{"background-color":"var(--ast-global-color-5)","background-image":"","background-repeat":"repeat","background-position":"center center","background-size":"auto","background-attachment":"scroll","background-type":"","background-media":"","overlay-type":"","overlay-color":"","overlay-opacity":"","overlay-gradient":""},"mobile":{"background-color":"var(--ast-global-color-5)","background-image":"","background-repeat":"repeat","background-position":"center center","background-size":"auto","background-attachment":"scroll","background-type":"","background-media":"","overlay-type":"","overlay-color":"","overlay-opacity":"","overlay-gradient":""}}},"product_brand":[],"product_cat":[103,610],"product_tag":[1081,762,1076,1077,1075,1078,303,1080,1079,1082],"class_list":{"0":"post-16646","1":"product","2":"type-product","3":"status-publish","4":"has-post-thumbnail","6":"product_cat-jatek","7":"product_cat-labda-apport","8":"product_tag-francia-bulldog-jatek","9":"product_tag-jw","10":"product_tag-jw-hol-ee","11":"product_tag-jw-hol-ee-roller","12":"product_tag-jw-labda","13":"product_tag-jw-roller","14":"product_tag-labda","15":"product_tag-labda-francia-bulldognak","16":"product_tag-labda-kutyanak","17":"product_tag-nagy-meretu-labda-kutyanak","18":"desktop-align-left","19":"tablet-align-left","20":"mobile-align-left","22":"first","23":"instock","24":"shipping-taxable","25":"purchasable","26":"product-type-simple"},"aioseo_notices":[],"_links":{"self":[{"href":"https:\/\/dembedesign.hu\/en\/wp-json\/wp\/v2\/product\/16646","targetHints":{"allow":["GET"]}}],"collection":[{"href":"https:\/\/dembedesign.hu\/en\/wp-json\/wp\/v2\/product"}],"about":[{"href":"https:\/\/dembedesign.hu\/en\/wp-json\/wp\/v2\/types\/product"}],"version-history":[{"count":2,"href":"https:\/\/dembedesign.hu\/en\/wp-json\/wp\/v2\/product\/16646\/revisions"}],"predecessor-version":[{"id":16649,"href":"https:\/\/dembedesign.hu\/en\/wp-json\/wp\/v2\/product\/16646\/revisions\/16649"}],"wp:featuredmedia":[{"embeddable":true,"href":"https:\/\/dembedesign.hu\/en\/wp-json\/wp\/v2\/media\/16647"}],"wp:attachment":[{"href":"https:\/\/dembedesign.hu\/en\/wp-json\/wp\/v2\/media?parent=16646"}],"wp:term":[{"taxonomy":"product_brand","embeddable":true,"href":"https:\/\/dembedesign.hu\/en\/wp-json\/wp\/v2\/product_brand?post=16646"},{"taxonomy":"product_cat","embeddable":true,"href":"https:\/\/dembedesign.hu\/en\/wp-json\/wp\/v2\/product_cat?post=16646"},{"taxonomy":"product_tag","embeddable":true,"href":"https:\/\/dembedesign.hu\/en\/wp-json\/wp\/v2\/product_tag?post=16646"}],"curies":[{"name":"wp","href":"https:\/\/api.w.org\/{rel}","templated":true}]}}