{"id":16681,"date":"2025-05-15T14:30:24","date_gmt":"2025-05-15T12:30:24","guid":{"rendered":"https:\/\/dembedesign.hu\/?post_type=product&#038;p=16681"},"modified":"2025-05-15T17:47:38","modified_gmt":"2025-05-15T15:47:38","slug":"brookly-pet-gear-sipolo-balna-pluss","status":"publish","type":"product","link":"https:\/\/dembedesign.hu\/en\/product\/brookly-pet-gear-sipolo-balna-pluss\/","title":{"rendered":"BROOKLY PET GEAR &#8211; S\u00edpol\u00f3 b\u00e1lna pl\u00fcss"},"content":{"rendered":"<p data-start=\"90\" data-end=\"315\"><strong>Brooklyn Pet Gear\u00a0s\u00edpol\u00f3 b\u00e1lna pl\u00fcss.\u00a0 A tengeri \u00e9l\u0151vil\u00e1g ihlette figura felsz\u00edne bord\u00e1zott\u00a0textilbor\u00edt\u00e1s\u00fa, \u00edgy kellemes \u00e9rz\u00e9st ny\u00fajt a kuty\u00e1knak r\u00e1g\u00e1s k\u00f6zben. A b\u00e1lna belsej\u00e9ben egy s\u00edpol\u00f3 tal\u00e1lhat\u00f3, amely garant\u00e1ltan\u00a0felkelti figyelm\u00e9t. Ide\u00e1lis k\u00f6zepes \u00e9s kisebb m\u00e9ret\u0171 kuty\u00e1k sz\u00e1m\u00e1ra!<\/strong><\/p>\n<p><strong>PROPERTIES:<\/strong><\/p>\n<ul>\n<li>Tengeri \u00e9l\u0151vil\u00e1g ihlette pl\u00fcssfigura.<\/li>\n<li>Kellemes \u00e9rz\u00e9st ny\u00fajt a kuty\u00e1knak r\u00e1g\u00e1s k\u00f6zben<\/li>\n<li>A b\u00e1lna belsej\u00e9ben egy s\u00edpol\u00f3 tal\u00e1lhat\u00f3.<\/li>\n<li>Ide\u00e1lis k\u00f6zepes \u00e9s kisebb m\u00e9ret\u0171 kuty\u00e1k sz\u00e1m\u00e1ra!<\/li>\n<li><strong>Size:<\/strong> 33 x 12 cm<\/li>\n<\/ul>\n<p>Egy j\u00e1t\u00e9k sem elpuszt\u00edthatatlan, ez\u00e9rt k\u00e9rlek mindig ellen\u0151rizd a j\u00e1t\u00e9kot \u00e9s fel\u00fcgyeld a kiskuty\u00e1d!<\/p>\n<p>&nbsp;<\/p>\n<p>&nbsp;<\/p>","protected":false},"excerpt":{"rendered":"<p>A tengeri \u00e9l\u0151vil\u00e1g ihlette figura felsz\u00edne bord\u00e1zott\u00a0textilbor\u00edt\u00e1s\u00fa, \u00edgy kellemes \u00e9rz\u00e9st ny\u00fajt a kuty\u00e1knak r\u00e1g\u00e1s k\u00f6zben. A b\u00e1lna belsej\u00e9ben egy s\u00edpol\u00f3 tal\u00e1lhat\u00f3, amely garant\u00e1ltan\u00a0felkelti figyelm\u00e9t. Ide\u00e1lis k\u00f6zepes \u00e9s kisebb m\u00e9ret\u0171 kuty\u00e1k sz\u00e1m\u00e1ra!<\/p>\n<p><strong>Size:<\/strong> 33 x 12 cm<\/p>","protected":false},"featured_media":16685,"template":"","meta":{"om_disable_all_campaigns":false,"_monsterinsights_skip_tracking":false,"_monsterinsights_sitenote_active":false,"_monsterinsights_sitenote_note":"","_monsterinsights_sitenote_category":0,"site-sidebar-layout":"default","site-content-layout":"default","ast-site-content-layout":"default","site-content-style":"default","site-sidebar-style":"default","ast-global-header-display":"","ast-banner-title-visibility":"","ast-main-header-display":"","ast-hfb-above-header-display":"","ast-hfb-below-header-display":"","ast-hfb-mobile-header-display":"","site-post-title":"","ast-breadcrumbs-content":"","ast-featured-img":"","footer-sml-layout":"","theme-transparent-header-meta":"default","adv-header-id-meta":"","stick-header-meta":"","header-above-stick-meta":"","header-main-stick-meta":"","header-below-stick-meta":"","astra-migrate-meta-layouts":"default","ast-page-background-enabled":"default","ast-page-background-meta":{"desktop":{"background-color":"","background-image":"","background-repeat":"repeat","background-position":"center center","background-size":"auto","background-attachment":"scroll","background-type":"","background-media":"","overlay-type":"","overlay-color":"","overlay-opacity":"","overlay-gradient":""},"tablet":{"background-color":"","background-image":"","background-repeat":"repeat","background-position":"center center","background-size":"auto","background-attachment":"scroll","background-type":"","background-media":"","overlay-type":"","overlay-color":"","overlay-opacity":"","overlay-gradient":""},"mobile":{"background-color":"","background-image":"","background-repeat":"repeat","background-position":"center center","background-size":"auto","background-attachment":"scroll","background-type":"","background-media":"","overlay-type":"","overlay-color":"","overlay-opacity":"","overlay-gradient":""}},"ast-content-background-meta":{"desktop":{"background-color":"var(--ast-global-color-5)","background-image":"","background-repeat":"repeat","background-position":"center center","background-size":"auto","background-attachment":"scroll","background-type":"","background-media":"","overlay-type":"","overlay-color":"","overlay-opacity":"","overlay-gradient":""},"tablet":{"background-color":"var(--ast-global-color-5)","background-image":"","background-repeat":"repeat","background-position":"center center","background-size":"auto","background-attachment":"scroll","background-type":"","background-media":"","overlay-type":"","overlay-color":"","overlay-opacity":"","overlay-gradient":""},"mobile":{"background-color":"var(--ast-global-color-5)","background-image":"","background-repeat":"repeat","background-position":"center center","background-size":"auto","background-attachment":"scroll","background-type":"","background-media":"","overlay-type":"","overlay-color":"","overlay-opacity":"","overlay-gradient":""}}},"product_brand":[],"product_cat":[103,612],"product_tag":[490,55,1015,148,147,307,150],"class_list":{"0":"post-16681","1":"product","2":"type-product","3":"status-publish","4":"has-post-thumbnail","6":"product_cat-jatek","7":"product_cat-plussok","8":"product_tag-csipogo","9":"product_tag-francia-bulldog","10":"product_tag-francia-bulldog-uzlet","11":"product_tag-jatek","12":"product_tag-kutyajatek","13":"product_tag-pluss","14":"product_tag-sipolo","15":"desktop-align-left","16":"tablet-align-left","17":"mobile-align-left","19":"first","20":"instock","21":"shipping-taxable","22":"purchasable","23":"product-type-simple"},"aioseo_notices":[],"_links":{"self":[{"href":"https:\/\/dembedesign.hu\/en\/wp-json\/wp\/v2\/product\/16681","targetHints":{"allow":["GET"]}}],"collection":[{"href":"https:\/\/dembedesign.hu\/en\/wp-json\/wp\/v2\/product"}],"about":[{"href":"https:\/\/dembedesign.hu\/en\/wp-json\/wp\/v2\/types\/product"}],"version-history":[{"count":3,"href":"https:\/\/dembedesign.hu\/en\/wp-json\/wp\/v2\/product\/16681\/revisions"}],"predecessor-version":[{"id":16687,"href":"https:\/\/dembedesign.hu\/en\/wp-json\/wp\/v2\/product\/16681\/revisions\/16687"}],"wp:featuredmedia":[{"embeddable":true,"href":"https:\/\/dembedesign.hu\/en\/wp-json\/wp\/v2\/media\/16685"}],"wp:attachment":[{"href":"https:\/\/dembedesign.hu\/en\/wp-json\/wp\/v2\/media?parent=16681"}],"wp:term":[{"taxonomy":"product_brand","embeddable":true,"href":"https:\/\/dembedesign.hu\/en\/wp-json\/wp\/v2\/product_brand?post=16681"},{"taxonomy":"product_cat","embeddable":true,"href":"https:\/\/dembedesign.hu\/en\/wp-json\/wp\/v2\/product_cat?post=16681"},{"taxonomy":"product_tag","embeddable":true,"href":"https:\/\/dembedesign.hu\/en\/wp-json\/wp\/v2\/product_tag?post=16681"}],"curies":[{"name":"wp","href":"https:\/\/api.w.org\/{rel}","templated":true}]}}