{"id":16801,"date":"2025-06-16T15:37:25","date_gmt":"2025-06-16T13:37:25","guid":{"rendered":"https:\/\/dembedesign.hu\/?post_type=product&#038;p=16801"},"modified":"2026-03-19T12:33:18","modified_gmt":"2026-03-19T11:33:18","slug":"whizzopet-pro-skin-sebes-serult-borre","status":"publish","type":"product","link":"https:\/\/dembedesign.hu\/en\/product\/whizzopet-pro-skin-sebes-serult-borre\/","title":{"rendered":"Whizzopet &#8211; Pro-Skin (sebes, s\u00e9r\u00fclt b\u0151rre)"},"content":{"rendered":"<p data-start=\"187\" data-end=\"553\"><strong data-start=\"187\" data-end=\"553\">A Whizzopet Pro-Skin egy gy\u00f3gyhat\u00e1s\u00fa kr\u00e9m a sebes \u00e9s s\u00e9r\u00fclt b\u0151rre. Term\u00e9szetes b\u0151rbar\u00e1t \u00f6sszetev\u0151ket tartalmaz. A benne l\u00e9v\u0151 propolisz, m\u00e9hviasz \u00e9s cink-oxid seg\u00edti a sebgy\u00f3gyul\u00e1st.\u00a0<\/strong><strong data-start=\"187\" data-end=\"553\">Hozz\u00e1j\u00e1rulnak a b\u0151r regener\u00e1l\u00f3d\u00e1s\u00e1hoz, a gyullad\u00e1s cs\u00f6kkent\u00e9s\u00e9hez \u00e9s antibakteri\u00e1lis hat\u00e1s\u00faak. Allergi\u00e1s \u00e9s \u00e9rz\u00e9keny<\/strong><strong data-start=\"187\" data-end=\"553\">b\u0151r\u0171 kuty\u00e1knak sz\u00e1m\u00e1ra is ide\u00e1lis! Vegyszermentes.<\/strong><\/p>\n<p><strong>PROPERTIES:<\/strong><\/p>\n<ul>\n<li>A Pro-Skin egy gy\u00f3gyhat\u00e1s\u00fa kr\u00e9m a sebes \u00e9s a s\u00e9r\u00fclt b\u0151rre.<\/li>\n<li>Term\u00e9szetes, b\u0151rbar\u00e1t \u00f6sszetev\u0151ket tartalmaz.<\/li>\n<li>Gyors\u00edtja a sebgy\u00f3gyul\u00e1st \u00e9s a h\u00e1mk\u00e9pz\u0151d\u00e9st.<\/li>\n<li>Cs\u00f6kkenti a gyullad\u00e1st \u00e9s irrit\u00e1ci\u00f3t.<\/li>\n<li>Antibakteri\u00e1lis hat\u00e1s\u00fa.<\/li>\n<li>K\u0151olajsz\u00e1rmaz\u00e9kokt\u00f3l \u00e9s mesters\u00e9ges sz\u00ednez\u00e9kekt\u0151l mentes!<\/li>\n<li>P\u00e1lmaolaj felhaszn\u00e1l\u00e1sa n\u00e9lk\u00fcl k\u00e9sz\u00fclt!<\/li>\n<li>Vegyszermentes.<\/li>\n<\/ul>\n<p><strong style=\"font-size: 16px;\"><img decoding=\"async\" class=\"alignnone wp-image-8739\" src=\"https:\/\/dembedesign.hu\/wp-content\/uploads\/2022\/09\/Kepernyofoto-2022-08-29-19.51.31-300x295.png\" sizes=\"(max-width: 123px) 100vw, 123px\" srcset=\"https:\/\/dembedesign.hu\/wp-content\/uploads\/2022\/09\/Kepernyofoto-2022-08-29-19.51.31-300x295.png 300w, https:\/\/dembedesign.hu\/wp-content\/uploads\/2022\/09\/Kepernyofoto-2022-08-29-19.51.31-1024x1007.png 1024w, https:\/\/dembedesign.hu\/wp-content\/uploads\/2022\/09\/Kepernyofoto-2022-08-29-19.51.31-768x755.png 768w, https:\/\/dembedesign.hu\/wp-content\/uploads\/2022\/09\/Kepernyofoto-2022-08-29-19.51.31-12x12.png 12w, https:\/\/dembedesign.hu\/wp-content\/uploads\/2022\/09\/Kepernyofoto-2022-08-29-19.51.31-600x590.png 600w, https:\/\/dembedesign.hu\/wp-content\/uploads\/2022\/09\/Kepernyofoto-2022-08-29-19.51.31.png 1056w\" alt=\"\" width=\"123\" height=\"121\" \/>Nem tartalmaz p\u00e1lmaolajat, k\u0151olajsz\u00e1rmaz\u00e9kokat \u00e9s parab\u00e9nmentes!<\/strong><\/p>\n<p><strong>HOW TO USE YOUR DOG?<\/strong><\/p>\n<ul>\n<li>Tiszt\u00edtsd meg alaposan a b\u0151rfel\u00fcletet!<\/li>\n<li>V\u00e9kony r\u00e9tegben kend fel a ken\u0151cs\u00f6t az \u00e9rintett ter\u00fcletre!<\/li>\n<li>Ha a seb sz\u0151rrel bor\u00edtott, \u00f3vatosan massz\u00edrozd be a b\u0151rbe!<\/li>\n<li>Haszn\u00e1ld naponta 2 alkalommal a teljes gy\u00f3gyul\u00e1sig.<\/li>\n<li>Fontos, hogy a ken\u0151cs legal\u00e1bb n\u00e9h\u00e1ny percig a b\u0151r\u00f6n maradjon, miel\u0151tt a kuty\u00e1d lenyaln\u00e1!<\/li>\n<\/ul>\n<p><strong>ALKALMAZ\u00c1SI TER\u00dcLETEK:<\/strong><\/p>\n<ul>\n<li>Sebek, horzsol\u00e1sok<\/li>\n<li>M\u0171t\u00e9ti hegek ut\u00f3kezel\u00e9se<\/li>\n<li>Allergi\u00e1s irrit\u00e1lt ter\u00fcletek<\/li>\n<li>Rovarcs\u00edp\u00e9s ut\u00e1ni irrit\u00e1ci\u00f3<\/li>\n<li>Sz\u00e1raz, kipirosodott, viszket\u0151 b\u0151r<\/li>\n<\/ul>\n<p><strong>\u00d6SSZETEV\u0150K:<\/strong> bio kendermag olaj, bio neem olaj, bio propolisz, bio m\u00e9hviasz, bio k\u00f6r\u00f6mvir\u00e1golaj, bio shea vaj, guajakfa ill\u00f3olaj, cink-oxid, bisabolol, E-vitamin, m\u00e9z, tej<\/p>\n<p><strong>Storage:<\/strong> Sz\u00e1raz, h\u0171v\u00f6s helyen, k\u00f6zvetlen napf\u00e9nyt\u0151l v\u00e9dve, szobah\u0151m\u00e9rs\u00e9kleten.<\/p>\n<p><strong>Nyilv\u00e1ntart\u00e1si sz\u00e1ma:\u00a0<\/strong>1572\/4\/NM\/2020 N\u00c9BIH \u00c1TI<\/p>\n<p><strong>How many:<\/strong>\u00a030 ml<\/p>\n<p>&nbsp;<\/p>\n<p>&nbsp;<\/p>","protected":false},"excerpt":{"rendered":"<p>A Pro-Skin egy gy\u00f3gyhat\u00e1s\u00fa kr\u00e9m a sebes \u00e9s s\u00e9r\u00fclt b\u0151rre. A benne l\u00e9v\u0151 propolisz, m\u00e9hviasz \u00e9s cink-oxid seg\u00edti a sebgy\u00f3gyul\u00e1st.\u00a0Hozz\u00e1j\u00e1rulnak a b\u0151r regener\u00e1l\u00f3d\u00e1s\u00e1hoz, a gyullad\u00e1s cs\u00f6kkent\u00e9s\u00e9hez \u00e9s antibakteri\u00e1lis hat\u00e1s\u00faak.\u00a0Vegyszermentes.<\/p>\n<p><strong>How many:<\/strong>\u00a030 ml<\/p>","protected":false},"featured_media":16805,"template":"","meta":{"om_disable_all_campaigns":false,"_monsterinsights_skip_tracking":false,"_monsterinsights_sitenote_active":false,"_monsterinsights_sitenote_note":"","_monsterinsights_sitenote_category":0,"site-sidebar-layout":"default","site-content-layout":"default","ast-site-content-layout":"default","site-content-style":"default","site-sidebar-style":"default","ast-global-header-display":"","ast-banner-title-visibility":"","ast-main-header-display":"","ast-hfb-above-header-display":"","ast-hfb-below-header-display":"","ast-hfb-mobile-header-display":"","site-post-title":"","ast-breadcrumbs-content":"","ast-featured-img":"","footer-sml-layout":"","theme-transparent-header-meta":"default","adv-header-id-meta":"","stick-header-meta":"","header-above-stick-meta":"","header-main-stick-meta":"","header-below-stick-meta":"","astra-migrate-meta-layouts":"default","ast-page-background-enabled":"default","ast-page-background-meta":{"desktop":{"background-color":"","background-image":"","background-repeat":"repeat","background-position":"center center","background-size":"auto","background-attachment":"scroll","background-type":"","background-media":"","overlay-type":"","overlay-color":"","overlay-opacity":"","overlay-gradient":""},"tablet":{"background-color":"","background-image":"","background-repeat":"repeat","background-position":"center center","background-size":"auto","background-attachment":"scroll","background-type":"","background-media":"","overlay-type":"","overlay-color":"","overlay-opacity":"","overlay-gradient":""},"mobile":{"background-color":"","background-image":"","background-repeat":"repeat","background-position":"center center","background-size":"auto","background-attachment":"scroll","background-type":"","background-media":"","overlay-type":"","overlay-color":"","overlay-opacity":"","overlay-gradient":""}},"ast-content-background-meta":{"desktop":{"background-color":"var(--ast-global-color-5)","background-image":"","background-repeat":"repeat","background-position":"center center","background-size":"auto","background-attachment":"scroll","background-type":"","background-media":"","overlay-type":"","overlay-color":"","overlay-opacity":"","overlay-gradient":""},"tablet":{"background-color":"var(--ast-global-color-5)","background-image":"","background-repeat":"repeat","background-position":"center center","background-size":"auto","background-attachment":"scroll","background-type":"","background-media":"","overlay-type":"","overlay-color":"","overlay-opacity":"","overlay-gradient":""},"mobile":{"background-color":"var(--ast-global-color-5)","background-image":"","background-repeat":"repeat","background-position":"center center","background-size":"auto","background-attachment":"scroll","background-type":"","background-media":"","overlay-type":"","overlay-color":"","overlay-opacity":"","overlay-gradient":""}}},"product_brand":[],"product_cat":[100],"product_tag":[893,888,894,886,1116,416,587,1114,1117,1115],"class_list":{"0":"post-16801","1":"product","2":"type-product","3":"status-publish","4":"has-post-thumbnail","6":"product_cat-francia-bulldog-naturkozmetikum","7":"product_tag-francia-bulldog-krem","8":"product_tag-kutya-kozmetikum","9":"product_tag-kutya-krem","10":"product_tag-kutya-naturkozmetikum","11":"product_tag-mancs-krem","12":"product_tag-mancsapolo","13":"product_tag-orrapolo","14":"product_tag-whizzopet","15":"product_tag-whizzopet-krem","16":"product_tag-whizzopet-pro-skin","17":"desktop-align-left","18":"tablet-align-left","19":"mobile-align-left","21":"first","22":"instock","23":"shipping-taxable","24":"purchasable","25":"product-type-simple"},"aioseo_notices":[],"_links":{"self":[{"href":"https:\/\/dembedesign.hu\/en\/wp-json\/wp\/v2\/product\/16801","targetHints":{"allow":["GET"]}}],"collection":[{"href":"https:\/\/dembedesign.hu\/en\/wp-json\/wp\/v2\/product"}],"about":[{"href":"https:\/\/dembedesign.hu\/en\/wp-json\/wp\/v2\/types\/product"}],"version-history":[{"count":4,"href":"https:\/\/dembedesign.hu\/en\/wp-json\/wp\/v2\/product\/16801\/revisions"}],"predecessor-version":[{"id":16810,"href":"https:\/\/dembedesign.hu\/en\/wp-json\/wp\/v2\/product\/16801\/revisions\/16810"}],"wp:featuredmedia":[{"embeddable":true,"href":"https:\/\/dembedesign.hu\/en\/wp-json\/wp\/v2\/media\/16805"}],"wp:attachment":[{"href":"https:\/\/dembedesign.hu\/en\/wp-json\/wp\/v2\/media?parent=16801"}],"wp:term":[{"taxonomy":"product_brand","embeddable":true,"href":"https:\/\/dembedesign.hu\/en\/wp-json\/wp\/v2\/product_brand?post=16801"},{"taxonomy":"product_cat","embeddable":true,"href":"https:\/\/dembedesign.hu\/en\/wp-json\/wp\/v2\/product_cat?post=16801"},{"taxonomy":"product_tag","embeddable":true,"href":"https:\/\/dembedesign.hu\/en\/wp-json\/wp\/v2\/product_tag?post=16801"}],"curies":[{"name":"wp","href":"https:\/\/api.w.org\/{rel}","templated":true}]}}