{"id":17141,"date":"2025-08-18T14:18:06","date_gmt":"2025-08-18T12:18:06","guid":{"rendered":"https:\/\/dembedesign.hu\/?post_type=product&#038;p=17141"},"modified":"2025-10-24T15:40:22","modified_gmt":"2025-10-24T13:40:22","slug":"cookas-cookie-unikornis-kokusz-chips","status":"publish","type":"product","link":"https:\/\/dembedesign.hu\/en\/product\/cookas-cookie-unikornis-kokusz-chips\/","title":{"rendered":"COOKA&#8217;S COOKIE &#8211; Unikornis k\u00f3kusz chips"},"content":{"rendered":"<p><strong>A Cooka&#8217;s Cookie Unikornis k\u00f3kusz chips rendk\u00edv\u00fcl eg\u00e9szs\u00e9ges. 100%-ban term\u00e9szetes alapanyagb\u00f3l k\u00e9sz\u00fcl. A k\u00f3kusz szeletek sz\u00ednez\u00e9s\u00e9hez spirulin\u00e1t, kurkum\u00e1t \u00e9s c\u00e9kl\u00e1t haszn\u00e1lnak. Eg\u00e9szs\u00e9ges zs\u00edrokban \u00e9s rostban <\/strong><b>gazdag. A fogyaszt\u00e1sa j\u00f3t tesz az em\u00e9szt\u00e9snek, a gyomor- \u00e9s b\u00e9lm\u0171k\u00f6d\u00e9snek illetve a sz\u0151r<strong data-start=\"443\" data-end=\"468\"> \u00e9s a b\u0151r eg\u00e9szs\u00e9g\u00e9nek. Nemcsak eg\u00e9szs\u00e9ges hanem a leheletet is friss\u00edti! Adhatod jutifalatk\u00e9nt, sz\u00f3rhatod az \u00e9tel\u00e9re vagy d\u00edsz\u00edtheted vele a s\u00fctij\u00e9t! <\/strong><\/b><strong>Nem tartalmaz tart\u00f3s\u00edt\u00f3szert \u00e9s sz\u00ednez\u00e9ket! Veg\u00e1n.<\/strong><\/p>\n<p><img class=\"\" \/><img class=\"\" \/><strong>PROPERTIES:<\/strong><\/p>\n<ul>\n<li>Eg\u00e9szs\u00e9ges, rostban gazdag k\u00f3kusz chips.<\/li>\n<li>Term\u00e9szetes alapanyagokkal sz\u00ednezve.<\/li>\n<li>\u00c9rt\u00e9kes zs\u00edrokban gazdag.<\/li>\n<li>J\u00f3t\u00e9kony hat\u00e1ssal van az em\u00e9szt\u00e9sre.<\/li>\n<li>T\u00e1mogatja a sz\u0151r \u00e9s a b\u0151r eg\u00e9szs\u00e9g\u00e9t.<\/li>\n<li>Friss\u00edti a leheletet!<\/li>\n<li>Adhatod jutifalatk\u00e9nt, sz\u00f3rhatod az \u00e9tel\u00e9re vagy d\u00edsz\u00edtheted vele a s\u00fctij\u00e9t!<\/li>\n<li><span style=\"font-size: 16px;\">BARF \u00e9trendet k\u00f6vet\u0151k is v\u00e1laszthatj\u00e1k!<\/span><\/li>\n<li>Veg\u00e1n.<\/li>\n<\/ul>\n<p><strong><img decoding=\"async\" class=\"alignnone wp-image-8739\" src=\"https:\/\/dembedesign.hu\/wp-content\/uploads\/2022\/09\/Kepernyofoto-2022-08-29-19.51.31-300x295.png\" sizes=\"(max-width: 113px) 100vw, 113px\" srcset=\"https:\/\/dembedesign.hu\/wp-content\/uploads\/2022\/09\/Kepernyofoto-2022-08-29-19.51.31-300x295.png 300w, https:\/\/dembedesign.hu\/wp-content\/uploads\/2022\/09\/Kepernyofoto-2022-08-29-19.51.31-1024x1007.png 1024w, https:\/\/dembedesign.hu\/wp-content\/uploads\/2022\/09\/Kepernyofoto-2022-08-29-19.51.31-768x755.png 768w, https:\/\/dembedesign.hu\/wp-content\/uploads\/2022\/09\/Kepernyofoto-2022-08-29-19.51.31-12x12.png 12w, https:\/\/dembedesign.hu\/wp-content\/uploads\/2022\/09\/Kepernyofoto-2022-08-29-19.51.31-600x590.png 600w, https:\/\/dembedesign.hu\/wp-content\/uploads\/2022\/09\/Kepernyofoto-2022-08-29-19.51.31.png 1056w\" alt=\"\" width=\"121\" height=\"119\" \/>Nem tartalmaz mesters\u00e9ges adal\u00e9kanyagokat!<\/strong><\/p>\n<p><strong>Ingredients:<\/strong> 100% k\u00f3kusz (sz\u00ednez\u00e9k: spirulina, kurkuma, c\u00e9kla)<strong><br \/>\n<\/strong><\/p>\n<p><strong>Analytical components: <\/strong>nyersfeh\u00e9rje 7,3%, nyerszs\u00edr 68,4%, nyersrost 4,3%, nyershamu 2%, nedvess\u00e9g 2,7%<\/p>\n<p>Biztos\u00edts mell\u00e9 mindig elegend\u0151, friss vizet. T\u00e1rold napf\u00e9nyt\u0151l v\u00e9dve, sz\u00e1raz helyen!<\/p>\n<p>&nbsp;<\/p>\n<p>&nbsp;<\/p>","protected":false},"excerpt":{"rendered":"<p>Eg\u00e9szs\u00e9ges, rostban gazdag k\u00f3kusz chips. Sz\u00ednez\u00e9s\u00e9hez spirulin\u00e1t, kurkum\u00e1t \u00e9s c\u00e9kl\u00e1t haszn\u00e1lnak. J\u00f3t\u00e9kony hat\u00e1ssal van az em\u00e9szt\u00e9sre. T\u00e1mogatja a sz\u0151r \u00e9s a b\u0151r eg\u00e9szs\u00e9g\u00e9t. Friss\u00edti a leheletet! Adhatod jutifalatk\u00e9nt, sz\u00f3rhatod az \u00e9tel\u00e9re vagy d\u00edsz\u00edtheted vele a s\u00fctij\u00e9t!<\/p>\n<p><strong>How many:<\/strong> 40 g<\/p>","protected":false},"featured_media":17144,"template":"","meta":{"om_disable_all_campaigns":false,"_monsterinsights_skip_tracking":false,"_monsterinsights_sitenote_active":false,"_monsterinsights_sitenote_note":"","_monsterinsights_sitenote_category":0,"site-sidebar-layout":"default","site-content-layout":"default","ast-site-content-layout":"default","site-content-style":"default","site-sidebar-style":"default","ast-global-header-display":"","ast-banner-title-visibility":"","ast-main-header-display":"","ast-hfb-above-header-display":"","ast-hfb-below-header-display":"","ast-hfb-mobile-header-display":"","site-post-title":"","ast-breadcrumbs-content":"","ast-featured-img":"","footer-sml-layout":"","theme-transparent-header-meta":"default","adv-header-id-meta":"","stick-header-meta":"","header-above-stick-meta":"","header-main-stick-meta":"","header-below-stick-meta":"","astra-migrate-meta-layouts":"default","ast-page-background-enabled":"default","ast-page-background-meta":{"desktop":{"background-color":"","background-image":"","background-repeat":"repeat","background-position":"center center","background-size":"auto","background-attachment":"scroll","background-type":"","background-media":"","overlay-type":"","overlay-color":"","overlay-opacity":"","overlay-gradient":""},"tablet":{"background-color":"","background-image":"","background-repeat":"repeat","background-position":"center center","background-size":"auto","background-attachment":"scroll","background-type":"","background-media":"","overlay-type":"","overlay-color":"","overlay-opacity":"","overlay-gradient":""},"mobile":{"background-color":"","background-image":"","background-repeat":"repeat","background-position":"center center","background-size":"auto","background-attachment":"scroll","background-type":"","background-media":"","overlay-type":"","overlay-color":"","overlay-opacity":"","overlay-gradient":""}},"ast-content-background-meta":{"desktop":{"background-color":"var(--ast-global-color-5)","background-image":"","background-repeat":"repeat","background-position":"center center","background-size":"auto","background-attachment":"scroll","background-type":"","background-media":"","overlay-type":"","overlay-color":"","overlay-opacity":"","overlay-gradient":""},"tablet":{"background-color":"var(--ast-global-color-5)","background-image":"","background-repeat":"repeat","background-position":"center center","background-size":"auto","background-attachment":"scroll","background-type":"","background-media":"","overlay-type":"","overlay-color":"","overlay-opacity":"","overlay-gradient":""},"mobile":{"background-color":"var(--ast-global-color-5)","background-image":"","background-repeat":"repeat","background-position":"center center","background-size":"auto","background-attachment":"scroll","background-type":"","background-media":"","overlay-type":"","overlay-color":"","overlay-opacity":"","overlay-gradient":""}}},"product_brand":[],"product_cat":[102,693],"product_tag":[1155,943,941,1169,213,1178,1179,1168,933],"class_list":{"0":"post-17141","1":"product","2":"type-product","3":"status-publish","4":"has-post-thumbnail","6":"product_cat-francia-bulldog-jutalomfalat","7":"product_cat-francia-bulldog-zoldseg-gyumolcs","8":"product_tag-cookas-cookie","9":"product_tag-egeszseges-jutalomfalat","10":"product_tag-francia-bulldog-jutalomfalat","11":"product_tag-gyumolcs-kutyanak","12":"product_tag-jutalomfalat","13":"product_tag-kokusz-kutya","14":"product_tag-kokusz-kutyanak","15":"product_tag-kutya-gyumolcs","16":"product_tag-kutya-jutalomfalat","17":"desktop-align-left","18":"tablet-align-left","19":"mobile-align-left","21":"first","22":"instock","23":"shipping-taxable","24":"purchasable","25":"product-type-simple"},"aioseo_notices":[],"_links":{"self":[{"href":"https:\/\/dembedesign.hu\/en\/wp-json\/wp\/v2\/product\/17141","targetHints":{"allow":["GET"]}}],"collection":[{"href":"https:\/\/dembedesign.hu\/en\/wp-json\/wp\/v2\/product"}],"about":[{"href":"https:\/\/dembedesign.hu\/en\/wp-json\/wp\/v2\/types\/product"}],"version-history":[{"count":3,"href":"https:\/\/dembedesign.hu\/en\/wp-json\/wp\/v2\/product\/17141\/revisions"}],"predecessor-version":[{"id":17147,"href":"https:\/\/dembedesign.hu\/en\/wp-json\/wp\/v2\/product\/17141\/revisions\/17147"}],"wp:featuredmedia":[{"embeddable":true,"href":"https:\/\/dembedesign.hu\/en\/wp-json\/wp\/v2\/media\/17144"}],"wp:attachment":[{"href":"https:\/\/dembedesign.hu\/en\/wp-json\/wp\/v2\/media?parent=17141"}],"wp:term":[{"taxonomy":"product_brand","embeddable":true,"href":"https:\/\/dembedesign.hu\/en\/wp-json\/wp\/v2\/product_brand?post=17141"},{"taxonomy":"product_cat","embeddable":true,"href":"https:\/\/dembedesign.hu\/en\/wp-json\/wp\/v2\/product_cat?post=17141"},{"taxonomy":"product_tag","embeddable":true,"href":"https:\/\/dembedesign.hu\/en\/wp-json\/wp\/v2\/product_tag?post=17141"}],"curies":[{"name":"wp","href":"https:\/\/api.w.org\/{rel}","templated":true}]}}