{"id":17150,"date":"2025-08-18T15:58:58","date_gmt":"2025-08-18T13:58:58","guid":{"rendered":"https:\/\/dembedesign.hu\/?post_type=product&#038;p=17150"},"modified":"2026-04-10T14:37:45","modified_gmt":"2026-04-10T12:37:45","slug":"cookas-cookie-krill-por-szivmukodes-egeszseges-szor-es-bor","status":"publish","type":"product","link":"https:\/\/dembedesign.hu\/en\/product\/cookas-cookie-krill-por-szivmukodes-egeszseges-szor-es-bor\/","title":{"rendered":"COOKA&#8217;S COOKIE &#8211; Krill por (sz\u00edvm\u0171k\u00f6d\u00e9s, sz\u0151r \u00e9s b\u0151r)"},"content":{"rendered":"<p data-start=\"115\" data-end=\"444\"><strong>A Cooka&#8217;s Cookie krill por nagyon finom \u00e9s eg\u00e9szs\u00e9ges a kuty\u00e1k sz\u00e1m\u00e1ra. A krill egy apr\u00f3 tengeri r\u00e1kf\u00e9le, ami \u00e9rt\u00e9kes omega 3 zs\u00edrsavakban gazdag. T\u00e1mogatja az eg\u00e9szs\u00e9ges sz\u00edvm\u0171k\u00f6d\u00e9st \u00e9s cs\u00f6kkentheti a sz\u00edvbetegs\u00e9gek kock\u00e1zat\u00e1t. Seg\u00edti az agym\u0171k\u00f6d\u00e9st \u00e9s a ment\u00e1lis frissess\u00e9get. J\u00f3t\u00e9kony hat\u00e1ssal van a b\u0151rre \u00e9s a sz\u0151rzetre. Enyh\u00edti a sz\u00e1razs\u00e1got \u00e9s a viszket\u00e9st.\u00a0<\/strong><\/p>\n<p><b>PROPERTIES:<\/b><\/p>\n<ul>\n<li>Finom \u00e9s eg\u00e9szs\u00e9ges krill por.<\/li>\n<li>Omega 3 zs\u00edrsavakban gazdag.<\/li>\n<li>T\u00e1mogatja az eg\u00e9szs\u00e9ges sz\u00edvm\u0171k\u00f6d\u00e9st.<\/li>\n<li>Cs\u00f6kkentheti a sz\u00edvbetegs\u00e9gek kock\u00e1zat\u00e1t.<\/li>\n<li>Seg\u00edti az agym\u0171k\u00f6d\u00e9st!<\/li>\n<li>J\u00f3t\u00e9kony hat\u00e1ssal van a b\u0151rre \u00e9s a sz\u0151rzetre.<\/li>\n<li>Enyh\u00edti a sz\u00e1razs\u00e1got \u00e9s a viszket\u00e9st.<\/li>\n<\/ul>\n<p><strong><img decoding=\"async\" class=\"alignnone wp-image-8739\" src=\"https:\/\/dembedesign.hu\/wp-content\/uploads\/2022\/09\/Kepernyofoto-2022-08-29-19.51.31-300x295.png\" sizes=\"(max-width: 113px) 100vw, 113px\" srcset=\"https:\/\/dembedesign.hu\/wp-content\/uploads\/2022\/09\/Kepernyofoto-2022-08-29-19.51.31-300x295.png 300w, https:\/\/dembedesign.hu\/wp-content\/uploads\/2022\/09\/Kepernyofoto-2022-08-29-19.51.31-1024x1007.png 1024w, https:\/\/dembedesign.hu\/wp-content\/uploads\/2022\/09\/Kepernyofoto-2022-08-29-19.51.31-768x755.png 768w, https:\/\/dembedesign.hu\/wp-content\/uploads\/2022\/09\/Kepernyofoto-2022-08-29-19.51.31-12x12.png 12w, https:\/\/dembedesign.hu\/wp-content\/uploads\/2022\/09\/Kepernyofoto-2022-08-29-19.51.31-600x590.png 600w, https:\/\/dembedesign.hu\/wp-content\/uploads\/2022\/09\/Kepernyofoto-2022-08-29-19.51.31.png 1056w\" alt=\"WOOLF Earth Noohide \u2013 nyulas kollag\u00e9nes r\u00fad\" width=\"121\" height=\"119\" \/>Ingredients: <\/strong>99,9% krill 0,1% rozmaring<\/p>\n<p><strong>Analytical components: <\/strong>nyersfeh\u00e9rje 57%, nyerszs\u00edr 23%, nyershamu 3%, nyersrost 3,5%, nedvess\u00e9g 6%<\/p>\n<p><strong>Dosage recommendation:\u00a0<\/strong>2 gramm \/ 5 testt\u00f6meg kg-k\u00e9nt<br \/>\nEz egy f\u00e9l te\u00e1skan\u00e1lt jelent 5 kilogrammonk\u00e9nt.<br \/>\nHetente 3-szor javasolt az adagol\u00e1sa!<\/p>\n<p><strong>Egy kan\u00e1l port keverj el k\u00e9t kan\u00e1l v\u00edzzel \u00e9s \u00edgy \u00f6ntsd az \u00e9tel\u00e9re!<\/strong><\/p>\n<p><strong>Storage:<\/strong> sz\u00e1raz helyen, napf\u00e9nyt\u0151l v\u00e9dve.<\/p>\n<p>Figyelem! A term\u00e9k takarm\u00e1ny-kieg\u00e9sz\u00edt\u0151 \u00e9s nem helyettes\u00edti az esetlegesen sz\u00fcks\u00e9ges \u00e1llatorvosi kezel\u00e9st!<\/p>\n<p>&nbsp;<\/p>\n<p>&nbsp;<\/p>","protected":false},"excerpt":{"rendered":"<p>Finom \u00e9s eg\u00e9szs\u00e9ges krill por <span style=\"font-size: 16px;\">a kuty\u00e1k sz\u00e1m\u00e1ra. T\u00e1mogatja az eg\u00e9szs\u00e9ges sz\u00edvm\u0171k\u00f6d\u00e9st \u00e9s cs\u00f6kkentheti a sz\u00edvbetegs\u00e9gek kock\u00e1zat\u00e1t. Seg\u00edti az agym\u0171k\u00f6d\u00e9st. J\u00f3t\u00e9kony hat\u00e1ssal van a b\u0151rre \u00e9s a sz\u0151rzetre. Enyh\u00edti a viszket\u00e9st.\u00a0<\/span><\/p>\n<p><strong>Kiszerel\u00e9s<\/strong>: 65 g<br \/>\n<strong>Adagol\u00e1s:\u00a0<\/strong>f\u00e9l te\u00e1skan\u00e1l\/5 kg, hetente 3-szor<br \/>\n<strong>Egy kan\u00e1l port keverj el k\u00e9t kan\u00e1l v\u00edzzel \u00e9s \u00edgy \u00f6ntsd az \u00e9tel\u00e9re!<\/strong><\/p>","protected":false},"featured_media":17153,"template":"","meta":{"om_disable_all_campaigns":false,"_monsterinsights_skip_tracking":false,"_monsterinsights_sitenote_active":false,"_monsterinsights_sitenote_note":"","_monsterinsights_sitenote_category":0,"site-sidebar-layout":"default","site-content-layout":"default","ast-site-content-layout":"default","site-content-style":"default","site-sidebar-style":"default","ast-global-header-display":"","ast-banner-title-visibility":"","ast-main-header-display":"","ast-hfb-above-header-display":"","ast-hfb-below-header-display":"","ast-hfb-mobile-header-display":"","site-post-title":"","ast-breadcrumbs-content":"","ast-featured-img":"","footer-sml-layout":"","theme-transparent-header-meta":"default","adv-header-id-meta":"","stick-header-meta":"","header-above-stick-meta":"","header-main-stick-meta":"","header-below-stick-meta":"","astra-migrate-meta-layouts":"set","ast-page-background-enabled":"default","ast-page-background-meta":{"desktop":{"background-color":"","background-image":"","background-repeat":"repeat","background-position":"center center","background-size":"auto","background-attachment":"scroll","background-type":"","background-media":"","overlay-type":"","overlay-color":"","overlay-opacity":"","overlay-gradient":""},"tablet":{"background-color":"","background-image":"","background-repeat":"repeat","background-position":"center center","background-size":"auto","background-attachment":"scroll","background-type":"","background-media":"","overlay-type":"","overlay-color":"","overlay-opacity":"","overlay-gradient":""},"mobile":{"background-color":"","background-image":"","background-repeat":"repeat","background-position":"center center","background-size":"auto","background-attachment":"scroll","background-type":"","background-media":"","overlay-type":"","overlay-color":"","overlay-opacity":"","overlay-gradient":""}},"ast-content-background-meta":{"desktop":{"background-color":"var(--ast-global-color-5)","background-image":"","background-repeat":"repeat","background-position":"center center","background-size":"auto","background-attachment":"scroll","background-type":"","background-media":"","overlay-type":"","overlay-color":"","overlay-opacity":"","overlay-gradient":""},"tablet":{"background-color":"var(--ast-global-color-5)","background-image":"","background-repeat":"repeat","background-position":"center center","background-size":"auto","background-attachment":"scroll","background-type":"","background-media":"","overlay-type":"","overlay-color":"","overlay-opacity":"","overlay-gradient":""},"mobile":{"background-color":"var(--ast-global-color-5)","background-image":"","background-repeat":"repeat","background-position":"center center","background-size":"auto","background-attachment":"scroll","background-type":"","background-media":"","overlay-type":"","overlay-color":"","overlay-opacity":"","overlay-gradient":""}}},"product_brand":[],"product_cat":[258],"product_tag":[824,823,1182,1184,1183,800,799,798,802],"class_list":{"0":"post-17150","1":"product","2":"type-product","3":"status-publish","4":"has-post-thumbnail","6":"product_cat-francia-bulldog-taplalekkiegeszito-vitamin","7":"product_tag-francia-bulldog-taplalekkiegeszito","8":"product_tag-francia-bulldog-vitamin","9":"product_tag-krill-kutyanak","10":"product_tag-krill-por","11":"product_tag-krill-por-kutyanak","12":"product_tag-kutya-omega-3","13":"product_tag-kutya-szivbetegseg","14":"product_tag-kutya-szivmukodes","15":"product_tag-kutya-viszketo-bor","16":"desktop-align-left","17":"tablet-align-left","18":"mobile-align-left","20":"first","21":"instock","22":"shipping-taxable","23":"purchasable","24":"product-type-simple"},"aioseo_notices":[],"_links":{"self":[{"href":"https:\/\/dembedesign.hu\/en\/wp-json\/wp\/v2\/product\/17150","targetHints":{"allow":["GET"]}}],"collection":[{"href":"https:\/\/dembedesign.hu\/en\/wp-json\/wp\/v2\/product"}],"about":[{"href":"https:\/\/dembedesign.hu\/en\/wp-json\/wp\/v2\/types\/product"}],"version-history":[{"count":5,"href":"https:\/\/dembedesign.hu\/en\/wp-json\/wp\/v2\/product\/17150\/revisions"}],"predecessor-version":[{"id":17158,"href":"https:\/\/dembedesign.hu\/en\/wp-json\/wp\/v2\/product\/17150\/revisions\/17158"}],"wp:featuredmedia":[{"embeddable":true,"href":"https:\/\/dembedesign.hu\/en\/wp-json\/wp\/v2\/media\/17153"}],"wp:attachment":[{"href":"https:\/\/dembedesign.hu\/en\/wp-json\/wp\/v2\/media?parent=17150"}],"wp:term":[{"taxonomy":"product_brand","embeddable":true,"href":"https:\/\/dembedesign.hu\/en\/wp-json\/wp\/v2\/product_brand?post=17150"},{"taxonomy":"product_cat","embeddable":true,"href":"https:\/\/dembedesign.hu\/en\/wp-json\/wp\/v2\/product_cat?post=17150"},{"taxonomy":"product_tag","embeddable":true,"href":"https:\/\/dembedesign.hu\/en\/wp-json\/wp\/v2\/product_tag?post=17150"}],"curies":[{"name":"wp","href":"https:\/\/api.w.org\/{rel}","templated":true}]}}