{"id":17159,"date":"2025-08-18T17:18:57","date_gmt":"2025-08-18T15:18:57","guid":{"rendered":"https:\/\/dembedesign.hu\/?post_type=product&#038;p=17159"},"modified":"2026-04-10T14:38:10","modified_gmt":"2026-04-10T12:38:10","slug":"cookas-cookie-viragpor-immunerosites-allergia","status":"publish","type":"product","link":"https:\/\/dembedesign.hu\/en\/product\/cookas-cookie-viragpor-immunerosites-allergia\/","title":{"rendered":"COOKA&#8217;S COOKIE &#8211; Vir\u00e1gpor (immuner\u0151s\u00edt\u00e9s, allergia)"},"content":{"rendered":"<p data-start=\"115\" data-end=\"444\"><strong>A Cooka&#8217;s Cookie vir\u00e1gpor rendk\u00edv\u00fcl eg\u00e9szs\u00e9ges a kuty\u00e1k sz\u00e1m\u00e1ra. \u00c9rt\u00e9kes B-komplex, E-, C-vitaminban, cinkben, magn\u00e9ziumban, k\u00e1liumban, vasban \u00e9s szel\u00e9nben gazdag. Hozz\u00e1j\u00e1rul az \u00e1ltal\u00e1nos eg\u00e9szs\u00e9ghez \u00e9s vitalit\u00e1shoz. T\u00e1mogatja a kuty\u00e1k immunrendszer\u00e9nek m\u0171k\u00f6d\u00e9s\u00e9t. Seg\u00edti az em\u00e9szt\u00e9st, a ment\u00e1lis \u00e1llapotot, a b\u0151r \u00e9s a sz\u0151rzet eg\u00e9szs\u00e9g\u00e9t. Term\u00e9szetes m\u00f3don enyh\u00edti az allergi\u00e1s t\u00fcneteket. <\/strong><strong>Adhatod az \u00e9tel\u00e9re sz\u00f3rva vagy mag\u00e1ban! Ak\u00e1r lakt\u00f3zmentes kef\u00edrbe\/joghurtba is keverheted! <\/strong><strong>Nem tartalmaz mesters\u00e9ges adal\u00e9kanyagokat!<\/strong><\/p>\n<p><b>PROPERTIES:<\/b><\/p>\n<ul>\n<li>Rendk\u00edv\u00fcl eg\u00e9szs\u00e9ges vir\u00e1gpor kuty\u00e1k sz\u00e1m\u00e1ra.<\/li>\n<li>\u00c9rt\u00e9kes B-komplex (B1, B2, B3, B6, B12) forr\u00e1s.<\/li>\n<li>T\u00e1mogatja az immunrendszer\u00e9nek m\u0171k\u00f6d\u00e9s\u00e9t.<\/li>\n<li>Seg\u00edti az em\u00e9szt\u00e9st, a ment\u00e1lis \u00e1llapotot, a b\u0151r \u00e9s a sz\u0151rzet eg\u00e9szs\u00e9g\u00e9t.<\/li>\n<li>Term\u00e9szetes m\u00f3don enyh\u00edti az allergi\u00e1s t\u00fcneteket.<\/li>\n<li>Adhatod az \u00e9tel\u00e9re sz\u00f3rva vagy mag\u00e1ban!<\/li>\n<li>Ak\u00e1r lakt\u00f3zmentes kef\u00edrbe\/joghurtba is keverheted!<\/li>\n<\/ul>\n<p><strong><img decoding=\"async\" class=\"alignnone wp-image-8739\" src=\"https:\/\/dembedesign.hu\/wp-content\/uploads\/2022\/09\/Kepernyofoto-2022-08-29-19.51.31-300x295.png\" sizes=\"(max-width: 113px) 100vw, 113px\" srcset=\"https:\/\/dembedesign.hu\/wp-content\/uploads\/2022\/09\/Kepernyofoto-2022-08-29-19.51.31-300x295.png 300w, https:\/\/dembedesign.hu\/wp-content\/uploads\/2022\/09\/Kepernyofoto-2022-08-29-19.51.31-1024x1007.png 1024w, https:\/\/dembedesign.hu\/wp-content\/uploads\/2022\/09\/Kepernyofoto-2022-08-29-19.51.31-768x755.png 768w, https:\/\/dembedesign.hu\/wp-content\/uploads\/2022\/09\/Kepernyofoto-2022-08-29-19.51.31-12x12.png 12w, https:\/\/dembedesign.hu\/wp-content\/uploads\/2022\/09\/Kepernyofoto-2022-08-29-19.51.31-600x590.png 600w, https:\/\/dembedesign.hu\/wp-content\/uploads\/2022\/09\/Kepernyofoto-2022-08-29-19.51.31.png 1056w\" alt=\"WOOLF Earth Noohide \u2013 nyulas kollag\u00e9nes r\u00fad\" width=\"121\" height=\"119\" \/>Ingredients: <\/strong>100% m\u00e9h vir\u00e1gpor<\/p>\n<p><strong>Analytical components: <\/strong>nyersfeh\u00e9rje 20%, nyerszs\u00edr 10%, nyershamu 3%, nyersrost 7,65%, nedvess\u00e9g 10%<\/p>\n<p><strong>Dosage recommendation: <\/strong><\/p>\n<p><strong>Kezdj maximum 5 szem vir\u00e1gporral, majd fokozatosan n\u00f6veld az adagot!<\/strong><br \/>\n1 gramm \/ 5 testt\u00f6meg kg-k\u00e9nt<br \/>\nEz egy 1\/4 te\u00e1skan\u00e1lt jelent 5 kilogrammonk\u00e9nt.<\/p>\n<p>P\u00e9ld\u00e1ul:<br \/>\n<strong>10 kg eset\u00e9n:<\/strong> 2 g = \u00a0f\u00e9l te\u00e1skan\u00e1l<br \/>\n<strong>15 kg eset\u00e9n:<\/strong> 3 g = 3\/4 te\u00e1skan\u00e1l<br \/>\n<strong>20 kg eset\u00e9n:<\/strong> 4 g = egy te\u00e1skan\u00e1l<\/p>\n<p><strong>Hetente 3-szor javasolt az adagol\u00e1sa!<\/strong><\/p>\n<p><strong>Storage:<\/strong> sz\u00e1raz helyen, napf\u00e9nyt\u0151l v\u00e9dve.<\/p>\n<p>Figyelem! A term\u00e9k takarm\u00e1ny-kieg\u00e9sz\u00edt\u0151 \u00e9s nem helyettes\u00edti az esetlegesen sz\u00fcks\u00e9ges \u00e1llatorvosi kezel\u00e9st!<\/p>\n<p>&nbsp;<\/p>\n<p>&nbsp;<\/p>","protected":false},"excerpt":{"rendered":"<p>Eg\u00e9szs\u00e9ges vir\u00e1gpor kuty\u00e1k sz\u00e1m\u00e1ra. T\u00e1mogatja az immunrendszer\u00e9nek m\u0171k\u00f6d\u00e9s\u00e9t. Seg\u00edti az em\u00e9szt\u00e9st, a ment\u00e1lis \u00e1llapotot, a b\u0151r \u00e9s a sz\u0151rzet eg\u00e9szs\u00e9g\u00e9t. Term\u00e9szetes m\u00f3don enyh\u00edti az allergi\u00e1s t\u00fcneteket. Adhatod az \u00e9tel\u00e9re sz\u00f3rva vagy mag\u00e1ban!<\/p>\n<p><strong>Kiszerel\u00e9s<\/strong>: 110 g<br \/>\n<strong>Adagol\u00e1s: <\/strong>1\/4 te\u00e1skan\u00e1l \/ 5 kg, hetente 3-szor<br \/>\n<strong>Kezdj maximum 5 szem vir\u00e1gporral, majd fokozatosan n\u00f6veld az adagot!<\/strong><\/p>","protected":false},"featured_media":17165,"template":"","meta":{"om_disable_all_campaigns":false,"_monsterinsights_skip_tracking":false,"_monsterinsights_sitenote_active":false,"_monsterinsights_sitenote_note":"","_monsterinsights_sitenote_category":0,"site-sidebar-layout":"default","site-content-layout":"default","ast-site-content-layout":"default","site-content-style":"default","site-sidebar-style":"default","ast-global-header-display":"","ast-banner-title-visibility":"","ast-main-header-display":"","ast-hfb-above-header-display":"","ast-hfb-below-header-display":"","ast-hfb-mobile-header-display":"","site-post-title":"","ast-breadcrumbs-content":"","ast-featured-img":"","footer-sml-layout":"","theme-transparent-header-meta":"default","adv-header-id-meta":"","stick-header-meta":"","header-above-stick-meta":"","header-main-stick-meta":"","header-below-stick-meta":"","astra-migrate-meta-layouts":"set","ast-page-background-enabled":"default","ast-page-background-meta":{"desktop":{"background-color":"","background-image":"","background-repeat":"repeat","background-position":"center center","background-size":"auto","background-attachment":"scroll","background-type":"","background-media":"","overlay-type":"","overlay-color":"","overlay-opacity":"","overlay-gradient":""},"tablet":{"background-color":"","background-image":"","background-repeat":"repeat","background-position":"center center","background-size":"auto","background-attachment":"scroll","background-type":"","background-media":"","overlay-type":"","overlay-color":"","overlay-opacity":"","overlay-gradient":""},"mobile":{"background-color":"","background-image":"","background-repeat":"repeat","background-position":"center center","background-size":"auto","background-attachment":"scroll","background-type":"","background-media":"","overlay-type":"","overlay-color":"","overlay-opacity":"","overlay-gradient":""}},"ast-content-background-meta":{"desktop":{"background-color":"var(--ast-global-color-5)","background-image":"","background-repeat":"repeat","background-position":"center center","background-size":"auto","background-attachment":"scroll","background-type":"","background-media":"","overlay-type":"","overlay-color":"","overlay-opacity":"","overlay-gradient":""},"tablet":{"background-color":"var(--ast-global-color-5)","background-image":"","background-repeat":"repeat","background-position":"center center","background-size":"auto","background-attachment":"scroll","background-type":"","background-media":"","overlay-type":"","overlay-color":"","overlay-opacity":"","overlay-gradient":""},"mobile":{"background-color":"var(--ast-global-color-5)","background-image":"","background-repeat":"repeat","background-position":"center center","background-size":"auto","background-attachment":"scroll","background-type":"","background-media":"","overlay-type":"","overlay-color":"","overlay-opacity":"","overlay-gradient":""}}},"product_brand":[],"product_cat":[258],"product_tag":[824,823,774,827,1187,1185,819,1186],"class_list":{"0":"post-17159","1":"product","2":"type-product","3":"status-publish","4":"has-post-thumbnail","6":"product_cat-francia-bulldog-taplalekkiegeszito-vitamin","7":"product_tag-francia-bulldog-taplalekkiegeszito","8":"product_tag-francia-bulldog-vitamin","9":"product_tag-kutya-allergia","10":"product_tag-kutya-immunerosites","11":"product_tag-kutya-pollen-allergia","12":"product_tag-kutya-taplalekkiegeszito","13":"product_tag-kutya-vitamin","14":"product_tag-viragpor-kutyanak","15":"desktop-align-left","16":"tablet-align-left","17":"mobile-align-left","19":"first","20":"instock","21":"shipping-taxable","22":"purchasable","23":"product-type-simple"},"aioseo_notices":[],"_links":{"self":[{"href":"https:\/\/dembedesign.hu\/en\/wp-json\/wp\/v2\/product\/17159","targetHints":{"allow":["GET"]}}],"collection":[{"href":"https:\/\/dembedesign.hu\/en\/wp-json\/wp\/v2\/product"}],"about":[{"href":"https:\/\/dembedesign.hu\/en\/wp-json\/wp\/v2\/types\/product"}],"version-history":[{"count":7,"href":"https:\/\/dembedesign.hu\/en\/wp-json\/wp\/v2\/product\/17159\/revisions"}],"predecessor-version":[{"id":17161,"href":"https:\/\/dembedesign.hu\/en\/wp-json\/wp\/v2\/product\/17159\/revisions\/17161"}],"wp:featuredmedia":[{"embeddable":true,"href":"https:\/\/dembedesign.hu\/en\/wp-json\/wp\/v2\/media\/17165"}],"wp:attachment":[{"href":"https:\/\/dembedesign.hu\/en\/wp-json\/wp\/v2\/media?parent=17159"}],"wp:term":[{"taxonomy":"product_brand","embeddable":true,"href":"https:\/\/dembedesign.hu\/en\/wp-json\/wp\/v2\/product_brand?post=17159"},{"taxonomy":"product_cat","embeddable":true,"href":"https:\/\/dembedesign.hu\/en\/wp-json\/wp\/v2\/product_cat?post=17159"},{"taxonomy":"product_tag","embeddable":true,"href":"https:\/\/dembedesign.hu\/en\/wp-json\/wp\/v2\/product_tag?post=17159"}],"curies":[{"name":"wp","href":"https:\/\/api.w.org\/{rel}","templated":true}]}}