{"id":17201,"date":"2025-08-28T16:39:26","date_gmt":"2025-08-28T14:39:26","guid":{"rendered":"https:\/\/dembedesign.hu\/?post_type=product&#038;p=17201"},"modified":"2026-04-23T10:54:55","modified_gmt":"2026-04-23T08:54:55","slug":"max-molly-rozsaszin-parduc-furdokontos","status":"publish","type":"product","link":"https:\/\/dembedesign.hu\/en\/product\/max-molly-rozsaszin-parduc-furdokontos\/","title":{"rendered":"MAX &#038; MOLLY &#8211; R\u00f3zsasz\u00edn p\u00e1rduc f\u00fcrd\u0151k\u00f6nt\u00f6s"},"content":{"rendered":"<p><strong>Max &amp; Molly super soft and comfortable bathrobe for dogs. A practical choice for everyday baths, beach days, or after a rainy walk. Quick and easy to put on and take off. Machine washable at 30\u00b0C!<\/strong><\/p>\n<p><strong>PROPERTIES:<\/strong><\/p>\n<ul>\n<li>Super soft and comfortable bathrobe.<\/li>\n<li>Ideal after bathing, a rainy walk or swimming.<\/li>\n<li data-start=\"73\" data-end=\"105\">Hook-and-loop fastening and waist belt.<\/li>\n<li data-start=\"73\" data-end=\"105\">Quick and easy to put on and take off!<\/li>\n<li data-start=\"73\" data-end=\"105\">Machine washable at 30 degrees!<\/li>\n<\/ul>\n<p><strong>M\u00c9RETEK:<\/strong><\/p>\n<p><strong>S size<\/strong><br \/>\nNeck: 35 \u2013 44 cm, Chest: 46 \u2013 58 cm, Back length: 40 cm<br \/>\n<em>This size is usually recommended for average, standard-sized adult French Bulldogs and Pugs.<\/em><\/p>\n<p><strong style=\"font-size: 16px;\">M size<\/strong><br \/>\n<span style=\"font-size: 16px;\">Neck: 35\u201344 cm, Chest: 46\u201358 cm, Back length: 40 cm<br \/>\n<\/span><span style=\"font-size: 16px;\">This size is generally recommended for stockier, larger adult French Bulldogs and Pugs.<\/span><\/p>\n<p>&nbsp;<\/p>\n<p>&nbsp;<\/p>","protected":false},"excerpt":{"rendered":"<p>Super soft and comfortable bathrobe for dogs. A practical choice for everyday baths, beach days, or after a rainy walk.<\/p>","protected":false},"featured_media":17210,"template":"","meta":{"om_disable_all_campaigns":false,"_monsterinsights_skip_tracking":false,"_monsterinsights_sitenote_active":false,"_monsterinsights_sitenote_note":"","_monsterinsights_sitenote_category":0,"site-sidebar-layout":"default","site-content-layout":"default","ast-site-content-layout":"default","site-content-style":"default","site-sidebar-style":"default","ast-global-header-display":"","ast-banner-title-visibility":"","ast-main-header-display":"","ast-hfb-above-header-display":"","ast-hfb-below-header-display":"","ast-hfb-mobile-header-display":"","site-post-title":"","ast-breadcrumbs-content":"","ast-featured-img":"","footer-sml-layout":"","theme-transparent-header-meta":"default","adv-header-id-meta":"","stick-header-meta":"","header-above-stick-meta":"","header-main-stick-meta":"","header-below-stick-meta":"","astra-migrate-meta-layouts":"set","ast-page-background-enabled":"default","ast-page-background-meta":{"desktop":{"background-color":"","background-image":"","background-repeat":"repeat","background-position":"center center","background-size":"auto","background-attachment":"scroll","background-type":"","background-media":"","overlay-type":"","overlay-color":"","overlay-opacity":"","overlay-gradient":""},"tablet":{"background-color":"","background-image":"","background-repeat":"repeat","background-position":"center center","background-size":"auto","background-attachment":"scroll","background-type":"","background-media":"","overlay-type":"","overlay-color":"","overlay-opacity":"","overlay-gradient":""},"mobile":{"background-color":"","background-image":"","background-repeat":"repeat","background-position":"center center","background-size":"auto","background-attachment":"scroll","background-type":"","background-media":"","overlay-type":"","overlay-color":"","overlay-opacity":"","overlay-gradient":""}},"ast-content-background-meta":{"desktop":{"background-color":"var(--ast-global-color-5)","background-image":"","background-repeat":"repeat","background-position":"center center","background-size":"auto","background-attachment":"scroll","background-type":"","background-media":"","overlay-type":"","overlay-color":"","overlay-opacity":"","overlay-gradient":""},"tablet":{"background-color":"var(--ast-global-color-5)","background-image":"","background-repeat":"repeat","background-position":"center center","background-size":"auto","background-attachment":"scroll","background-type":"","background-media":"","overlay-type":"","overlay-color":"","overlay-opacity":"","overlay-gradient":""},"mobile":{"background-color":"var(--ast-global-color-5)","background-image":"","background-repeat":"repeat","background-position":"center center","background-size":"auto","background-attachment":"scroll","background-type":"","background-media":"","overlay-type":"","overlay-color":"","overlay-opacity":"","overlay-gradient":""}}},"product_brand":[],"product_cat":[1194,682],"product_tag":[1195,1196,1197,1198],"class_list":{"0":"post-17201","1":"product","2":"type-product","3":"status-publish","4":"has-post-thumbnail","6":"product_cat-francia-bulldog-kontos","7":"product_cat-ruhazat","8":"product_tag-furdokontos-kutyaknak","9":"product_tag-furdokontos-kutyanak","10":"product_tag-kontos-kutyaknak","11":"product_tag-kontos-kutyanak","12":"desktop-align-left","13":"tablet-align-left","14":"mobile-align-left","16":"first","17":"instock","18":"shipping-taxable","19":"purchasable","20":"product-type-variable"},"aioseo_notices":[],"_links":{"self":[{"href":"https:\/\/dembedesign.hu\/en\/wp-json\/wp\/v2\/product\/17201","targetHints":{"allow":["GET"]}}],"collection":[{"href":"https:\/\/dembedesign.hu\/en\/wp-json\/wp\/v2\/product"}],"about":[{"href":"https:\/\/dembedesign.hu\/en\/wp-json\/wp\/v2\/types\/product"}],"version-history":[{"count":9,"href":"https:\/\/dembedesign.hu\/en\/wp-json\/wp\/v2\/product\/17201\/revisions"}],"predecessor-version":[{"id":19231,"href":"https:\/\/dembedesign.hu\/en\/wp-json\/wp\/v2\/product\/17201\/revisions\/19231"}],"wp:featuredmedia":[{"embeddable":true,"href":"https:\/\/dembedesign.hu\/en\/wp-json\/wp\/v2\/media\/17210"}],"wp:attachment":[{"href":"https:\/\/dembedesign.hu\/en\/wp-json\/wp\/v2\/media?parent=17201"}],"wp:term":[{"taxonomy":"product_brand","embeddable":true,"href":"https:\/\/dembedesign.hu\/en\/wp-json\/wp\/v2\/product_brand?post=17201"},{"taxonomy":"product_cat","embeddable":true,"href":"https:\/\/dembedesign.hu\/en\/wp-json\/wp\/v2\/product_cat?post=17201"},{"taxonomy":"product_tag","embeddable":true,"href":"https:\/\/dembedesign.hu\/en\/wp-json\/wp\/v2\/product_tag?post=17201"}],"curies":[{"name":"wp","href":"https:\/\/api.w.org\/{rel}","templated":true}]}}