{"id":17595,"date":"2025-10-15T13:00:05","date_gmt":"2025-10-15T11:00:05","guid":{"rendered":"https:\/\/dembedesign.hu\/?post_type=product&#038;p=17595"},"modified":"2026-02-03T13:15:03","modified_gmt":"2026-02-03T12:15:03","slug":"vizallo-kenyelmes-fekhely","status":"publish","type":"product","link":"https:\/\/dembedesign.hu\/en\/product\/vizallo-kenyelmes-fekhely\/","title":{"rendered":"V\u00edz\u00e1ll\u00f3, k\u00e9nyelmes fekhely"},"content":{"rendered":"<p><strong>K\u00e9nyelmes \u00e9s st\u00edlusos fekhely a kuty\u00e1k sz\u00e1m\u00e1ra. A puha fekv\u0151fel\u00fclet \u00e9s a p\u00e1rn\u00e1zott oldalfalak biztons\u00e1gos, kuck\u00f3s \u00e9rzetet ny\u00fajtanak. Letisztult kialak\u00edt\u00e1sa j\u00f3l illik b\u00e1rmilyen otthonba. K\u00f6nnyen tiszt\u00edthat\u00f3 cipz\u00e1ros v\u00edz\u00e1ll\u00f3 huzattal, \u00edgy mindig friss \u00e9s higi\u00e9nikus marad. Mos\u00f3g\u00e9pben 30 fokon moshat\u00f3!\u00a0<\/strong><\/p>\n<p><strong>PROPERTIES:<\/strong><\/p>\n<ul>\n<li>K\u00e9nyelmes \u00e9s st\u00edlusos fekhely.<\/li>\n<li>Puha p\u00e1rn\u00e1zott oldalfalakkal.<\/li>\n<li>Biztons\u00e1gos kuck\u00f3s \u00e9rzetet ny\u00fajt.<\/li>\n<li>Letisztult megjelen\u00e9s\u0171.<\/li>\n<li>V\u00edz\u00e1ll\u00f3 k\u00fcls\u0151 huzattal!<\/li>\n<li>K\u00f6nnyen tiszt\u00edthat\u00f3!<\/li>\n<li>Machine washable at 30 degrees!<\/li>\n<li><strong>Size: <\/strong>80 x 65 cm<\/li>\n<\/ul>\n<p>&nbsp;<\/p>\n<p>&nbsp;<\/p>","protected":false},"excerpt":{"rendered":"<p>K\u00e9nyelmes \u00e9s st\u00edlusos fekhely a kuty\u00e1k sz\u00e1m\u00e1ra. A puha fekv\u0151fel\u00fclet \u00e9s a p\u00e1rn\u00e1zott oldalfalak biztons\u00e1gos, kuck\u00f3s \u00e9rzetet ny\u00fajtanak. Letisztult kialak\u00edt\u00e1sa j\u00f3l illik b\u00e1rmilyen otthonba. K\u00f6nnyen tiszt\u00edthat\u00f3 cipz\u00e1ros v\u00edz\u00e1ll\u00f3 huzattal!<\/p>\n<p><strong>Size:<\/strong> 80 x 65 cm<\/p>","protected":false},"featured_media":17596,"template":"","meta":{"om_disable_all_campaigns":false,"_monsterinsights_skip_tracking":false,"_monsterinsights_sitenote_active":false,"_monsterinsights_sitenote_note":"","_monsterinsights_sitenote_category":0,"site-sidebar-layout":"default","site-content-layout":"default","ast-site-content-layout":"default","site-content-style":"default","site-sidebar-style":"default","ast-global-header-display":"","ast-banner-title-visibility":"","ast-main-header-display":"","ast-hfb-above-header-display":"","ast-hfb-below-header-display":"","ast-hfb-mobile-header-display":"","site-post-title":"","ast-breadcrumbs-content":"","ast-featured-img":"","footer-sml-layout":"","theme-transparent-header-meta":"default","adv-header-id-meta":"","stick-header-meta":"","header-above-stick-meta":"","header-main-stick-meta":"","header-below-stick-meta":"","astra-migrate-meta-layouts":"set","ast-page-background-enabled":"default","ast-page-background-meta":{"desktop":{"background-color":"","background-image":"","background-repeat":"repeat","background-position":"center center","background-size":"auto","background-attachment":"scroll","background-type":"","background-media":"","overlay-type":"","overlay-color":"","overlay-opacity":"","overlay-gradient":""},"tablet":{"background-color":"","background-image":"","background-repeat":"repeat","background-position":"center center","background-size":"auto","background-attachment":"scroll","background-type":"","background-media":"","overlay-type":"","overlay-color":"","overlay-opacity":"","overlay-gradient":""},"mobile":{"background-color":"","background-image":"","background-repeat":"repeat","background-position":"center center","background-size":"auto","background-attachment":"scroll","background-type":"","background-media":"","overlay-type":"","overlay-color":"","overlay-opacity":"","overlay-gradient":""}},"ast-content-background-meta":{"desktop":{"background-color":"var(--ast-global-color-5)","background-image":"","background-repeat":"repeat","background-position":"center center","background-size":"auto","background-attachment":"scroll","background-type":"","background-media":"","overlay-type":"","overlay-color":"","overlay-opacity":"","overlay-gradient":""},"tablet":{"background-color":"var(--ast-global-color-5)","background-image":"","background-repeat":"repeat","background-position":"center center","background-size":"auto","background-attachment":"scroll","background-type":"","background-media":"","overlay-type":"","overlay-color":"","overlay-opacity":"","overlay-gradient":""},"mobile":{"background-color":"var(--ast-global-color-5)","background-image":"","background-repeat":"repeat","background-position":"center center","background-size":"auto","background-attachment":"scroll","background-type":"","background-media":"","overlay-type":"","overlay-color":"","overlay-opacity":"","overlay-gradient":""}}},"product_brand":[],"product_cat":[101],"product_tag":[406,1210,1216,1212,1211,1215,1217,1213,1214],"class_list":{"0":"post-17595","1":"product","2":"type-product","3":"status-publish","4":"has-post-thumbnail","6":"product_cat-fekhely-tal","7":"product_tag-fekhely","8":"product_tag-fekhely-kutyanak","9":"product_tag-fekhely-leveheto-huzattal","10":"product_tag-kutyaagy","11":"product_tag-kutyafekhely","12":"product_tag-kutyafekhely-leveheto-huzattal","13":"product_tag-moshato-fekhely","14":"product_tag-peremes-fekhely","15":"product_tag-puha-fekhely","16":"product_shipping_class-babzsak-fekhely-hazhozszallitas","17":"desktop-align-left","18":"tablet-align-left","19":"mobile-align-left","21":"first","22":"instock","23":"shipping-taxable","24":"purchasable","25":"product-type-simple"},"aioseo_notices":[],"_links":{"self":[{"href":"https:\/\/dembedesign.hu\/en\/wp-json\/wp\/v2\/product\/17595","targetHints":{"allow":["GET"]}}],"collection":[{"href":"https:\/\/dembedesign.hu\/en\/wp-json\/wp\/v2\/product"}],"about":[{"href":"https:\/\/dembedesign.hu\/en\/wp-json\/wp\/v2\/types\/product"}],"version-history":[{"count":1,"href":"https:\/\/dembedesign.hu\/en\/wp-json\/wp\/v2\/product\/17595\/revisions"}],"predecessor-version":[{"id":17597,"href":"https:\/\/dembedesign.hu\/en\/wp-json\/wp\/v2\/product\/17595\/revisions\/17597"}],"wp:featuredmedia":[{"embeddable":true,"href":"https:\/\/dembedesign.hu\/en\/wp-json\/wp\/v2\/media\/17596"}],"wp:attachment":[{"href":"https:\/\/dembedesign.hu\/en\/wp-json\/wp\/v2\/media?parent=17595"}],"wp:term":[{"taxonomy":"product_brand","embeddable":true,"href":"https:\/\/dembedesign.hu\/en\/wp-json\/wp\/v2\/product_brand?post=17595"},{"taxonomy":"product_cat","embeddable":true,"href":"https:\/\/dembedesign.hu\/en\/wp-json\/wp\/v2\/product_cat?post=17595"},{"taxonomy":"product_tag","embeddable":true,"href":"https:\/\/dembedesign.hu\/en\/wp-json\/wp\/v2\/product_tag?post=17595"}],"curies":[{"name":"wp","href":"https:\/\/api.w.org\/{rel}","templated":true}]}}