{"id":17668,"date":"2025-10-24T16:31:31","date_gmt":"2025-10-24T14:31:31","guid":{"rendered":"https:\/\/dembedesign.hu\/?post_type=product&#038;p=17668"},"modified":"2026-03-31T11:49:06","modified_gmt":"2026-03-31T09:49:06","slug":"yowup-laktozmentes-joghurt-kutyaknak-prebiotikummal","status":"publish","type":"product","link":"https:\/\/dembedesign.hu\/en\/product\/yowup-laktozmentes-joghurt-kutyaknak-prebiotikummal\/","title":{"rendered":"Yowup &#8211; Lakt\u00f3zmentes joghurt kuty\u00e1knak (prebiotikummal)"},"content":{"rendered":"<p data-reader-unique-id=\"6\"><strong>A Yowup lakt\u00f3zmentes joghurt kimondottan kuty\u00e1k sz\u00e1m\u00e1ra. Seg\u00edti az em\u00e9szt\u00e9st, hidrat\u00e1lja a szervezetet \u00e9s kiv\u00e1l\u00f3 feh\u00e9rjeforr\u00e1s. Alacsony zs\u00edrtartalm\u00fa! \u00cdzes\u00edtheted vele a kuty\u00e1d \u00e9tel\u00e9t vagy fogyaszthatja desszertk\u00e9nt az \u00e9tkez\u00e9s ut\u00e1n! B\u00e1rmilyen kor\u00fa \u00e9s fajt\u00e1j\u00fa kutya sz\u00e1m\u00e1ra ide\u00e1lis! Nem tartalmaz hozz\u00e1adott cukrot \u00e9s egy\u00e9b adal\u00e9kanyagokat! Lakt\u00f3zmentes. Hozz\u00e1adott prebiotikumot tartalmaz. <\/strong><a href=\"https:\/\/dembedesign.hu\/en\/product-category\/joghurt-fagyi\/\"><img class=\"alignnone\" \/><\/a><\/p>\n<p data-reader-unique-id=\"6\"><strong>PROPERTIES:<\/strong><\/p>\n<ul>\n<li data-reader-unique-id=\"6\">Lakt\u00f3zmentes joghurt kimondottan kuty\u00e1k sz\u00e1m\u00e1ra<\/li>\n<li data-reader-unique-id=\"6\"><span data-reader-unique-id=\"2\">Seg\u00edti az em\u00e9szt\u00e9st.<\/span><\/li>\n<li data-reader-unique-id=\"6\"><span data-reader-unique-id=\"2\">Hidrat\u00e1lja a szervezetet.<\/span><\/li>\n<li data-reader-unique-id=\"6\">K<span data-reader-unique-id=\"2\">iv\u00e1l\u00f3 feh\u00e9rjeforr\u00e1s.<\/span><\/li>\n<li data-reader-unique-id=\"6\">Alacsony zs\u00edrtartalm\u00fa!<\/li>\n<li data-reader-unique-id=\"6\"><span data-reader-unique-id=\"2\">\u00cdzes\u00edtheted vele a kuty\u00e1d \u00e9tel\u00e9t!<\/span><\/li>\n<li data-reader-unique-id=\"6\"><span data-reader-unique-id=\"2\">Fogyaszthatja desszertk\u00e9nt az \u00e9tkez\u00e9s ut\u00e1n!<\/span><\/li>\n<li data-reader-unique-id=\"6\">Hozz\u00e1adott prebiotikumot tartalmaz. <a href=\"https:\/\/dembedesign.hu\/en\/product-category\/joghurt-fagyi\/\"><img class=\"alignnone\" \/><\/a><\/li>\n<li data-reader-unique-id=\"6\"><span data-reader-unique-id=\"2\">B\u00e1rmilyen kor\u00fa \u00e9s fajt\u00e1j\u00fa kutya sz\u00e1m\u00e1ra ide\u00e1lis!<\/span><\/li>\n<li data-reader-unique-id=\"6\"><span data-reader-unique-id=\"2\">Nem tartalmaz hozz\u00e1adott cukrot!<\/span><\/li>\n<\/ul>\n<p><strong><a href=\"https:\/\/dembedesign.hu\/en\/product-category\/jutifalat\/ragcsa-fogtisztito\/\"><img decoding=\"async\" class=\"alignnone wp-image-8739\" src=\"https:\/\/dembedesign.hu\/wp-content\/uploads\/2022\/09\/Kepernyofoto-2022-08-29-19.51.31-300x295.png\" sizes=\"(max-width: 113px) 100vw, 113px\" srcset=\"https:\/\/dembedesign.hu\/wp-content\/uploads\/2022\/09\/Kepernyofoto-2022-08-29-19.51.31-300x295.png 300w, https:\/\/dembedesign.hu\/wp-content\/uploads\/2022\/09\/Kepernyofoto-2022-08-29-19.51.31-1024x1007.png 1024w, https:\/\/dembedesign.hu\/wp-content\/uploads\/2022\/09\/Kepernyofoto-2022-08-29-19.51.31-768x755.png 768w, https:\/\/dembedesign.hu\/wp-content\/uploads\/2022\/09\/Kepernyofoto-2022-08-29-19.51.31-12x12.png 12w, https:\/\/dembedesign.hu\/wp-content\/uploads\/2022\/09\/Kepernyofoto-2022-08-29-19.51.31-600x590.png 600w, https:\/\/dembedesign.hu\/wp-content\/uploads\/2022\/09\/Kepernyofoto-2022-08-29-19.51.31.png 1056w\" alt=\"WOOLF Earth Noohide \u2013 nyulas kollag\u00e9nes r\u00fad\" width=\"121\" height=\"119\" \/><\/a>Nem tartalmaz mesters\u00e9ges adal\u00e9kanyagokat!<\/strong><\/p>\n<p><strong>\u00d6sszet\u00e9v\u0151k:<\/strong> ferment\u00e1lt tejterm\u00e9kek (lakt\u00f3zmentes joghurt) 95,6%, kukoricakem\u00e9ny\u00edt\u0151, 0,6% pektin, 0,5% sz\u00e1raz oligofrukt\u00f3z \u00e9s arom\u00e1k<\/p>\n<p><strong>Analytical components: <\/strong>nyersfeh\u00e9rje 3,2%, nyerszs\u00edr 0,1%, nyersrost 1,0%, nyershamu 0,8%, nedvess\u00e9g 87,6%, lakt\u00f3z &lt;0,1%<\/p>\n<p><strong>ADAGOL\u00c1S:<\/strong><br \/>\n3 kg-ig \u2013 60g\/nap<br \/>\n10 kg-ig \u2013 115 g\/nap<br \/>\n10 kg feletti kutya\u00a0\u00a0\u2013 230 g\/nap<\/p>\n<p><strong>Storage:<\/strong> T\u00e1rold sz\u00e1raz, tiszta, h\u0171v\u00f6s helyen.<br \/>\n<strong style=\"font-size: 16px;\">Felbont\u00e1st k\u00f6vet\u0151en h\u0171t\u0151ben t\u00e1rolva 5 napig fogyaszthat\u00f3!<\/strong><\/p>\n<p>\u00d6sszet\u00e9tel\u00e9n\u00e9l fogva nem elegend\u0151 a napi t\u00e1pl\u00e1l\u00e1sra. Biztos\u00edts mell\u00e9 mindig friss vizet a kiskedvencednek.<\/p>\n<p>&nbsp;<\/p>\n<p>&nbsp;<\/p>","protected":false},"excerpt":{"rendered":"<p data-reader-unique-id=\"4\">A Yowup joghurt kimondottan kuty\u00e1k sz\u00e1m\u00e1ra k\u00e9sz\u00fclt. \u00cdzes\u00edtheted vele az \u00e9tel\u00e9t vagy fogyaszthatja desszertk\u00e9nt az \u00e9tkez\u00e9s ut\u00e1n! Alacsony zs\u00edrtartalm\u00fa! Lakt\u00f3zmentes. Hozz\u00e1adott prebiotikumot tartalmaz. <a href=\"https:\/\/dembedesign.hu\/en\/product-category\/joghurt-fagyi\/\"><img class=\"alignnone\" \/><\/a><\/p>\n<p data-reader-unique-id=\"4\"><strong>How many:<\/strong> 115 g<\/p>","protected":false},"featured_media":17669,"template":"","meta":{"om_disable_all_campaigns":false,"_monsterinsights_skip_tracking":false,"_monsterinsights_sitenote_active":false,"_monsterinsights_sitenote_note":"","_monsterinsights_sitenote_category":0,"site-sidebar-layout":"default","site-content-layout":"default","ast-site-content-layout":"default","site-content-style":"default","site-sidebar-style":"default","ast-global-header-display":"","ast-banner-title-visibility":"","ast-main-header-display":"","ast-hfb-above-header-display":"","ast-hfb-below-header-display":"","ast-hfb-mobile-header-display":"","site-post-title":"","ast-breadcrumbs-content":"","ast-featured-img":"","footer-sml-layout":"","theme-transparent-header-meta":"default","adv-header-id-meta":"","stick-header-meta":"","header-above-stick-meta":"","header-main-stick-meta":"","header-below-stick-meta":"","astra-migrate-meta-layouts":"set","ast-page-background-enabled":"default","ast-page-background-meta":{"desktop":{"background-color":"","background-image":"","background-repeat":"repeat","background-position":"center center","background-size":"auto","background-attachment":"scroll","background-type":"","background-media":"","overlay-type":"","overlay-color":"","overlay-opacity":"","overlay-gradient":""},"tablet":{"background-color":"","background-image":"","background-repeat":"repeat","background-position":"center center","background-size":"auto","background-attachment":"scroll","background-type":"","background-media":"","overlay-type":"","overlay-color":"","overlay-opacity":"","overlay-gradient":""},"mobile":{"background-color":"","background-image":"","background-repeat":"repeat","background-position":"center center","background-size":"auto","background-attachment":"scroll","background-type":"","background-media":"","overlay-type":"","overlay-color":"","overlay-opacity":"","overlay-gradient":""}},"ast-content-background-meta":{"desktop":{"background-color":"var(--ast-global-color-5)","background-image":"","background-repeat":"repeat","background-position":"center center","background-size":"auto","background-attachment":"scroll","background-type":"","background-media":"","overlay-type":"","overlay-color":"","overlay-opacity":"","overlay-gradient":""},"tablet":{"background-color":"var(--ast-global-color-5)","background-image":"","background-repeat":"repeat","background-position":"center center","background-size":"auto","background-attachment":"scroll","background-type":"","background-media":"","overlay-type":"","overlay-color":"","overlay-opacity":"","overlay-gradient":""},"mobile":{"background-color":"var(--ast-global-color-5)","background-image":"","background-repeat":"repeat","background-position":"center center","background-size":"auto","background-attachment":"scroll","background-type":"","background-media":"","overlay-type":"","overlay-color":"","overlay-opacity":"","overlay-gradient":""}}},"product_brand":[],"product_cat":[102,1073],"product_tag":[726,686,689,1118,685],"class_list":{"0":"post-17668","1":"product","2":"type-product","3":"status-publish","4":"has-post-thumbnail","6":"product_cat-francia-bulldog-jutalomfalat","7":"product_cat-leves-kremes-finomsag","8":"product_tag-joghurt-kutyaknak","9":"product_tag-kefir","10":"product_tag-kutya-joghurt","11":"product_tag-kutya-kefir","12":"product_tag-yogupet","13":"desktop-align-left","14":"tablet-align-left","15":"mobile-align-left","17":"first","18":"instock","19":"shipping-taxable","20":"purchasable","21":"product-type-simple"},"aioseo_notices":[],"_links":{"self":[{"href":"https:\/\/dembedesign.hu\/en\/wp-json\/wp\/v2\/product\/17668","targetHints":{"allow":["GET"]}}],"collection":[{"href":"https:\/\/dembedesign.hu\/en\/wp-json\/wp\/v2\/product"}],"about":[{"href":"https:\/\/dembedesign.hu\/en\/wp-json\/wp\/v2\/types\/product"}],"version-history":[{"count":1,"href":"https:\/\/dembedesign.hu\/en\/wp-json\/wp\/v2\/product\/17668\/revisions"}],"predecessor-version":[{"id":17670,"href":"https:\/\/dembedesign.hu\/en\/wp-json\/wp\/v2\/product\/17668\/revisions\/17670"}],"wp:featuredmedia":[{"embeddable":true,"href":"https:\/\/dembedesign.hu\/en\/wp-json\/wp\/v2\/media\/17669"}],"wp:attachment":[{"href":"https:\/\/dembedesign.hu\/en\/wp-json\/wp\/v2\/media?parent=17668"}],"wp:term":[{"taxonomy":"product_brand","embeddable":true,"href":"https:\/\/dembedesign.hu\/en\/wp-json\/wp\/v2\/product_brand?post=17668"},{"taxonomy":"product_cat","embeddable":true,"href":"https:\/\/dembedesign.hu\/en\/wp-json\/wp\/v2\/product_cat?post=17668"},{"taxonomy":"product_tag","embeddable":true,"href":"https:\/\/dembedesign.hu\/en\/wp-json\/wp\/v2\/product_tag?post=17668"}],"curies":[{"name":"wp","href":"https:\/\/api.w.org\/{rel}","templated":true}]}}