{"id":17760,"date":"2025-11-11T16:55:29","date_gmt":"2025-11-11T15:55:29","guid":{"rendered":"https:\/\/dembedesign.hu\/?post_type=product&#038;p=17760"},"modified":"2026-01-13T14:15:58","modified_gmt":"2026-01-13T13:15:58","slug":"teomann-szarvas-parolt-husrolad-95-hustartalom","status":"publish","type":"product","link":"https:\/\/dembedesign.hu\/en\/product\/teomann-szarvas-parolt-husrolad-95-hustartalom\/","title":{"rendered":"TEOMANN &#8211; Szarvas p\u00e1rolt h\u00fasrol\u00e1d (95% h\u00fastartalom)"},"content":{"rendered":"<p data-start=\"169\" data-end=\"721\"><strong>Magas h\u00fastartalm\u00fa, gabonamentes h\u00fasrol\u00e1d a Teomann m\u00e1rk\u00e1t\u00f3l. Min\u0151s\u00e9gi alapanyagokb\u00f3l k\u00e9sz\u00fclt tart\u00f3s\u00edt\u00f3szer \u00e9s sz\u00ednez\u00e9k felhaszn\u00e1l\u00e1sa n\u00e9lk\u00fcl. Monoproteines, vagyis egyf\u00e9le feh\u00e9rj\u00e9b\u0151l k\u00e9sz\u00fclt, ez\u00e9rt \u00e9rz\u00e9keny gyomr\u00fa kuty\u00e1knak is ide\u00e1lis v\u00e1laszt\u00e1s. K\u00edm\u00e9letesen p\u00e1rolt elj\u00e1r\u00e1ssal k\u00e9sz\u00fcl, hogy meg\u0151rizze a h\u00fas eredeti \u00edz\u00e9t \u00e9s t\u00e1p\u00e9rt\u00e9k\u00e9t. K\u00f6nnyen szeletelhet\u0151, \u00edgy haszn\u00e1lhat\u00f3 jutalomk\u00e9nt vagy teljes \u00e9tkez\u00e9shez is. Nem tartalmaz mesters\u00e9ges adal\u00e9kanyagokat!<\/strong><\/p>\n<p data-start=\"169\" data-end=\"721\"><strong>PROPERTIES:<\/strong><\/p>\n<ul>\n<li data-start=\"169\" data-end=\"721\">Magas h\u00fastartalm\u00fa, gabonamentes h\u00fasrol\u00e1d.<\/li>\n<li data-start=\"169\" data-end=\"721\">Monoproteines, vagyis egyf\u00e9le feh\u00e9rj\u00e9b\u0151l k\u00e9sz\u00fclt.<\/li>\n<li data-start=\"169\" data-end=\"721\">K\u00edm\u00e9letesen p\u00e1rolt elj\u00e1r\u00e1ssal k\u00e9sz\u00fcl, hogy meg\u0151rizze a h\u00fas eredeti \u00edz\u00e9t.<\/li>\n<li data-start=\"169\" data-end=\"721\">K\u00f6nnyen szeletelhet\u0151!<\/li>\n<li data-start=\"169\" data-end=\"721\">Kiv\u00e1l\u00f3 jutalomk\u00e9nt vagy teljes \u00e9tkez\u00e9shez!<\/li>\n<li data-start=\"169\" data-end=\"721\">Nem tartalmaz mesters\u00e9ges adal\u00e9kanyagokat!<\/li>\n<li data-start=\"169\" data-end=\"721\">\n<p data-start=\"169\" data-end=\"721\"><strong>How many:<\/strong><span style=\"font-size: 16px;\"> 400 g<\/span><\/p>\n<\/li>\n<\/ul>\n<p><strong><img decoding=\"async\" class=\"alignnone wp-image-8739\" src=\"https:\/\/dembedesign.hu\/wp-content\/uploads\/2022\/09\/Kepernyofoto-2022-08-29-19.51.31-300x295.png\" sizes=\"(max-width: 123px) 100vw, 123px\" srcset=\"https:\/\/dembedesign.hu\/wp-content\/uploads\/2022\/09\/Kepernyofoto-2022-08-29-19.51.31-300x295.png 300w, https:\/\/dembedesign.hu\/wp-content\/uploads\/2022\/09\/Kepernyofoto-2022-08-29-19.51.31-1024x1007.png 1024w, https:\/\/dembedesign.hu\/wp-content\/uploads\/2022\/09\/Kepernyofoto-2022-08-29-19.51.31-768x755.png 768w, https:\/\/dembedesign.hu\/wp-content\/uploads\/2022\/09\/Kepernyofoto-2022-08-29-19.51.31-12x12.png 12w, https:\/\/dembedesign.hu\/wp-content\/uploads\/2022\/09\/Kepernyofoto-2022-08-29-19.51.31-600x590.png 600w, https:\/\/dembedesign.hu\/wp-content\/uploads\/2022\/09\/Kepernyofoto-2022-08-29-19.51.31.png 1056w\" alt=\"\" width=\"123\" height=\"121\" \/><b>Ingredients: <\/b><\/strong>95% szarvash\u00fas bels\u0151s\u00e9ggel, 4% rizs, 1% vitamin\/\u00e1sv\u00e1nyi anyag<\/p>\n<p><b><\/b><strong>Analytical components: <\/strong>nedvess\u00e9g 60,5%, nyerszs\u00edr 12%, nyersfeh\u00e9rje 13,9%, nyershamu 3,9%, nyersrost 1,4%<\/p>\n<p><strong>Adal\u00e9kok kg-onk\u00e9nt: <\/strong><span style=\"font-size: 16px;\">5000 NE A-vitamin (retinil-acet\u00e1t), 500 NE D3-vitamin <\/span><span style=\"font-size: 16px;\">(kolekalciferol), 50 mg cink (cink-szulf\u00e1t-monohidr\u00e1t), 25 mg vas (vas-szulf\u00e1t-<\/span><span style=\"font-size: 16px;\">monohidr\u00e1t), 5 mg mang\u00e1n (mang\u00e1n-oxid), 7 mg pentahidr\u00e1t-i-r\u00e9z-oxid um <\/span><span style=\"font-size: 16px;\">jod\u00e1t), 0,075 mg szel\u00e9n (n\u00e1trium-szelenit)<\/span><\/p>\n<p><strong>ADAGOL\u00c1S:<\/strong><\/p>\n<p><strong>Feln\u0151tt kutya:<\/strong> testt\u00f6meg \u00a02%-a<br \/>\n<strong>P\u00e9ld\u00e1ul:<\/strong> 10 kg kutya est\u00e9n 200 gramm\/nap<\/p>\n<p><strong>K\u00f6ly\u00f6k kutya:<\/strong> testt\u00f6meg 4%-a<br \/>\n<strong>P\u00e9ld\u00e1ul:<\/strong> 5 kg kutya eset\u00e9n 200 gramm\/ nap<\/p>\n<p>Attention! Every pet's needs are different, which depends on its age, energy level, activity, breed..., so the above amounts are only guidelines!<\/p>\n<p><strong>T\u00c1ROL\u00c1S:<\/strong> F\u00e9nyt\u0151l v\u00e9dve, sz\u00e1raz helyen 18 h\u00f3napig.<\/p>\n<p><strong>Felbont\u00e1s ut\u00e1n h\u0171t\u0151ben tartand\u00f3 \u00e9s \u00a03 nap alatt elfogyasztand\u00f3!<\/strong><\/p>\n<p>&nbsp;<\/p>\n<p>&nbsp;<\/p>","protected":false},"excerpt":{"rendered":"<p>Magas h\u00fastartalm\u00fa, gabonamentes h\u00fasrol\u00e1d a Teomann m\u00e1rk\u00e1t\u00f3l. Monoproteines, vagyis egyf\u00e9le feh\u00e9rj\u00e9b\u0151l k\u00e9sz\u00fclt. K\u00f6nnyen szeletelhet\u0151! Kiv\u00e1l\u00f3 jutalomk\u00e9nt vagy teljes \u00e9tkez\u00e9shez is!<\/p>\n<p><strong>How many:<\/strong> 400 g<\/p>","protected":false},"featured_media":17762,"template":"","meta":{"om_disable_all_campaigns":false,"_monsterinsights_skip_tracking":false,"_monsterinsights_sitenote_active":false,"_monsterinsights_sitenote_note":"","_monsterinsights_sitenote_category":0,"site-sidebar-layout":"default","site-content-layout":"","ast-site-content-layout":"default","site-content-style":"default","site-sidebar-style":"default","ast-global-header-display":"","ast-banner-title-visibility":"","ast-main-header-display":"","ast-hfb-above-header-display":"","ast-hfb-below-header-display":"","ast-hfb-mobile-header-display":"","site-post-title":"","ast-breadcrumbs-content":"","ast-featured-img":"","footer-sml-layout":"","theme-transparent-header-meta":"default","adv-header-id-meta":"","stick-header-meta":"","header-above-stick-meta":"","header-main-stick-meta":"","header-below-stick-meta":"","astra-migrate-meta-layouts":"set","ast-page-background-enabled":"default","ast-page-background-meta":{"desktop":{"background-color":"","background-image":"","background-repeat":"repeat","background-position":"center center","background-size":"auto","background-attachment":"scroll","background-type":"","background-media":"","overlay-type":"","overlay-color":"","overlay-opacity":"","overlay-gradient":""},"tablet":{"background-color":"","background-image":"","background-repeat":"repeat","background-position":"center center","background-size":"auto","background-attachment":"scroll","background-type":"","background-media":"","overlay-type":"","overlay-color":"","overlay-opacity":"","overlay-gradient":""},"mobile":{"background-color":"","background-image":"","background-repeat":"repeat","background-position":"center center","background-size":"auto","background-attachment":"scroll","background-type":"","background-media":"","overlay-type":"","overlay-color":"","overlay-opacity":"","overlay-gradient":""}},"ast-content-background-meta":{"desktop":{"background-color":"var(--ast-global-color-5)","background-image":"","background-repeat":"repeat","background-position":"center center","background-size":"auto","background-attachment":"scroll","background-type":"","background-media":"","overlay-type":"","overlay-color":"","overlay-opacity":"","overlay-gradient":""},"tablet":{"background-color":"var(--ast-global-color-5)","background-image":"","background-repeat":"repeat","background-position":"center center","background-size":"auto","background-attachment":"scroll","background-type":"","background-media":"","overlay-type":"","overlay-color":"","overlay-opacity":"","overlay-gradient":""},"mobile":{"background-color":"var(--ast-global-color-5)","background-image":"","background-repeat":"repeat","background-position":"center center","background-size":"auto","background-attachment":"scroll","background-type":"","background-media":"","overlay-type":"","overlay-color":"","overlay-opacity":"","overlay-gradient":""}}},"product_brand":[],"product_cat":[1074],"product_tag":[450,213,1235,1057,1236],"class_list":{"0":"post-17760","1":"product","2":"type-product","3":"status-publish","4":"has-post-thumbnail","6":"product_cat-husrolad","7":"product_tag-husrolad","8":"product_tag-jutalomfalat","9":"product_tag-marha-husrolad","10":"product_tag-teomann","11":"product_tag-teomann-husrolad","12":"desktop-align-left","13":"tablet-align-left","14":"mobile-align-left","16":"first","17":"instock","18":"shipping-taxable","19":"purchasable","20":"product-type-simple"},"aioseo_notices":[],"_links":{"self":[{"href":"https:\/\/dembedesign.hu\/en\/wp-json\/wp\/v2\/product\/17760","targetHints":{"allow":["GET"]}}],"collection":[{"href":"https:\/\/dembedesign.hu\/en\/wp-json\/wp\/v2\/product"}],"about":[{"href":"https:\/\/dembedesign.hu\/en\/wp-json\/wp\/v2\/types\/product"}],"version-history":[{"count":1,"href":"https:\/\/dembedesign.hu\/en\/wp-json\/wp\/v2\/product\/17760\/revisions"}],"predecessor-version":[{"id":17763,"href":"https:\/\/dembedesign.hu\/en\/wp-json\/wp\/v2\/product\/17760\/revisions\/17763"}],"wp:featuredmedia":[{"embeddable":true,"href":"https:\/\/dembedesign.hu\/en\/wp-json\/wp\/v2\/media\/17762"}],"wp:attachment":[{"href":"https:\/\/dembedesign.hu\/en\/wp-json\/wp\/v2\/media?parent=17760"}],"wp:term":[{"taxonomy":"product_brand","embeddable":true,"href":"https:\/\/dembedesign.hu\/en\/wp-json\/wp\/v2\/product_brand?post=17760"},{"taxonomy":"product_cat","embeddable":true,"href":"https:\/\/dembedesign.hu\/en\/wp-json\/wp\/v2\/product_cat?post=17760"},{"taxonomy":"product_tag","embeddable":true,"href":"https:\/\/dembedesign.hu\/en\/wp-json\/wp\/v2\/product_tag?post=17760"}],"curies":[{"name":"wp","href":"https:\/\/api.w.org\/{rel}","templated":true}]}}