{"id":18187,"date":"2026-01-21T13:14:33","date_gmt":"2026-01-21T12:14:33","guid":{"rendered":"https:\/\/dembedesign.hu\/?post_type=product&#038;p=18187"},"modified":"2026-04-10T14:34:06","modified_gmt":"2026-04-10T12:34:06","slug":"treatsy-anti-stress-stresszoldo-falat","status":"publish","type":"product","link":"https:\/\/dembedesign.hu\/en\/product\/treatsy-anti-stress-stresszoldo-falat\/","title":{"rendered":"TREATSY ANTI STRESS &#8211; Stresszold\u00f3 falat"},"content":{"rendered":"<p data-start=\"115\" data-end=\"444\"><strong>A Treatsy Anti Stress cs\u00f6kkenti a stresszt \u00e9s t\u00e1mogatja a pihentet\u0151 alv\u00e1st. F\u0151 hat\u00f3anyaga az L-triptof\u00e1n. Ez egy term\u00e9szetes aminosav, amely seg\u00edti a szerotonin \u00e9s a melatonin termel\u00e9st. Ez\u00e1ltal cs\u00f6kkenteni a fesz\u00fclts\u00e9get, jav\u00edtja a hangulatot \u00e9s az alv\u00e1s min\u0151s\u00e9g\u00e9t. Kiv\u00e1l\u00f3 v\u00e1laszt\u00e1s utaz\u00e1shoz, \u00e1llatorvosi l\u00e1togat\u00e1shoz, szepar\u00e1ci\u00f3s szorong\u00e1shoz, k\u00f6lt\u00f6z\u00e9shez illetve minden olyan helyzethez, amikor a kuty\u00e1d nyugtalanabb. \u00c9rdemes a stresszes helyzet el\u0151tt 30\u201360 perccel beadni.<\/strong> <strong>A jutalomfalat form\u00e1j\u00e1nak k\u00f6sz\u00f6nhet\u0151en k\u00f6nnyen beadhat\u00f3. Hipoallerg\u00e9n.<\/strong><\/p>\n<p><b>PROPERTIES:<\/b><\/p>\n<ul>\n<li>Cs\u00f6kkenti a stresszt \u00e9s t\u00e1mogatja a pihentet\u0151 alv\u00e1st.<\/li>\n<li>F\u0151 hat\u00f3anyaga az L-triptof\u00e1n.<\/li>\n<li>Seg\u00edti a szerotonin \u00e9s a melatonin termel\u00e9st.<\/li>\n<li>Kiv\u00e1l\u00f3 v\u00e1laszt\u00e1s utaz\u00e1shoz, \u00e1llatorvosi l\u00e1togat\u00e1shoz, szepar\u00e1ci\u00f3s szorong\u00e1shoz.<\/li>\n<li>A stresszes helyzet el\u0151tt 30\u201360 perccel javasolt beadni.<\/li>\n<li>Jutalomfalat form\u00e1j\u00fa \u00edgy k\u00f6nnyen beadhat\u00f3.<\/li>\n<li>Hipoallerg\u00e9n (hidroliz\u00e1lt sert\u00e9s feh\u00e9rjeforr\u00e1ssal).<\/li>\n<li><strong>How many:<\/strong> 30 db r\u00e1g\u00f3falat (90 g)<\/li>\n<\/ul>\n<p><strong><img decoding=\"async\" class=\"wp-image-8739 alignleft\" src=\"https:\/\/dembedesign.hu\/wp-content\/uploads\/2022\/09\/Kepernyofoto-2022-08-29-19.51.31-300x295.png\" sizes=\"(max-width: 113px) 100vw, 113px\" srcset=\"https:\/\/dembedesign.hu\/wp-content\/uploads\/2022\/09\/Kepernyofoto-2022-08-29-19.51.31-300x295.png 300w, https:\/\/dembedesign.hu\/wp-content\/uploads\/2022\/09\/Kepernyofoto-2022-08-29-19.51.31-1024x1007.png 1024w, https:\/\/dembedesign.hu\/wp-content\/uploads\/2022\/09\/Kepernyofoto-2022-08-29-19.51.31-768x755.png 768w, https:\/\/dembedesign.hu\/wp-content\/uploads\/2022\/09\/Kepernyofoto-2022-08-29-19.51.31-12x12.png 12w, https:\/\/dembedesign.hu\/wp-content\/uploads\/2022\/09\/Kepernyofoto-2022-08-29-19.51.31-600x590.png 600w, https:\/\/dembedesign.hu\/wp-content\/uploads\/2022\/09\/Kepernyofoto-2022-08-29-19.51.31.png 1056w\" alt=\"WOOLF Earth Noohide \u2013 nyulas kollag\u00e9nes r\u00fad\" width=\"139\" height=\"137\" \/><\/strong><\/p>\n<p>&nbsp;<\/p>\n<p><strong>Ingredients: <\/strong>hidroliz\u00e1lt sert\u00e9s 17%, el\u0151zselatiniz\u00e1lt rizs, rizsliszt 9,4%, glicerin, n\u00f6v\u00e9nyi olaj 4,6%, L-triptof\u00e1n 75 mg<\/p>\n<p><strong data-start=\"1424\" data-end=\"1442\">Adal\u00e9kanyagok:<\/strong> maltodextrin, arabm\u00e9zga, cellul\u00f3z, n\u00f6v\u00e9nyi lecitin 1,4%, citromsav<\/p>\n<div><\/div>\n<p><strong>Analytical components: <\/strong>nyersfeh\u00e9rje 16,48%, nyerszs\u00edr 15,38%, nyershamu 2,55%, nyersrost 1,17%<\/p>\n<p><strong>Dosage recommendation: <\/strong><\/p>\n<p><strong>10 kg alatt:<\/strong> 1 r\u00e1g\u00f3falat\/nap<br \/>\n<strong>10 &#8211; 20 kg:<\/strong> 2 r\u00e1g\u00f3falat\/nap<br \/>\n<strong>20 &#8211; 30 kg:<\/strong> 3 r\u00e1g\u00f3falat\/nap<br \/>\n<strong>30 kg felett:<\/strong> 4 r\u00e1g\u00f3falat\/nap<\/p>\n<p><strong>Stresszes helyzet el\u0151tt 30\u201360 perccel javasolt beadni!<\/strong><strong style=\"font-size: 16px;\"><br \/>\n<\/strong><\/p>\n<p>&nbsp;<\/p>\n<p><strong style=\"font-size: 16px;\">Storage:<\/strong><span style=\"font-size: 16px;\"> sz\u00e1raz helyen, napf\u00e9nyt\u0151l v\u00e9dve.<\/span><\/p>\n<p>Figyelem! A term\u00e9k takarm\u00e1ny-kieg\u00e9sz\u00edt\u0151 \u00e9s nem helyettes\u00edti az esetlegesen sz\u00fcks\u00e9ges \u00e1llatorvosi kezel\u00e9st!<\/p>\n<p>&nbsp;<\/p>\n<p>&nbsp;<\/p>","protected":false},"excerpt":{"rendered":"<p>Cs\u00f6kkenti a stresszt \u00e9s t\u00e1mogatja a pihentet\u0151 alv\u00e1st. Az L-triptof\u00e1n egy term\u00e9szetes aminosav, amely seg\u00edti a szerotonin \u00e9s a melatonin termel\u00e9st. Ez\u00e1ltal cs\u00f6kkenteni a fesz\u00fclts\u00e9get, jav\u00edtja a hangulatot \u00e9s az alv\u00e1s min\u0151s\u00e9g\u00e9t. Kiv\u00e1l\u00f3 v\u00e1laszt\u00e1s utaz\u00e1shoz, \u00e1llatorvosi l\u00e1togat\u00e1shoz, szepar\u00e1ci\u00f3s szorong\u00e1shoz vagy k\u00f6lt\u00f6z\u00e9shez. Hipoallerg\u00e9n.<\/p>\n<p><strong>How many:<\/strong> 30 db r\u00e1g\u00f3falat (90 g)<\/p>","protected":false},"featured_media":18189,"template":"","meta":{"om_disable_all_campaigns":false,"_monsterinsights_skip_tracking":false,"_monsterinsights_sitenote_active":false,"_monsterinsights_sitenote_note":"","_monsterinsights_sitenote_category":0,"site-sidebar-layout":"default","site-content-layout":"","ast-site-content-layout":"default","site-content-style":"default","site-sidebar-style":"default","ast-global-header-display":"","ast-banner-title-visibility":"","ast-main-header-display":"","ast-hfb-above-header-display":"","ast-hfb-below-header-display":"","ast-hfb-mobile-header-display":"","site-post-title":"","ast-breadcrumbs-content":"","ast-featured-img":"","footer-sml-layout":"","theme-transparent-header-meta":"default","adv-header-id-meta":"","stick-header-meta":"","header-above-stick-meta":"","header-main-stick-meta":"","header-below-stick-meta":"","astra-migrate-meta-layouts":"set","ast-page-background-enabled":"default","ast-page-background-meta":{"desktop":{"background-color":"","background-image":"","background-repeat":"repeat","background-position":"center center","background-size":"auto","background-attachment":"scroll","background-type":"","background-media":"","overlay-type":"","overlay-color":"","overlay-opacity":"","overlay-gradient":""},"tablet":{"background-color":"","background-image":"","background-repeat":"repeat","background-position":"center center","background-size":"auto","background-attachment":"scroll","background-type":"","background-media":"","overlay-type":"","overlay-color":"","overlay-opacity":"","overlay-gradient":""},"mobile":{"background-color":"","background-image":"","background-repeat":"repeat","background-position":"center center","background-size":"auto","background-attachment":"scroll","background-type":"","background-media":"","overlay-type":"","overlay-color":"","overlay-opacity":"","overlay-gradient":""}},"ast-content-background-meta":{"desktop":{"background-color":"var(--ast-global-color-5)","background-image":"","background-repeat":"repeat","background-position":"center center","background-size":"auto","background-attachment":"scroll","background-type":"","background-media":"","overlay-type":"","overlay-color":"","overlay-opacity":"","overlay-gradient":""},"tablet":{"background-color":"var(--ast-global-color-5)","background-image":"","background-repeat":"repeat","background-position":"center center","background-size":"auto","background-attachment":"scroll","background-type":"","background-media":"","overlay-type":"","overlay-color":"","overlay-opacity":"","overlay-gradient":""},"mobile":{"background-color":"var(--ast-global-color-5)","background-image":"","background-repeat":"repeat","background-position":"center center","background-size":"auto","background-attachment":"scroll","background-type":"","background-media":"","overlay-type":"","overlay-color":"","overlay-opacity":"","overlay-gradient":""}}},"product_brand":[],"product_cat":[258],"product_tag":[],"class_list":{"0":"post-18187","1":"product","2":"type-product","3":"status-publish","4":"has-post-thumbnail","6":"product_cat-francia-bulldog-taplalekkiegeszito-vitamin","7":"desktop-align-left","8":"tablet-align-left","9":"mobile-align-left","11":"first","12":"instock","13":"shipping-taxable","14":"purchasable","15":"product-type-simple"},"aioseo_notices":[],"_links":{"self":[{"href":"https:\/\/dembedesign.hu\/en\/wp-json\/wp\/v2\/product\/18187","targetHints":{"allow":["GET"]}}],"collection":[{"href":"https:\/\/dembedesign.hu\/en\/wp-json\/wp\/v2\/product"}],"about":[{"href":"https:\/\/dembedesign.hu\/en\/wp-json\/wp\/v2\/types\/product"}],"version-history":[{"count":7,"href":"https:\/\/dembedesign.hu\/en\/wp-json\/wp\/v2\/product\/18187\/revisions"}],"predecessor-version":[{"id":18214,"href":"https:\/\/dembedesign.hu\/en\/wp-json\/wp\/v2\/product\/18187\/revisions\/18214"}],"wp:featuredmedia":[{"embeddable":true,"href":"https:\/\/dembedesign.hu\/en\/wp-json\/wp\/v2\/media\/18189"}],"wp:attachment":[{"href":"https:\/\/dembedesign.hu\/en\/wp-json\/wp\/v2\/media?parent=18187"}],"wp:term":[{"taxonomy":"product_brand","embeddable":true,"href":"https:\/\/dembedesign.hu\/en\/wp-json\/wp\/v2\/product_brand?post=18187"},{"taxonomy":"product_cat","embeddable":true,"href":"https:\/\/dembedesign.hu\/en\/wp-json\/wp\/v2\/product_cat?post=18187"},{"taxonomy":"product_tag","embeddable":true,"href":"https:\/\/dembedesign.hu\/en\/wp-json\/wp\/v2\/product_tag?post=18187"}],"curies":[{"name":"wp","href":"https:\/\/api.w.org\/{rel}","templated":true}]}}