{"id":18194,"date":"2026-01-21T13:41:40","date_gmt":"2026-01-21T12:41:40","guid":{"rendered":"https:\/\/dembedesign.hu\/?post_type=product&#038;p=18194"},"modified":"2026-04-10T14:33:44","modified_gmt":"2026-04-10T12:33:44","slug":"treatsy-itch-derm-viszketes-elleni-bortamogato-falat","status":"publish","type":"product","link":"https:\/\/dembedesign.hu\/en\/product\/treatsy-itch-derm-viszketes-elleni-bortamogato-falat\/","title":{"rendered":"TREATSY ITCH &#038; DERM &#8211; Viszket\u00e9s elleni, b\u0151rt\u00e1mogat\u00f3 falat"},"content":{"rendered":"<p data-start=\"115\" data-end=\"444\"><strong>A Treatsy Itch &amp; Derm egy komplex vitamin, amely t\u00e1mogatja a b\u0151rt \u00e9s sz\u0151rt illetve cs\u00f6kkenti a viszket\u00e9st. Gazdag omega 3 zs\u00edrsavakban, biotinban, E-vitaminban, cinkben \u00e9s aminosavakban. <\/strong><strong>A benne l\u00e9v\u0151 omega 3 \u00e9s biotin j\u00f3t\u00e9kony hat\u00e1ssal van a sz\u00e1raz \u00e9s viszket\u0151 b\u0151rre. Az E-vitamin er\u0151s\u00edti az omega 3 hat\u00e1s\u00e1t \u00e9s t\u00e1mogatja a b\u0151r regener\u00e1l\u00f3d\u00e1s\u00e1t. A cink<span style=\"font-size: 16px;\"> hozz\u00e1j\u00e1rul a b\u0151r v\u00e9d\u0151r\u00e9teg\u00e9hez \u00e9s a sebgy\u00f3gyul\u00e1shoz. A hi\u00e1nya okozhat vakar\u00f3z\u00e1st \u00e9s sz\u0151rmin\u0151s\u00e9g roml\u00e1st. Tal\u00e1lhat\u00f3 m\u00e9g benne r\u00e9z-szulf\u00e1t, amely a sz\u0151r pigmentj\u00e9nek a fenntart\u00e1s\u00e1hoz sz\u00fcks\u00e9ges. Illetve kvercetin, amelyet sokszor allergi\u00e1s jelleg\u0171 viszket\u00e9s eset\u00e9n adnak. A jutalomfalat form\u00e1j\u00e1nak k\u00f6sz\u00f6nhet\u0151en k\u00f6nnyen beadhat\u00f3. Hipoallerg\u00e9n.<\/span><\/strong><\/p>\n<div><\/div>\n<p><b>PROPERTIES:<\/b><\/p>\n<ul>\n<li>Treatsy Itch &amp; Derm egy komplex viszket\u00e9s elleni, b\u0151rt\u00e1mogat\u00f3 vitamin.<\/li>\n<li>Gazdag omega 3 zs\u00edrsavakban, biotinban, E-vitaminban, cinkben \u00e9s aminosavakban.<\/li>\n<li>J\u00f3t\u00e9kony hat\u00e1ssal van a sz\u00e1raz \u00e9s viszket\u0151 b\u0151rre.<\/li>\n<li>T\u00e1mogatja a b\u0151r regener\u00e1l\u00f3d\u00e1s\u00e1t.<\/li>\n<li><span style=\"font-size: 16px;\">Hozz\u00e1j\u00e1rul a b\u0151r v\u00e9d\u0151r\u00e9teg\u00e9hez \u00e9s a sebgy\u00f3gyul\u00e1shoz.<\/span><\/li>\n<li><span style=\"font-size: 16px;\">Seg\u00edti a sz\u0151r pigmentj\u00e9nek a fenntart\u00e1s\u00e1t.<\/span><\/li>\n<li>Jutalomfalat form\u00e1j\u00fa \u00edgy k\u00f6nnyen beadhat\u00f3.<\/li>\n<li>Hipoallerg\u00e9n (hidroliz\u00e1lt sert\u00e9s feh\u00e9rjeforr\u00e1ssal).<\/li>\n<li><strong>How many:<\/strong> 30 db r\u00e1g\u00f3falat (90 g)<\/li>\n<\/ul>\n<p><strong><img decoding=\"async\" class=\"wp-image-8739 alignleft\" src=\"https:\/\/dembedesign.hu\/wp-content\/uploads\/2022\/09\/Kepernyofoto-2022-08-29-19.51.31-300x295.png\" sizes=\"(max-width: 113px) 100vw, 113px\" srcset=\"https:\/\/dembedesign.hu\/wp-content\/uploads\/2022\/09\/Kepernyofoto-2022-08-29-19.51.31-300x295.png 300w, https:\/\/dembedesign.hu\/wp-content\/uploads\/2022\/09\/Kepernyofoto-2022-08-29-19.51.31-1024x1007.png 1024w, https:\/\/dembedesign.hu\/wp-content\/uploads\/2022\/09\/Kepernyofoto-2022-08-29-19.51.31-768x755.png 768w, https:\/\/dembedesign.hu\/wp-content\/uploads\/2022\/09\/Kepernyofoto-2022-08-29-19.51.31-12x12.png 12w, https:\/\/dembedesign.hu\/wp-content\/uploads\/2022\/09\/Kepernyofoto-2022-08-29-19.51.31-600x590.png 600w, https:\/\/dembedesign.hu\/wp-content\/uploads\/2022\/09\/Kepernyofoto-2022-08-29-19.51.31.png 1056w\" alt=\"WOOLF Earth Noohide \u2013 nyulas kollag\u00e9nes r\u00fad\" width=\"139\" height=\"137\" \/><\/strong><\/p>\n<p>&nbsp;<\/p>\n<p><strong>Ingredients: <\/strong>zselatiniz\u00e1lt rizs, glicerin, hidroliz\u00e1lt sert\u00e9s (12%), rizsliszt (9,4%), omega-3-ban gazdag halolaj (9,03%), n\u00f6v\u00e9nyi olaj (2%), biotin (0,8%), E-vitamin (0,6%), cink-szulf\u00e1t (0,6%), r\u00e9z-szulf\u00e1t (0,126%), szelenit, kvercetin<\/p>\n<p><strong data-start=\"1424\" data-end=\"1442\">Adal\u00e9kanyagok:<\/strong> maltodextrin, arabm\u00e9zga, cellul\u00f3z, n\u00f6v\u00e9nyi lecitin 1,4%, citromsav.<\/p>\n<div><\/div>\n<p><strong>Analytical components:<\/strong> nyersfeh\u00e9rje 11,76%, nyerszs\u00edr 17,73%, nyershamu 1,55%, nyersrost 0,44%<\/p>\n<p><strong>Dosage recommendation: <\/strong><\/p>\n<p><strong>10 kg alatt:<\/strong> 1 r\u00e1g\u00f3falat\/nap<br \/>\n<strong>10 &#8211; 20 kg:<\/strong> 2 r\u00e1g\u00f3falat\/nap<br \/>\n<strong>20 &#8211; 30 kg:<\/strong> 3 r\u00e1g\u00f3falat\/nap<br \/>\n<strong>30 kg felett:<\/strong> 4 r\u00e1g\u00f3falat\/nap<\/p>\n<p>&nbsp;<\/p>\n<p><strong style=\"font-size: 16px;\">Storage:<\/strong><span style=\"font-size: 16px;\"> sz\u00e1raz helyen, napf\u00e9nyt\u0151l v\u00e9dve.<\/span><\/p>\n<p>Figyelem! A term\u00e9k takarm\u00e1ny-kieg\u00e9sz\u00edt\u0151 \u00e9s nem helyettes\u00edti az esetlegesen sz\u00fcks\u00e9ges \u00e1llatorvosi kezel\u00e9st!<\/p>\n<p>&nbsp;<\/p>\n<p>&nbsp;<\/p>","protected":false},"excerpt":{"rendered":"<p>Komplex viszket\u00e9s elleni, b\u0151rt\u00e1mogat\u00f3 vitamin. Gazdag omega 3 zs\u00edrsavakban, biotinban, E-vitaminban, cinkben \u00e9s aminosavakban. J\u00f3t\u00e9kony hat\u00e1ssal van a sz\u00e1raz \u00e9s viszket\u0151 b\u0151rre. T\u00e1mogatja a b\u0151r regener\u00e1l\u00f3d\u00e1s\u00e1t. <span style=\"font-size: 16px;\">Hozz\u00e1j\u00e1rul a b\u0151r v\u00e9d\u0151r\u00e9teg\u00e9hez \u00e9s a sebgy\u00f3gyul\u00e1shoz. <\/span><span style=\"font-size: 16px;\">Seg\u00edti a sz\u0151r pigmentj\u00e9nek a fenntart\u00e1s\u00e1t. <\/span><span style=\"font-size: 16px;\">A jutalomfalat form\u00e1j\u00e1nak k\u00f6sz\u00f6nhet\u0151en k\u00f6nnyen beadhat\u00f3. Hipoallerg\u00e9n.<\/span><\/p>\n<p><strong>How many:<\/strong> 30 db r\u00e1g\u00f3falat (90 g)<\/p>","protected":false},"featured_media":18195,"template":"","meta":{"om_disable_all_campaigns":false,"_monsterinsights_skip_tracking":false,"_monsterinsights_sitenote_active":false,"_monsterinsights_sitenote_note":"","_monsterinsights_sitenote_category":0,"site-sidebar-layout":"default","site-content-layout":"","ast-site-content-layout":"default","site-content-style":"default","site-sidebar-style":"default","ast-global-header-display":"","ast-banner-title-visibility":"","ast-main-header-display":"","ast-hfb-above-header-display":"","ast-hfb-below-header-display":"","ast-hfb-mobile-header-display":"","site-post-title":"","ast-breadcrumbs-content":"","ast-featured-img":"","footer-sml-layout":"","theme-transparent-header-meta":"default","adv-header-id-meta":"","stick-header-meta":"","header-above-stick-meta":"","header-main-stick-meta":"","header-below-stick-meta":"","astra-migrate-meta-layouts":"set","ast-page-background-enabled":"default","ast-page-background-meta":{"desktop":{"background-color":"","background-image":"","background-repeat":"repeat","background-position":"center center","background-size":"auto","background-attachment":"scroll","background-type":"","background-media":"","overlay-type":"","overlay-color":"","overlay-opacity":"","overlay-gradient":""},"tablet":{"background-color":"","background-image":"","background-repeat":"repeat","background-position":"center center","background-size":"auto","background-attachment":"scroll","background-type":"","background-media":"","overlay-type":"","overlay-color":"","overlay-opacity":"","overlay-gradient":""},"mobile":{"background-color":"","background-image":"","background-repeat":"repeat","background-position":"center center","background-size":"auto","background-attachment":"scroll","background-type":"","background-media":"","overlay-type":"","overlay-color":"","overlay-opacity":"","overlay-gradient":""}},"ast-content-background-meta":{"desktop":{"background-color":"var(--ast-global-color-5)","background-image":"","background-repeat":"repeat","background-position":"center center","background-size":"auto","background-attachment":"scroll","background-type":"","background-media":"","overlay-type":"","overlay-color":"","overlay-opacity":"","overlay-gradient":""},"tablet":{"background-color":"var(--ast-global-color-5)","background-image":"","background-repeat":"repeat","background-position":"center center","background-size":"auto","background-attachment":"scroll","background-type":"","background-media":"","overlay-type":"","overlay-color":"","overlay-opacity":"","overlay-gradient":""},"mobile":{"background-color":"var(--ast-global-color-5)","background-image":"","background-repeat":"repeat","background-position":"center center","background-size":"auto","background-attachment":"scroll","background-type":"","background-media":"","overlay-type":"","overlay-color":"","overlay-opacity":"","overlay-gradient":""}}},"product_brand":[],"product_cat":[258],"product_tag":[],"class_list":{"0":"post-18194","1":"product","2":"type-product","3":"status-publish","4":"has-post-thumbnail","6":"product_cat-francia-bulldog-taplalekkiegeszito-vitamin","7":"desktop-align-left","8":"tablet-align-left","9":"mobile-align-left","11":"first","12":"instock","13":"shipping-taxable","14":"purchasable","15":"product-type-simple"},"aioseo_notices":[],"_links":{"self":[{"href":"https:\/\/dembedesign.hu\/en\/wp-json\/wp\/v2\/product\/18194","targetHints":{"allow":["GET"]}}],"collection":[{"href":"https:\/\/dembedesign.hu\/en\/wp-json\/wp\/v2\/product"}],"about":[{"href":"https:\/\/dembedesign.hu\/en\/wp-json\/wp\/v2\/types\/product"}],"version-history":[{"count":4,"href":"https:\/\/dembedesign.hu\/en\/wp-json\/wp\/v2\/product\/18194\/revisions"}],"predecessor-version":[{"id":18216,"href":"https:\/\/dembedesign.hu\/en\/wp-json\/wp\/v2\/product\/18194\/revisions\/18216"}],"wp:featuredmedia":[{"embeddable":true,"href":"https:\/\/dembedesign.hu\/en\/wp-json\/wp\/v2\/media\/18195"}],"wp:attachment":[{"href":"https:\/\/dembedesign.hu\/en\/wp-json\/wp\/v2\/media?parent=18194"}],"wp:term":[{"taxonomy":"product_brand","embeddable":true,"href":"https:\/\/dembedesign.hu\/en\/wp-json\/wp\/v2\/product_brand?post=18194"},{"taxonomy":"product_cat","embeddable":true,"href":"https:\/\/dembedesign.hu\/en\/wp-json\/wp\/v2\/product_cat?post=18194"},{"taxonomy":"product_tag","embeddable":true,"href":"https:\/\/dembedesign.hu\/en\/wp-json\/wp\/v2\/product_tag?post=18194"}],"curies":[{"name":"wp","href":"https:\/\/api.w.org\/{rel}","templated":true}]}}