{"id":18201,"date":"2026-01-21T14:17:38","date_gmt":"2026-01-21T13:17:38","guid":{"rendered":"https:\/\/dembedesign.hu\/?post_type=product&#038;p=18201"},"modified":"2026-04-10T14:33:21","modified_gmt":"2026-04-10T12:33:21","slug":"treatsy-anal-glands-buzmirigy-tamogato-falat","status":"publish","type":"product","link":"https:\/\/dembedesign.hu\/en\/product\/treatsy-anal-glands-buzmirigy-tamogato-falat\/","title":{"rendered":"TREATSY ANAL GLANDS &#8211; B\u0171zmirigy t\u00e1mogat\u00f3 falat"},"content":{"rendered":"<p data-start=\"115\" data-end=\"444\"><strong>A Treatsy Anal Glands\u00a0<\/strong><strong>egy komplex vitamin, amely t\u00e1mogatja a b\u0171zmirigy eg\u00e9szs\u00e9ges m\u0171k\u00f6d\u00e9s\u00e9t. Gazdag oldhatatlan rostokban, prebiotikumban \u00e9s pektinben. A benne tal\u00e1lhat\u00f3 oldhatatlan rostok nem em\u00e9szt\u0151dnek meg \u00edgy amikor \u00e1thaladnak a b\u00e9lrendszeren megtiszt\u00edtj\u00e1k a b\u00e9lfalat. Magas rosttartalm\u00e1val hozz\u00e1j\u00e1rul a sz\u00e9klet megfelel\u0151 form\u00e1j\u00e1hoz \u00e9s \u00e1llag\u00e1hoz. El\u0151seg\u00edtik a b\u00e9ltartalom gyorsabb tov\u00e1bbjut\u00e1s\u00e1t, \u00edgy megg\u00e1tolva a sz\u00e9kreked\u00e9st. Prebiotikum FOS-t tartalmaz, amely t\u00e1mogatja a b\u00e9lfl\u00f3ra egyens\u00faly\u00e1t. Az almapektin egy term\u00e9szetes rost, amely v\u00edzzel keveredve g\u00e9les \u00e1llag\u00fav\u00e1 alakul. Kialak\u00edtja a b\u00e9lrendszer nyugalm\u00e1t \u00e9s t\u00e1mogatja a form\u00e1ltabb sz\u00e9kletet. <\/strong><strong style=\"font-size: 16px;\"><span style=\"font-size: 16px;\">A jutalomfalat form\u00e1j\u00e1nak k\u00f6sz\u00f6nhet\u0151en k\u00f6nnyen beadhat\u00f3. Hipoallerg\u00e9n.<\/span><\/strong><\/p>\n<p><b>PROPERTIES:<\/b><\/p>\n<ul>\n<li>A Treatsy Anal Glands t\u00e1mogatja a b\u0171zmirigy eg\u00e9szs\u00e9ges m\u0171k\u00f6d\u00e9s\u00e9t.<\/li>\n<li>Gazdag oldhatatlan rostokban, prebiotikumban \u00e9s pektinben.<\/li>\n<li>Magas rosttartalm\u00e1val megg\u00e1tolva a sz\u00e9kreked\u00e9st.<\/li>\n<li>Hozz\u00e1j\u00e1rul a form\u00e1ltabb sz\u00e9klethez.<\/li>\n<li>T\u00e1mogatja a b\u00e9lfl\u00f3ra egyens\u00faly\u00e1t.<\/li>\n<li>Kialak\u00edtja a b\u00e9lrendszer nyugalm\u00e1t.<\/li>\n<li>Jutalomfalat form\u00e1j\u00fa \u00edgy k\u00f6nnyen beadhat\u00f3.<\/li>\n<li>Hipoallerg\u00e9n (hidroliz\u00e1lt sert\u00e9s feh\u00e9rjeforr\u00e1ssal).<\/li>\n<li><strong>How many:<\/strong> 30 db r\u00e1g\u00f3falat (90 g)<\/li>\n<\/ul>\n<p><strong><img decoding=\"async\" class=\"wp-image-8739 alignleft\" src=\"https:\/\/dembedesign.hu\/wp-content\/uploads\/2022\/09\/Kepernyofoto-2022-08-29-19.51.31-300x295.png\" sizes=\"(max-width: 113px) 100vw, 113px\" srcset=\"https:\/\/dembedesign.hu\/wp-content\/uploads\/2022\/09\/Kepernyofoto-2022-08-29-19.51.31-300x295.png 300w, https:\/\/dembedesign.hu\/wp-content\/uploads\/2022\/09\/Kepernyofoto-2022-08-29-19.51.31-1024x1007.png 1024w, https:\/\/dembedesign.hu\/wp-content\/uploads\/2022\/09\/Kepernyofoto-2022-08-29-19.51.31-768x755.png 768w, https:\/\/dembedesign.hu\/wp-content\/uploads\/2022\/09\/Kepernyofoto-2022-08-29-19.51.31-12x12.png 12w, https:\/\/dembedesign.hu\/wp-content\/uploads\/2022\/09\/Kepernyofoto-2022-08-29-19.51.31-600x590.png 600w, https:\/\/dembedesign.hu\/wp-content\/uploads\/2022\/09\/Kepernyofoto-2022-08-29-19.51.31.png 1056w\" alt=\"WOOLF Earth Noohide \u2013 nyulas kollag\u00e9nes r\u00fad\" width=\"139\" height=\"137\" \/><\/strong><\/p>\n<p>&nbsp;<\/p>\n<p><strong>Ingredients: <\/strong>zselatiniz\u00e1lt rizs, glicerin, hidroliz\u00e1lt sert\u00e9s (15,5%), rizsliszt (9,4%), repce olaj (4,6%), s\u00f6rt\u00f6rk\u00f6ly korpa (20%), prebiotikum FOS (50 mg), almapektin (20 mg).<\/p>\n<p><strong data-start=\"1424\" data-end=\"1442\">Adal\u00e9kanyagok:<\/strong> maltodextrin, arabm\u00e9zga, cellul\u00f3z, n\u00f6v\u00e9nyi lecitin 1,4%, citromsav.<\/p>\n<p><strong>Analytical components:<\/strong> nyersfeh\u00e9rje 17,3%, nyerszs\u00edr 14,54%, nyershamu 3,7%, nyersrost 5,25%<\/p>\n<p><strong>Dosage recommendation: <\/strong><\/p>\n<p><strong>10 kg alatt:<\/strong> 1 r\u00e1g\u00f3falat\/nap<br \/>\n<strong>10 &#8211; 20 kg:<\/strong> 2 r\u00e1g\u00f3falat\/nap<br \/>\n<strong>20 &#8211; 30 kg:<\/strong> 3 r\u00e1g\u00f3falat\/nap<br \/>\n<strong>30 kg felett:<\/strong> 4 r\u00e1g\u00f3falat\/nap<\/p>\n<p>&nbsp;<\/p>\n<p><strong style=\"font-size: 16px;\">Storage:<\/strong><span style=\"font-size: 16px;\"> sz\u00e1raz helyen, napf\u00e9nyt\u0151l v\u00e9dve.<\/span><\/p>\n<p>Figyelem! A term\u00e9k takarm\u00e1ny-kieg\u00e9sz\u00edt\u0151 \u00e9s nem helyettes\u00edti az esetlegesen sz\u00fcks\u00e9ges \u00e1llatorvosi kezel\u00e9st!<\/p>\n<p>&nbsp;<\/p>\n<p>&nbsp;<\/p>","protected":false},"excerpt":{"rendered":"<p>T\u00e1mogatja a b\u0171zmirigy eg\u00e9szs\u00e9ges m\u0171k\u00f6d\u00e9s\u00e9t. Gazdag rostokban, prebiotikumban \u00e9s pektinben. Hozz\u00e1j\u00e1rul a sz\u00e9klet megfelel\u0151 form\u00e1j\u00e1hoz \u00e9s \u00e1llag\u00e1hoz. T\u00e1mogatja a b\u00e9lfl\u00f3ra egyens\u00faly\u00e1t. Kialak\u00edtja a b\u00e9lrendszer nyugalm\u00e1t. <span style=\"font-size: 16px;\">A jutalomfalat form\u00e1j\u00e1nak k\u00f6sz\u00f6nhet\u0151en k\u00f6nnyen beadhat\u00f3. Hipoallerg\u00e9n.<\/span><\/p>\n<p><strong>How many:<\/strong> 30 db r\u00e1g\u00f3falat (90 g)<\/p>","protected":false},"featured_media":18207,"template":"","meta":{"om_disable_all_campaigns":false,"_monsterinsights_skip_tracking":false,"_monsterinsights_sitenote_active":false,"_monsterinsights_sitenote_note":"","_monsterinsights_sitenote_category":0,"site-sidebar-layout":"default","site-content-layout":"","ast-site-content-layout":"default","site-content-style":"default","site-sidebar-style":"default","ast-global-header-display":"","ast-banner-title-visibility":"","ast-main-header-display":"","ast-hfb-above-header-display":"","ast-hfb-below-header-display":"","ast-hfb-mobile-header-display":"","site-post-title":"","ast-breadcrumbs-content":"","ast-featured-img":"","footer-sml-layout":"","theme-transparent-header-meta":"default","adv-header-id-meta":"","stick-header-meta":"","header-above-stick-meta":"","header-main-stick-meta":"","header-below-stick-meta":"","astra-migrate-meta-layouts":"set","ast-page-background-enabled":"default","ast-page-background-meta":{"desktop":{"background-color":"","background-image":"","background-repeat":"repeat","background-position":"center center","background-size":"auto","background-attachment":"scroll","background-type":"","background-media":"","overlay-type":"","overlay-color":"","overlay-opacity":"","overlay-gradient":""},"tablet":{"background-color":"","background-image":"","background-repeat":"repeat","background-position":"center center","background-size":"auto","background-attachment":"scroll","background-type":"","background-media":"","overlay-type":"","overlay-color":"","overlay-opacity":"","overlay-gradient":""},"mobile":{"background-color":"","background-image":"","background-repeat":"repeat","background-position":"center center","background-size":"auto","background-attachment":"scroll","background-type":"","background-media":"","overlay-type":"","overlay-color":"","overlay-opacity":"","overlay-gradient":""}},"ast-content-background-meta":{"desktop":{"background-color":"var(--ast-global-color-5)","background-image":"","background-repeat":"repeat","background-position":"center center","background-size":"auto","background-attachment":"scroll","background-type":"","background-media":"","overlay-type":"","overlay-color":"","overlay-opacity":"","overlay-gradient":""},"tablet":{"background-color":"var(--ast-global-color-5)","background-image":"","background-repeat":"repeat","background-position":"center center","background-size":"auto","background-attachment":"scroll","background-type":"","background-media":"","overlay-type":"","overlay-color":"","overlay-opacity":"","overlay-gradient":""},"mobile":{"background-color":"var(--ast-global-color-5)","background-image":"","background-repeat":"repeat","background-position":"center center","background-size":"auto","background-attachment":"scroll","background-type":"","background-media":"","overlay-type":"","overlay-color":"","overlay-opacity":"","overlay-gradient":""}}},"product_brand":[],"product_cat":[258],"product_tag":[],"class_list":{"0":"post-18201","1":"product","2":"type-product","3":"status-publish","4":"has-post-thumbnail","6":"product_cat-francia-bulldog-taplalekkiegeszito-vitamin","7":"desktop-align-left","8":"tablet-align-left","9":"mobile-align-left","11":"first","12":"instock","13":"shipping-taxable","14":"purchasable","15":"product-type-simple"},"aioseo_notices":[],"_links":{"self":[{"href":"https:\/\/dembedesign.hu\/en\/wp-json\/wp\/v2\/product\/18201","targetHints":{"allow":["GET"]}}],"collection":[{"href":"https:\/\/dembedesign.hu\/en\/wp-json\/wp\/v2\/product"}],"about":[{"href":"https:\/\/dembedesign.hu\/en\/wp-json\/wp\/v2\/types\/product"}],"version-history":[{"count":7,"href":"https:\/\/dembedesign.hu\/en\/wp-json\/wp\/v2\/product\/18201\/revisions"}],"predecessor-version":[{"id":18225,"href":"https:\/\/dembedesign.hu\/en\/wp-json\/wp\/v2\/product\/18201\/revisions\/18225"}],"wp:featuredmedia":[{"embeddable":true,"href":"https:\/\/dembedesign.hu\/en\/wp-json\/wp\/v2\/media\/18207"}],"wp:attachment":[{"href":"https:\/\/dembedesign.hu\/en\/wp-json\/wp\/v2\/media?parent=18201"}],"wp:term":[{"taxonomy":"product_brand","embeddable":true,"href":"https:\/\/dembedesign.hu\/en\/wp-json\/wp\/v2\/product_brand?post=18201"},{"taxonomy":"product_cat","embeddable":true,"href":"https:\/\/dembedesign.hu\/en\/wp-json\/wp\/v2\/product_cat?post=18201"},{"taxonomy":"product_tag","embeddable":true,"href":"https:\/\/dembedesign.hu\/en\/wp-json\/wp\/v2\/product_tag?post=18201"}],"curies":[{"name":"wp","href":"https:\/\/api.w.org\/{rel}","templated":true}]}}