{"id":18213,"date":"2026-01-21T15:54:35","date_gmt":"2026-01-21T14:54:35","guid":{"rendered":"https:\/\/dembedesign.hu\/?post_type=product&#038;p=18213"},"modified":"2026-04-10T14:34:33","modified_gmt":"2026-04-10T12:34:33","slug":"treatsy-probiotics-probiotikumos-emesztest-tamogato-falat","status":"publish","type":"product","link":"https:\/\/dembedesign.hu\/en\/product\/treatsy-probiotics-probiotikumos-emesztest-tamogato-falat\/","title":{"rendered":"TREATSY PROBIOTICS &#8211; Probiotikumos em\u00e9szt\u00e9st t\u00e1mogat\u00f3 falat"},"content":{"rendered":"<p data-start=\"115\" data-end=\"444\"><strong>A Treatsy Probiotics egy komplex em\u00e9szt\u00e9st t\u00e1mogat\u00f3, b\u00e9lstabiliz\u00e1l\u00f3 falat. A benne tal\u00e1lhat\u00f3 FOS prebiotikum t\u00e1mogatja a b\u00e9lfl\u00f3ra egyens\u00faly\u00e1t. Az Enterococcus faecium probiotikum seg\u00edt p\u00f3tolni a j\u00f3t\u00e9kony bakt\u00e9riumokat \u00e9s t\u00e1mogatja az eg\u00e9szs\u00e9ges em\u00e9szt\u00e9st. Egy falatban kb. 500 milli\u00f3 j\u00f3t\u00e9kony \u00e9l\u0151 bakt\u00e9rium tal\u00e1lhat\u00f3. <\/strong><strong>Az almapektin oldhat\u00f3 rostk\u00e9nt hozz\u00e1j\u00e1rul a sz\u00e9klet megfelel\u0151 \u00e1llag\u00e1hoz illetve v\u00edzzel keveredve g\u00e9les \u00e1llag\u00fav\u00e1 alakul. Ez\u00e1ltal kialak\u00edtja a b\u00e9lrendszer nyugalm\u00e1t. <\/strong><strong style=\"font-size: 16px;\"><span style=\"font-size: 16px;\">A jutalomfalat form\u00e1j\u00e1nak k\u00f6sz\u00f6nhet\u0151en k\u00f6nnyen beadhat\u00f3. Hipoallerg\u00e9n.<\/span><\/strong><\/p>\n<p><b>PROPERTIES:<\/b><\/p>\n<ul>\n<li>A Treatsy Probiotics egy komplex em\u00e9szt\u00e9st t\u00e1mogat\u00f3, b\u00e9lstabiliz\u00e1l\u00f3 falat.<\/li>\n<li>1 r\u00e1g\u00f3falat = 5\u00d710^8 CFU Enterococcus faecium, kb. 500 milli\u00f3 \u00e9l\u0151 bakt\u00e9rium.<\/li>\n<li>T\u00e1mogatja a b\u00e9lfl\u00f3ra egyens\u00faly\u00e1t.<\/li>\n<li>Seg\u00edt p\u00f3tolni a j\u00f3t\u00e9kony bakt\u00e9riumokat.<\/li>\n<li>Hozz\u00e1j\u00e1rul a sz\u00e9klet megfelel\u0151 \u00e1llag\u00e1hoz.<\/li>\n<li>Kialak\u00edtja a b\u00e9lrendszer nyugalm\u00e1t.<\/li>\n<li>Jutalomfalat form\u00e1j\u00fa \u00edgy k\u00f6nnyen beadhat\u00f3.<\/li>\n<li>Hipoallerg\u00e9n (hidroliz\u00e1lt sert\u00e9s feh\u00e9rjeforr\u00e1ssal).<\/li>\n<li><strong>How many:<\/strong> 30 db r\u00e1g\u00f3falat (90 g)<\/li>\n<\/ul>\n<p><strong><img decoding=\"async\" class=\"wp-image-8739 alignleft\" src=\"https:\/\/dembedesign.hu\/wp-content\/uploads\/2022\/09\/Kepernyofoto-2022-08-29-19.51.31-300x295.png\" sizes=\"(max-width: 113px) 100vw, 113px\" srcset=\"https:\/\/dembedesign.hu\/wp-content\/uploads\/2022\/09\/Kepernyofoto-2022-08-29-19.51.31-300x295.png 300w, https:\/\/dembedesign.hu\/wp-content\/uploads\/2022\/09\/Kepernyofoto-2022-08-29-19.51.31-1024x1007.png 1024w, https:\/\/dembedesign.hu\/wp-content\/uploads\/2022\/09\/Kepernyofoto-2022-08-29-19.51.31-768x755.png 768w, https:\/\/dembedesign.hu\/wp-content\/uploads\/2022\/09\/Kepernyofoto-2022-08-29-19.51.31-12x12.png 12w, https:\/\/dembedesign.hu\/wp-content\/uploads\/2022\/09\/Kepernyofoto-2022-08-29-19.51.31-600x590.png 600w, https:\/\/dembedesign.hu\/wp-content\/uploads\/2022\/09\/Kepernyofoto-2022-08-29-19.51.31.png 1056w\" alt=\"WOOLF Earth Noohide \u2013 nyulas kollag\u00e9nes r\u00fad\" width=\"139\" height=\"137\" \/><\/strong><\/p>\n<p>&nbsp;<\/p>\n<p><strong>Ingredients: <\/strong>zselatiniz\u00e1lt rizs, hidroliz\u00e1lt sert\u00e9s (15,5%), glicerin, rizsliszt (9,4%), n\u00f6v\u00e9nyi olaj (4,6%), prebiotikum FOS (frukto-oligoszacharidok) (50 mg), almapektin (20 mg), psyllium (10,5 mg), Enterococcus faecium NCIMB 10415 (5\u00d710^8 CFU)<\/p>\n<p><strong data-start=\"1424\" data-end=\"1442\">Adal\u00e9kanyagok:<\/strong> maltodextrin, arabm\u00e9zga, cellul\u00f3z, n\u00f6v\u00e9nyi lecitin 1,4%, citromsav.<\/p>\n<p><strong>Analytical components:<\/strong> nyersfeh\u00e9rje 17,3%, nyerszs\u00edr 14,54%, nyershamu 3,7%, nyersrost 5,25%<\/p>\n<p><strong>Dosage recommendation: <\/strong><\/p>\n<p><strong>10 kg alatt:<\/strong> 1 r\u00e1g\u00f3falat\/nap<br \/>\n<strong>10 &#8211; 20 kg:<\/strong> 2 r\u00e1g\u00f3falat\/nap<br \/>\n<strong>20 &#8211; 30 kg:<\/strong> 3 r\u00e1g\u00f3falat\/nap<br \/>\n<strong>30 kg felett:<\/strong> 4 r\u00e1g\u00f3falat\/nap<\/p>\n<p>&nbsp;<\/p>\n<p><strong style=\"font-size: 16px;\">Storage:<\/strong><span style=\"font-size: 16px;\"> sz\u00e1raz helyen, napf\u00e9nyt\u0151l v\u00e9dve.<\/span><\/p>\n<p>Figyelem! A term\u00e9k takarm\u00e1ny-kieg\u00e9sz\u00edt\u0151 \u00e9s nem helyettes\u00edti az esetlegesen sz\u00fcks\u00e9ges \u00e1llatorvosi kezel\u00e9st!<\/p>\n<p>&nbsp;<\/p>\n<p>&nbsp;<\/p>","protected":false},"excerpt":{"rendered":"<p>Komplex em\u00e9szt\u00e9st t\u00e1mogat\u00f3, b\u00e9lstabiliz\u00e1l\u00f3 falat. T\u00e1mogatja a b\u00e9lfl\u00f3ra egyens\u00faly\u00e1t. Seg\u00edt p\u00f3tolni a j\u00f3t\u00e9kony bakt\u00e9riumokat. Hozz\u00e1j\u00e1rul a sz\u00e9klet megfelel\u0151 \u00e1llag\u00e1hoz. Kialak\u00edtja a b\u00e9lrendszer nyugalm\u00e1t. Egy falatban kb. 500 milli\u00f3 j\u00f3t\u00e9kony \u00e9l\u0151 bakt\u00e9rium tal\u00e1lhat\u00f3. <span style=\"font-size: 16px;\">Hipoallerg\u00e9n.<\/span><\/p>","protected":false},"featured_media":18219,"template":"","meta":{"om_disable_all_campaigns":false,"_monsterinsights_skip_tracking":false,"_monsterinsights_sitenote_active":false,"_monsterinsights_sitenote_note":"","_monsterinsights_sitenote_category":0,"site-sidebar-layout":"default","site-content-layout":"","ast-site-content-layout":"default","site-content-style":"default","site-sidebar-style":"default","ast-global-header-display":"","ast-banner-title-visibility":"","ast-main-header-display":"","ast-hfb-above-header-display":"","ast-hfb-below-header-display":"","ast-hfb-mobile-header-display":"","site-post-title":"","ast-breadcrumbs-content":"","ast-featured-img":"","footer-sml-layout":"","theme-transparent-header-meta":"default","adv-header-id-meta":"","stick-header-meta":"","header-above-stick-meta":"","header-main-stick-meta":"","header-below-stick-meta":"","astra-migrate-meta-layouts":"set","ast-page-background-enabled":"default","ast-page-background-meta":{"desktop":{"background-color":"","background-image":"","background-repeat":"repeat","background-position":"center center","background-size":"auto","background-attachment":"scroll","background-type":"","background-media":"","overlay-type":"","overlay-color":"","overlay-opacity":"","overlay-gradient":""},"tablet":{"background-color":"","background-image":"","background-repeat":"repeat","background-position":"center center","background-size":"auto","background-attachment":"scroll","background-type":"","background-media":"","overlay-type":"","overlay-color":"","overlay-opacity":"","overlay-gradient":""},"mobile":{"background-color":"","background-image":"","background-repeat":"repeat","background-position":"center center","background-size":"auto","background-attachment":"scroll","background-type":"","background-media":"","overlay-type":"","overlay-color":"","overlay-opacity":"","overlay-gradient":""}},"ast-content-background-meta":{"desktop":{"background-color":"var(--ast-global-color-5)","background-image":"","background-repeat":"repeat","background-position":"center center","background-size":"auto","background-attachment":"scroll","background-type":"","background-media":"","overlay-type":"","overlay-color":"","overlay-opacity":"","overlay-gradient":""},"tablet":{"background-color":"var(--ast-global-color-5)","background-image":"","background-repeat":"repeat","background-position":"center center","background-size":"auto","background-attachment":"scroll","background-type":"","background-media":"","overlay-type":"","overlay-color":"","overlay-opacity":"","overlay-gradient":""},"mobile":{"background-color":"var(--ast-global-color-5)","background-image":"","background-repeat":"repeat","background-position":"center center","background-size":"auto","background-attachment":"scroll","background-type":"","background-media":"","overlay-type":"","overlay-color":"","overlay-opacity":"","overlay-gradient":""}}},"product_brand":[],"product_cat":[258],"product_tag":[],"class_list":{"0":"post-18213","1":"product","2":"type-product","3":"status-publish","4":"has-post-thumbnail","6":"product_cat-francia-bulldog-taplalekkiegeszito-vitamin","7":"desktop-align-left","8":"tablet-align-left","9":"mobile-align-left","11":"first","12":"instock","13":"shipping-taxable","14":"purchasable","15":"product-type-simple"},"aioseo_notices":[],"_links":{"self":[{"href":"https:\/\/dembedesign.hu\/en\/wp-json\/wp\/v2\/product\/18213","targetHints":{"allow":["GET"]}}],"collection":[{"href":"https:\/\/dembedesign.hu\/en\/wp-json\/wp\/v2\/product"}],"about":[{"href":"https:\/\/dembedesign.hu\/en\/wp-json\/wp\/v2\/types\/product"}],"version-history":[{"count":6,"href":"https:\/\/dembedesign.hu\/en\/wp-json\/wp\/v2\/product\/18213\/revisions"}],"predecessor-version":[{"id":18240,"href":"https:\/\/dembedesign.hu\/en\/wp-json\/wp\/v2\/product\/18213\/revisions\/18240"}],"wp:featuredmedia":[{"embeddable":true,"href":"https:\/\/dembedesign.hu\/en\/wp-json\/wp\/v2\/media\/18219"}],"wp:attachment":[{"href":"https:\/\/dembedesign.hu\/en\/wp-json\/wp\/v2\/media?parent=18213"}],"wp:term":[{"taxonomy":"product_brand","embeddable":true,"href":"https:\/\/dembedesign.hu\/en\/wp-json\/wp\/v2\/product_brand?post=18213"},{"taxonomy":"product_cat","embeddable":true,"href":"https:\/\/dembedesign.hu\/en\/wp-json\/wp\/v2\/product_cat?post=18213"},{"taxonomy":"product_tag","embeddable":true,"href":"https:\/\/dembedesign.hu\/en\/wp-json\/wp\/v2\/product_tag?post=18213"}],"curies":[{"name":"wp","href":"https:\/\/api.w.org\/{rel}","templated":true}]}}