{"id":18492,"date":"2026-02-04T11:15:00","date_gmt":"2026-02-04T10:15:00","guid":{"rendered":"https:\/\/dembedesign.hu\/?post_type=product&#038;p=18492"},"modified":"2026-04-02T16:33:41","modified_gmt":"2026-04-02T14:33:41","slug":"perla-petfood-szabadtartasu-barany-szaraztap-gabona-es-csirkementes","status":"publish","type":"product","link":"https:\/\/dembedesign.hu\/en\/product\/perla-petfood-szabadtartasu-barany-szaraztap-gabona-es-csirkementes\/","title":{"rendered":"PERLA PETFOOD &#8211; Szabadtart\u00e1s\u00fa b\u00e1r\u00e1ny sz\u00e1razt\u00e1p (gabona- \u00e9s csirkementes)"},"content":{"rendered":"<p><strong>A PERLA Petfood egy magas h\u00fastartalm\u00fa, gabona- \u00e9s csirkementes sz\u00e1razt\u00e1p feln\u0151tt kuty\u00e1k sz\u00e1m\u00e1ra. F\u0171vel t\u00e1pl\u00e1lt, legel\u0151n nevelt b\u00e1r\u00e1nyh\u00fasb\u00f3l k\u00e9sz\u00fclt, 82 \u00b0C-on f\u0151zve, hogy meg\u0151rizze az \u00e9rt\u00e9kes t\u00e1panyagokat. A nev\u00e9t az olasz francia bulldogr\u00f3l, Perl\u00e1r\u00f3l kapta. A fajta jellegzetes probl\u00e9m\u00e1it figyelembe v\u00e9ve lett kifejlesztve \u00fagy, hogy seg\u00edtsen megel\u0151zni az em\u00e9szt\u0151rendszeri probl\u00e9m\u00e1kat illetve az \u00e9telintolerancia kialakul\u00e1s\u00e1t. A benne tal\u00e1lhat\u00f3 A FOS \u00e9s MOS prebiotikumok seg\u00edtik az em\u00e9szt\u00e9st \u00e9s a b\u00e9lfl\u00f3ra egyens\u00faly\u00e1t.<\/strong><\/p>\n<p><strong>PROPERTIES:<\/strong><\/p>\n<ul>\n<li>Legel\u0151n nevelt b\u00e1r\u00e1ny sz\u00e1razt\u00e1p \u00e9desburgony\u00e1val, ment\u00e1val \u00e9s brokkolival.<\/li>\n<li>Emberi fogyaszt\u00e1sra alkalmas alapanyagokb\u00f3l k\u00e9sz\u00fclt.<\/li>\n<li>A fajta ig\u00e9nyeit \u00e9s probl\u00e9m\u00e1it figyelembe v\u00e9ve fejlesztett\u00e9k ki.<\/li>\n<li>Seg\u00edtik a megfelel\u0151 em\u00e9szt\u00e9st \u00e9s b\u00e9lfl\u00f3r\u00e1t.<\/li>\n<li>Gabona- \u00e9s glut\u00e9nmentes.<\/li>\n<li>Hipoallerg\u00e9n.<\/li>\n<li><strong>Szemcse m\u00e9ret:<\/strong> 15 mm<\/li>\n<li><strong>How many:<\/strong> 2 kg<\/li>\n<\/ul>\n<p><strong><img decoding=\"async\" class=\"wp-image-8739 alignleft\" src=\"https:\/\/dembedesign.hu\/wp-content\/uploads\/2022\/09\/Kepernyofoto-2022-08-29-19.51.31-300x295.png\" sizes=\"(max-width: 113px) 100vw, 113px\" srcset=\"https:\/\/dembedesign.hu\/wp-content\/uploads\/2022\/09\/Kepernyofoto-2022-08-29-19.51.31-300x295.png 300w, https:\/\/dembedesign.hu\/wp-content\/uploads\/2022\/09\/Kepernyofoto-2022-08-29-19.51.31-1024x1007.png 1024w, https:\/\/dembedesign.hu\/wp-content\/uploads\/2022\/09\/Kepernyofoto-2022-08-29-19.51.31-768x755.png 768w, https:\/\/dembedesign.hu\/wp-content\/uploads\/2022\/09\/Kepernyofoto-2022-08-29-19.51.31-12x12.png 12w, https:\/\/dembedesign.hu\/wp-content\/uploads\/2022\/09\/Kepernyofoto-2022-08-29-19.51.31-600x590.png 600w, https:\/\/dembedesign.hu\/wp-content\/uploads\/2022\/09\/Kepernyofoto-2022-08-29-19.51.31.png 1056w\" alt=\"WOOLF Earth Noohide \u2013 nyulas kollag\u00e9nes r\u00fad\" width=\"139\" height=\"137\" \/><\/strong><\/p>\n<p>&nbsp;<\/p>\n<p><strong>Ingredients: <\/strong>65% b\u00e1r\u00e1ny (35% frissen f\u0151z\u00f6tt, legel\u0151n tartott b\u00e1r\u00e1ny, 22% sz\u00e1r\u00edtott b\u00e1r\u00e1ny, 5% b\u00e1r\u00e1nyzs\u00edr, 3% b\u00e1r\u00e1nyalapl\u00e9), 27,5% z\u00f6lds\u00e9g (\u00e9desburgonya, bab, cukorr\u00e9pap\u00e9p), sz\u00e1r\u00edtott superfood-kever\u00e9k (menta, gr\u00e1n\u00e1talma, eperfa\/mulberry, brokkoli, \u00e9desk\u00f6m\u00e9ny), omega-3, \u00e1sv\u00e1nyi anyagok, FOS 192 mg\/kg, MOS 48 mg\/kg, ol\u00edvakivonat 0,01%<\/p>\n<p><strong style=\"font-size: 16px;\" data-start=\"1424\" data-end=\"1442\">Adal\u00e9kanyagok\/kg: <\/strong>A-vitamin 15 000 NE, D3-vitamin 2 000 NE, E-vitamin 95 NE, cink 50 mg, vas 50 mg, mang\u00e1n 35 mg, j\u00f3d 1 mg, szel\u00e9n 0,2 mg<\/p>\n<p><strong>Analytical components: <\/strong>nyersfeh\u00e9rje 27,5%, nyerszs\u00edr 15,5%, nyersrost 3,5%, nyershamu 12%, nedvess\u00e9g 8%<\/p>\n<p><strong>Dosage recommendation: <\/strong><\/p>\n<p><strong>1 &#8211; 5 kg:<\/strong> 25 &#8211; 85 g\/nap<br \/>\n<strong>5 \u2013 10 kg:<\/strong> 85 &#8211; 140 g\/nap<br \/>\n<strong>10 \u2013 20 kg:<\/strong> 140- 245 g\/nap<br \/>\n<strong>20- 30 kg:<\/strong> 245 &#8211; 330 g\/nap<br \/>\n<strong>20- 30 kg:<\/strong> 330 &#8211; 410 g\/nap<\/p>\n<p>Biztos\u00edts mell\u00e9 elegend\u0151 friss vizet. T\u00e1rold sz\u00e1raz helyen!<\/p>\n<p>&nbsp;<\/p>\n<p>&nbsp;<\/p>","protected":false},"excerpt":{"rendered":"<p>Magas h\u00fastartalm\u00fa, hipoallerg\u00e9n, glut\u00e9n- \u00e9s gabonamentes sz\u00e1razt\u00e1p feln\u0151tt kuty\u00e1k sz\u00e1m\u00e1ra. F\u0171vel t\u00e1pl\u00e1lt, legel\u0151n nevelt b\u00e1r\u00e1nyh\u00fasb\u00f3l k\u00e9sz\u00fclt. A fajta jellegzetes probl\u00e9m\u00e1it figyelembe v\u00e9ve lett kifejlesztve. Seg\u00edt megel\u0151zni az em\u00e9szt\u0151rendszeri probl\u00e9m\u00e1kat.<\/p>\n<p><strong>Szemcse m\u00e9ret:<\/strong> 15 mm<br \/>\n<strong>How many:<\/strong> 2 kg<\/p>","protected":false},"featured_media":18493,"template":"","meta":{"om_disable_all_campaigns":false,"_monsterinsights_skip_tracking":false,"_monsterinsights_sitenote_active":false,"_monsterinsights_sitenote_note":"","_monsterinsights_sitenote_category":0,"site-sidebar-layout":"default","site-content-layout":"","ast-site-content-layout":"default","site-content-style":"default","site-sidebar-style":"default","ast-global-header-display":"","ast-banner-title-visibility":"","ast-main-header-display":"","ast-hfb-above-header-display":"","ast-hfb-below-header-display":"","ast-hfb-mobile-header-display":"","site-post-title":"","ast-breadcrumbs-content":"","ast-featured-img":"","footer-sml-layout":"","theme-transparent-header-meta":"default","adv-header-id-meta":"","stick-header-meta":"","header-above-stick-meta":"","header-main-stick-meta":"","header-below-stick-meta":"","astra-migrate-meta-layouts":"set","ast-page-background-enabled":"default","ast-page-background-meta":{"desktop":{"background-color":"","background-image":"","background-repeat":"repeat","background-position":"center center","background-size":"auto","background-attachment":"scroll","background-type":"","background-media":"","overlay-type":"","overlay-color":"","overlay-opacity":"","overlay-gradient":""},"tablet":{"background-color":"","background-image":"","background-repeat":"repeat","background-position":"center center","background-size":"auto","background-attachment":"scroll","background-type":"","background-media":"","overlay-type":"","overlay-color":"","overlay-opacity":"","overlay-gradient":""},"mobile":{"background-color":"","background-image":"","background-repeat":"repeat","background-position":"center center","background-size":"auto","background-attachment":"scroll","background-type":"","background-media":"","overlay-type":"","overlay-color":"","overlay-opacity":"","overlay-gradient":""}},"ast-content-background-meta":{"desktop":{"background-color":"var(--ast-global-color-5)","background-image":"","background-repeat":"repeat","background-position":"center center","background-size":"auto","background-attachment":"scroll","background-type":"","background-media":"","overlay-type":"","overlay-color":"","overlay-opacity":"","overlay-gradient":""},"tablet":{"background-color":"var(--ast-global-color-5)","background-image":"","background-repeat":"repeat","background-position":"center center","background-size":"auto","background-attachment":"scroll","background-type":"","background-media":"","overlay-type":"","overlay-color":"","overlay-opacity":"","overlay-gradient":""},"mobile":{"background-color":"var(--ast-global-color-5)","background-image":"","background-repeat":"repeat","background-position":"center center","background-size":"auto","background-attachment":"scroll","background-type":"","background-media":"","overlay-type":"","overlay-color":"","overlay-opacity":"","overlay-gradient":""}}},"product_brand":[],"product_cat":[1261],"product_tag":[],"class_list":{"0":"post-18492","1":"product","2":"type-product","3":"status-publish","4":"has-post-thumbnail","6":"product_cat-szaraztap","7":"desktop-align-left","8":"tablet-align-left","9":"mobile-align-left","11":"first","12":"instock","13":"shipping-taxable","14":"purchasable","15":"product-type-simple"},"aioseo_notices":[],"_links":{"self":[{"href":"https:\/\/dembedesign.hu\/en\/wp-json\/wp\/v2\/product\/18492","targetHints":{"allow":["GET"]}}],"collection":[{"href":"https:\/\/dembedesign.hu\/en\/wp-json\/wp\/v2\/product"}],"about":[{"href":"https:\/\/dembedesign.hu\/en\/wp-json\/wp\/v2\/types\/product"}],"version-history":[{"count":5,"href":"https:\/\/dembedesign.hu\/en\/wp-json\/wp\/v2\/product\/18492\/revisions"}],"predecessor-version":[{"id":19031,"href":"https:\/\/dembedesign.hu\/en\/wp-json\/wp\/v2\/product\/18492\/revisions\/19031"}],"wp:featuredmedia":[{"embeddable":true,"href":"https:\/\/dembedesign.hu\/en\/wp-json\/wp\/v2\/media\/18493"}],"wp:attachment":[{"href":"https:\/\/dembedesign.hu\/en\/wp-json\/wp\/v2\/media?parent=18492"}],"wp:term":[{"taxonomy":"product_brand","embeddable":true,"href":"https:\/\/dembedesign.hu\/en\/wp-json\/wp\/v2\/product_brand?post=18492"},{"taxonomy":"product_cat","embeddable":true,"href":"https:\/\/dembedesign.hu\/en\/wp-json\/wp\/v2\/product_cat?post=18492"},{"taxonomy":"product_tag","embeddable":true,"href":"https:\/\/dembedesign.hu\/en\/wp-json\/wp\/v2\/product_tag?post=18492"}],"curies":[{"name":"wp","href":"https:\/\/api.w.org\/{rel}","templated":true}]}}