{"id":18580,"date":"2026-02-04T15:04:07","date_gmt":"2026-02-04T14:04:07","guid":{"rendered":"https:\/\/dembedesign.hu\/?post_type=product&#038;p=18580"},"modified":"2026-04-02T17:15:18","modified_gmt":"2026-04-02T15:15:18","slug":"syta-micha-barany-spargaval-es-rozmaringgal-szaraztap-gabona-es-csirkementes","status":"publish","type":"product","link":"https:\/\/dembedesign.hu\/en\/product\/syta-micha-barany-spargaval-es-rozmaringgal-szaraztap-gabona-es-csirkementes\/","title":{"rendered":"SYTA MICHA &#8211; B\u00e1r\u00e1ny sp\u00e1rg\u00e1val \u00e9s rozmaringgal sz\u00e1razt\u00e1p (gabona- \u00e9s csirkementes)"},"content":{"rendered":"<p><strong>A SYTA MICHA egy magas h\u00fastartalm\u00fa, gabona- \u00e9s csirkementes sz\u00e1razt\u00e1p feln\u0151tt kuty\u00e1k sz\u00e1m\u00e1ra. <b>A b\u00e1r\u00e1nyh\u00fas alacsony allergiakock\u00e1zat\u00fa! <\/b>K\u00f6nnyen em\u00e9szthet\u0151 h\u00fasfajta. A hozz\u00e1adott<\/strong><strong>\u00a0Enterococcus faecium t\u00f6rzs egy probiotikum, amely seg\u00edti az em\u00e9szt\u00e9st \u00e9s a b\u00e9lfl\u00f3ra egyens\u00faly\u00e1t. A Yucca schidigera kivonat t\u00e1mogatja az em\u00e9szt\u00e9st \u00e9s cs\u00f6kkenti a sz\u00e9klet kellemetlen szag\u00e1t. A gl\u00fckozamin \u00e9s kondroitin t\u00e1mogatja az \u00edz\u00fcletek \u00e9s a porcok eg\u00e9szs\u00e9g\u00e9t. <\/strong><\/p>\n<p><strong>PROPERTIES:<\/strong><\/p>\n<ul>\n<li>Magas h\u00fastartalm\u00fa, gabonamentes sz\u00e1razt\u00e1p.<\/li>\n<li>A b\u00e1r\u00e1nyh\u00fas alacsony allergiakock\u00e1zat\u00fa!<\/li>\n<li>K\u00f6nnyen em\u00e9szthet\u0151!<\/li>\n<li>Seg\u00edti a megfelel\u0151 em\u00e9szt\u00e9st \u00e9s b\u00e9lfl\u00f3r\u00e1t.<\/li>\n<li>T\u00e1mogatja az \u00edz\u00fcletek \u00e9s a porcok eg\u00e9szs\u00e9g\u00e9t.<\/li>\n<li>Emberi fogyaszt\u00e1sra alkalmas alapanyagokb\u00f3l k\u00e9sz\u00fclt.<\/li>\n<li>Hipoallerg\u00e9n.<\/li>\n<li><strong>Szemcse m\u00e9ret:<\/strong> 15 mm<\/li>\n<li><strong>How many:<\/strong> 1,5 kg<\/li>\n<\/ul>\n<p><strong><img decoding=\"async\" class=\"wp-image-8739 alignleft\" src=\"https:\/\/dembedesign.hu\/wp-content\/uploads\/2022\/09\/Kepernyofoto-2022-08-29-19.51.31-300x295.png\" sizes=\"(max-width: 113px) 100vw, 113px\" srcset=\"https:\/\/dembedesign.hu\/wp-content\/uploads\/2022\/09\/Kepernyofoto-2022-08-29-19.51.31-300x295.png 300w, https:\/\/dembedesign.hu\/wp-content\/uploads\/2022\/09\/Kepernyofoto-2022-08-29-19.51.31-1024x1007.png 1024w, https:\/\/dembedesign.hu\/wp-content\/uploads\/2022\/09\/Kepernyofoto-2022-08-29-19.51.31-768x755.png 768w, https:\/\/dembedesign.hu\/wp-content\/uploads\/2022\/09\/Kepernyofoto-2022-08-29-19.51.31-12x12.png 12w, https:\/\/dembedesign.hu\/wp-content\/uploads\/2022\/09\/Kepernyofoto-2022-08-29-19.51.31-600x590.png 600w, https:\/\/dembedesign.hu\/wp-content\/uploads\/2022\/09\/Kepernyofoto-2022-08-29-19.51.31.png 1056w\" alt=\"WOOLF Earth Noohide \u2013 nyulas kollag\u00e9nes r\u00fad\" width=\"155\" height=\"152\" \/><\/strong><\/p>\n<p><strong>Ingredients:<\/strong> b\u00e1r\u00e1ny 60% (friss b\u00e1r\u00e1nyh\u00fas 30%, sz\u00e1r\u00edtott b\u00e1r\u00e1nyh\u00fas 30%), sz\u00e1r\u00edtott \u00e9desburgonya 26%, sert\u00e9szs\u00edr 8%, \u00e1sv\u00e1nyi anyagok, s\u00fct\u0151t\u00f6k 1%, t\u00f6kmag 0,8%, \u00e1fonya 0,5%, paradicsompr\u00e9selv\u00e9ny 0,5%, sz\u00e1r\u00edtott s\u00f6r\u00e9leszt\u0151 0,2%, lucernaliszt 0,2%, sp\u00e1rga 0,1%, rozmaring 0,1%, spirulina 0,1%, z\u00f6ld tea kivonat 0,05%, gl\u00fckozamin-szulf\u00e1t 0,004%, kondroitin-szulf\u00e1t 0,002%, omega-3 0,001%, Yucca schidigera kivonat 0,001%, Enterococcus faecium (probiotikum) ferment\u00e1ci\u00f3s term\u00e9k 0,001%<\/p>\n<p><strong data-start=\"1424\" data-end=\"1442\">Adal\u00e9kanyagok\/kg:<\/strong> <span style=\"font-weight: 400;\">A-vitamin 14 000 NE (IU), D3-vitamin 1000 NE (IU), C-vitamin 40 mg, E-vitamin 100 mg, Nyomelemek: cink (cink-szulf\u00e1t-monohidr\u00e1t) 36 mg, vas (vas(II)-szulf\u00e1t-monohidr\u00e1t) 36 mg, mang\u00e1n (mang\u00e1n-szulf\u00e1t-monohidr\u00e1t) 5 mg, r\u00e9z (pentahidr\u00e1t r\u00e9z-szulf\u00e1t) 10 mg, j\u00f3d (v\u00edzmentes kalcium-jod\u00e1t \u00e9s k\u00e1lium-jodid) 1,2 mg, szel\u00e9n (n\u00e1trium-szelenit) 0,1 mg<\/span><\/p>\n<p><strong>Analytical components:<\/strong> nyersfeh\u00e9rje 31%, nyerszs\u00edr 16%, nyersrost 2,7%, nyershamu 9,8%, nedvess\u00e9g 10%<\/p>\n<p><strong style=\"font-size: 16px;\">Dosage recommendation:<\/strong><\/p>\n<p><strong>1 &#8211; 2 kg:<\/strong> 25 &#8211; 45 g\/nap<br \/>\n<strong>2 \u2013 4 kg:<\/strong> 45 &#8211; 75 g\/nap<br \/>\n<strong>4 \u2013 6 kg:<\/strong> 75 &#8211; 100 g\/nap<br \/>\n<strong>6 \u2013 8 kg:<\/strong> 100 &#8211; 125 g\/nap<br \/>\n<strong>8 &#8211; 10 kg:<\/strong> 125 &#8211; 145 g\/nap<br \/>\n<strong>10 &#8211; 15 kg:<\/strong> 145 &#8211; 195 g\/nap<br \/>\n<strong>15 &#8211; 20 kg:<\/strong> 195 &#8211; 245 g\/nap<br \/>\n<strong>20 &#8211; 25 kg:<\/strong> 245 &#8211; 290 g\/nap<\/p>\n<p>Biztos\u00edts mell\u00e9 elegend\u0151 friss vizet. T\u00e1rold sz\u00e1raz helyen!<\/p>\n<p>&nbsp;<\/p>","protected":false},"excerpt":{"rendered":"<p>Magas h\u00fastartalm\u00fa, gabona- \u00e9s csirkementes sz\u00e1razt\u00e1p feln\u0151tt kuty\u00e1k sz\u00e1m\u00e1ra. A b\u00e1r\u00e1nyh\u00fas alacsony allergiakock\u00e1zat\u00fa \u00e9s k\u00f6nnyen em\u00e9szthet\u0151 h\u00fasfajta. Probiotikummal gazdag\u00edtva.<\/p>\n<p><strong>Szemcse m\u00e9ret:<\/strong> 15 mm<br \/>\n<strong>How many:<\/strong> 1,5 kg<\/p>","protected":false},"featured_media":18576,"template":"","meta":{"om_disable_all_campaigns":false,"_monsterinsights_skip_tracking":false,"_monsterinsights_sitenote_active":false,"_monsterinsights_sitenote_note":"","_monsterinsights_sitenote_category":0,"site-sidebar-layout":"default","site-content-layout":"","ast-site-content-layout":"default","site-content-style":"default","site-sidebar-style":"default","ast-global-header-display":"","ast-banner-title-visibility":"","ast-main-header-display":"","ast-hfb-above-header-display":"","ast-hfb-below-header-display":"","ast-hfb-mobile-header-display":"","site-post-title":"","ast-breadcrumbs-content":"","ast-featured-img":"","footer-sml-layout":"","theme-transparent-header-meta":"default","adv-header-id-meta":"","stick-header-meta":"","header-above-stick-meta":"","header-main-stick-meta":"","header-below-stick-meta":"","astra-migrate-meta-layouts":"set","ast-page-background-enabled":"default","ast-page-background-meta":{"desktop":{"background-color":"","background-image":"","background-repeat":"repeat","background-position":"center center","background-size":"auto","background-attachment":"scroll","background-type":"","background-media":"","overlay-type":"","overlay-color":"","overlay-opacity":"","overlay-gradient":""},"tablet":{"background-color":"","background-image":"","background-repeat":"repeat","background-position":"center center","background-size":"auto","background-attachment":"scroll","background-type":"","background-media":"","overlay-type":"","overlay-color":"","overlay-opacity":"","overlay-gradient":""},"mobile":{"background-color":"","background-image":"","background-repeat":"repeat","background-position":"center center","background-size":"auto","background-attachment":"scroll","background-type":"","background-media":"","overlay-type":"","overlay-color":"","overlay-opacity":"","overlay-gradient":""}},"ast-content-background-meta":{"desktop":{"background-color":"var(--ast-global-color-5)","background-image":"","background-repeat":"repeat","background-position":"center center","background-size":"auto","background-attachment":"scroll","background-type":"","background-media":"","overlay-type":"","overlay-color":"","overlay-opacity":"","overlay-gradient":""},"tablet":{"background-color":"var(--ast-global-color-5)","background-image":"","background-repeat":"repeat","background-position":"center center","background-size":"auto","background-attachment":"scroll","background-type":"","background-media":"","overlay-type":"","overlay-color":"","overlay-opacity":"","overlay-gradient":""},"mobile":{"background-color":"var(--ast-global-color-5)","background-image":"","background-repeat":"repeat","background-position":"center center","background-size":"auto","background-attachment":"scroll","background-type":"","background-media":"","overlay-type":"","overlay-color":"","overlay-opacity":"","overlay-gradient":""}}},"product_brand":[],"product_cat":[1261],"product_tag":[],"class_list":{"0":"post-18580","1":"product","2":"type-product","3":"status-publish","4":"has-post-thumbnail","6":"product_cat-szaraztap","7":"desktop-align-left","8":"tablet-align-left","9":"mobile-align-left","11":"first","12":"instock","13":"shipping-taxable","14":"purchasable","15":"product-type-simple"},"aioseo_notices":[],"_links":{"self":[{"href":"https:\/\/dembedesign.hu\/en\/wp-json\/wp\/v2\/product\/18580","targetHints":{"allow":["GET"]}}],"collection":[{"href":"https:\/\/dembedesign.hu\/en\/wp-json\/wp\/v2\/product"}],"about":[{"href":"https:\/\/dembedesign.hu\/en\/wp-json\/wp\/v2\/types\/product"}],"version-history":[{"count":6,"href":"https:\/\/dembedesign.hu\/en\/wp-json\/wp\/v2\/product\/18580\/revisions"}],"predecessor-version":[{"id":19049,"href":"https:\/\/dembedesign.hu\/en\/wp-json\/wp\/v2\/product\/18580\/revisions\/19049"}],"wp:featuredmedia":[{"embeddable":true,"href":"https:\/\/dembedesign.hu\/en\/wp-json\/wp\/v2\/media\/18576"}],"wp:attachment":[{"href":"https:\/\/dembedesign.hu\/en\/wp-json\/wp\/v2\/media?parent=18580"}],"wp:term":[{"taxonomy":"product_brand","embeddable":true,"href":"https:\/\/dembedesign.hu\/en\/wp-json\/wp\/v2\/product_brand?post=18580"},{"taxonomy":"product_cat","embeddable":true,"href":"https:\/\/dembedesign.hu\/en\/wp-json\/wp\/v2\/product_cat?post=18580"},{"taxonomy":"product_tag","embeddable":true,"href":"https:\/\/dembedesign.hu\/en\/wp-json\/wp\/v2\/product_tag?post=18580"}],"curies":[{"name":"wp","href":"https:\/\/api.w.org\/{rel}","templated":true}]}}