{"id":19004,"date":"2026-03-31T12:20:02","date_gmt":"2026-03-31T10:20:02","guid":{"rendered":"https:\/\/dembedesign.hu\/?post_type=product&#038;p=19004"},"modified":"2026-03-31T15:27:04","modified_gmt":"2026-03-31T13:27:04","slug":"teomann-msm-por-izuletvedo-porcvedo","status":"publish","type":"product","link":"https:\/\/dembedesign.hu\/en\/product\/teomann-msm-por-izuletvedo-porcvedo\/","title":{"rendered":"TEOMANN &#8211; MSM por (\u00edz\u00fcletv\u00e9d\u0151, porcv\u00e9d\u0151)"},"content":{"rendered":"<p><strong>A MSM j\u00f3t\u00e9kony hat\u00e1ssal van a porcok \u00e9s a k\u00f6t\u0151sz\u00f6vetek szerkezet\u00e9nek fenntart\u00e1s\u00e1hoz. T\u00e1mogatja az \u00edz\u00fcletek hossz\u00fa t\u00e1v\u00fa eg\u00e9szs\u00e9g\u00e9t.<\/strong> <strong>El\u0151seg\u00edti a kollag\u00e9n termel\u00e9s\u00e9t \u00e9s be\u00e9p\u00fcl\u00e9s\u00e9t. Kiv\u00e1l\u00f3 v\u00e1laszt\u00e1s a mozg\u00e1sszervi megbeteged\u00e9sek megel\u0151z\u00e9s\u00e9hez illetve kieg\u00e9sz\u00edt\u0151 kezel\u00e9s\u00e9hez. Seg\u00edt cs\u00f6kkenteni az enyh\u00e9bb gyullad\u00e1sos folyamatokat. Kiv\u00e1l\u00f3 term\u00e9szetes enyhe f\u00e1jdalomcsillap\u00edt\u00f3. Az anyagcsere folyamatokra is hat\u00e1ssal van.<\/strong><strong>\u00a0<\/strong><strong>El\u0151seg\u00edti az inzulin termel\u00e9st ez\u00e1ltal a megfelel\u0151 v\u00e9rcukorszint fenntart\u00e1s\u00e1t. <\/strong><strong>Minden \u00e9letkorban javasolt a haszn\u00e1lata! A hat\u00e1s\u00e1t fokozza a C-vitamin, \u00edgy javasoljuk, hogy<span style=\"color: #99cc00;\"> <a style=\"color: #99cc00;\" href=\"https:\/\/dembedesign.hu\/en\/product\/csipkebogyo-por-immunerosito\/\">csipkebogy\u00f3porral <\/a><\/span>egy\u00fctt add!<\/strong><\/p>\n<p><strong>PROPERTIES:<\/strong><\/p>\n<ul>\n<li>Seg\u00edt a mozg\u00e1sszervi megbeteged\u00e9sek megel\u0151z\u00e9s\u00e9ben illetve kezel\u00e9s\u00e9ben.<\/li>\n<li>J\u00f3t\u00e9kony hat\u00e1ssal van a porcok szerkezet\u00e9re, az \u00edz\u00fcleti gyullad\u00e1sra \u00e9s a sport s\u00e9r\u00fcl\u00e9sekre.<\/li>\n<li><span style=\"font-size: 16px;\">Stimul\u00e1lja a kollag\u00e9n termel\u00e9st \u00e9s be\u00e9p\u00fcl\u00e9st.<\/span><\/li>\n<li>Gyullad\u00e1scs\u00f6kkent\u0151 hat\u00e1s\u00fa.<\/li>\n<li>Term\u00e9szetes enyhe f\u00e1jdalomcsillap\u00edt\u00f3.<\/li>\n<li>Cukorbetegs\u00e9g kieg\u00e9sz\u00edt\u0151 kezel\u00e9s\u00e9k\u00e9nt is ide\u00e1lis!<\/li>\n<li>Minden \u00e9letkorban javasolt a haszn\u00e1lata!<\/li>\n<li>A hat\u00e1s\u00e1t fokozza a C-vitamin, \u00edgy javasoljuk, hogy<strong><span style=\"color: #99cc00;\"> <a style=\"color: #99cc00;\" href=\"https:\/\/dembedesign.hu\/en\/product\/csipkebogyo-por-immunerosito\/\">csipkebogy\u00f3porral <\/a><\/span><\/strong>egy\u00fctt add!<\/li>\n<\/ul>\n<p><strong><img decoding=\"async\" class=\"alignnone wp-image-8739\" src=\"https:\/\/dembedesign.hu\/wp-content\/uploads\/2022\/09\/Kepernyofoto-2022-08-29-19.51.31-300x295.png\" sizes=\"(max-width: 113px) 100vw, 113px\" srcset=\"https:\/\/dembedesign.hu\/wp-content\/uploads\/2022\/09\/Kepernyofoto-2022-08-29-19.51.31-300x295.png 300w, https:\/\/dembedesign.hu\/wp-content\/uploads\/2022\/09\/Kepernyofoto-2022-08-29-19.51.31-1024x1007.png 1024w, https:\/\/dembedesign.hu\/wp-content\/uploads\/2022\/09\/Kepernyofoto-2022-08-29-19.51.31-768x755.png 768w, https:\/\/dembedesign.hu\/wp-content\/uploads\/2022\/09\/Kepernyofoto-2022-08-29-19.51.31-12x12.png 12w, https:\/\/dembedesign.hu\/wp-content\/uploads\/2022\/09\/Kepernyofoto-2022-08-29-19.51.31-600x590.png 600w, https:\/\/dembedesign.hu\/wp-content\/uploads\/2022\/09\/Kepernyofoto-2022-08-29-19.51.31.png 1056w\" alt=\"WOOLF Earth Noohide \u2013 nyulas kollag\u00e9nes r\u00fad\" width=\"121\" height=\"119\" \/>\u00d6sszetev\u0151k<\/strong>: 100% MSM (metil-szulfonil-met\u00e1n)<\/p>\n<p><strong>Adagol\u00e1s: <\/strong>2 g \/ 10 testt\u00f6meg kg-k\u00e9nt<br \/>\nEgy csapott te\u00e1skan\u00e1lt jelent 10 kilogrammonk\u00e9nt.<br \/>\nMegel\u0151z\u00e9s c\u00e9lj\u00e1b\u00f3l k\u00faraszer\u0171en adhat\u00f3 4 h\u00e9tig, majd tart ugyanennyi szu\u0308netet!<br \/>\nPanasz eset\u00e9n folyamatosan is adhat\u00f3!<\/p>\n<p><strong>Ha sz\u00e9kreked\u00e9st tapasztalsz, cs\u00f6kkentsd az adagot!<\/strong><\/p>\n<p><em>T\u00e1rol\u00e1sa: sz\u00e1raz helyen, napf\u00e9nyt\u0151l v\u00e9dve<\/em><\/p>\n<p>Figyelem! A term\u00e9k takarm\u00e1ny-kieg\u00e9sz\u00edt\u0151 \u00e9s nem helyettes\u00edti az esetlegesen sz\u00fcks\u00e9ges \u00e1llatorvosi kezel\u00e9st!<\/p>\n<p>&nbsp;<\/p>\n<p>&nbsp;<\/p>","protected":false},"excerpt":{"rendered":"<p>J\u00f3t\u00e9kony hat\u00e1ssal van a porcok \u00e9s a k\u00f6t\u0151sz\u00f6vetek szerkezet\u00e9nek fenntart\u00e1s\u00e1hoz. Seg\u00edt a mozg\u00e1sszervi megbeteged\u00e9s megel\u0151z\u00e9s\u00e9ben illetve kezel\u00e9s\u00e9ben (pl: iz\u00fcleti gyullad\u00e1s). Cs\u00f6kkenti az enyh\u00e9bb gyullad\u00e1sos folyamatokat. Minden \u00e9letkorban javasolt a haszn\u00e1lata!<\/p>\n<p><strong>Kiszerel\u00e9s<\/strong>: 100 g<br \/>\n<strong>Adagol\u00e1s: <\/strong>1 csapott te\u00e1skan\u00e1l\/10 kg, k\u00faraszer\u0171en 4 h\u00e9tig<br \/>\n<strong>Id\u0151tartam:<\/strong> 10 kg kuty\u00e1nak kb 50 napra el\u00e9g<\/p>","protected":false},"featured_media":19007,"template":"","meta":{"om_disable_all_campaigns":false,"_monsterinsights_skip_tracking":false,"_monsterinsights_sitenote_active":false,"_monsterinsights_sitenote_note":"","_monsterinsights_sitenote_category":0,"site-sidebar-layout":"default","site-content-layout":"default","ast-site-content-layout":"default","site-content-style":"default","site-sidebar-style":"default","ast-global-header-display":"","ast-banner-title-visibility":"","ast-main-header-display":"","ast-hfb-above-header-display":"","ast-hfb-below-header-display":"","ast-hfb-mobile-header-display":"","site-post-title":"","ast-breadcrumbs-content":"","ast-featured-img":"","footer-sml-layout":"","theme-transparent-header-meta":"default","adv-header-id-meta":"","stick-header-meta":"","header-above-stick-meta":"","header-main-stick-meta":"","header-below-stick-meta":"","astra-migrate-meta-layouts":"set","ast-page-background-enabled":"default","ast-page-background-meta":{"desktop":{"background-color":"","background-image":"","background-repeat":"repeat","background-position":"center center","background-size":"auto","background-attachment":"scroll","background-type":"","background-media":"","overlay-type":"","overlay-color":"","overlay-opacity":"","overlay-gradient":""},"tablet":{"background-color":"","background-image":"","background-repeat":"repeat","background-position":"center center","background-size":"auto","background-attachment":"scroll","background-type":"","background-media":"","overlay-type":"","overlay-color":"","overlay-opacity":"","overlay-gradient":""},"mobile":{"background-color":"","background-image":"","background-repeat":"repeat","background-position":"center center","background-size":"auto","background-attachment":"scroll","background-type":"","background-media":"","overlay-type":"","overlay-color":"","overlay-opacity":"","overlay-gradient":""}},"ast-content-background-meta":{"desktop":{"background-color":"var(--ast-global-color-5)","background-image":"","background-repeat":"repeat","background-position":"center center","background-size":"auto","background-attachment":"scroll","background-type":"","background-media":"","overlay-type":"","overlay-color":"","overlay-opacity":"","overlay-gradient":""},"tablet":{"background-color":"var(--ast-global-color-5)","background-image":"","background-repeat":"repeat","background-position":"center center","background-size":"auto","background-attachment":"scroll","background-type":"","background-media":"","overlay-type":"","overlay-color":"","overlay-opacity":"","overlay-gradient":""},"mobile":{"background-color":"var(--ast-global-color-5)","background-image":"","background-repeat":"repeat","background-position":"center center","background-size":"auto","background-attachment":"scroll","background-type":"","background-media":"","overlay-type":"","overlay-color":"","overlay-opacity":"","overlay-gradient":""}}},"product_brand":[],"product_cat":[258],"product_tag":[824,823,813,792,1278,810,812,811,1277,1276,809],"class_list":{"0":"post-19004","1":"product","2":"type-product","3":"status-publish","4":"has-post-thumbnail","6":"product_cat-francia-bulldog-taplalekkiegeszito-vitamin","7":"product_tag-francia-bulldog-taplalekkiegeszito","8":"product_tag-francia-bulldog-vitamin","9":"product_tag-kutya-csonterosito","10":"product_tag-kutya-izulet","11":"product_tag-kutya-izuletigyulladas","12":"product_tag-kutya-izuletvedo","13":"product_tag-kutya-kollagen","14":"product_tag-kutya-porcvedo","15":"product_tag-msm-kutyanak","16":"product_tag-msm-por","17":"product_tag-zoldkagylo-kutyaknak","18":"desktop-align-left","19":"tablet-align-left","20":"mobile-align-left","22":"first","23":"instock","24":"shipping-taxable","25":"purchasable","26":"product-type-simple"},"aioseo_notices":[],"_links":{"self":[{"href":"https:\/\/dembedesign.hu\/en\/wp-json\/wp\/v2\/product\/19004","targetHints":{"allow":["GET"]}}],"collection":[{"href":"https:\/\/dembedesign.hu\/en\/wp-json\/wp\/v2\/product"}],"about":[{"href":"https:\/\/dembedesign.hu\/en\/wp-json\/wp\/v2\/types\/product"}],"version-history":[{"count":6,"href":"https:\/\/dembedesign.hu\/en\/wp-json\/wp\/v2\/product\/19004\/revisions"}],"predecessor-version":[{"id":19027,"href":"https:\/\/dembedesign.hu\/en\/wp-json\/wp\/v2\/product\/19004\/revisions\/19027"}],"wp:featuredmedia":[{"embeddable":true,"href":"https:\/\/dembedesign.hu\/en\/wp-json\/wp\/v2\/media\/19007"}],"wp:attachment":[{"href":"https:\/\/dembedesign.hu\/en\/wp-json\/wp\/v2\/media?parent=19004"}],"wp:term":[{"taxonomy":"product_brand","embeddable":true,"href":"https:\/\/dembedesign.hu\/en\/wp-json\/wp\/v2\/product_brand?post=19004"},{"taxonomy":"product_cat","embeddable":true,"href":"https:\/\/dembedesign.hu\/en\/wp-json\/wp\/v2\/product_cat?post=19004"},{"taxonomy":"product_tag","embeddable":true,"href":"https:\/\/dembedesign.hu\/en\/wp-json\/wp\/v2\/product_tag?post=19004"}],"curies":[{"name":"wp","href":"https:\/\/api.w.org\/{rel}","templated":true}]}}