{"id":19017,"date":"2026-03-31T13:42:06","date_gmt":"2026-03-31T11:42:06","guid":{"rendered":"https:\/\/dembedesign.hu\/?post_type=product&#038;p=19017"},"modified":"2026-03-31T14:11:48","modified_gmt":"2026-03-31T12:11:48","slug":"teomann-ordogcsaklya-por-izuleti-gyulladas-es-fajdalom","status":"publish","type":"product","link":"https:\/\/dembedesign.hu\/en\/product\/teomann-ordogcsaklya-por-izuleti-gyulladas-es-fajdalom\/","title":{"rendered":"TEOMANN &#8211; \u00d6rd\u00f6gcs\u00e1klya por (iz\u00fcleti gyullad\u00e1s \u00e9s f\u00e1jdalom)"},"content":{"rendered":"<p><strong>Az \u00f6rd\u00f6gcs\u00e1klya egy term\u00e9szetes gyullad\u00e1scs\u00f6kkent\u0151 \u00e9s f\u00e1jdalomcsillap\u00edt\u00f3.<\/strong> <strong>Kiv\u00e1l\u00f3 v\u00e1laszt\u00e1s mozg\u00e1sszervi megbeteged\u00e9s, porcm\u0171t\u00e9t, iz\u00fcleti s\u00e9r\u00fcl\u00e9s illetve id\u0151s kor eset\u00e9n. T\u00e1mogatja az \u00ednszalagok, inak, \u00edz\u00fcletek v\u00e9delm\u00e9t. Nem megel\u0151z\u00e9sre hanem fenn\u00e1ll\u00f3 probl\u00e9ma eset\u00e9n javasolt! Amennyiben a megel\u0151z\u00e9s a c\u00e9l a <a href=\"https:\/\/dembedesign.hu\/en\/product\/zoldkagylopor\/\"><span style=\"color: #99cc00;\">z\u00f6ldkagyl\u00f3<\/span><\/a> vagy <a href=\"https:\/\/dembedesign.hu\/en\/product\/teomann-msm-por-izuletvedo-porcvedo\/\"><span style=\"color: #99cc00;\">MSM<\/span><\/a> port javasoljuk!<\/strong><\/p>\n<p><strong>PROPERTIES:<\/strong><\/p>\n<ul>\n<li>Az \u00f6rd\u00f6gcs\u00e1klya egy term\u00e9szetes gyullad\u00e1scs\u00f6kkent\u0151 \u00e9s f\u00e1jdalomcsillap\u00edt\u00f3.<\/li>\n<li>T\u00e1mogatja az \u00ednszalagok, inak, \u00edz\u00fcletek v\u00e9delm\u00e9t.<\/li>\n<li>Hat\u00e9kony mozg\u00e1sszervi megbeteged\u00e9sek eset\u00e9n!<\/li>\n<li>\u00cdz\u00fclet, porc , \u00ednszalag s\u00e9r\u00fcl\u00e9sekkor aj\u00e1nlott!<\/li>\n<li>Kiv\u00e1l\u00f3 v\u00e1laszt\u00e1s id\u0151s kuty\u00e1k mobilit\u00e1s meg\u0151rz\u00e9s\u00e9hez!<\/li>\n<li>Megel\u0151z\u00e9sre NEM javasolt!<\/li>\n<li>Megel\u0151z\u00e9s eset\u00e9n a<strong>\u00a0<a href=\"https:\/\/dembedesign.hu\/en\/product\/zoldkagylopor\/\"><span style=\"color: #99cc00;\">z\u00f6ldkagyl\u00f3 <\/span><\/a><\/strong>vagy <strong><a href=\"https:\/\/dembedesign.hu\/en\/product\/teomann-msm-por-izuletvedo-porcvedo\/\"><span style=\"color: #99cc00;\">MSM <\/span><\/a><\/strong>port javasoljuk!<\/li>\n<\/ul>\n<p><strong><img decoding=\"async\" class=\"alignnone wp-image-8739\" src=\"https:\/\/dembedesign.hu\/wp-content\/uploads\/2022\/09\/Kepernyofoto-2022-08-29-19.51.31-300x295.png\" sizes=\"(max-width: 113px) 100vw, 113px\" srcset=\"https:\/\/dembedesign.hu\/wp-content\/uploads\/2022\/09\/Kepernyofoto-2022-08-29-19.51.31-300x295.png 300w, https:\/\/dembedesign.hu\/wp-content\/uploads\/2022\/09\/Kepernyofoto-2022-08-29-19.51.31-1024x1007.png 1024w, https:\/\/dembedesign.hu\/wp-content\/uploads\/2022\/09\/Kepernyofoto-2022-08-29-19.51.31-768x755.png 768w, https:\/\/dembedesign.hu\/wp-content\/uploads\/2022\/09\/Kepernyofoto-2022-08-29-19.51.31-12x12.png 12w, https:\/\/dembedesign.hu\/wp-content\/uploads\/2022\/09\/Kepernyofoto-2022-08-29-19.51.31-600x590.png 600w, https:\/\/dembedesign.hu\/wp-content\/uploads\/2022\/09\/Kepernyofoto-2022-08-29-19.51.31.png 1056w\" alt=\"WOOLF Earth Noohide \u2013 nyulas kollag\u00e9nes r\u00fad\" width=\"121\" height=\"119\" \/>\u00d6sszetev\u0151k<\/strong>: 100% \u00f6rd\u00f6gcs\u00e1klya por<\/p>\n<p><strong>Adagol\u00e1s: <\/strong>2,5 g \/ 10 testt\u00f6meg kg-k\u00e9nt<br \/>\nEgy te\u00e1skan\u00e1lt jelent 10 kilogrammonk\u00e9nt.<br \/>\nK\u00faraszer\u0171en adhat\u00f3 3 h\u00f3napig, majd tarts legal\u00e1bb 1 h\u00f3nap szu\u0308netet!<\/p>\n<p><em>T\u00e1rol\u00e1sa: sz\u00e1raz helyen, napf\u00e9nyt\u0151l v\u00e9dve<\/em><\/p>\n<p>Figyelem! A term\u00e9k takarm\u00e1ny-kieg\u00e9sz\u00edt\u0151 \u00e9s nem helyettes\u00edti az esetlegesen sz\u00fcks\u00e9ges \u00e1llatorvosi kezel\u00e9st!<\/p>\n<p>&nbsp;<\/p>\n<p>&nbsp;<\/p>","protected":false},"excerpt":{"rendered":"<p>Az \u00f6rd\u00f6gcs\u00e1klya egy term\u00e9szetes gyullad\u00e1scs\u00f6kkent\u0151 \u00e9s f\u00e1jdalomcsillap\u00edt\u00f3. Kiv\u00e1l\u00f3 v\u00e1laszt\u00e1s mozg\u00e1sszervi megbeteged\u00e9s, porcm\u0171t\u00e9t, iz\u00fcleti s\u00e9r\u00fcl\u00e9s illetve id\u0151s kor eset\u00e9n. Nem megel\u0151z\u00e9sre hanem fenn\u00e1ll\u00f3 probl\u00e9ma eset\u00e9n javasolt!<\/p>\n<p><strong>Kiszerel\u00e9s<\/strong>: 100 g<br \/>\n<strong>Adagol\u00e1s: <\/strong>1 te\u00e1skan\u00e1l\/10 kg, k\u00faraszer\u0171en 4 h\u00e9tig<br \/>\n<strong>Id\u0151tartam:<\/strong> 10 kg kuty\u00e1nak kb 40 napra el\u00e9g<\/p>","protected":false},"featured_media":19022,"template":"","meta":{"om_disable_all_campaigns":false,"_monsterinsights_skip_tracking":false,"_monsterinsights_sitenote_active":false,"_monsterinsights_sitenote_note":"","_monsterinsights_sitenote_category":0,"site-sidebar-layout":"default","site-content-layout":"default","ast-site-content-layout":"default","site-content-style":"default","site-sidebar-style":"default","ast-global-header-display":"","ast-banner-title-visibility":"","ast-main-header-display":"","ast-hfb-above-header-display":"","ast-hfb-below-header-display":"","ast-hfb-mobile-header-display":"","site-post-title":"","ast-breadcrumbs-content":"","ast-featured-img":"","footer-sml-layout":"","theme-transparent-header-meta":"default","adv-header-id-meta":"","stick-header-meta":"","header-above-stick-meta":"","header-main-stick-meta":"","header-below-stick-meta":"","astra-migrate-meta-layouts":"set","ast-page-background-enabled":"default","ast-page-background-meta":{"desktop":{"background-color":"","background-image":"","background-repeat":"repeat","background-position":"center center","background-size":"auto","background-attachment":"scroll","background-type":"","background-media":"","overlay-type":"","overlay-color":"","overlay-opacity":"","overlay-gradient":""},"tablet":{"background-color":"","background-image":"","background-repeat":"repeat","background-position":"center center","background-size":"auto","background-attachment":"scroll","background-type":"","background-media":"","overlay-type":"","overlay-color":"","overlay-opacity":"","overlay-gradient":""},"mobile":{"background-color":"","background-image":"","background-repeat":"repeat","background-position":"center center","background-size":"auto","background-attachment":"scroll","background-type":"","background-media":"","overlay-type":"","overlay-color":"","overlay-opacity":"","overlay-gradient":""}},"ast-content-background-meta":{"desktop":{"background-color":"var(--ast-global-color-5)","background-image":"","background-repeat":"repeat","background-position":"center center","background-size":"auto","background-attachment":"scroll","background-type":"","background-media":"","overlay-type":"","overlay-color":"","overlay-opacity":"","overlay-gradient":""},"tablet":{"background-color":"var(--ast-global-color-5)","background-image":"","background-repeat":"repeat","background-position":"center center","background-size":"auto","background-attachment":"scroll","background-type":"","background-media":"","overlay-type":"","overlay-color":"","overlay-opacity":"","overlay-gradient":""},"mobile":{"background-color":"var(--ast-global-color-5)","background-image":"","background-repeat":"repeat","background-position":"center center","background-size":"auto","background-attachment":"scroll","background-type":"","background-media":"","overlay-type":"","overlay-color":"","overlay-opacity":"","overlay-gradient":""}}},"product_brand":[],"product_cat":[258],"product_tag":[824,823,813,792,1280,1278,810,812,811,1279,1281],"class_list":{"0":"post-19017","1":"product","2":"type-product","3":"status-publish","4":"has-post-thumbnail","6":"product_cat-francia-bulldog-taplalekkiegeszito-vitamin","7":"product_tag-francia-bulldog-taplalekkiegeszito","8":"product_tag-francia-bulldog-vitamin","9":"product_tag-kutya-csonterosito","10":"product_tag-kutya-izulet","11":"product_tag-kutya-izuleti-gyulladas","12":"product_tag-kutya-izuletigyulladas","13":"product_tag-kutya-izuletvedo","14":"product_tag-kutya-kollagen","15":"product_tag-kutya-porcvedo","16":"product_tag-ordogcsaklya","17":"product_tag-ordogcsaklya-kutyaknak","18":"desktop-align-left","19":"tablet-align-left","20":"mobile-align-left","22":"first","23":"instock","24":"shipping-taxable","25":"purchasable","26":"product-type-simple"},"aioseo_notices":[],"_links":{"self":[{"href":"https:\/\/dembedesign.hu\/en\/wp-json\/wp\/v2\/product\/19017","targetHints":{"allow":["GET"]}}],"collection":[{"href":"https:\/\/dembedesign.hu\/en\/wp-json\/wp\/v2\/product"}],"about":[{"href":"https:\/\/dembedesign.hu\/en\/wp-json\/wp\/v2\/types\/product"}],"version-history":[{"count":1,"href":"https:\/\/dembedesign.hu\/en\/wp-json\/wp\/v2\/product\/19017\/revisions"}],"predecessor-version":[{"id":19021,"href":"https:\/\/dembedesign.hu\/en\/wp-json\/wp\/v2\/product\/19017\/revisions\/19021"}],"wp:featuredmedia":[{"embeddable":true,"href":"https:\/\/dembedesign.hu\/en\/wp-json\/wp\/v2\/media\/19022"}],"wp:attachment":[{"href":"https:\/\/dembedesign.hu\/en\/wp-json\/wp\/v2\/media?parent=19017"}],"wp:term":[{"taxonomy":"product_brand","embeddable":true,"href":"https:\/\/dembedesign.hu\/en\/wp-json\/wp\/v2\/product_brand?post=19017"},{"taxonomy":"product_cat","embeddable":true,"href":"https:\/\/dembedesign.hu\/en\/wp-json\/wp\/v2\/product_cat?post=19017"},{"taxonomy":"product_tag","embeddable":true,"href":"https:\/\/dembedesign.hu\/en\/wp-json\/wp\/v2\/product_tag?post=19017"}],"curies":[{"name":"wp","href":"https:\/\/api.w.org\/{rel}","templated":true}]}}