{"id":19094,"date":"2026-04-10T15:25:06","date_gmt":"2026-04-10T13:25:06","guid":{"rendered":"https:\/\/dembedesign.hu\/?post_type=product&#038;p=19094"},"modified":"2026-04-10T16:33:36","modified_gmt":"2026-04-10T14:33:36","slug":"teomann-homoktovismag-por-immunerosites-szor-es-bor-e-vitamin","status":"publish","type":"product","link":"https:\/\/dembedesign.hu\/en\/product\/teomann-homoktovismag-por-immunerosites-szor-es-bor-e-vitamin\/","title":{"rendered":"TEOMANN &#8211; Homokt\u00f6vismag por (immuner\u0151s\u00edt\u00e9s, sz\u0151r \u00e9s b\u0151r, E-vitamin)"},"content":{"rendered":"<p><span style=\"color: #000000;\"><strong>A homokt\u00f6vismag nagyon eg\u00e9szs\u00e9ges \u00e9s rendk\u00edv\u00fcl sokoldal\u00fa superfood. Magas a B-, C-, E- vitamin tartalma illetve omega 3, 6 zs\u00edrsavakban gazdag. <\/strong><\/span><strong><span style=\"color: #000000;\">Kiv\u00e1l\u00f3 immuner\u0151s\u00edt\u0151k\u00e9nt minden \u00e9letkorban! A benne tal\u00e1lhat\u00f3 zs\u00edrsavak hozz\u00e1j\u00e1rulnak az eg\u00e9szs\u00e9ges sz\u0151rh\u00f6z \u00e9s b\u0151rh\u00f6z. J\u00f3t\u00e9kony hat\u00e1ssal vannak a <span style=\"caret-color: #000000;\">sz\u00edvm\u0171k\u00f6d\u00e9sre<\/span>. <\/span><\/strong><span style=\"color: #000000;\"><strong>Sokkal hat\u00e9konyabban hasznosul, mint a mesters\u00e9gesen el\u0151\u00e1ll\u00edtott szintetikus vitaminok. Az E-vitamin tartalma miatt k\u00f6telez\u0151\u00a0<span style=\"color: #99cc00;\"><a style=\"color: #99cc00;\" href=\"https:\/\/dembedesign.hu\/en\/product\/vadlazacolaj-sziv-es-errendszer-egeszseges-szor-es-bor\/\">vadlazacolaj<\/a><\/span> k\u00far\u00e1t k\u00f6vet\u0151en!<\/strong><\/span><\/p>\n<p><strong>PROPERTIES:<\/strong><\/p>\n<ul>\n<li>Term\u00e9szetes multivitamin kuty\u00e1knak.<\/li>\n<li>Kiv\u00e1l\u00f3 \u00e1ltal\u00e1nos immuner\u0151s\u00edt\u0151.<\/li>\n<li>Magas a B-, C-, E-vitamin tartalma.<\/li>\n<li>Biztos\u00edtja a sz\u00fcks\u00e9ges Omega 3,6 zs\u00edrsavakat.<\/li>\n<li>Hozz\u00e1j\u00e1rul az eg\u00e9szs\u00e9ges sz\u0151rh\u00f6z \u00e9s b\u0151rh\u00f6z.<\/li>\n<li>J\u00f3t\u00e9kony hat\u00e1ssal van a sz\u00edv- \u00e9s \u00e9rrendszerre.<\/li>\n<li>Lazacolaj k\u00far\u00e1t k\u00f6vet\u0151en k\u00f6telez\u0151!<\/li>\n<\/ul>\n<p><strong><img decoding=\"async\" class=\"alignnone wp-image-8739\" src=\"https:\/\/dembedesign.hu\/wp-content\/uploads\/2022\/09\/Kepernyofoto-2022-08-29-19.51.31-300x295.png\" sizes=\"(max-width: 113px) 100vw, 113px\" srcset=\"https:\/\/dembedesign.hu\/wp-content\/uploads\/2022\/09\/Kepernyofoto-2022-08-29-19.51.31-300x295.png 300w, https:\/\/dembedesign.hu\/wp-content\/uploads\/2022\/09\/Kepernyofoto-2022-08-29-19.51.31-1024x1007.png 1024w, https:\/\/dembedesign.hu\/wp-content\/uploads\/2022\/09\/Kepernyofoto-2022-08-29-19.51.31-768x755.png 768w, https:\/\/dembedesign.hu\/wp-content\/uploads\/2022\/09\/Kepernyofoto-2022-08-29-19.51.31-12x12.png 12w, https:\/\/dembedesign.hu\/wp-content\/uploads\/2022\/09\/Kepernyofoto-2022-08-29-19.51.31-600x590.png 600w, https:\/\/dembedesign.hu\/wp-content\/uploads\/2022\/09\/Kepernyofoto-2022-08-29-19.51.31.png 1056w\" alt=\"WOOLF Earth Noohide \u2013 nyulas kollag\u00e9nes r\u00fad\" width=\"121\" height=\"119\" \/>\u00d6sszetev\u0151k<\/strong>: 100% \u0151r\u00f6lt homokt\u00f6vismag<\/p>\n<p><strong>Adagol\u00e1s:<\/strong><\/p>\n<p><strong>0\u20135 kg:<\/strong> 1\/4 te\u00e1skan\u00e1l \/ nap<br \/>\n<strong>5\u201320 kg:<\/strong> 1\/2 te\u00e1skan\u00e1l \/ nap<br \/>\n<strong>20+ kg:<\/strong> 1 te\u00e1skan\u00e1l \/ nap<\/p>\n<p>K\u00faraszer\u0171en adhat\u00f3 4 h\u00e9ten kereszt\u00fcl, ut\u00e1na csin\u00e1lj ugyanennyi ideig sz\u00fcnetet!<\/p>\n<p><em>T\u00e1rol\u00e1s: Sz\u00e1raz, napf\u00e9nyt\u0151l v\u00e9dett helyen<\/em><br \/>\nFigyelem! A term\u00e9k takarm\u00e1ny-kieg\u00e9sz\u00edt\u0151 \u00e9s nem helyettes\u00edti az esetlegesen sz\u00fcks\u00e9ges \u00e1llatorvosi kezel\u00e9st!<\/p>\n<p>&nbsp;<\/p>\n<p>&nbsp;<\/p>","protected":false},"excerpt":{"rendered":"<p><span style=\"color: #000000;\">A homokt\u00f6vismag nagyon eg\u00e9szs\u00e9ges \u00e9s rendk\u00edv\u00fcl sokoldal\u00fa superfood. Magas a B-, C-, E- vitamin tartalma illetve omega 3, 6 zs\u00edrsavakban gazdag. <\/span><span style=\"color: #000000;\">Kiv\u00e1l\u00f3 immuner\u0151s\u00edt\u0151k\u00e9nt minden \u00e9letkorban! Hozz\u00e1j\u00e1rul az eg\u00e9szs\u00e9ges sz\u0151rh\u00f6z \u00e9s b\u0151rh\u00f6z. J\u00f3t\u00e9kony hat\u00e1ssal vannak a <span style=\"caret-color: #000000;\">sz\u00edvm\u0171k\u00f6d\u00e9sre<\/span>.<\/span><\/p>\n<p><strong>Kiszerel\u00e9s<\/strong>: 100g<\/p>","protected":false},"featured_media":19099,"template":"","meta":{"om_disable_all_campaigns":false,"_monsterinsights_skip_tracking":false,"_monsterinsights_sitenote_active":false,"_monsterinsights_sitenote_note":"","_monsterinsights_sitenote_category":0,"site-sidebar-layout":"default","site-content-layout":"default","ast-site-content-layout":"default","site-content-style":"default","site-sidebar-style":"default","ast-global-header-display":"","ast-banner-title-visibility":"","ast-main-header-display":"","ast-hfb-above-header-display":"","ast-hfb-below-header-display":"","ast-hfb-mobile-header-display":"","site-post-title":"","ast-breadcrumbs-content":"","ast-featured-img":"","footer-sml-layout":"","theme-transparent-header-meta":"default","adv-header-id-meta":"","stick-header-meta":"","header-above-stick-meta":"","header-main-stick-meta":"","header-below-stick-meta":"","astra-migrate-meta-layouts":"set","ast-page-background-enabled":"default","ast-page-background-meta":{"desktop":{"background-color":"","background-image":"","background-repeat":"repeat","background-position":"center center","background-size":"auto","background-attachment":"scroll","background-type":"","background-media":"","overlay-type":"","overlay-color":"","overlay-opacity":"","overlay-gradient":""},"tablet":{"background-color":"","background-image":"","background-repeat":"repeat","background-position":"center center","background-size":"auto","background-attachment":"scroll","background-type":"","background-media":"","overlay-type":"","overlay-color":"","overlay-opacity":"","overlay-gradient":""},"mobile":{"background-color":"","background-image":"","background-repeat":"repeat","background-position":"center center","background-size":"auto","background-attachment":"scroll","background-type":"","background-media":"","overlay-type":"","overlay-color":"","overlay-opacity":"","overlay-gradient":""}},"ast-content-background-meta":{"desktop":{"background-color":"var(--ast-global-color-5)","background-image":"","background-repeat":"repeat","background-position":"center center","background-size":"auto","background-attachment":"scroll","background-type":"","background-media":"","overlay-type":"","overlay-color":"","overlay-opacity":"","overlay-gradient":""},"tablet":{"background-color":"var(--ast-global-color-5)","background-image":"","background-repeat":"repeat","background-position":"center center","background-size":"auto","background-attachment":"scroll","background-type":"","background-media":"","overlay-type":"","overlay-color":"","overlay-opacity":"","overlay-gradient":""},"mobile":{"background-color":"var(--ast-global-color-5)","background-image":"","background-repeat":"repeat","background-position":"center center","background-size":"auto","background-attachment":"scroll","background-type":"","background-media":"","overlay-type":"","overlay-color":"","overlay-opacity":"","overlay-gradient":""}}},"product_brand":[],"product_cat":[258],"product_tag":[824,823,1282,240,828,827,776,777,819],"class_list":{"0":"post-19094","1":"product","2":"type-product","3":"status-publish","4":"has-post-thumbnail","6":"product_cat-francia-bulldog-taplalekkiegeszito-vitamin","7":"product_tag-francia-bulldog-taplalekkiegeszito","8":"product_tag-francia-bulldog-vitamin","9":"product_tag-homoktovis-kutyanak","10":"product_tag-immunerosito","11":"product_tag-immunerosito-kutyaknak","12":"product_tag-kutya-immunerosites","13":"product_tag-kutya-immunerosito","14":"product_tag-kutya-multivitamin","15":"product_tag-kutya-vitamin","16":"desktop-align-left","17":"tablet-align-left","18":"mobile-align-left","20":"first","21":"instock","22":"shipping-taxable","23":"purchasable","24":"product-type-simple"},"aioseo_notices":[],"_links":{"self":[{"href":"https:\/\/dembedesign.hu\/en\/wp-json\/wp\/v2\/product\/19094","targetHints":{"allow":["GET"]}}],"collection":[{"href":"https:\/\/dembedesign.hu\/en\/wp-json\/wp\/v2\/product"}],"about":[{"href":"https:\/\/dembedesign.hu\/en\/wp-json\/wp\/v2\/types\/product"}],"version-history":[{"count":6,"href":"https:\/\/dembedesign.hu\/en\/wp-json\/wp\/v2\/product\/19094\/revisions"}],"predecessor-version":[{"id":19104,"href":"https:\/\/dembedesign.hu\/en\/wp-json\/wp\/v2\/product\/19094\/revisions\/19104"}],"wp:featuredmedia":[{"embeddable":true,"href":"https:\/\/dembedesign.hu\/en\/wp-json\/wp\/v2\/media\/19099"}],"wp:attachment":[{"href":"https:\/\/dembedesign.hu\/en\/wp-json\/wp\/v2\/media?parent=19094"}],"wp:term":[{"taxonomy":"product_brand","embeddable":true,"href":"https:\/\/dembedesign.hu\/en\/wp-json\/wp\/v2\/product_brand?post=19094"},{"taxonomy":"product_cat","embeddable":true,"href":"https:\/\/dembedesign.hu\/en\/wp-json\/wp\/v2\/product_cat?post=19094"},{"taxonomy":"product_tag","embeddable":true,"href":"https:\/\/dembedesign.hu\/en\/wp-json\/wp\/v2\/product_tag?post=19094"}],"curies":[{"name":"wp","href":"https:\/\/api.w.org\/{rel}","templated":true}]}}