{"id":19209,"date":"2026-04-23T10:07:38","date_gmt":"2026-04-23T08:07:38","guid":{"rendered":"https:\/\/dembedesign.hu\/?post_type=product&#038;p=19209"},"modified":"2026-04-23T10:15:56","modified_gmt":"2026-04-23T08:15:56","slug":"egkek-allithato-nyakorv-puha-belelt","status":"publish","type":"product","link":"https:\/\/dembedesign.hu\/en\/product\/egkek-allithato-nyakorv-puha-belelt\/","title":{"rendered":"\u00c9gk\u00e9k \u00e1ll\u00edthat\u00f3 nyak\u00f6rv (puha, b\u00e9lelt)"},"content":{"rendered":"<p><strong>\u00c1ll\u00edthat\u00f3, k\u00e9nyelmes nyak\u00f6rv a DUKIER spanyol m\u00e1rk\u00e1t\u00f3l. Puha neopr\u00e9n b\u00e9l\u00e9s\u00e9nek k\u00f6sz\u00f6nhet\u0151en nem d\u00f6rzs\u00f6li a kuty\u00e1k nyak\u00e1t. Sz\u00e9les sk\u00e1l\u00e1n \u00e1ll\u00edthat\u00f3 \u00edgy t\u00f6k\u00e9letesen illeszkedik.\u00a0<\/strong><strong>A csattja 4 pontos biztons\u00e1gi z\u00e1rrendszerrel van ell\u00e1tva, \u00edgy extra v\u00e9delmet ny\u00fajt haszn\u00e1lat k\u00f6zben. <\/strong><strong style=\"font-size: 16px;\">Machine washable at 30 degrees!\u00a0<\/strong><\/p>\n<p><strong>PROPERTIES:<\/strong><\/p>\n<ul>\n<li>\u00c1ll\u00edthat\u00f3, k\u00e9nyelmes nyak\u00f6rv.<\/li>\n<li>Puha neopr\u00e9n b\u00e9l\u00e9s.<\/li>\n<li>Nem d\u00f6rzs\u00f6li a kuty\u00e1k nyak\u00e1t.<\/li>\n<li>Sz\u00e9les sk\u00e1l\u00e1n \u00e1ll\u00edthat\u00f3.<\/li>\n<li>A csattja 4 pontos biztons\u00e1gi z\u00e1r.<\/li>\n<li>Machine washable at 30 degrees!<\/li>\n<\/ul>\n<p><strong>M\u00c9RETE:<\/strong><\/p>\n<p><strong>S m\u00e9ret:<\/strong> 26 \u2013 39 cm, <strong>sz\u00e9less\u00e9g:<\/strong>\u00a01,5 cm<br \/>\n<strong>M m\u00e9ret:<\/strong> 33 \u2013 51 cm, <strong>sz\u00e9less\u00e9g:<\/strong>\u00a02 cm<br \/>\n<strong>L m\u00e9ret:<\/strong> 41 \u2013 66 cm, <strong>sz\u00e9less\u00e9g:<\/strong> 2,5 cm<\/p>\n<p>&nbsp;<\/p>\n<p>&nbsp;<\/p>","protected":false},"excerpt":{"rendered":"<p>\u00c1ll\u00edthat\u00f3, k\u00e9nyelmes nyak\u00f6rv a DUKIER spanyol m\u00e1rk\u00e1t\u00f3l. Puha neopr\u00e9n b\u00e9l\u00e9s\u00e9 van, \u00edgy nem d\u00f6rzs\u00f6li a kuty\u00e1k nyak\u00e1t. SA csattja 4 pontos biztons\u00e1gi z\u00e1rrendszer\u0171.<\/p>","protected":false},"featured_media":19217,"template":"","meta":{"om_disable_all_campaigns":false,"_monsterinsights_skip_tracking":false,"_monsterinsights_sitenote_active":false,"_monsterinsights_sitenote_note":"","_monsterinsights_sitenote_category":0,"site-sidebar-layout":"default","site-content-layout":"default","ast-site-content-layout":"default","site-content-style":"default","site-sidebar-style":"default","ast-global-header-display":"","ast-banner-title-visibility":"","ast-main-header-display":"","ast-hfb-above-header-display":"","ast-hfb-below-header-display":"","ast-hfb-mobile-header-display":"","site-post-title":"","ast-breadcrumbs-content":"","ast-featured-img":"","footer-sml-layout":"","theme-transparent-header-meta":"default","adv-header-id-meta":"","stick-header-meta":"","header-above-stick-meta":"","header-main-stick-meta":"","header-below-stick-meta":"","astra-migrate-meta-layouts":"set","ast-page-background-enabled":"default","ast-page-background-meta":{"desktop":{"background-color":"","background-image":"","background-repeat":"repeat","background-position":"center center","background-size":"auto","background-attachment":"scroll","background-type":"","background-media":"","overlay-type":"","overlay-color":"","overlay-opacity":"","overlay-gradient":""},"tablet":{"background-color":"","background-image":"","background-repeat":"repeat","background-position":"center center","background-size":"auto","background-attachment":"scroll","background-type":"","background-media":"","overlay-type":"","overlay-color":"","overlay-opacity":"","overlay-gradient":""},"mobile":{"background-color":"","background-image":"","background-repeat":"repeat","background-position":"center center","background-size":"auto","background-attachment":"scroll","background-type":"","background-media":"","overlay-type":"","overlay-color":"","overlay-opacity":"","overlay-gradient":""}},"ast-content-background-meta":{"desktop":{"background-color":"var(--ast-global-color-5)","background-image":"","background-repeat":"repeat","background-position":"center center","background-size":"auto","background-attachment":"scroll","background-type":"","background-media":"","overlay-type":"","overlay-color":"","overlay-opacity":"","overlay-gradient":""},"tablet":{"background-color":"var(--ast-global-color-5)","background-image":"","background-repeat":"repeat","background-position":"center center","background-size":"auto","background-attachment":"scroll","background-type":"","background-media":"","overlay-type":"","overlay-color":"","overlay-opacity":"","overlay-gradient":""},"mobile":{"background-color":"var(--ast-global-color-5)","background-image":"","background-repeat":"repeat","background-position":"center center","background-size":"auto","background-attachment":"scroll","background-type":"","background-media":"","overlay-type":"","overlay-color":"","overlay-opacity":"","overlay-gradient":""}}},"product_brand":[],"product_cat":[81],"product_tag":[858,89,90],"class_list":{"0":"post-19209","1":"product","2":"type-product","3":"status-publish","4":"has-post-thumbnail","6":"product_cat-francia-bulldog-nyakorv-szett","7":"product_tag-francia-bulldog-nyakorv","8":"product_tag-nyakorv","9":"product_tag-poraz","10":"desktop-align-left","11":"tablet-align-left","12":"mobile-align-left","14":"first","15":"instock","16":"shipping-taxable","17":"purchasable","18":"product-type-variable"},"aioseo_notices":[],"_links":{"self":[{"href":"https:\/\/dembedesign.hu\/en\/wp-json\/wp\/v2\/product\/19209","targetHints":{"allow":["GET"]}}],"collection":[{"href":"https:\/\/dembedesign.hu\/en\/wp-json\/wp\/v2\/product"}],"about":[{"href":"https:\/\/dembedesign.hu\/en\/wp-json\/wp\/v2\/types\/product"}],"version-history":[{"count":1,"href":"https:\/\/dembedesign.hu\/en\/wp-json\/wp\/v2\/product\/19209\/revisions"}],"predecessor-version":[{"id":19214,"href":"https:\/\/dembedesign.hu\/en\/wp-json\/wp\/v2\/product\/19209\/revisions\/19214"}],"wp:featuredmedia":[{"embeddable":true,"href":"https:\/\/dembedesign.hu\/en\/wp-json\/wp\/v2\/media\/19217"}],"wp:attachment":[{"href":"https:\/\/dembedesign.hu\/en\/wp-json\/wp\/v2\/media?parent=19209"}],"wp:term":[{"taxonomy":"product_brand","embeddable":true,"href":"https:\/\/dembedesign.hu\/en\/wp-json\/wp\/v2\/product_brand?post=19209"},{"taxonomy":"product_cat","embeddable":true,"href":"https:\/\/dembedesign.hu\/en\/wp-json\/wp\/v2\/product_cat?post=19209"},{"taxonomy":"product_tag","embeddable":true,"href":"https:\/\/dembedesign.hu\/en\/wp-json\/wp\/v2\/product_tag?post=19209"}],"curies":[{"name":"wp","href":"https:\/\/api.w.org\/{rel}","templated":true}]}}