{"id":19331,"date":"2026-04-25T13:41:01","date_gmt":"2026-04-25T11:41:01","guid":{"rendered":"https:\/\/dembedesign.hu\/?post_type=product&#038;p=19331"},"modified":"2026-04-25T14:02:38","modified_gmt":"2026-04-25T12:02:38","slug":"noseprint-spf-50-fenyvedo-spray-rovid-szoru-vilagos-szoru-kutyaknak","status":"publish","type":"product","link":"https:\/\/dembedesign.hu\/en\/product\/noseprint-spf-50-fenyvedo-spray-rovid-szoru-vilagos-szoru-kutyaknak\/","title":{"rendered":"NosePrint &#8211; SPF 50 f\u00e9nyv\u00e9d\u0151 spray (r\u00f6vid sz\u0151r\u0171\/vil\u00e1gos sz\u0151r\u0171 kuty\u00e1knak)"},"content":{"rendered":"<p data-start=\"187\" data-end=\"553\"><strong>A NosePrint SPF 50 f\u00e9nyv\u00e9d\u0151 spray kifejezetten r\u00f6vid sz\u0151r\u0171 illetve vil\u00e1gos sz\u0151r\u0171 kuty\u00e1knak. Teljes testfel\u00fclet\u0171 napv\u00e9delemet biztos\u00edt.<\/strong> <strong>Hat\u00e9konyan \u00e9s egyenletesen \u00f3vja az \u00e9rz\u00e9keny b\u0151rfel\u00fcleteket az UV-sug\u00e1rz\u00e1st\u00f3l. Seg\u00edt <\/strong><b>megel\u0151zni a nap\u00e9g\u00e9st. K\u00f6nny\u0171, nem zs\u00edros formula, amely egyenletesen permetezhet\u0151 a sz\u0151rre \u00e9s a b\u0151rre! <\/b><strong>Term\u00e9szetes, b\u0151rbar\u00e1t \u00f6sszetev\u0151ket tartalmaz. \u00c9rz\u00e9keny \u00e9s allergi\u00e1ra hajlamos kuty\u00e1k sz\u00e1m\u00e1ra is ide\u00e1lis! Vegyszermentes.<\/strong><\/p>\n<p><strong>PROPERTIES:<\/strong><\/p>\n<ul>\n<li>Magas f\u00e9nyv\u00e9delm\u0171 spray kuty\u00e1knak.<\/li>\n<li>Teljes testfel\u00fclet\u0171 napv\u00e9delem.<\/li>\n<li>Megv\u00e9di a b\u0151rt a k\u00e1ros UV-sug\u00e1rz\u00e1st\u00f3l.<\/li>\n<li>V\u00e9delmet ny\u00fajt a k\u00e1ros UVA \u00e9s UVB sugarak ellen.<\/li>\n<li>Seg\u00edt megel\u0151zni a nap\u00e9g\u00e9st.<\/li>\n<li>K\u00f6nny\u0171, nem zs\u00edros formula.<\/li>\n<li>Egyenletesen permetezhet\u0151 a sz\u0151rre \u00e9s a b\u0151rre!<\/li>\n<li>Term\u00e9szetes, b\u0151rbar\u00e1t \u00f6sszetev\u0151ket tartalmaz.<\/li>\n<li>Kimondottan aj\u00e1nlott a r\u00f6vid sz\u0151r\u0171 illetve vil\u00e1gos sz\u0151r\u0171 kuty\u00e1knak!<\/li>\n<li>Allergi\u00e1s \u00e9s \u00e9rz\u00e9kenyb\u0151r\u0171 kuty\u00e1knak sz\u00e1m\u00e1ra is ide\u00e1lis!<\/li>\n<li>Vegyszermentes.<\/li>\n<\/ul>\n<p><strong style=\"font-size: 16px;\"><img decoding=\"async\" class=\"alignnone wp-image-8739\" src=\"https:\/\/dembedesign.hu\/wp-content\/uploads\/2022\/09\/Kepernyofoto-2022-08-29-19.51.31-300x295.png\" sizes=\"(max-width: 123px) 100vw, 123px\" srcset=\"https:\/\/dembedesign.hu\/wp-content\/uploads\/2022\/09\/Kepernyofoto-2022-08-29-19.51.31-300x295.png 300w, https:\/\/dembedesign.hu\/wp-content\/uploads\/2022\/09\/Kepernyofoto-2022-08-29-19.51.31-1024x1007.png 1024w, https:\/\/dembedesign.hu\/wp-content\/uploads\/2022\/09\/Kepernyofoto-2022-08-29-19.51.31-768x755.png 768w, https:\/\/dembedesign.hu\/wp-content\/uploads\/2022\/09\/Kepernyofoto-2022-08-29-19.51.31-12x12.png 12w, https:\/\/dembedesign.hu\/wp-content\/uploads\/2022\/09\/Kepernyofoto-2022-08-29-19.51.31-600x590.png 600w, https:\/\/dembedesign.hu\/wp-content\/uploads\/2022\/09\/Kepernyofoto-2022-08-29-19.51.31.png 1056w\" alt=\"\" width=\"123\" height=\"121\" \/>Nem tartalmaz p\u00e1lmaolajat, k\u0151olajsz\u00e1rmaz\u00e9kokat \u00e9s parab\u00e9nmentes!<\/strong><\/p>\n<p><strong>HOW TO USE YOUR DOG?<\/strong><\/p>\n<ul>\n<li data-section-id=\"1nmigvp\" data-start=\"37\" data-end=\"124\">Haszn\u00e1lat el\u0151tt alaposan r\u00e1zd fel!<\/li>\n<li data-section-id=\"152w9wr\" data-start=\"125\" data-end=\"243\">Permetezd egyenletesen a kiv\u00e1lasztott b\u0151rter\u00fcletre!<\/li>\n<li data-section-id=\"152w9wr\" data-start=\"125\" data-end=\"243\">\u00dcgyelj arra, hogy ne ker\u00fclj\u00f6n a szembe!<\/li>\n<li data-section-id=\"15dkna4\" data-start=\"337\" data-end=\"436\">Sz\u00fcks\u00e9g szerint ism\u00e9teld meg k\u00fcl\u00f6n\u00f6sen \u00fasz\u00e1s vagy hosszan tart\u00f3 naps\u00fct\u00e9s ut\u00e1n!<\/li>\n<li data-section-id=\"15dkna4\" data-start=\"337\" data-end=\"436\">\u00c9lvezz\u00e9tek a szabadt\u00e9ri programotokat!<\/li>\n<\/ul>\n<p><strong>JAVASOLT:<\/strong><\/p>\n<ul>\n<li>Napi s\u00e9t\u00e1khoz, t\u00far\u00e1khoz, strandol\u00e1shoz vagy kerti j\u00e1t\u00e9khoz.<\/li>\n<li>F\u00fclekre, orra, hasra \u00e9s m\u00e1s \u00e9rz\u00e9keny ter\u00fcletekre.<\/li>\n<li>Teljes testfel\u00fclet\u0171 napv\u00e9delemhez.<\/li>\n<\/ul>\n<p><strong data-start=\"117\" data-end=\"132\">\u00d6SSZETEV\u0150K: <\/strong>sz\u0151l\u0151magolaj, ricinusolaj, k\u00f3kuszvaj, ol\u00edvaolaj, tit\u00e1n-dioxid<\/p>\n<p><strong>Storage:<\/strong> Sz\u00e1raz, h\u0171v\u00f6s helyen, k\u00f6zvetlen napf\u00e9nyt\u0151l v\u00e9dve, szobah\u0151m\u00e9rs\u00e9kleten.<\/p>\n<p><strong>How many:<\/strong>\u00a030 ml<\/p>\n<p>&nbsp;<\/p>\n<p>&nbsp;<\/p>","protected":false},"excerpt":{"rendered":"<p>NosePrint SPF 50 f\u00e9nyv\u00e9d\u0151 spray kifejezetten r\u00f6vid sz\u0151r\u0171 illetve vil\u00e1gos sz\u0151r\u0171 kuty\u00e1knak. Teljes testfel\u00fclet\u0171 napv\u00e9delemet biztos\u00edt. Hat\u00e9konyan \u00f3vja az \u00e9rz\u00e9keny b\u0151rfel\u00fcleteket az UV-sug\u00e1rz\u00e1st\u00f3l. Seg\u00edt megel\u0151zni a nap\u00e9g\u00e9st. Egyenletesen permetezhet\u0151 a sz\u0151rre \u00e9s a b\u0151rre!<\/p>\n<p><strong>How many:<\/strong> 50 ml<\/p>","protected":false},"featured_media":19332,"template":"","meta":{"om_disable_all_campaigns":false,"_monsterinsights_skip_tracking":false,"_monsterinsights_sitenote_active":false,"_monsterinsights_sitenote_note":"","_monsterinsights_sitenote_category":0,"site-sidebar-layout":"default","site-content-layout":"default","ast-site-content-layout":"default","site-content-style":"default","site-sidebar-style":"default","ast-global-header-display":"","ast-banner-title-visibility":"","ast-main-header-display":"","ast-hfb-above-header-display":"","ast-hfb-below-header-display":"","ast-hfb-mobile-header-display":"","site-post-title":"","ast-breadcrumbs-content":"","ast-featured-img":"","footer-sml-layout":"","theme-transparent-header-meta":"default","adv-header-id-meta":"","stick-header-meta":"","header-above-stick-meta":"","header-main-stick-meta":"","header-below-stick-meta":"","astra-migrate-meta-layouts":"set","ast-page-background-enabled":"default","ast-page-background-meta":{"desktop":{"background-color":"","background-image":"","background-repeat":"repeat","background-position":"center center","background-size":"auto","background-attachment":"scroll","background-type":"","background-media":"","overlay-type":"","overlay-color":"","overlay-opacity":"","overlay-gradient":""},"tablet":{"background-color":"","background-image":"","background-repeat":"repeat","background-position":"center center","background-size":"auto","background-attachment":"scroll","background-type":"","background-media":"","overlay-type":"","overlay-color":"","overlay-opacity":"","overlay-gradient":""},"mobile":{"background-color":"","background-image":"","background-repeat":"repeat","background-position":"center center","background-size":"auto","background-attachment":"scroll","background-type":"","background-media":"","overlay-type":"","overlay-color":"","overlay-opacity":"","overlay-gradient":""}},"ast-content-background-meta":{"desktop":{"background-color":"var(--ast-global-color-5)","background-image":"","background-repeat":"repeat","background-position":"center center","background-size":"auto","background-attachment":"scroll","background-type":"","background-media":"","overlay-type":"","overlay-color":"","overlay-opacity":"","overlay-gradient":""},"tablet":{"background-color":"var(--ast-global-color-5)","background-image":"","background-repeat":"repeat","background-position":"center center","background-size":"auto","background-attachment":"scroll","background-type":"","background-media":"","overlay-type":"","overlay-color":"","overlay-opacity":"","overlay-gradient":""},"mobile":{"background-color":"var(--ast-global-color-5)","background-image":"","background-repeat":"repeat","background-position":"center center","background-size":"auto","background-attachment":"scroll","background-type":"","background-media":"","overlay-type":"","overlay-color":"","overlay-opacity":"","overlay-gradient":""}}},"product_brand":[],"product_cat":[100],"product_tag":[893,888,894,886,1116,416,587],"class_list":{"0":"post-19331","1":"product","2":"type-product","3":"status-publish","4":"has-post-thumbnail","6":"product_cat-francia-bulldog-naturkozmetikum","7":"product_tag-francia-bulldog-krem","8":"product_tag-kutya-kozmetikum","9":"product_tag-kutya-krem","10":"product_tag-kutya-naturkozmetikum","11":"product_tag-mancs-krem","12":"product_tag-mancsapolo","13":"product_tag-orrapolo","14":"desktop-align-left","15":"tablet-align-left","16":"mobile-align-left","18":"first","19":"instock","20":"shipping-taxable","21":"purchasable","22":"product-type-simple"},"aioseo_notices":[],"_links":{"self":[{"href":"https:\/\/dembedesign.hu\/en\/wp-json\/wp\/v2\/product\/19331","targetHints":{"allow":["GET"]}}],"collection":[{"href":"https:\/\/dembedesign.hu\/en\/wp-json\/wp\/v2\/product"}],"about":[{"href":"https:\/\/dembedesign.hu\/en\/wp-json\/wp\/v2\/types\/product"}],"version-history":[{"count":4,"href":"https:\/\/dembedesign.hu\/en\/wp-json\/wp\/v2\/product\/19331\/revisions"}],"predecessor-version":[{"id":19340,"href":"https:\/\/dembedesign.hu\/en\/wp-json\/wp\/v2\/product\/19331\/revisions\/19340"}],"wp:featuredmedia":[{"embeddable":true,"href":"https:\/\/dembedesign.hu\/en\/wp-json\/wp\/v2\/media\/19332"}],"wp:attachment":[{"href":"https:\/\/dembedesign.hu\/en\/wp-json\/wp\/v2\/media?parent=19331"}],"wp:term":[{"taxonomy":"product_brand","embeddable":true,"href":"https:\/\/dembedesign.hu\/en\/wp-json\/wp\/v2\/product_brand?post=19331"},{"taxonomy":"product_cat","embeddable":true,"href":"https:\/\/dembedesign.hu\/en\/wp-json\/wp\/v2\/product_cat?post=19331"},{"taxonomy":"product_tag","embeddable":true,"href":"https:\/\/dembedesign.hu\/en\/wp-json\/wp\/v2\/product_tag?post=19331"}],"curies":[{"name":"wp","href":"https:\/\/api.w.org\/{rel}","templated":true}]}}