{"id":19430,"date":"2026-05-05T14:49:56","date_gmt":"2026-05-05T12:49:56","guid":{"rendered":"https:\/\/dembedesign.hu\/?post_type=product&#038;p=19430"},"modified":"2026-05-06T08:28:44","modified_gmt":"2026-05-06T06:28:44","slug":"gumikacsas-kutyasapka","status":"publish","type":"product","link":"https:\/\/dembedesign.hu\/en\/product\/gumikacsas-kutyasapka\/","title":{"rendered":"Gumikacs\u00e1s kutyasapka"},"content":{"rendered":"<p><strong>Pamutv\u00e1szonb\u00f3l k\u00e9sz\u00fclt ny\u00e1ri kutyasapka, amely v\u00e9delmet ny\u00fajt a naps\u00fct\u00e9s ellen. K\u00f6nny\u0171, l\u00e9g\u00e1tereszt\u0151 anyag\u00e1val k\u00e9nyelmes viselet a legmelegebb napokon is<\/strong><strong>. Az \u00e1ll\u00edthat\u00f3 gumip\u00e1ntja s\u00e9ta k\u00f6zben is a hely\u00e9n tartja.<\/strong><\/p>\n<p><b>SIZE<\/b><\/p>\n<p><strong>S size<\/strong><\/p>\n<p>Fej k\u00f6rm\u00e9ret: 28 \u2013 38 cm<br \/>\n<em>Ezt a m\u00e9retet \u00e1ltal\u00e1ban k\u00f6ly\u00f6k vagy n\u00f6v\u00e9sben l\u00e9v\u0151 francia bulldogoknak \u00e9s mopszoknak aj\u00e1nljuk.<\/em><\/p>\n<p><strong style=\"font-size: 16px;\">M size<\/strong><\/p>\n<p><span style=\"font-size: 16px;\">Fej k\u00f6rm\u00e9ret: 39 \u2013 45 cm<\/span><\/p>\n<div class=\"landing-block-node-card js-animation fadeInLeft col-md-6 col-lg-4 g-mb-30 landing-card\">\n<article class=\"h-100 text-center u-block-hover u-block-hover__additional--jump g-brd-around g-bg-gray-light-v5 g-brd-gray-light-v4 d-flex flex-column\">\n<div class=\"landing-block-node-card-container-bottom flex-grow-1 g-pa-40 d-flex flex-column\">\n<div class=\"landing-block-node-card-text g-mb-40\">\n<p><em>This size is usually recommended for average, standard-sized adult French Bulldogs and Pugs.<\/em><\/p>\n<p><strong>L size<\/strong><\/p>\n<p>Fej k\u00f6rm\u00e9ret: 46 \u2013 58 cm<br \/>\n<em>This size is generally recommended for stockier, larger adult French Bulldogs and Pugs.<\/em><\/p>\n<\/div>\n<\/div>\n<\/article>\n<\/div>\n<p>&nbsp;<\/p>\n<p>&nbsp;<\/p>","protected":false},"excerpt":{"rendered":"<p>Pamutv\u00e1szonb\u00f3l k\u00e9sz\u00fclt ny\u00e1ri kutyasapka, amely v\u00e9delmet ny\u00fajt a naps\u00fct\u00e9s ellen. K\u00f6nny\u0171, l\u00e9g\u00e1tereszt\u0151 anyag\u00e1val k\u00e9nyelmes viselet a legmelegebb napokon is. Az \u00e1ll\u00edthat\u00f3 gumip\u00e1ntja s\u00e9ta k\u00f6zben is a hely\u00e9n tartja.<\/p>","protected":false},"featured_media":19436,"template":"","meta":{"om_disable_all_campaigns":false,"_monsterinsights_skip_tracking":false,"_monsterinsights_sitenote_active":false,"_monsterinsights_sitenote_note":"","_monsterinsights_sitenote_category":0,"site-sidebar-layout":"default","site-content-layout":"","ast-site-content-layout":"default","site-content-style":"default","site-sidebar-style":"default","ast-global-header-display":"","ast-banner-title-visibility":"","ast-main-header-display":"","ast-hfb-above-header-display":"","ast-hfb-below-header-display":"","ast-hfb-mobile-header-display":"","site-post-title":"","ast-breadcrumbs-content":"","ast-featured-img":"","footer-sml-layout":"","theme-transparent-header-meta":"default","adv-header-id-meta":"","stick-header-meta":"","header-above-stick-meta":"","header-main-stick-meta":"","header-below-stick-meta":"","astra-migrate-meta-layouts":"set","ast-page-background-enabled":"default","ast-page-background-meta":{"desktop":{"background-color":"","background-image":"","background-repeat":"repeat","background-position":"center center","background-size":"auto","background-attachment":"scroll","background-type":"","background-media":"","overlay-type":"","overlay-color":"","overlay-opacity":"","overlay-gradient":""},"tablet":{"background-color":"","background-image":"","background-repeat":"repeat","background-position":"center center","background-size":"auto","background-attachment":"scroll","background-type":"","background-media":"","overlay-type":"","overlay-color":"","overlay-opacity":"","overlay-gradient":""},"mobile":{"background-color":"","background-image":"","background-repeat":"repeat","background-position":"center center","background-size":"auto","background-attachment":"scroll","background-type":"","background-media":"","overlay-type":"","overlay-color":"","overlay-opacity":"","overlay-gradient":""}},"ast-content-background-meta":{"desktop":{"background-color":"var(--ast-global-color-5)","background-image":"","background-repeat":"repeat","background-position":"center center","background-size":"auto","background-attachment":"scroll","background-type":"","background-media":"","overlay-type":"","overlay-color":"","overlay-opacity":"","overlay-gradient":""},"tablet":{"background-color":"var(--ast-global-color-5)","background-image":"","background-repeat":"repeat","background-position":"center center","background-size":"auto","background-attachment":"scroll","background-type":"","background-media":"","overlay-type":"","overlay-color":"","overlay-opacity":"","overlay-gradient":""},"mobile":{"background-color":"var(--ast-global-color-5)","background-image":"","background-repeat":"repeat","background-position":"center center","background-size":"auto","background-attachment":"scroll","background-type":"","background-media":"","overlay-type":"","overlay-color":"","overlay-opacity":"","overlay-gradient":""}}},"product_brand":[],"product_cat":[1287],"product_tag":[1290,1289,1288],"class_list":{"0":"post-19430","1":"product","2":"type-product","3":"status-publish","4":"has-post-thumbnail","6":"product_cat-francia-bulldog-kutyasapka","7":"product_tag-francia-bulldog-sapka","8":"product_tag-kutyakalap","9":"product_tag-kutyasapka","10":"desktop-align-left","11":"tablet-align-left","12":"mobile-align-left","14":"first","15":"instock","16":"shipping-taxable","17":"purchasable","18":"product-type-variable"},"aioseo_notices":[],"_links":{"self":[{"href":"https:\/\/dembedesign.hu\/en\/wp-json\/wp\/v2\/product\/19430","targetHints":{"allow":["GET"]}}],"collection":[{"href":"https:\/\/dembedesign.hu\/en\/wp-json\/wp\/v2\/product"}],"about":[{"href":"https:\/\/dembedesign.hu\/en\/wp-json\/wp\/v2\/types\/product"}],"version-history":[{"count":2,"href":"https:\/\/dembedesign.hu\/en\/wp-json\/wp\/v2\/product\/19430\/revisions"}],"predecessor-version":[{"id":19492,"href":"https:\/\/dembedesign.hu\/en\/wp-json\/wp\/v2\/product\/19430\/revisions\/19492"}],"wp:featuredmedia":[{"embeddable":true,"href":"https:\/\/dembedesign.hu\/en\/wp-json\/wp\/v2\/media\/19436"}],"wp:attachment":[{"href":"https:\/\/dembedesign.hu\/en\/wp-json\/wp\/v2\/media?parent=19430"}],"wp:term":[{"taxonomy":"product_brand","embeddable":true,"href":"https:\/\/dembedesign.hu\/en\/wp-json\/wp\/v2\/product_brand?post=19430"},{"taxonomy":"product_cat","embeddable":true,"href":"https:\/\/dembedesign.hu\/en\/wp-json\/wp\/v2\/product_cat?post=19430"},{"taxonomy":"product_tag","embeddable":true,"href":"https:\/\/dembedesign.hu\/en\/wp-json\/wp\/v2\/product_tag?post=19430"}],"curies":[{"name":"wp","href":"https:\/\/api.w.org\/{rel}","templated":true}]}}