{"id":4405,"date":"2022-03-05T21:43:33","date_gmt":"2022-03-05T21:43:33","guid":{"rendered":"https:\/\/dembedesign.hu\/?post_type=product&#038;p=4405"},"modified":"2025-01-24T10:56:44","modified_gmt":"2025-01-24T09:56:44","slug":"aquamarine-nyakorv-szett","status":"publish","type":"product","link":"https:\/\/dembedesign.hu\/en\/product\/aquamarine-nyakorv-szett\/","title":{"rendered":"UTOLS\u00d3 DARABOK &#8211; Aquamarine nyak\u00f6rv szett"},"content":{"rendered":"<p><strong>K\u00f6rnyezetbar\u00e1t elj\u00e1r\u00e1ssal k\u00e9sz\u00fclt eleg\u00e1ns nyak\u00f6rv szett. Az felhaszn\u00e1lt textil digit\u00e1lis nyomtat\u00e1ssal k\u00e9sz\u00fclt. Az elj\u00e1r\u00e1ssal a v\u00edz, az \u00e1ram \u00e9s a fest\u00e9kfelhaszn\u00e1l\u00e1s minim\u00e1lisra cs\u00f6kkenthet\u0151. Az anyagot hevederrel p\u00e1ros\u00edtottuk, \u00edgy a nyak\u00f6rv a h\u00faz\u00f3s napokon is helyt \u00e1ll.\u00a0Mindezt kieg\u00e9sz\u00edti az ez\u00fcst f\u00e9m csatt. K\u00f6nnyen tiszt\u00edthat\u00f3, mos\u00f3g\u00e9pben 30 fokon moshat\u00f3!<\/strong><\/p>\n<p><a href=\"https:\/\/dembedesign.hu\/en\/product-category\/nyakorv-szett\/\"><img fetchpriority=\"high\" decoding=\"async\" class=\"alignnone\" src=\"https:\/\/dembedesign.hu\/wp-content\/uploads\/2022\/03\/8D876FBD-133B-4FD8-8860-D42B64EBF403_2_2x.jpeg\" alt=\"nyak\u00f6rv szett\" width=\"481\" height=\"368\" \/><\/a><\/p>\n<p><strong>FULL SET\u00a0<\/strong>(collar + bowtie + leash) <strong>\u2013 11 200 Ft<\/strong><\/p>\n<p><strong>COLLAR - 4000 FT<\/strong><\/p>\n<p>XS size: 25 \u2013 29 cm<br \/>\nS size: 30 \u2013 34 cm<br \/>\nM size: 35 \u2013 48 cm<br \/>\nM size: 35 \u2013 48 cm<\/p>\n<p><strong>BOWTIE \u2013 2 400 Ft<\/strong>\u00a0(standard size)<\/p>\n<p><strong>LEASH - 4 800 Ft<\/strong><br \/>\nLength: 120 cm<\/p>\n<p>&nbsp;<\/p>\n<p>&nbsp;<\/p>","protected":false},"excerpt":{"rendered":"<p>K\u00f6rnyezetbar\u00e1t elj\u00e1r\u00e1ssal k\u00e9sz\u00fclt eleg\u00e1ns nyak\u00f6rv szett. Digit\u00e1lis nyomtat\u00e1ssal a v\u00edz, az \u00e1ram \u00e9s a fest\u00e9kfelhaszn\u00e1l\u00e1s minim\u00e1lisra cs\u00f6kkenthet\u0151. Az anyagot hevederrel p\u00e1ros\u00edtottuk, \u00edgy a nyak\u00f6rv a h\u00faz\u00f3s napokon is helyt \u00e1ll. Mindezt kieg\u00e9sz\u00edti az ez\u00fcst f\u00e9m csatt.\u00a0K\u00f6nnyen mos\u00f3g\u00e9pben tiszt\u00edthat\u00f3!<\/p>\n<p><strong>SCROLL DETAILS AND SIZE GUIDE!<\/strong><\/p>","protected":false},"featured_media":4406,"template":"","meta":{"om_disable_all_campaigns":false,"_monsterinsights_skip_tracking":false,"_monsterinsights_sitenote_active":false,"_monsterinsights_sitenote_note":"","_monsterinsights_sitenote_category":0,"site-sidebar-layout":"default","site-content-layout":"default","ast-site-content-layout":"default","site-content-style":"default","site-sidebar-style":"default","ast-global-header-display":"","ast-banner-title-visibility":"","ast-main-header-display":"","ast-hfb-above-header-display":"","ast-hfb-below-header-display":"","ast-hfb-mobile-header-display":"","site-post-title":"","ast-breadcrumbs-content":"","ast-featured-img":"","footer-sml-layout":"","theme-transparent-header-meta":"default","adv-header-id-meta":"","stick-header-meta":"","header-above-stick-meta":"","header-main-stick-meta":"","header-below-stick-meta":"","astra-migrate-meta-layouts":"default","ast-page-background-enabled":"default","ast-page-background-meta":{"desktop":{"background-color":"","background-image":"","background-repeat":"repeat","background-position":"center center","background-size":"auto","background-attachment":"scroll","background-type":"","background-media":"","overlay-type":"","overlay-color":"","overlay-opacity":"","overlay-gradient":""},"tablet":{"background-color":"","background-image":"","background-repeat":"repeat","background-position":"center center","background-size":"auto","background-attachment":"scroll","background-type":"","background-media":"","overlay-type":"","overlay-color":"","overlay-opacity":"","overlay-gradient":""},"mobile":{"background-color":"","background-image":"","background-repeat":"repeat","background-position":"center center","background-size":"auto","background-attachment":"scroll","background-type":"","background-media":"","overlay-type":"","overlay-color":"","overlay-opacity":"","overlay-gradient":""}},"ast-content-background-meta":{"desktop":{"background-color":"var(--ast-global-color-5)","background-image":"","background-repeat":"repeat","background-position":"center center","background-size":"auto","background-attachment":"scroll","background-type":"","background-media":"","overlay-type":"","overlay-color":"","overlay-opacity":"","overlay-gradient":""},"tablet":{"background-color":"var(--ast-global-color-5)","background-image":"","background-repeat":"repeat","background-position":"center center","background-size":"auto","background-attachment":"scroll","background-type":"","background-media":"","overlay-type":"","overlay-color":"","overlay-opacity":"","overlay-gradient":""},"mobile":{"background-color":"var(--ast-global-color-5)","background-image":"","background-repeat":"repeat","background-position":"center center","background-size":"auto","background-attachment":"scroll","background-type":"","background-media":"","overlay-type":"","overlay-color":"","overlay-opacity":"","overlay-gradient":""}}},"product_brand":[],"product_cat":[81],"product_tag":[858,861,863,862,857,91,89,856],"class_list":{"0":"post-4405","1":"product","2":"type-product","3":"status-publish","4":"has-post-thumbnail","6":"product_cat-francia-bulldog-nyakorv-szett","7":"product_tag-francia-bulldog-nyakorv","8":"product_tag-kakizacsitarto","9":"product_tag-kutya-csokornyakkendo","10":"product_tag-kutya-masni","11":"product_tag-kutya-nyakorv","12":"product_tag-masni","13":"product_tag-nyakorv","14":"product_tag-nyakorv-szett","15":"desktop-align-left","16":"tablet-align-left","17":"mobile-align-left","19":"first","20":"instock","21":"shipping-taxable","22":"purchasable","23":"product-type-variable"},"aioseo_notices":[],"_links":{"self":[{"href":"https:\/\/dembedesign.hu\/en\/wp-json\/wp\/v2\/product\/4405","targetHints":{"allow":["GET"]}}],"collection":[{"href":"https:\/\/dembedesign.hu\/en\/wp-json\/wp\/v2\/product"}],"about":[{"href":"https:\/\/dembedesign.hu\/en\/wp-json\/wp\/v2\/types\/product"}],"version-history":[{"count":10,"href":"https:\/\/dembedesign.hu\/en\/wp-json\/wp\/v2\/product\/4405\/revisions"}],"predecessor-version":[{"id":12803,"href":"https:\/\/dembedesign.hu\/en\/wp-json\/wp\/v2\/product\/4405\/revisions\/12803"}],"wp:featuredmedia":[{"embeddable":true,"href":"https:\/\/dembedesign.hu\/en\/wp-json\/wp\/v2\/media\/4406"}],"wp:attachment":[{"href":"https:\/\/dembedesign.hu\/en\/wp-json\/wp\/v2\/media?parent=4405"}],"wp:term":[{"taxonomy":"product_brand","embeddable":true,"href":"https:\/\/dembedesign.hu\/en\/wp-json\/wp\/v2\/product_brand?post=4405"},{"taxonomy":"product_cat","embeddable":true,"href":"https:\/\/dembedesign.hu\/en\/wp-json\/wp\/v2\/product_cat?post=4405"},{"taxonomy":"product_tag","embeddable":true,"href":"https:\/\/dembedesign.hu\/en\/wp-json\/wp\/v2\/product_tag?post=4405"}],"curies":[{"name":"wp","href":"https:\/\/api.w.org\/{rel}","templated":true}]}}