{"id":4635,"date":"2022-03-06T11:39:01","date_gmt":"2022-03-06T11:39:01","guid":{"rendered":"https:\/\/dembedesign.hu\/?post_type=product&#038;p=4635"},"modified":"2025-01-24T10:54:45","modified_gmt":"2025-01-24T09:54:45","slug":"napsugar-barsony-nyakorv-szett","status":"publish","type":"product","link":"https:\/\/dembedesign.hu\/en\/product\/napsugar-barsony-nyakorv-szett\/","title":{"rendered":"Napsug\u00e1r b\u00e1rsony nyak\u00f6rv szett"},"content":{"rendered":"<p><strong>Kifinomult, puha b\u00e1rsony nyak\u00f6rv szett. Egy klasszikus eleg\u00e1ns darab, ami egy kutyus gardr\u00f3bj\u00e1b\u00f3l sem hi\u00e1nyozhat. Az eleg\u00e1ns b\u00e1rsony anyagot p\u00e1ros\u00edtottuk a hevederrel, \u00edgy a h\u00faz\u00f3s napokon is helyt \u00e1ll.\u00a0Mindezt kieg\u00e9sz\u00edti az arany f\u00e9m csatt. K\u00f6nnyen tiszt\u00edthat\u00f3, mos\u00f3g\u00e9pben 30 fokon moshat\u00f3!<\/strong><\/p>\n<p><a href=\"https:\/\/dembedesign.hu\/en\/product-category\/nyakorv-szett\/\"><img fetchpriority=\"high\" decoding=\"async\" class=\"alignnone\" src=\"https:\/\/dembedesign.hu\/wp-content\/uploads\/2022\/03\/DBA1F655-E5CA-4AD4-9822-5E10008824A8_2x_2x.jpeg\" alt=\"b\u00e1rsony nyak\u00f6rv\" width=\"481\" height=\"358\" \/><\/a><\/p>\n<p><strong style=\"font-size: 16px;\">SET INCLUDE:\u00a0<\/strong>collar + bowtie + leash + poop bag<\/p>\n<p><strong>COLLAR<\/strong><br \/>\nM size: 35 \u2013 48 cm<br \/>\nL size: 44 \u2013 52 cm<\/p>\n<p><strong>BOWTIE <\/strong><span style=\"font-size: 16px;\"><strong>\u00a0<\/strong>(standard size)<\/span><\/p>\n<p><strong>LEASH<\/strong>\u00a0Length: 120 cm<\/p>\n<p><strong>POOP BAG<\/strong> (standard size)<\/p>","protected":false},"excerpt":{"rendered":"<p>Kifinomult, puha b\u00e1rsony nyak\u00f6rv szett. Az eleg\u00e1ns b\u00e1rsony anyagot p\u00e1ros\u00edtottuk a hevederrel, \u00edgy a h\u00faz\u00f3s napokon is helyt \u00e1ll.\u00a0Mindezt kieg\u00e9sz\u00edti az arany f\u00e9m csatt. K\u00f6nnyen \u00a0mos\u00f3g\u00e9pben tiszt\u00edthat\u00f3!<\/p>\n<p><strong style=\"font-size: 16px;\">SET INCLUDE:\u00a0<\/strong>collar + bowtie + leash + poop bag<\/p>\n<p><strong>SCROLL DETAILS AND SIZE GUIDE!<\/strong><\/p>","protected":false},"featured_media":4638,"template":"","meta":{"om_disable_all_campaigns":false,"_monsterinsights_skip_tracking":false,"_monsterinsights_sitenote_active":false,"_monsterinsights_sitenote_note":"","_monsterinsights_sitenote_category":0,"site-sidebar-layout":"default","site-content-layout":"default","ast-site-content-layout":"default","site-content-style":"default","site-sidebar-style":"default","ast-global-header-display":"","ast-banner-title-visibility":"","ast-main-header-display":"","ast-hfb-above-header-display":"","ast-hfb-below-header-display":"","ast-hfb-mobile-header-display":"","site-post-title":"","ast-breadcrumbs-content":"","ast-featured-img":"","footer-sml-layout":"","theme-transparent-header-meta":"default","adv-header-id-meta":"","stick-header-meta":"","header-above-stick-meta":"","header-main-stick-meta":"","header-below-stick-meta":"","astra-migrate-meta-layouts":"default","ast-page-background-enabled":"default","ast-page-background-meta":{"desktop":{"background-color":"","background-image":"","background-repeat":"repeat","background-position":"center center","background-size":"auto","background-attachment":"scroll","background-type":"","background-media":"","overlay-type":"","overlay-color":"","overlay-opacity":"","overlay-gradient":""},"tablet":{"background-color":"","background-image":"","background-repeat":"repeat","background-position":"center center","background-size":"auto","background-attachment":"scroll","background-type":"","background-media":"","overlay-type":"","overlay-color":"","overlay-opacity":"","overlay-gradient":""},"mobile":{"background-color":"","background-image":"","background-repeat":"repeat","background-position":"center center","background-size":"auto","background-attachment":"scroll","background-type":"","background-media":"","overlay-type":"","overlay-color":"","overlay-opacity":"","overlay-gradient":""}},"ast-content-background-meta":{"desktop":{"background-color":"var(--ast-global-color-5)","background-image":"","background-repeat":"repeat","background-position":"center center","background-size":"auto","background-attachment":"scroll","background-type":"","background-media":"","overlay-type":"","overlay-color":"","overlay-opacity":"","overlay-gradient":""},"tablet":{"background-color":"var(--ast-global-color-5)","background-image":"","background-repeat":"repeat","background-position":"center center","background-size":"auto","background-attachment":"scroll","background-type":"","background-media":"","overlay-type":"","overlay-color":"","overlay-opacity":"","overlay-gradient":""},"mobile":{"background-color":"var(--ast-global-color-5)","background-image":"","background-repeat":"repeat","background-position":"center center","background-size":"auto","background-attachment":"scroll","background-type":"","background-media":"","overlay-type":"","overlay-color":"","overlay-opacity":"","overlay-gradient":""}}},"product_brand":[],"product_cat":[81],"product_tag":[859,860,858,861,863,862,857,89,856,90],"class_list":{"0":"post-4635","1":"product","2":"type-product","3":"status-publish","4":"has-post-thumbnail","6":"product_cat-francia-bulldog-nyakorv-szett","7":"product_tag-barsony-nyakorv","8":"product_tag-barsony-poraz","9":"product_tag-francia-bulldog-nyakorv","10":"product_tag-kakizacsitarto","11":"product_tag-kutya-csokornyakkendo","12":"product_tag-kutya-masni","13":"product_tag-kutya-nyakorv","14":"product_tag-nyakorv","15":"product_tag-nyakorv-szett","16":"product_tag-poraz","17":"desktop-align-left","18":"tablet-align-left","19":"mobile-align-left","21":"first","22":"instock","23":"shipping-taxable","24":"purchasable","25":"product-type-variable"},"aioseo_notices":[],"_links":{"self":[{"href":"https:\/\/dembedesign.hu\/en\/wp-json\/wp\/v2\/product\/4635","targetHints":{"allow":["GET"]}}],"collection":[{"href":"https:\/\/dembedesign.hu\/en\/wp-json\/wp\/v2\/product"}],"about":[{"href":"https:\/\/dembedesign.hu\/en\/wp-json\/wp\/v2\/types\/product"}],"version-history":[{"count":7,"href":"https:\/\/dembedesign.hu\/en\/wp-json\/wp\/v2\/product\/4635\/revisions"}],"predecessor-version":[{"id":11853,"href":"https:\/\/dembedesign.hu\/en\/wp-json\/wp\/v2\/product\/4635\/revisions\/11853"}],"wp:featuredmedia":[{"embeddable":true,"href":"https:\/\/dembedesign.hu\/en\/wp-json\/wp\/v2\/media\/4638"}],"wp:attachment":[{"href":"https:\/\/dembedesign.hu\/en\/wp-json\/wp\/v2\/media?parent=4635"}],"wp:term":[{"taxonomy":"product_brand","embeddable":true,"href":"https:\/\/dembedesign.hu\/en\/wp-json\/wp\/v2\/product_brand?post=4635"},{"taxonomy":"product_cat","embeddable":true,"href":"https:\/\/dembedesign.hu\/en\/wp-json\/wp\/v2\/product_cat?post=4635"},{"taxonomy":"product_tag","embeddable":true,"href":"https:\/\/dembedesign.hu\/en\/wp-json\/wp\/v2\/product_tag?post=4635"}],"curies":[{"name":"wp","href":"https:\/\/api.w.org\/{rel}","templated":true}]}}