{"id":6306,"date":"2022-04-12T19:02:45","date_gmt":"2022-04-12T17:02:45","guid":{"rendered":"https:\/\/dembedesign.hu\/?post_type=product&#038;p=6306"},"modified":"2026-03-13T18:27:17","modified_gmt":"2026-03-13T17:27:17","slug":"zooro-amazing-grooming-tool-mini","status":"publish","type":"product","link":"https:\/\/dembedesign.hu\/en\/product\/zooro-amazing-grooming-tool-mini\/","title":{"rendered":"Zooro &#8211; Amazing Grooming Tool MINI"},"content":{"rendered":"<p><strong>A Zooro Amazing Grooming Tool a leghat\u00e9konyabb sz\u0151relt\u00e1vol\u00edt\u00f3 kefe, amely az elhalt sz\u0151rsz\u00e1lakat t\u00e1vol\u00edtja el. Kiv\u00e1l\u00f3 v\u00e1laszt\u00e1s r\u00f6vidsz\u0151r\u0171 kuty\u00e1knak, macsk\u00e1knak, lovaknak \u00e9s nyusziknak is. Strapab\u00edr\u00f3, k\u00f6rnyezetbar\u00e1t anyagok felhaszn\u00e1l\u00e1s\u00e1val k\u00e9zzel k\u00e9sz\u00fclt. Magyar term\u00e9k!<\/strong><\/p>\n<p><a href=\"https:\/\/dembedesign.hu\/en\/product-category\/apolas_higienia\/\"><img fetchpriority=\"high\" decoding=\"async\" class=\"r48jcc pT0Scc iPVvYb alignnone\" src=\"https:\/\/biozoo.cdn.shoprenter.hu\/custom\/biozoo\/image\/cache\/w550h550wt1q100\/k%C3%A9pek\/Term%C3%A9kek\/Zooro\/Zooro_box%20mini.png?lastmod=0.1668085052\" alt=\"Zooro sz\u0151relt\u00e1vol\u00edt\u00f3 kefe \" width=\"397\" height=\"397\" aria-hidden=\"false\" \/><\/a><\/p>\n<p>&nbsp;<\/p>\n<p><img class=\"\" \/><strong>PROPERTIES:<\/strong><\/p>\n<ul>\n<li>A leghat\u00e9konyabb sz\u0151relt\u00e1vol\u00edt\u00f3 kefe.<\/li>\n<li>Nem okoz f\u00e1jdalmat, nem s\u00e9rt\u0151 a b\u0151rt az apr\u00f3 fogacsk\u00e1knak k\u00f6sz\u00f6nhet\u0151en.<\/li>\n<li>A kutyakozmetikus nagy t\u00f6bbs\u00e9ge is ezt haszn\u00e1lja.<\/li>\n<li>R\u00f6vidsz\u0151r\u0171 \u00e9s a k\u00f6z\u00e9phossz\u00fa, egyenes sz\u0151r\u0171 kuty\u00e1knak a legide\u00e1lisabb (pl: francia bulldog, mossz, chivauvau, golden retriever stb.).<\/li>\n<li>Strapab\u00edr\u00f3, k\u00f6rnyezetbar\u00e1t anyagokb\u00f3l k\u00e9sz\u00fclt.<\/li>\n<li>Magyar term\u00e9k!<\/li>\n<\/ul>\n<p><strong>HOGY HASZN\u00c1LD?<\/strong><\/p>\n<p>A haszn\u00e1lata nagyon egyszer\u0171 \u00e9s hat\u00e9kony. Kef\u00e9lj\u00fck \u00e1t a sz\u0151rn\u00f6veked\u00e9ssel megegyez\u0151 ir\u00e1nyban a kutya bund\u00e1j\u00e1t.<\/p>\n<p><strong>M\u00c9RET:<\/strong> 6 cm x 6,5 cm<\/p>\n<p><strong>ANYAGA:<\/strong> fa markolat, f\u00e9m penge<\/p>\n<p>&nbsp;<\/p>\n<p>&nbsp;<\/p>","protected":false},"excerpt":{"rendered":"<p>A Zooro Amazing Grooming Tool a leghat\u00e9konyabb sz\u0151relt\u00e1vol\u00edt\u00f3 kefe,\u00a0amely az elhalt sz\u0151rsz\u00e1lakat t\u00e1vol\u00edtja el.\u00a0R\u00f6vidsz\u0151r\u0171 kuty\u00e1kon, macsk\u00e1kon, lovakon \u00e9s nyulakon egyar\u00e1nt haszn\u00e1lhat\u00f3. Magyar term\u00e9k!<\/p>\n<p><strong>Size:<\/strong> 6 cm x 6,5 cm<\/p>","protected":false},"featured_media":11084,"template":"","meta":{"om_disable_all_campaigns":false,"_monsterinsights_skip_tracking":false,"_monsterinsights_sitenote_active":false,"_monsterinsights_sitenote_note":"","_monsterinsights_sitenote_category":0,"site-sidebar-layout":"default","site-content-layout":"default","ast-site-content-layout":"default","site-content-style":"default","site-sidebar-style":"default","ast-global-header-display":"","ast-banner-title-visibility":"","ast-main-header-display":"","ast-hfb-above-header-display":"","ast-hfb-below-header-display":"","ast-hfb-mobile-header-display":"","site-post-title":"","ast-breadcrumbs-content":"","ast-featured-img":"","footer-sml-layout":"","theme-transparent-header-meta":"default","adv-header-id-meta":"","stick-header-meta":"","header-above-stick-meta":"","header-main-stick-meta":"","header-below-stick-meta":"","astra-migrate-meta-layouts":"default","ast-page-background-enabled":"default","ast-page-background-meta":{"desktop":{"background-color":"","background-image":"","background-repeat":"repeat","background-position":"center center","background-size":"auto","background-attachment":"scroll","background-type":"","background-media":"","overlay-type":"","overlay-color":"","overlay-opacity":"","overlay-gradient":""},"tablet":{"background-color":"","background-image":"","background-repeat":"repeat","background-position":"center center","background-size":"auto","background-attachment":"scroll","background-type":"","background-media":"","overlay-type":"","overlay-color":"","overlay-opacity":"","overlay-gradient":""},"mobile":{"background-color":"","background-image":"","background-repeat":"repeat","background-position":"center center","background-size":"auto","background-attachment":"scroll","background-type":"","background-media":"","overlay-type":"","overlay-color":"","overlay-opacity":"","overlay-gradient":""}},"ast-content-background-meta":{"desktop":{"background-color":"var(--ast-global-color-5)","background-image":"","background-repeat":"repeat","background-position":"center center","background-size":"auto","background-attachment":"scroll","background-type":"","background-media":"","overlay-type":"","overlay-color":"","overlay-opacity":"","overlay-gradient":""},"tablet":{"background-color":"var(--ast-global-color-5)","background-image":"","background-repeat":"repeat","background-position":"center center","background-size":"auto","background-attachment":"scroll","background-type":"","background-media":"","overlay-type":"","overlay-color":"","overlay-opacity":"","overlay-gradient":""},"mobile":{"background-color":"var(--ast-global-color-5)","background-image":"","background-repeat":"repeat","background-position":"center center","background-size":"auto","background-attachment":"scroll","background-type":"","background-media":"","overlay-type":"","overlay-color":"","overlay-opacity":"","overlay-gradient":""}}},"product_brand":[],"product_cat":[100],"product_tag":[917,918,817,914,279,915,916],"class_list":{"0":"post-6306","1":"product","2":"type-product","3":"status-publish","4":"has-post-thumbnail","6":"product_cat-francia-bulldog-naturkozmetikum","7":"product_tag-francia-bulldog-fesu","8":"product_tag-francia-bulldog-szorhullas","9":"product_tag-kutya-szorhullas","10":"product_tag-kutyafesu","11":"product_tag-szorhullas","12":"product_tag-zooro-amazing-grooming-tool","13":"product_tag-zorro-fesu","14":"desktop-align-left","15":"tablet-align-left","16":"mobile-align-left","18":"first","19":"instock","20":"shipping-taxable","21":"purchasable","22":"product-type-simple"},"aioseo_notices":[],"_links":{"self":[{"href":"https:\/\/dembedesign.hu\/en\/wp-json\/wp\/v2\/product\/6306","targetHints":{"allow":["GET"]}}],"collection":[{"href":"https:\/\/dembedesign.hu\/en\/wp-json\/wp\/v2\/product"}],"about":[{"href":"https:\/\/dembedesign.hu\/en\/wp-json\/wp\/v2\/types\/product"}],"version-history":[{"count":4,"href":"https:\/\/dembedesign.hu\/en\/wp-json\/wp\/v2\/product\/6306\/revisions"}],"predecessor-version":[{"id":11838,"href":"https:\/\/dembedesign.hu\/en\/wp-json\/wp\/v2\/product\/6306\/revisions\/11838"}],"wp:featuredmedia":[{"embeddable":true,"href":"https:\/\/dembedesign.hu\/en\/wp-json\/wp\/v2\/media\/11084"}],"wp:attachment":[{"href":"https:\/\/dembedesign.hu\/en\/wp-json\/wp\/v2\/media?parent=6306"}],"wp:term":[{"taxonomy":"product_brand","embeddable":true,"href":"https:\/\/dembedesign.hu\/en\/wp-json\/wp\/v2\/product_brand?post=6306"},{"taxonomy":"product_cat","embeddable":true,"href":"https:\/\/dembedesign.hu\/en\/wp-json\/wp\/v2\/product_cat?post=6306"},{"taxonomy":"product_tag","embeddable":true,"href":"https:\/\/dembedesign.hu\/en\/wp-json\/wp\/v2\/product_tag?post=6306"}],"curies":[{"name":"wp","href":"https:\/\/api.w.org\/{rel}","templated":true}]}}