{"id":6327,"date":"2022-04-12T20:39:55","date_gmt":"2022-04-12T18:39:55","guid":{"rendered":"https:\/\/dembedesign.hu\/?post_type=product&#038;p=6327"},"modified":"2025-11-06T11:39:51","modified_gmt":"2025-11-06T10:39:51","slug":"sodapup-ice-cream-jutalomfalattal-toltheto-mereganyagmentes-jatek","status":"publish","type":"product","link":"https:\/\/dembedesign.hu\/en\/product\/sodapup-ice-cream-jutalomfalattal-toltheto-mereganyagmentes-jatek\/","title":{"rendered":"SodaPup &#8211; &#8222;Ice Cream&#8221; jutalomfalattal t\u00f6lthet\u0151, m\u00e9reganyagmentes j\u00e1t\u00e9k"},"content":{"rendered":"<p>Az amerikai SodaPup term\u00e9keket \u00e1llatorvosok, profi tr\u00e9nerek \u00e9s k\u00f6rnyezettudatos innovat\u00edv szakemberek fejlesztett\u00e9k ki, hogy minden krit\u00e9riumnak megfeleljenek, mellyel m\u00e9g a bio gazdik is azonosulni tudnak!<\/p>\n<p><strong><u>Miben k\u00fcl\u00f6nb\u00f6znek m\u00e1s jutalomfalattal t\u00f6lthet\u0151 j\u00e1t\u00e9kokt\u00f3l?<\/u><\/strong><\/p>\n<p>\u2714 DURABLE CHEW TOY: <strong>Can Toy is designed to withstand the abuse of most \"power chewer\"<\/strong> dogs.<br \/>\n\u2714 <strong>DISPENSES TREATS: Help your dog fight boredom by filling the Can Toy with treats like kibble, canned dog food, peanut butter, or your favorite dog treat recipe. Best results: mix wet\/dry foods. Freeze with treats inside to prolong use.<\/strong>, nem vesz\u00e9lyes sem kedvenc\u00fcnkre, sem k\u00f6rnyezet\u00fcnkre<br \/>\n\u2714 <strong>SLOW FEEDER: If your dog is a \"speed eater,\" serve your dog's meals inside this toy to slow down eating and keep your dog stimulated and entertained.<\/strong>, de m\u00e9gis ellen\u00e1llnak a mindennapi j\u00e1t\u00e9knak, pr\u00e9mium min\u0151s\u00e9g\u0171ek<br \/>\n\u2714 <strong>REDUCES PROBLEM BEHAVIORS: Reduces problem chewing, helps reduce boredom, and relieves separation anxiety.<\/strong>, melyek k\u00e1rosak lehetnek kutyusunkra<br \/>\n\u2714 <b>MADE IN USA: Proudly keeping jobs in America! Designed and manufactured in the USA! <\/b>is moshat\u00f3k<br \/>\n\u2714 ANIMAL &amp; PLANET FRIENDLY: Material is FDA compliant, non-toxic and biodegradable. Sustainably harvested helping us reduce our carbon footprint.<br \/>\n\u2714 a <strong>VETERINARIAN APPROVED: Veterinarian Approved!<\/strong> nem K\u00edn\u00e1ban, hanem <strong>az USA-ban<\/strong> t\u00f6rt\u00e9nik<\/p>","protected":false},"excerpt":{"rendered":"<p>Pr\u00e9mium min\u0151s\u00e9g\u0171, jutalomfalattal t\u00f6lthet\u0151 kutyaj\u00e1t\u00e9k, amit \u00e1llatorvosok, tr\u00e9nerek \u00e9s k\u00f6rnyezettudatos emberek fejlesztettek. A SodaPup\u00a0j\u00e1t\u00e9kok\u00a0nem tartalmaznak m\u00e9reganyagokat \u00e9s illatanyagot, 100% term\u00e9szetes nat\u00far kaucsukb\u00f3l k\u00e9sz\u00fclnek. A gy\u00e1rt\u00e1suk \u00e9s tervez\u00e9s\u00fck az USA-ban t\u00f6rt\u00e9nik.<\/p>\n<p>Recommended for small and medium-sized dogs!<br \/>\n<strong>Size:<\/strong> 8,5 cm x 6,6 cm<\/p>\n<p><img decoding=\"async\" class=\"alignnone wp-image-6318\" src=\"https:\/\/dembedesign.hu\/wp-content\/uploads\/2022\/04\/sodapup_logo_stacked_two_color-e1649794398411-300x255.jpg\" alt=\"\" width=\"121\" height=\"103\" srcset=\"https:\/\/dembedesign.hu\/wp-content\/uploads\/2022\/04\/sodapup_logo_stacked_two_color-e1649794398411-300x255.jpg 300w, https:\/\/dembedesign.hu\/wp-content\/uploads\/2022\/04\/sodapup_logo_stacked_two_color-e1649794398411-1024x869.jpg 1024w, https:\/\/dembedesign.hu\/wp-content\/uploads\/2022\/04\/sodapup_logo_stacked_two_color-e1649794398411-768x652.jpg 768w, https:\/\/dembedesign.hu\/wp-content\/uploads\/2022\/04\/sodapup_logo_stacked_two_color-e1649794398411-14x12.jpg 14w, https:\/\/dembedesign.hu\/wp-content\/uploads\/2022\/04\/sodapup_logo_stacked_two_color-e1649794398411-1320x1121.jpg 1320w, https:\/\/dembedesign.hu\/wp-content\/uploads\/2022\/04\/sodapup_logo_stacked_two_color-e1649794398411-600x509.jpg 600w, https:\/\/dembedesign.hu\/wp-content\/uploads\/2022\/04\/sodapup_logo_stacked_two_color-e1649794398411.jpg 1457w\" sizes=\"(max-width: 121px) 100vw, 121px\" \/><\/p>","protected":false},"featured_media":11125,"template":"","meta":{"om_disable_all_campaigns":false,"_monsterinsights_skip_tracking":false,"_monsterinsights_sitenote_active":false,"_monsterinsights_sitenote_note":"","_monsterinsights_sitenote_category":0,"site-sidebar-layout":"default","site-content-layout":"default","ast-site-content-layout":"default","site-content-style":"default","site-sidebar-style":"default","ast-global-header-display":"","ast-banner-title-visibility":"","ast-main-header-display":"","ast-hfb-above-header-display":"","ast-hfb-below-header-display":"","ast-hfb-mobile-header-display":"","site-post-title":"","ast-breadcrumbs-content":"","ast-featured-img":"","footer-sml-layout":"","theme-transparent-header-meta":"default","adv-header-id-meta":"","stick-header-meta":"","header-above-stick-meta":"","header-main-stick-meta":"","header-below-stick-meta":"","astra-migrate-meta-layouts":"default","ast-page-background-enabled":"default","ast-page-background-meta":{"desktop":{"background-color":"","background-image":"","background-repeat":"repeat","background-position":"center center","background-size":"auto","background-attachment":"scroll","background-type":"","background-media":"","overlay-type":"","overlay-color":"","overlay-opacity":"","overlay-gradient":""},"tablet":{"background-color":"","background-image":"","background-repeat":"repeat","background-position":"center center","background-size":"auto","background-attachment":"scroll","background-type":"","background-media":"","overlay-type":"","overlay-color":"","overlay-opacity":"","overlay-gradient":""},"mobile":{"background-color":"","background-image":"","background-repeat":"repeat","background-position":"center center","background-size":"auto","background-attachment":"scroll","background-type":"","background-media":"","overlay-type":"","overlay-color":"","overlay-opacity":"","overlay-gradient":""}},"ast-content-background-meta":{"desktop":{"background-color":"var(--ast-global-color-5)","background-image":"","background-repeat":"repeat","background-position":"center center","background-size":"auto","background-attachment":"scroll","background-type":"","background-media":"","overlay-type":"","overlay-color":"","overlay-opacity":"","overlay-gradient":""},"tablet":{"background-color":"var(--ast-global-color-5)","background-image":"","background-repeat":"repeat","background-position":"center center","background-size":"auto","background-attachment":"scroll","background-type":"","background-media":"","overlay-type":"","overlay-color":"","overlay-opacity":"","overlay-gradient":""},"mobile":{"background-color":"var(--ast-global-color-5)","background-image":"","background-repeat":"repeat","background-position":"center center","background-size":"auto","background-attachment":"scroll","background-type":"","background-media":"","overlay-type":"","overlay-color":"","overlay-opacity":"","overlay-gradient":""}}},"product_brand":[],"product_cat":[103,614],"product_tag":[214,148,213,216,217,212,215],"class_list":{"0":"post-6327","1":"product","2":"type-product","3":"status-publish","4":"has-post-thumbnail","6":"product_cat-jatek","7":"product_cat-toltheto-jatek","8":"product_tag-coffee","9":"product_tag-jatek","10":"product_tag-jutalomfalat","11":"product_tag-mereganyagmentes","12":"product_tag-soda-pup","13":"product_tag-sodapup","14":"product_tag-toltheto","15":"desktop-align-left","16":"tablet-align-left","17":"mobile-align-left","19":"first","20":"instock","21":"sale","22":"shipping-taxable","23":"purchasable","24":"product-type-simple"},"aioseo_notices":[],"_links":{"self":[{"href":"https:\/\/dembedesign.hu\/en\/wp-json\/wp\/v2\/product\/6327","targetHints":{"allow":["GET"]}}],"collection":[{"href":"https:\/\/dembedesign.hu\/en\/wp-json\/wp\/v2\/product"}],"about":[{"href":"https:\/\/dembedesign.hu\/en\/wp-json\/wp\/v2\/types\/product"}],"version-history":[{"count":5,"href":"https:\/\/dembedesign.hu\/en\/wp-json\/wp\/v2\/product\/6327\/revisions"}],"predecessor-version":[{"id":9408,"href":"https:\/\/dembedesign.hu\/en\/wp-json\/wp\/v2\/product\/6327\/revisions\/9408"}],"wp:featuredmedia":[{"embeddable":true,"href":"https:\/\/dembedesign.hu\/en\/wp-json\/wp\/v2\/media\/11125"}],"wp:attachment":[{"href":"https:\/\/dembedesign.hu\/en\/wp-json\/wp\/v2\/media?parent=6327"}],"wp:term":[{"taxonomy":"product_brand","embeddable":true,"href":"https:\/\/dembedesign.hu\/en\/wp-json\/wp\/v2\/product_brand?post=6327"},{"taxonomy":"product_cat","embeddable":true,"href":"https:\/\/dembedesign.hu\/en\/wp-json\/wp\/v2\/product_cat?post=6327"},{"taxonomy":"product_tag","embeddable":true,"href":"https:\/\/dembedesign.hu\/en\/wp-json\/wp\/v2\/product_tag?post=6327"}],"curies":[{"name":"wp","href":"https:\/\/api.w.org\/{rel}","templated":true}]}}