{"id":6339,"date":"2022-04-12T21:27:37","date_gmt":"2022-04-12T19:27:37","guid":{"rendered":"https:\/\/dembedesign.hu\/?post_type=product&#038;p=6339"},"modified":"2026-04-14T20:51:44","modified_gmt":"2026-04-14T18:51:44","slug":"sutotok-trening-snack","status":"publish","type":"product","link":"https:\/\/dembedesign.hu\/en\/product\/sutotok-trening-snack\/","title":{"rendered":"Pumpkin training snack"},"content":{"rendered":"<p><strong>Eg\u00e9szs\u00e9ges \u00e9s \u00edzletes s\u00fct\u0151t\u00f6k tr\u00e9ning snack. \u00a0Leveg\u0151n sz\u00e1r\u00edt\u00e1ssal k\u00e9sz\u00fcl. A k\u00edm\u00e9letes elj\u00e1r\u00e1snak k\u00f6sz\u00f6nhet\u0151en meg\u0151rzi a benne l\u00e9v\u0151 \u00e9rt\u00e9kes vitaminokat \u00e9s \u00e1sv\u00e1nyi anyagokat. Magas a b\u00e9ta karotin, a k\u00e1lium, a B- \u00e9s a C-vitamin tartalma. Hozz\u00e1j\u00e1rul a b\u0151r \u00e9s a sz\u0151rzet eg\u00e9szs\u00e9g\u00e9hez. Magas rosttartalm\u00e1val seg\u00edti az eg\u00e9szs\u00e9ges b\u00e9lm\u0171k\u00f6d\u00e9st. Allergi\u00e1ra \u00e9s h\u00edz\u00e1sra hajlamos\u00a0kuty\u00e1k sz\u00e1m\u00e1ra is ide\u00e1lis!<\/strong><\/p>\n<p><strong>PROPERTIES:<\/strong><\/p>\n<ul>\n<li>Eg\u00e9szs\u00e9ges \u00e9s \u00edzletes sz\u00e1r\u00edtott s\u00fct\u0151t\u00f6k.<\/li>\n<li>K\u00edm\u00e9letes elj\u00e1r\u00e1ssal, leveg\u0151n sz\u00e1r\u00edt\u00e1ssal k\u00e9sz\u00fcl.<\/li>\n<li>Magas a b\u00e9ta karotin, a k\u00e1lium, a B- \u00e9s a C-vitamin tartalma.<\/li>\n<li>Hozz\u00e1j\u00e1rul a b\u0151r \u00e9s a sz\u0151rzet eg\u00e9szs\u00e9g\u00e9hez.<\/li>\n<li>Magas rosttartalm\u00e1val seg\u00edti az eg\u00e9szs\u00e9ges b\u00e9lm\u0171k\u00f6d\u00e9st.<\/li>\n<li>Allergi\u00e1ra \u00e9s h\u00edz\u00e1sra hajlamos\u00a0kuty\u00e1k sz\u00e1m\u00e1ra is ide\u00e1lis!<\/li>\n<\/ul>\n<p><strong>Ingredients:<\/strong>\u00a0100% pumpkin<\/p>\n<p><strong>Analytical components:<\/strong>\u00a07.2% crude protein, 1.6% crude fat, 4.8% crude fiber, 5.6% crude ash<\/p>\n<p><strong><img decoding=\"async\" class=\"alignnone wp-image-8739\" src=\"https:\/\/dembedesign.hu\/wp-content\/uploads\/2022\/09\/Kepernyofoto-2022-08-29-19.51.31-300x295.png\" alt=\"\" width=\"131\" height=\"129\" srcset=\"https:\/\/dembedesign.hu\/wp-content\/uploads\/2022\/09\/Kepernyofoto-2022-08-29-19.51.31-300x295.png 300w, https:\/\/dembedesign.hu\/wp-content\/uploads\/2022\/09\/Kepernyofoto-2022-08-29-19.51.31-1024x1007.png 1024w, https:\/\/dembedesign.hu\/wp-content\/uploads\/2022\/09\/Kepernyofoto-2022-08-29-19.51.31-768x755.png 768w, https:\/\/dembedesign.hu\/wp-content\/uploads\/2022\/09\/Kepernyofoto-2022-08-29-19.51.31-12x12.png 12w, https:\/\/dembedesign.hu\/wp-content\/uploads\/2022\/09\/Kepernyofoto-2022-08-29-19.51.31-600x590.png 600w, https:\/\/dembedesign.hu\/wp-content\/uploads\/2022\/09\/Kepernyofoto-2022-08-29-19.51.31.png 1056w\" sizes=\"(max-width: 131px) 100vw, 131px\" \/>Nem tartalmaz\u00a0mesters\u00e9ges\u00a0adal\u00e9kanyagokat!<\/strong><strong>\u200b<\/strong><\/p>\n<p>Make sure to provide the right amount of liquid. Store in a cool, dry place.<\/p>\n<p>&nbsp;<\/p>\n<p>&nbsp;<\/p>","protected":false},"excerpt":{"rendered":"<p>Eg\u00e9szs\u00e9ges \u00e9s \u00edzletes s\u00fct\u0151t\u00f6k tr\u00e9ning snack. A k\u00edm\u00e9letes elj\u00e1r\u00e1snak k\u00f6sz\u00f6nhet\u0151en meg\u0151rzi a benne l\u00e9v\u0151 \u00e9rt\u00e9kes vitaminokat \u00e9s \u00e1sv\u00e1nyi anyagokat. Hozz\u00e1j\u00e1rul a b\u0151r \u00e9s a sz\u0151rzet eg\u00e9szs\u00e9g\u00e9hez. Magas rosttartalm\u00e1val seg\u00edti az eg\u00e9szs\u00e9ges b\u00e9lm\u0171k\u00f6d\u00e9st.<\/p>\n<p><strong>Alkalmas allergi\u00e1s\u00a0\u00e9s \u00e9rz\u00e9keny gyomr\u00fa kutyusoknak is!<\/strong><\/p>\n<p><strong>How many:<\/strong> 60 g<\/p>\n<p><strong><img decoding=\"async\" class=\"alignnone wp-image-8848\" src=\"https:\/\/dembedesign.hu\/wp-content\/uploads\/2022\/04\/Kepernyofoto-2022-09-12-23.55.36-300x236.png\" alt=\"\" width=\"109\" height=\"86\" srcset=\"https:\/\/dembedesign.hu\/wp-content\/uploads\/2022\/04\/Kepernyofoto-2022-09-12-23.55.36-300x236.png 300w, https:\/\/dembedesign.hu\/wp-content\/uploads\/2022\/04\/Kepernyofoto-2022-09-12-23.55.36-1024x805.png 1024w, https:\/\/dembedesign.hu\/wp-content\/uploads\/2022\/04\/Kepernyofoto-2022-09-12-23.55.36-768x604.png 768w, https:\/\/dembedesign.hu\/wp-content\/uploads\/2022\/04\/Kepernyofoto-2022-09-12-23.55.36-15x12.png 15w, https:\/\/dembedesign.hu\/wp-content\/uploads\/2022\/04\/Kepernyofoto-2022-09-12-23.55.36-600x472.png 600w, https:\/\/dembedesign.hu\/wp-content\/uploads\/2022\/04\/Kepernyofoto-2022-09-12-23.55.36.png 1130w\" sizes=\"(max-width: 109px) 100vw, 109px\" \/>Legy\u00e9l Zero Waste gazdi \u00e9s v\u00e1ltsd vissza!\u200b<\/strong><\/p>","protected":false},"featured_media":9797,"template":"","meta":{"om_disable_all_campaigns":false,"_monsterinsights_skip_tracking":false,"_monsterinsights_sitenote_active":false,"_monsterinsights_sitenote_note":"","_monsterinsights_sitenote_category":0,"site-sidebar-layout":"default","site-content-layout":"default","ast-site-content-layout":"default","site-content-style":"default","site-sidebar-style":"default","ast-global-header-display":"","ast-banner-title-visibility":"","ast-main-header-display":"","ast-hfb-above-header-display":"","ast-hfb-below-header-display":"","ast-hfb-mobile-header-display":"","site-post-title":"","ast-breadcrumbs-content":"","ast-featured-img":"","footer-sml-layout":"","theme-transparent-header-meta":"default","adv-header-id-meta":"","stick-header-meta":"","header-above-stick-meta":"","header-main-stick-meta":"","header-below-stick-meta":"","astra-migrate-meta-layouts":"default","ast-page-background-enabled":"default","ast-page-background-meta":{"desktop":{"background-color":"","background-image":"","background-repeat":"repeat","background-position":"center center","background-size":"auto","background-attachment":"scroll","background-type":"","background-media":"","overlay-type":"","overlay-color":"","overlay-opacity":"","overlay-gradient":""},"tablet":{"background-color":"","background-image":"","background-repeat":"repeat","background-position":"center center","background-size":"auto","background-attachment":"scroll","background-type":"","background-media":"","overlay-type":"","overlay-color":"","overlay-opacity":"","overlay-gradient":""},"mobile":{"background-color":"","background-image":"","background-repeat":"repeat","background-position":"center center","background-size":"auto","background-attachment":"scroll","background-type":"","background-media":"","overlay-type":"","overlay-color":"","overlay-opacity":"","overlay-gradient":""}},"ast-content-background-meta":{"desktop":{"background-color":"var(--ast-global-color-5)","background-image":"","background-repeat":"repeat","background-position":"center center","background-size":"auto","background-attachment":"scroll","background-type":"","background-media":"","overlay-type":"","overlay-color":"","overlay-opacity":"","overlay-gradient":""},"tablet":{"background-color":"var(--ast-global-color-5)","background-image":"","background-repeat":"repeat","background-position":"center center","background-size":"auto","background-attachment":"scroll","background-type":"","background-media":"","overlay-type":"","overlay-color":"","overlay-opacity":"","overlay-gradient":""},"mobile":{"background-color":"var(--ast-global-color-5)","background-image":"","background-repeat":"repeat","background-position":"center center","background-size":"auto","background-attachment":"scroll","background-type":"","background-media":"","overlay-type":"","overlay-color":"","overlay-opacity":"","overlay-gradient":""}}},"product_brand":[],"product_cat":[102,693],"product_tag":[213,219,218,220],"class_list":{"0":"post-6339","1":"product","2":"type-product","3":"status-publish","4":"has-post-thumbnail","6":"product_cat-francia-bulldog-jutalomfalat","7":"product_cat-francia-bulldog-zoldseg-gyumolcs","8":"product_tag-jutalomfalat","9":"product_tag-snack","10":"product_tag-sutotok","11":"product_tag-trening","12":"desktop-align-left","13":"tablet-align-left","14":"mobile-align-left","16":"first","17":"instock","18":"shipping-taxable","19":"purchasable","20":"product-type-simple"},"aioseo_notices":[],"_links":{"self":[{"href":"https:\/\/dembedesign.hu\/en\/wp-json\/wp\/v2\/product\/6339","targetHints":{"allow":["GET"]}}],"collection":[{"href":"https:\/\/dembedesign.hu\/en\/wp-json\/wp\/v2\/product"}],"about":[{"href":"https:\/\/dembedesign.hu\/en\/wp-json\/wp\/v2\/types\/product"}],"version-history":[{"count":14,"href":"https:\/\/dembedesign.hu\/en\/wp-json\/wp\/v2\/product\/6339\/revisions"}],"predecessor-version":[{"id":14253,"href":"https:\/\/dembedesign.hu\/en\/wp-json\/wp\/v2\/product\/6339\/revisions\/14253"}],"wp:featuredmedia":[{"embeddable":true,"href":"https:\/\/dembedesign.hu\/en\/wp-json\/wp\/v2\/media\/9797"}],"wp:attachment":[{"href":"https:\/\/dembedesign.hu\/en\/wp-json\/wp\/v2\/media?parent=6339"}],"wp:term":[{"taxonomy":"product_brand","embeddable":true,"href":"https:\/\/dembedesign.hu\/en\/wp-json\/wp\/v2\/product_brand?post=6339"},{"taxonomy":"product_cat","embeddable":true,"href":"https:\/\/dembedesign.hu\/en\/wp-json\/wp\/v2\/product_cat?post=6339"},{"taxonomy":"product_tag","embeddable":true,"href":"https:\/\/dembedesign.hu\/en\/wp-json\/wp\/v2\/product_tag?post=6339"}],"curies":[{"name":"wp","href":"https:\/\/api.w.org\/{rel}","templated":true}]}}