{"id":6854,"date":"2022-04-29T21:36:12","date_gmt":"2022-04-29T19:36:12","guid":{"rendered":"https:\/\/dembedesign.hu\/?post_type=product&#038;p=6854"},"modified":"2024-01-28T14:20:52","modified_gmt":"2024-01-28T13:20:52","slug":"lickimat-slomo","status":"publish","type":"product","link":"https:\/\/dembedesign.hu\/en\/product\/lickimat-slomo\/","title":{"rendered":"LickiMat &#8211; Slomo"},"content":{"rendered":"<p><strong>Mi is az a LickiMat?<\/strong><br \/>\nA LickiMat egyed\u00fcl\u00e1ll\u00f3, innovat\u00edv, szabadalommal v\u00e9dett, v\u00e9djegyekkel ell\u00e1tott term\u00e9kek csal\u00e1dja, amelyeket \u00e1llatorvosok terveztek kuty\u00e1knak \u00e9s macsk\u00e1knak. Nagyon fontos, hogy m\u00e9reganyagmentes TPR-b\u0151l k\u00e9sz\u00fcl\u00a0\u00e9s nem toxikusak! A LickiMat\u00ae nem tartalmaz szilikont vagy m\u00e9rgez\u0151 anyagokat!<\/p>\n<p><strong>Hogyan haszn\u00e1ld a LickiMat-et?<\/strong><br \/>\nKenj a LickiMat-re mogyor\u00f3vajat, smoothiet, gy\u00fcm\u00f6lcs\u00f6t vagy nedves eledelt \u00e9s add oda a kutyusodnak, majd \u00e9lvezd hogy hossz\u00fa id\u0151n kereszt\u00fcl lek\u00f6ti a figyelm\u00e9t, mik\u00f6zben a fent eml\u00edtett el\u0151ny\u00f6k is \u00e9rv\u00e9nyes\u00fclnek.<\/p>\n<p><strong>Mi\u00e9rt hasznos a kuty\u00e1dnak a LickiMat?<\/strong><\/p>\n<p><strong><u>Habzsol\u00e1s ellen kiv\u00e1l\u00f3<\/u><br \/>\n<\/strong>A LickiMat lehet\u0151v\u00e9 teszi a kuty\u00e1k sz\u00e1m\u00e1ra, hogy kis mennyis\u00e9g\u0171 \u00e9telt,\u00a0hosszabb ideig \u00e9lvezhessenek, \u00edgy habzsol\u00f3 n\u00e9gyl\u00e1b\u00faaknak is szuper megold\u00e1s! A norm\u00e1l vagy lass\u00fa temp\u00f3j\u00fa ev\u00e9s seg\u00edti az em\u00e9szt\u00e9st, cs\u00f6kkenti a puffad\u00e1st \u00e9s cs\u00f6kkenti\u00a0a b\u00e9lcsavarod\u00e1s kock\u00e1zat\u00e1t!<\/p>\n<p><strong><u>Stresszes helyzetekben nyugtat<\/u><\/strong><br \/>\nA kutyusok a nyalogat\u00e1s \u00e1ltal nyugtatj\u00e1k magukat\u00a0amikor stresszesek, \u00edgy a LickiMat-nek ilyen helyzetekben is nagy haszn\u00e1t veheted! Egyed\u00fcl kell hagynod? Kennelbe szoktatod? T\u0171zij\u00e1t\u00e9k? Sz\u00e1m\u00e1ra k\u00e9nyelmetlen szitu\u00e1ci\u00f3kban vess be a LickiMat-en finom falatokat, seg\u00edt megnyugtatni a n\u00e9gyl\u00e1b\u00fa bar\u00e1todat.<\/p>\n<p><u><strong>Sz\u00f3rakoz\u00e1s, hasznos id\u0151t\u00f6lt\u00e9s<\/strong><\/u><br \/>\nAz endorfin felszabadul\u00e1s\u00e1n fel\u00fcl\u00a0sz\u00f3rakoztat\u00f3 j\u00e1t\u00e9k, mik\u00f6zben kedvencednek minden falatot meg kell keresni a nyelv\u00e9vel. Fokozhatod az elfoglalts\u00e1got, ha a r\u00e1kent eledellel, felt\u00e9ttel beteszed egy kicsit a fagyaszt\u00f3ba.<\/p>","protected":false},"excerpt":{"rendered":"<p>Cs\u00f6kkenti a szorong\u00e1st, unalmat, rombol\u00e1st, lass\u00edtja a habzsol\u00e1st\u00a0\u00e9s m\u00e9g szuper sz\u00f3rakoz\u00e1s \u00e9s boldogs\u00e1g is kedvencednek! \u00a0A LickiMat-ek k\u00f6z\u00fcl\u00a0ezt a t\u00edpust v\u00e1laszd, ha n\u00e9gyl\u00e1b\u00fa bar\u00e1tod sokat r\u00e1g \u00e9s ha nem szeretn\u00e9l k\u00e9zzel mosogatni!<\/p>\n<p><strong>\u2714\ufe0f M\u00e9reganyagmentes, \u2714\ufe0f\u00a0<em>Mosogat\u00f3g\u00e9pben moshat\u00f3,\u00a0\u2714\ufe0f\u00a0Fagyaszt\u00f3ba helyezhet\u0151,\u00a0\u2714\ufe0f Mikr\u00f3zhat\u00f3,\u00a0\u2714\ufe0f 20 x 20 cm,\u00a0\u2714\ufe0f kuty\u00e1knak \u00e9s macsk\u00e1knak egyar\u00e1nt aj\u00e1nljuk<\/em><\/strong><\/p>","protected":false},"featured_media":11119,"template":"","meta":{"om_disable_all_campaigns":false,"_monsterinsights_skip_tracking":false,"_monsterinsights_sitenote_active":false,"_monsterinsights_sitenote_note":"","_monsterinsights_sitenote_category":0,"site-sidebar-layout":"default","site-content-layout":"default","ast-site-content-layout":"default","site-content-style":"default","site-sidebar-style":"default","ast-global-header-display":"","ast-banner-title-visibility":"","ast-main-header-display":"","ast-hfb-above-header-display":"","ast-hfb-below-header-display":"","ast-hfb-mobile-header-display":"","site-post-title":"","ast-breadcrumbs-content":"","ast-featured-img":"","footer-sml-layout":"","theme-transparent-header-meta":"default","adv-header-id-meta":"","stick-header-meta":"","header-above-stick-meta":"","header-main-stick-meta":"","header-below-stick-meta":"","astra-migrate-meta-layouts":"default","ast-page-background-enabled":"default","ast-page-background-meta":{"desktop":{"background-color":"","background-image":"","background-repeat":"repeat","background-position":"center center","background-size":"auto","background-attachment":"scroll","background-type":"","background-media":"","overlay-type":"","overlay-color":"","overlay-opacity":"","overlay-gradient":""},"tablet":{"background-color":"","background-image":"","background-repeat":"repeat","background-position":"center center","background-size":"auto","background-attachment":"scroll","background-type":"","background-media":"","overlay-type":"","overlay-color":"","overlay-opacity":"","overlay-gradient":""},"mobile":{"background-color":"","background-image":"","background-repeat":"repeat","background-position":"center center","background-size":"auto","background-attachment":"scroll","background-type":"","background-media":"","overlay-type":"","overlay-color":"","overlay-opacity":"","overlay-gradient":""}},"ast-content-background-meta":{"desktop":{"background-color":"var(--ast-global-color-5)","background-image":"","background-repeat":"repeat","background-position":"center center","background-size":"auto","background-attachment":"scroll","background-type":"","background-media":"","overlay-type":"","overlay-color":"","overlay-opacity":"","overlay-gradient":""},"tablet":{"background-color":"var(--ast-global-color-5)","background-image":"","background-repeat":"repeat","background-position":"center center","background-size":"auto","background-attachment":"scroll","background-type":"","background-media":"","overlay-type":"","overlay-color":"","overlay-opacity":"","overlay-gradient":""},"mobile":{"background-color":"var(--ast-global-color-5)","background-image":"","background-repeat":"repeat","background-position":"center center","background-size":"auto","background-attachment":"scroll","background-type":"","background-media":"","overlay-type":"","overlay-color":"","overlay-opacity":"","overlay-gradient":""}}},"product_brand":[],"product_cat":[615,103],"product_tag":[234,236],"class_list":{"0":"post-6854","1":"product","2":"type-product","3":"status-publish","4":"has-post-thumbnail","6":"product_cat-eveslassito-tal","7":"product_cat-jatek","8":"product_tag-lickimat","9":"product_tag-slomo","10":"desktop-align-left","11":"tablet-align-left","12":"mobile-align-left","14":"first","15":"instock","16":"shipping-taxable","17":"purchasable","18":"product-type-simple"},"aioseo_notices":[],"_links":{"self":[{"href":"https:\/\/dembedesign.hu\/en\/wp-json\/wp\/v2\/product\/6854","targetHints":{"allow":["GET"]}}],"collection":[{"href":"https:\/\/dembedesign.hu\/en\/wp-json\/wp\/v2\/product"}],"about":[{"href":"https:\/\/dembedesign.hu\/en\/wp-json\/wp\/v2\/types\/product"}],"version-history":[{"count":3,"href":"https:\/\/dembedesign.hu\/en\/wp-json\/wp\/v2\/product\/6854\/revisions"}],"predecessor-version":[{"id":6867,"href":"https:\/\/dembedesign.hu\/en\/wp-json\/wp\/v2\/product\/6854\/revisions\/6867"}],"wp:featuredmedia":[{"embeddable":true,"href":"https:\/\/dembedesign.hu\/en\/wp-json\/wp\/v2\/media\/11119"}],"wp:attachment":[{"href":"https:\/\/dembedesign.hu\/en\/wp-json\/wp\/v2\/media?parent=6854"}],"wp:term":[{"taxonomy":"product_brand","embeddable":true,"href":"https:\/\/dembedesign.hu\/en\/wp-json\/wp\/v2\/product_brand?post=6854"},{"taxonomy":"product_cat","embeddable":true,"href":"https:\/\/dembedesign.hu\/en\/wp-json\/wp\/v2\/product_cat?post=6854"},{"taxonomy":"product_tag","embeddable":true,"href":"https:\/\/dembedesign.hu\/en\/wp-json\/wp\/v2\/product_tag?post=6854"}],"curies":[{"name":"wp","href":"https:\/\/api.w.org\/{rel}","templated":true}]}}