{"id":6960,"date":"2022-05-04T22:31:54","date_gmt":"2022-05-04T20:31:54","guid":{"rendered":"https:\/\/dembedesign.hu\/?post_type=product&#038;p=6960"},"modified":"2024-01-28T14:20:13","modified_gmt":"2024-01-28T13:20:13","slug":"sodapup-habzsolasgatlo-tal-kutyaknak-mereganyagmentes","status":"publish","type":"product","link":"https:\/\/dembedesign.hu\/en\/product\/sodapup-habzsolasgatlo-tal-kutyaknak-mereganyagmentes\/","title":{"rendered":"SodaPup &#8211; Habzsol\u00e1sg\u00e1tl\u00f3 t\u00e1l kuty\u00e1knak (m\u00e9reganyagmentes)"},"content":{"rendered":"<p><strong>Mi is az a SodaPup habzsol\u00e1sg\u00e1tl\u00f3 t\u00e1l?<\/strong><\/p>\n<p>A SodaPup\u00a0<em>egyed\u00fcl\u00e1ll\u00f3<\/em>, <em>innovat\u00edv<\/em>, szabadalommal v\u00e9dett, v\u00e9djegyekkel ell\u00e1tott term\u00e9kek csal\u00e1dja, amelyeket \u00e1llatorvosok terveztekkuty\u00e1knak \u00e9s macsk\u00e1knak. Nagyon fontos, hogy m\u00e9reganyagmentes anyagb\u00f3l k\u00e9sz\u00fcl\u00a0\u00e9s nem toxikusak!\u00a0A SodaPup Mandala habzsol\u00e1sg\u00e1tl\u00f3 t\u00e1l \u00f6tv\u00f6zi\u00a0a nyalogat\u00f3st\u00e1lak el\u0151nyeit a klasszikus habzsol\u00e1sg\u00e1tl\u00f3 t\u00e1lakkal.\u00a0El\u0151seg\u00edti a lassabb \u00e9tkez\u00e9st \u00e9s jav\u00edtja az em\u00e9szt\u00e9st. T\u00f6k\u00e9letes minden m\u00e9ret\u0171 kuty\u00e1nak, bele\u00e9rtve a k\u00f6lyk\u00f6ket is.<\/p>\n<p><strong>Mit tehetsz a t\u00e1lba?<\/strong><\/p>\n<p>A t\u00e1l t\u00f6k\u00e9letes a nyers, nedves \u00e9s sz\u00e1raz \u00e9telek, valamint jutalomfalatok \u00e9s\u00a0kieg\u00e9sz\u00edt\u0151k\u00a0t\u00e1lal\u00e1s\u00e1ra. Az \u00e9teleket, kieg\u00e9sz\u00edt\u0151ket, jutalomfalatokat\u00a0kombin\u00e1lhatod vagy ak\u00e1r sz\u00e9t is v\u00e1laszthatod a diz\u00e1jn egyes kamr\u00e1iba.\u00a0A Mandala diz\u00e1jn k\u00fcl\u00f6nb\u00f6z\u0151 magass\u00e1g\u00fa \u00e9s m\u00e9lys\u00e9g\u0171, term\u00e9szetesebb \u00e9tkez\u00e9si k\u00f6r\u00fclm\u00e9nyeket imit\u00e1l \u00e9s pr\u00f3b\u00e1ra teszi kuty\u00e1d\u00a0term\u00e9szetes t\u00e1pl\u00e1l\u00e9kszerz\u00e9si \u00f6szt\u00f6n\u00e9t.<\/p>\n<p><strong>Kiknek aj\u00e1nlott?<\/strong><\/p>\n<p>A moh\u00f3 kiskuty\u00e1k k\u00f6z\u00fcl b\u00e1rkivel, de kimondottan ide\u00e1lis bulldogok \u00e9s mopszok sz\u00e1m\u00e1ra. A Mandala diz\u00e1jn egy sek\u00e9lyebb, habzsol\u00e1sg\u00e1tl\u00f3 t\u00e1l, \u00edgy lassabb ev\u00e9st \u00e9rhetsz el an\u00e9lk\u00fcl, hogy a lapos orr\u00fa kutyus fajt\u00e1k sz\u00e1m\u00e1ra lehetetlenn\u00e9 v\u00e1lna.<\/p>\n<p><strong>Mi\u00e9rt hasznos a habzsol\u00e1sg\u00e1tl\u00f3 t\u00e1l?<\/strong><\/p>\n<p>A lassabb ev\u00e9s a k\u00f6vetkez\u0151 el\u0151ny\u00f6kkel j\u00e1r kuty\u00e1d sz\u00e1m\u00e1ra: megnyugtatja a kuty\u00e1t, seg\u00edthet megel\u0151zni a puffad\u00e1st, jav\u00edtja az em\u00e9szt\u00e9st, kedvez\u0151bb a b\u00e9lrendszernek, a kis mennyis\u00e9g\u0171 \u00e9tkez\u00e9s hosszabb ideig tart. Ezenk\u00edv\u00fcl a Mandala t\u00e1l haszn\u00e1lata seg\u00edthet kuty\u00e1d sz\u00f3rakoztat\u00e1s\u00e1ban, cs\u00f6kkentheti a szepar\u00e1ci\u00f3s szorong\u00e1st, cs\u00f6kkentheti az unalmat \u00e9s az unalommal \u00f6sszef\u00fcgg\u0151 nem k\u00edv\u00e1nt viselked\u00e9seket.<\/p>\n<p><strong>Hogyan haszn\u00e1ld a habzsol\u00e1sg\u00e1tl\u00f3 t\u00e1lat?<\/strong><\/p>\n<p>Tegy\u00e9l a t\u00e1lra sz\u00e1raz t\u00e1pot, nedves eledelt, BARF men\u00fct, gy\u00fcm\u00f6lcs\u00f6t, z\u00f6lds\u00e9get, Dembe Design mogyor\u00f3vaj vagy SmoothieDogot. A hat\u00e1r a csillagos \u00e9g majd add oda a kutyusodnak \u00e9s\u00a0\u00e9lvezd hogy hossz\u00fa id\u0151n kereszt\u00fcl lek\u00f6ti a figyelm\u00e9t.<\/p>\n<p>&nbsp;<\/p>\n<p>&nbsp;<\/p>","protected":false},"excerpt":{"rendered":"<p>SodaPup &#8211; MANDALA\u00a0egy habzsol\u00e1sg\u00e1tl\u00f3 t\u00e1l, mely seg\u00edti kutyusod \u00e9tkez\u00e9si szok\u00e1sait lass\u00edtani! Ezen fel\u00fcl cs\u00f6kkenti a szorong\u00e1st, unalmat, rombol\u00e1st\u00a0\u00e9s m\u00e9g szuper sz\u00f3rakoz\u00e1s \u00e9s boldogs\u00e1g is kedvencednek!<\/p>\n<p><strong>Haszn\u00e1lhatod:<\/strong>\u00a0Sz\u00e1razt\u00e1ppal, B.A.R.F. men\u00fch\u00f6z, nedves eledellel, gy\u00f3gyszerek\/kieg\u00e9sz\u00edt\u0151k bead\u00e1s\u00e1ra,\u00a0SmoothieDog-gal, szaftos vagy foly\u00e9kony falatokkal\/jutikkal.<\/p>\n<p>Ez a t\u00edpus:\u00a0<strong>\u2714\ufe0f M\u00e9reganyagmentes, \u2714\ufe0f\u00a0<em>Mosogat\u00f3g\u00e9pbe moshat\u00f3,\u00a0\u2714\ufe0f\u00a0Fagyaszt\u00f3ba helyezhet\u0151,\u00a0\u2714\ufe0f Mikr\u00f3zhat\u00f3,\u00a0\u2714\ufe0f 20 cm x 20\u00a0cm,\u00a0\u2714\ufe0f kuty\u00e1knak \u00e9s macsk\u00e1knak egyar\u00e1nt aj\u00e1nljuk<\/em><\/strong><\/p>\n<p>&nbsp;<\/p>","protected":false},"featured_media":11114,"template":"","meta":{"om_disable_all_campaigns":false,"_monsterinsights_skip_tracking":false,"_monsterinsights_sitenote_active":false,"_monsterinsights_sitenote_note":"","_monsterinsights_sitenote_category":0,"site-sidebar-layout":"default","site-content-layout":"default","ast-site-content-layout":"default","site-content-style":"default","site-sidebar-style":"default","ast-global-header-display":"","ast-banner-title-visibility":"","ast-main-header-display":"","ast-hfb-above-header-display":"","ast-hfb-below-header-display":"","ast-hfb-mobile-header-display":"","site-post-title":"","ast-breadcrumbs-content":"","ast-featured-img":"","footer-sml-layout":"","theme-transparent-header-meta":"default","adv-header-id-meta":"","stick-header-meta":"","header-above-stick-meta":"","header-main-stick-meta":"","header-below-stick-meta":"","astra-migrate-meta-layouts":"default","ast-page-background-enabled":"default","ast-page-background-meta":{"desktop":{"background-color":"","background-image":"","background-repeat":"repeat","background-position":"center center","background-size":"auto","background-attachment":"scroll","background-type":"","background-media":"","overlay-type":"","overlay-color":"","overlay-opacity":"","overlay-gradient":""},"tablet":{"background-color":"","background-image":"","background-repeat":"repeat","background-position":"center center","background-size":"auto","background-attachment":"scroll","background-type":"","background-media":"","overlay-type":"","overlay-color":"","overlay-opacity":"","overlay-gradient":""},"mobile":{"background-color":"","background-image":"","background-repeat":"repeat","background-position":"center center","background-size":"auto","background-attachment":"scroll","background-type":"","background-media":"","overlay-type":"","overlay-color":"","overlay-opacity":"","overlay-gradient":""}},"ast-content-background-meta":{"desktop":{"background-color":"var(--ast-global-color-5)","background-image":"","background-repeat":"repeat","background-position":"center center","background-size":"auto","background-attachment":"scroll","background-type":"","background-media":"","overlay-type":"","overlay-color":"","overlay-opacity":"","overlay-gradient":""},"tablet":{"background-color":"var(--ast-global-color-5)","background-image":"","background-repeat":"repeat","background-position":"center center","background-size":"auto","background-attachment":"scroll","background-type":"","background-media":"","overlay-type":"","overlay-color":"","overlay-opacity":"","overlay-gradient":""},"mobile":{"background-color":"var(--ast-global-color-5)","background-image":"","background-repeat":"repeat","background-position":"center center","background-size":"auto","background-attachment":"scroll","background-type":"","background-media":"","overlay-type":"","overlay-color":"","overlay-opacity":"","overlay-gradient":""}}},"product_brand":[],"product_cat":[615,103],"product_tag":[547,212,548],"class_list":{"0":"post-6960","1":"product","2":"type-product","3":"status-publish","4":"has-post-thumbnail","6":"product_cat-eveslassito-tal","7":"product_cat-jatek","8":"product_tag-habzsolasgatlo","9":"product_tag-sodapup","10":"product_tag-tal","11":"desktop-align-left","12":"tablet-align-left","13":"mobile-align-left","15":"first","16":"outofstock","17":"shipping-taxable","18":"purchasable","19":"product-type-simple"},"aioseo_notices":[],"_links":{"self":[{"href":"https:\/\/dembedesign.hu\/en\/wp-json\/wp\/v2\/product\/6960","targetHints":{"allow":["GET"]}}],"collection":[{"href":"https:\/\/dembedesign.hu\/en\/wp-json\/wp\/v2\/product"}],"about":[{"href":"https:\/\/dembedesign.hu\/en\/wp-json\/wp\/v2\/types\/product"}],"version-history":[{"count":5,"href":"https:\/\/dembedesign.hu\/en\/wp-json\/wp\/v2\/product\/6960\/revisions"}],"predecessor-version":[{"id":11166,"href":"https:\/\/dembedesign.hu\/en\/wp-json\/wp\/v2\/product\/6960\/revisions\/11166"}],"wp:featuredmedia":[{"embeddable":true,"href":"https:\/\/dembedesign.hu\/en\/wp-json\/wp\/v2\/media\/11114"}],"wp:attachment":[{"href":"https:\/\/dembedesign.hu\/en\/wp-json\/wp\/v2\/media?parent=6960"}],"wp:term":[{"taxonomy":"product_brand","embeddable":true,"href":"https:\/\/dembedesign.hu\/en\/wp-json\/wp\/v2\/product_brand?post=6960"},{"taxonomy":"product_cat","embeddable":true,"href":"https:\/\/dembedesign.hu\/en\/wp-json\/wp\/v2\/product_cat?post=6960"},{"taxonomy":"product_tag","embeddable":true,"href":"https:\/\/dembedesign.hu\/en\/wp-json\/wp\/v2\/product_tag?post=6960"}],"curies":[{"name":"wp","href":"https:\/\/api.w.org\/{rel}","templated":true}]}}