{"id":7404,"date":"2022-05-28T10:32:35","date_gmt":"2022-05-28T08:32:35","guid":{"rendered":"https:\/\/dembedesign.hu\/?post_type=product&#038;p=7404"},"modified":"2025-05-15T12:20:21","modified_gmt":"2025-05-15T10:20:21","slug":"zee-dog-super-fruits-banan-mereganyagmentes","status":"publish","type":"product","link":"https:\/\/dembedesign.hu\/en\/product\/zee-dog-super-fruits-banan-mereganyagmentes\/","title":{"rendered":"ZEE.DOG &#8211; Super Fruits Ban\u00e1n (m\u00e9reganyagmentes)"},"content":{"rendered":"<p><strong>Szereted a gy\u00fcm\u00f6lcs\u00f6ket? Vagy csak egy m\u00e9reganyagmentes j\u00e1t\u00e9kot keresel? Akkor j\u00f3 helyen j\u00e1rsz! A\u00a0Super Fruits Ban\u00e1n jutalomfalattal t\u00f6lthet\u0151 j\u00e1t\u00e9k ugyanis m\u00e9reganyagmentes, term\u00e9szetes, er\u0151s gumib\u00f3l k\u00e9sz\u00fclt. Tehetsz bele eg\u00e9szs\u00e9ges jutalomfalatot vagy mogyor\u00f3vajat.<\/strong><\/p>\n<p><strong>Details:<\/strong><\/p>\n<ul>\n<li>Nem tartalmaz toxikus anyagokat<\/li>\n<li>Er\u0151s \u00e9s k\u00f6nnyen tiszt\u00edthat\u00f3<\/li>\n<li>M\u00e9rete: 4 cm hossz\u00fa, 4 cm \u00e1tm\u00e9r\u0151.<\/li>\n<\/ul>\n<p>Egy j\u00e1t\u00e9k sem elpuszt\u00edthatatlan, ez\u00e9rt k\u00e9rlek mindig ellen\u0151rizd a j\u00e1t\u00e9kot \u00e9s fel\u00fcgyeld a kiskuty\u00e1d!<\/p>\n<p>&nbsp;<\/p>","protected":false},"excerpt":{"rendered":"<p>Szereted a ban\u00e1nt? Vagy csak egy m\u00e9reganyagmentes j\u00e1t\u00e9kot keresel? Akkor j\u00f3 helyen j\u00e1rsz! A\u00a0Super Fruits Ban\u00e1n jutalomfalattal t\u00f6lthet\u0151 j\u00e1t\u00e9k ugyanis m\u00e9reganyagmentes, term\u00e9szetes, er\u0151s gumib\u00f3l k\u00e9sz\u00fclt.Tehetsz bele eg\u00e9szs\u00e9ges jutalomfalatot vagy mogyor\u00f3vajat a kiskedvenced sz\u00f3rakoztat\u00e1s\u00e1ra.<\/p>\n<p><strong>Size:<\/strong> 4 cm hossz\u00fa, 4 cm \u00e1tm\u00e9r\u0151.<\/p>","protected":false},"featured_media":11111,"template":"","meta":{"om_disable_all_campaigns":false,"_monsterinsights_skip_tracking":false,"_monsterinsights_sitenote_active":false,"_monsterinsights_sitenote_note":"","_monsterinsights_sitenote_category":0,"site-sidebar-layout":"default","site-content-layout":"default","ast-site-content-layout":"default","site-content-style":"default","site-sidebar-style":"default","ast-global-header-display":"","ast-banner-title-visibility":"","ast-main-header-display":"","ast-hfb-above-header-display":"","ast-hfb-below-header-display":"","ast-hfb-mobile-header-display":"","site-post-title":"","ast-breadcrumbs-content":"","ast-featured-img":"","footer-sml-layout":"","theme-transparent-header-meta":"default","adv-header-id-meta":"","stick-header-meta":"","header-above-stick-meta":"","header-main-stick-meta":"","header-below-stick-meta":"","astra-migrate-meta-layouts":"default","ast-page-background-enabled":"default","ast-page-background-meta":{"desktop":{"background-color":"","background-image":"","background-repeat":"repeat","background-position":"center center","background-size":"auto","background-attachment":"scroll","background-type":"","background-media":"","overlay-type":"","overlay-color":"","overlay-opacity":"","overlay-gradient":""},"tablet":{"background-color":"","background-image":"","background-repeat":"repeat","background-position":"center center","background-size":"auto","background-attachment":"scroll","background-type":"","background-media":"","overlay-type":"","overlay-color":"","overlay-opacity":"","overlay-gradient":""},"mobile":{"background-color":"","background-image":"","background-repeat":"repeat","background-position":"center center","background-size":"auto","background-attachment":"scroll","background-type":"","background-media":"","overlay-type":"","overlay-color":"","overlay-opacity":"","overlay-gradient":""}},"ast-content-background-meta":{"desktop":{"background-color":"var(--ast-global-color-5)","background-image":"","background-repeat":"repeat","background-position":"center center","background-size":"auto","background-attachment":"scroll","background-type":"","background-media":"","overlay-type":"","overlay-color":"","overlay-opacity":"","overlay-gradient":""},"tablet":{"background-color":"var(--ast-global-color-5)","background-image":"","background-repeat":"repeat","background-position":"center center","background-size":"auto","background-attachment":"scroll","background-type":"","background-media":"","overlay-type":"","overlay-color":"","overlay-opacity":"","overlay-gradient":""},"mobile":{"background-color":"var(--ast-global-color-5)","background-image":"","background-repeat":"repeat","background-position":"center center","background-size":"auto","background-attachment":"scroll","background-type":"","background-media":"","overlay-type":"","overlay-color":"","overlay-opacity":"","overlay-gradient":""}}},"product_brand":[],"product_cat":[103,614],"product_tag":[148,305,303,304,306],"class_list":{"0":"post-7404","1":"product","2":"type-product","3":"status-publish","4":"has-post-thumbnail","6":"product_cat-jatek","7":"product_cat-toltheto-jatek","8":"product_tag-jatek","9":"product_tag-jutalomfalattal-toltheto","10":"product_tag-labda","11":"product_tag-mereganyag-mentes","12":"product_tag-zeedog","13":"desktop-align-left","14":"tablet-align-left","15":"mobile-align-left","17":"first","18":"outofstock","19":"shipping-taxable","20":"purchasable","21":"product-type-simple"},"aioseo_notices":[],"_links":{"self":[{"href":"https:\/\/dembedesign.hu\/en\/wp-json\/wp\/v2\/product\/7404","targetHints":{"allow":["GET"]}}],"collection":[{"href":"https:\/\/dembedesign.hu\/en\/wp-json\/wp\/v2\/product"}],"about":[{"href":"https:\/\/dembedesign.hu\/en\/wp-json\/wp\/v2\/types\/product"}],"version-history":[{"count":4,"href":"https:\/\/dembedesign.hu\/en\/wp-json\/wp\/v2\/product\/7404\/revisions"}],"predecessor-version":[{"id":10748,"href":"https:\/\/dembedesign.hu\/en\/wp-json\/wp\/v2\/product\/7404\/revisions\/10748"}],"wp:featuredmedia":[{"embeddable":true,"href":"https:\/\/dembedesign.hu\/en\/wp-json\/wp\/v2\/media\/11111"}],"wp:attachment":[{"href":"https:\/\/dembedesign.hu\/en\/wp-json\/wp\/v2\/media?parent=7404"}],"wp:term":[{"taxonomy":"product_brand","embeddable":true,"href":"https:\/\/dembedesign.hu\/en\/wp-json\/wp\/v2\/product_brand?post=7404"},{"taxonomy":"product_cat","embeddable":true,"href":"https:\/\/dembedesign.hu\/en\/wp-json\/wp\/v2\/product_cat?post=7404"},{"taxonomy":"product_tag","embeddable":true,"href":"https:\/\/dembedesign.hu\/en\/wp-json\/wp\/v2\/product_tag?post=7404"}],"curies":[{"name":"wp","href":"https:\/\/api.w.org\/{rel}","templated":true}]}}