{"id":7434,"date":"2022-05-28T11:50:56","date_gmt":"2022-05-28T09:50:56","guid":{"rendered":"https:\/\/dembedesign.hu\/?post_type=product&#038;p=7434"},"modified":"2026-02-24T13:00:02","modified_gmt":"2026-02-24T12:00:02","slug":"zee-dog-cyclops-pluss-eros-ragok-ellenfele","status":"publish","type":"product","link":"https:\/\/dembedesign.hu\/en\/product\/zee-dog-cyclops-pluss-eros-ragok-ellenfele\/","title":{"rendered":"ZEE.DOG &#8211; Cyclops pl\u00fcss (kem\u00e9ny, er\u0151s r\u00e1g\u00f3k ellenfele)"},"content":{"rendered":"<p><strong>Zee.dog Cyclops pl\u00fcss sz\u00f6rnyecske k\u00edv\u00fclr\u0151l egy puha, de bel\u00fclr\u0151l egy kem\u00e9ny, term\u00e9szetes gumib\u00f3l k\u00e9sz\u00fclt figura. Term\u00e9szetesen toxikus anyagokt\u00f3l mentes!\u00a0Kicsi \u00e9s k\u00f6zepes m\u00e9ret\u0171 kuty\u00e1knak aj\u00e1nlott.<\/strong><\/p>\n<p><strong>Details:<\/strong><\/p>\n<ul>\n<li>Er\u0151s r\u00e1g\u00f3k ellenfele<\/li>\n<li>Toxikus anyagokt\u00f3l mentes<\/li>\n<li>M\u00e9rete: 13&#215;8 cm<\/li>\n<\/ul>\n<p>Egy j\u00e1t\u00e9k sem elpuszt\u00edthatatlan, ez\u00e9rt k\u00e9rlek mindig ellen\u0151rizd a j\u00e1t\u00e9kot \u00e9s fel\u00fcgyeld a kiskuty\u00e1d!<\/p>\n<p>&nbsp;<\/p>","protected":false},"excerpt":{"rendered":"<p>Zee.dog Cyclops sz\u00f6rnyecske k\u00edv\u00fclr\u0151l egy puha pl\u00fcss, de bel\u00fclr\u0151l egy kem\u00e9ny, term\u00e9szetes gumib\u00f3l k\u00e9sz\u00fclt figura. Term\u00e9szetesen toxikus anyagokt\u00f3l mentes!<\/p>\n<p><strong>Size:<\/strong> 13x8cm<\/p>","protected":false},"featured_media":11103,"template":"","meta":{"om_disable_all_campaigns":false,"_monsterinsights_skip_tracking":false,"_monsterinsights_sitenote_active":false,"_monsterinsights_sitenote_note":"","_monsterinsights_sitenote_category":0,"site-sidebar-layout":"default","site-content-layout":"default","ast-site-content-layout":"default","site-content-style":"default","site-sidebar-style":"default","ast-global-header-display":"","ast-banner-title-visibility":"","ast-main-header-display":"","ast-hfb-above-header-display":"","ast-hfb-below-header-display":"","ast-hfb-mobile-header-display":"","site-post-title":"","ast-breadcrumbs-content":"","ast-featured-img":"","footer-sml-layout":"","theme-transparent-header-meta":"default","adv-header-id-meta":"","stick-header-meta":"","header-above-stick-meta":"","header-main-stick-meta":"","header-below-stick-meta":"","astra-migrate-meta-layouts":"set","ast-page-background-enabled":"default","ast-page-background-meta":{"desktop":{"background-color":"","background-image":"","background-repeat":"repeat","background-position":"center center","background-size":"auto","background-attachment":"scroll","background-type":"","background-media":"","overlay-type":"","overlay-color":"","overlay-opacity":"","overlay-gradient":""},"tablet":{"background-color":"","background-image":"","background-repeat":"repeat","background-position":"center center","background-size":"auto","background-attachment":"scroll","background-type":"","background-media":"","overlay-type":"","overlay-color":"","overlay-opacity":"","overlay-gradient":""},"mobile":{"background-color":"","background-image":"","background-repeat":"repeat","background-position":"center center","background-size":"auto","background-attachment":"scroll","background-type":"","background-media":"","overlay-type":"","overlay-color":"","overlay-opacity":"","overlay-gradient":""}},"ast-content-background-meta":{"desktop":{"background-color":"var(--ast-global-color-5)","background-image":"","background-repeat":"repeat","background-position":"center center","background-size":"auto","background-attachment":"scroll","background-type":"","background-media":"","overlay-type":"","overlay-color":"","overlay-opacity":"","overlay-gradient":""},"tablet":{"background-color":"var(--ast-global-color-5)","background-image":"","background-repeat":"repeat","background-position":"center center","background-size":"auto","background-attachment":"scroll","background-type":"","background-media":"","overlay-type":"","overlay-color":"","overlay-opacity":"","overlay-gradient":""},"mobile":{"background-color":"var(--ast-global-color-5)","background-image":"","background-repeat":"repeat","background-position":"center center","background-size":"auto","background-attachment":"scroll","background-type":"","background-media":"","overlay-type":"","overlay-color":"","overlay-opacity":"","overlay-gradient":""}}},"product_brand":[],"product_cat":[103,612],"product_tag":[148,216,307,306],"class_list":{"0":"post-7434","1":"product","2":"type-product","3":"status-publish","4":"has-post-thumbnail","6":"product_cat-jatek","7":"product_cat-plussok","8":"product_tag-jatek","9":"product_tag-mereganyagmentes","10":"product_tag-pluss","11":"product_tag-zeedog","12":"desktop-align-left","13":"tablet-align-left","14":"mobile-align-left","16":"first","17":"instock","18":"shipping-taxable","19":"purchasable","20":"product-type-simple"},"aioseo_notices":[],"_links":{"self":[{"href":"https:\/\/dembedesign.hu\/en\/wp-json\/wp\/v2\/product\/7434","targetHints":{"allow":["GET"]}}],"collection":[{"href":"https:\/\/dembedesign.hu\/en\/wp-json\/wp\/v2\/product"}],"about":[{"href":"https:\/\/dembedesign.hu\/en\/wp-json\/wp\/v2\/types\/product"}],"version-history":[{"count":10,"href":"https:\/\/dembedesign.hu\/en\/wp-json\/wp\/v2\/product\/7434\/revisions"}],"predecessor-version":[{"id":16771,"href":"https:\/\/dembedesign.hu\/en\/wp-json\/wp\/v2\/product\/7434\/revisions\/16771"}],"wp:featuredmedia":[{"embeddable":true,"href":"https:\/\/dembedesign.hu\/en\/wp-json\/wp\/v2\/media\/11103"}],"wp:attachment":[{"href":"https:\/\/dembedesign.hu\/en\/wp-json\/wp\/v2\/media?parent=7434"}],"wp:term":[{"taxonomy":"product_brand","embeddable":true,"href":"https:\/\/dembedesign.hu\/en\/wp-json\/wp\/v2\/product_brand?post=7434"},{"taxonomy":"product_cat","embeddable":true,"href":"https:\/\/dembedesign.hu\/en\/wp-json\/wp\/v2\/product_cat?post=7434"},{"taxonomy":"product_tag","embeddable":true,"href":"https:\/\/dembedesign.hu\/en\/wp-json\/wp\/v2\/product_tag?post=7434"}],"curies":[{"name":"wp","href":"https:\/\/api.w.org\/{rel}","templated":true}]}}