{"id":8819,"date":"2022-09-12T20:00:03","date_gmt":"2022-09-12T18:00:03","guid":{"rendered":"https:\/\/dembedesign.hu\/?post_type=product&#038;p=8819"},"modified":"2026-03-31T12:02:26","modified_gmt":"2026-03-31T10:02:26","slug":"csukamajolaj-egeszseges-szor-es-bor-e-vitamin","status":"publish","type":"product","link":"https:\/\/dembedesign.hu\/en\/product\/csukamajolaj-egeszseges-szor-es-bor-e-vitamin\/","title":{"rendered":"Csukam\u00e1jolaj (eg\u00e9szs\u00e9ges sz\u0151r \u00e9s b\u0151r, E-vitamin)"},"content":{"rendered":"<p><strong>A csukam\u00e1jolaj hozz\u00e1j\u00e1rul az eg\u00e9szs\u00e9ges sz\u0151rh\u00f6z \u00e9s b\u0151rh\u00f6z. Cs\u00f6kkenti a sz\u00edvbetegs\u00e9gek kock\u00e1zat\u00e1t. T\u00e1mogatja az agy norm\u00e1l m\u0171k\u00f6d\u00e9s\u00e9t. J\u00f3t\u00e9kony hat\u00e1ssal van a sz\u00e1raz \u00e9s viszket\u0151 b\u0151r kezel\u00e9s\u00e9re. Biztos\u00edtja a sz\u00fcks\u00e9ges O<\/strong><strong>mega 3 zs\u00edrsavakat.<\/strong><strong>\u00a0A benne lev\u0151 D-vitamin seg\u00edti a\u00a0kalcium felsz\u00edv\u00f3d\u00e1s\u00e1t.\u00a0<\/strong><strong>Az E-vitamin tartalma miatt k\u00f6telez\u0151\u00a0<span style=\"color: #99cc00;\"><a style=\"color: #99cc00;\" href=\"https:\/\/dembedesign.hu\/en\/product\/vadlazacolaj-sziv-es-errendszer-egeszseges-szor-es-bor\/\">vadlazacolaj<\/a><\/span> k\u00far\u00e1t k\u00f6vet\u0151en!<\/strong><\/p>\n<p><b>PROPERTIES:<\/b><\/p>\n<ul>\n<li>Hozz\u00e1j\u00e1rul az eg\u00e9szs\u00e9ges sz\u00edvm\u0171k\u00f6d\u00e9shez.<\/li>\n<li>Cs\u00f6kkenti a sz\u00edvbetegs\u00e9gek kock\u00e1zat\u00e1t.<\/li>\n<li>T\u00e1mogatja az agy norm\u00e1l m\u0171k\u00f6d\u00e9s\u00e9t.<\/li>\n<li>J\u00f3t\u00e9kony hat\u00e1ssal van a sz\u00e1raz \u00e9s viszket\u0151 b\u0151r kezel\u00e9s\u00e9re.<\/li>\n<li>Biztos\u00edtja a sz\u00fcks\u00e9ges Omega 3 zs\u00edrsavakat.<\/li>\n<li>Seg\u00edti a\u00a0kalcium jobb felsz\u00edv\u00f3d\u00e1s\u00e1t.<\/li>\n<li>Kiv\u00e1l\u00f3 E-vitamin forr\u00e1s.<\/li>\n<li>Lazacolaj k\u00far\u00e1t k\u00f6vet\u0151en k\u00f6telez\u0151!<\/li>\n<\/ul>\n<p><strong><img decoding=\"async\" class=\"alignnone wp-image-8739\" src=\"https:\/\/dembedesign.hu\/wp-content\/uploads\/2022\/09\/Kepernyofoto-2022-08-29-19.51.31-300x295.png\" sizes=\"(max-width: 113px) 100vw, 113px\" srcset=\"https:\/\/dembedesign.hu\/wp-content\/uploads\/2022\/09\/Kepernyofoto-2022-08-29-19.51.31-300x295.png 300w, https:\/\/dembedesign.hu\/wp-content\/uploads\/2022\/09\/Kepernyofoto-2022-08-29-19.51.31-1024x1007.png 1024w, https:\/\/dembedesign.hu\/wp-content\/uploads\/2022\/09\/Kepernyofoto-2022-08-29-19.51.31-768x755.png 768w, https:\/\/dembedesign.hu\/wp-content\/uploads\/2022\/09\/Kepernyofoto-2022-08-29-19.51.31-12x12.png 12w, https:\/\/dembedesign.hu\/wp-content\/uploads\/2022\/09\/Kepernyofoto-2022-08-29-19.51.31-600x590.png 600w, https:\/\/dembedesign.hu\/wp-content\/uploads\/2022\/09\/Kepernyofoto-2022-08-29-19.51.31.png 1056w\" alt=\"WOOLF Earth Noohide \u2013 nyulas kollag\u00e9nes r\u00fad\" width=\"121\" height=\"119\" \/>Ingredients: <\/strong>100% csukam\u00e1j<\/p>\n<p><strong>Analytical components: <\/strong>zs\u00edrtartalom 99,9%<\/p>\n<p><strong>Adagol\u00e1s:\u00a0<\/strong>2,5 ml\/ 10 testt\u00f6meg kg-k\u00e9nt<br \/>\nEz\u00a0egy f\u00e9l te\u00e1skan\u00e1lt jelent 10 kilogrammonk\u00e9nt.<br \/>\nK\u00faraszer\u0171en adhat\u00f3 8-12 h\u00e9ten\u00a0keresztu\u0308l, ut\u00e1na tarts ugyanennyi ideig\u00a0szu\u0308netet!<\/p>\n<p><strong>Az adagol\u00e1st ne l\u00e9pjed t\u00fal, m\u00e1jjal egy\u00fctt nem szabad adni!<\/strong><br \/>\n<strong>Nem javasoljuk magas v\u00e9rnyom\u00e1s eset\u00e9n!<\/strong><br \/>\n<em>T\u00e1rol\u00e1s: felbont\u00e1st k\u00f6vet\u0151en h\u0171t\u0151ben<\/em><\/p>\n<p>Figyelem! A term\u00e9k takarm\u00e1ny-kieg\u00e9sz\u00edt\u0151 \u00e9s nem helyettes\u00edti az esetlegesen sz\u00fcks\u00e9ges \u00e1llatorvosi kezel\u00e9st!<\/p>\n<p>&nbsp;<\/p>\n<p>&nbsp;<\/p>","protected":false},"excerpt":{"rendered":"<p>Hozz\u00e1j\u00e1rul az eg\u00e9szs\u00e9ges sz\u0151rh\u00f6z \u00e9s b\u0151rh\u00f6z. Cs\u00f6kkenti a sz\u00edvbetegs\u00e9gek kock\u00e1zat\u00e1t. T\u00e1mogatja az agy norm\u00e1l m\u0171k\u00f6d\u00e9s\u00e9t. J\u00f3t\u00e9kony hat\u00e1ssal van a sz\u00e1raz \u00e9s viszket\u0151 b\u0151r kezel\u00e9s\u00e9re. Az E-vitamin tartalma miatt k\u00f6telez\u0151 lazacolaj k\u00far\u00e1t k\u00f6vet\u0151en!<\/p>\n<p><strong>Kiszerel\u00e9s<\/strong>: 100 ml<br \/>\n<strong>Adagol\u00e1s:\u00a0<\/strong>f\u00e9l te\u00e1skan\u00e1l\/10 kg, k\u00faraszer\u0171en 8 &#8211; 12 h\u00e9tig<br \/>\n<strong>Id\u0151tartam:\u00a0<\/strong>10 kg kuty\u00e1nak kb 40 napra el\u00e9g<\/p>","protected":false},"featured_media":11136,"template":"","meta":{"om_disable_all_campaigns":false,"_monsterinsights_skip_tracking":false,"_monsterinsights_sitenote_active":false,"_monsterinsights_sitenote_note":"","_monsterinsights_sitenote_category":0,"site-sidebar-layout":"default","site-content-layout":"default","ast-site-content-layout":"default","site-content-style":"default","site-sidebar-style":"default","ast-global-header-display":"","ast-banner-title-visibility":"","ast-main-header-display":"","ast-hfb-above-header-display":"","ast-hfb-below-header-display":"","ast-hfb-mobile-header-display":"","site-post-title":"","ast-breadcrumbs-content":"","ast-featured-img":"","footer-sml-layout":"","theme-transparent-header-meta":"default","adv-header-id-meta":"","stick-header-meta":"","header-above-stick-meta":"","header-main-stick-meta":"","header-below-stick-meta":"","astra-migrate-meta-layouts":"set","ast-page-background-enabled":"default","ast-page-background-meta":{"desktop":{"background-color":"","background-image":"","background-repeat":"repeat","background-position":"center center","background-size":"auto","background-attachment":"scroll","background-type":"","background-media":"","overlay-type":"","overlay-color":"","overlay-opacity":"","overlay-gradient":""},"tablet":{"background-color":"","background-image":"","background-repeat":"repeat","background-position":"center center","background-size":"auto","background-attachment":"scroll","background-type":"","background-media":"","overlay-type":"","overlay-color":"","overlay-opacity":"","overlay-gradient":""},"mobile":{"background-color":"","background-image":"","background-repeat":"repeat","background-position":"center center","background-size":"auto","background-attachment":"scroll","background-type":"","background-media":"","overlay-type":"","overlay-color":"","overlay-opacity":"","overlay-gradient":""}},"ast-content-background-meta":{"desktop":{"background-color":"var(--ast-global-color-5)","background-image":"","background-repeat":"repeat","background-position":"center center","background-size":"auto","background-attachment":"scroll","background-type":"","background-media":"","overlay-type":"","overlay-color":"","overlay-opacity":"","overlay-gradient":""},"tablet":{"background-color":"var(--ast-global-color-5)","background-image":"","background-repeat":"repeat","background-position":"center center","background-size":"auto","background-attachment":"scroll","background-type":"","background-media":"","overlay-type":"","overlay-color":"","overlay-opacity":"","overlay-gradient":""},"mobile":{"background-color":"var(--ast-global-color-5)","background-image":"","background-repeat":"repeat","background-position":"center center","background-size":"auto","background-attachment":"scroll","background-type":"","background-media":"","overlay-type":"","overlay-color":"","overlay-opacity":"","overlay-gradient":""}}},"product_brand":[],"product_cat":[258],"product_tag":[455,797,824,823,796,803,801,800,799,798,802],"class_list":{"0":"post-8819","1":"product","2":"type-product","3":"status-publish","4":"has-post-thumbnail","6":"product_cat-francia-bulldog-taplalekkiegeszito-vitamin","7":"product_tag-csukamajolaj","8":"product_tag-csukamajolaj-kutyaknak","9":"product_tag-francia-bulldog-taplalekkiegeszito","10":"product_tag-francia-bulldog-vitamin","11":"product_tag-kutya-csukamajolaj","12":"product_tag-kutya-e-vitamin","13":"product_tag-kutya-lazacolaj","14":"product_tag-kutya-omega-3","15":"product_tag-kutya-szivbetegseg","16":"product_tag-kutya-szivmukodes","17":"product_tag-kutya-viszketo-bor","18":"desktop-align-left","19":"tablet-align-left","20":"mobile-align-left","22":"first","23":"instock","24":"shipping-taxable","25":"purchasable","26":"product-type-simple"},"aioseo_notices":[],"_links":{"self":[{"href":"https:\/\/dembedesign.hu\/en\/wp-json\/wp\/v2\/product\/8819","targetHints":{"allow":["GET"]}}],"collection":[{"href":"https:\/\/dembedesign.hu\/en\/wp-json\/wp\/v2\/product"}],"about":[{"href":"https:\/\/dembedesign.hu\/en\/wp-json\/wp\/v2\/types\/product"}],"version-history":[{"count":16,"href":"https:\/\/dembedesign.hu\/en\/wp-json\/wp\/v2\/product\/8819\/revisions"}],"predecessor-version":[{"id":18999,"href":"https:\/\/dembedesign.hu\/en\/wp-json\/wp\/v2\/product\/8819\/revisions\/18999"}],"wp:featuredmedia":[{"embeddable":true,"href":"https:\/\/dembedesign.hu\/en\/wp-json\/wp\/v2\/media\/11136"}],"wp:attachment":[{"href":"https:\/\/dembedesign.hu\/en\/wp-json\/wp\/v2\/media?parent=8819"}],"wp:term":[{"taxonomy":"product_brand","embeddable":true,"href":"https:\/\/dembedesign.hu\/en\/wp-json\/wp\/v2\/product_brand?post=8819"},{"taxonomy":"product_cat","embeddable":true,"href":"https:\/\/dembedesign.hu\/en\/wp-json\/wp\/v2\/product_cat?post=8819"},{"taxonomy":"product_tag","embeddable":true,"href":"https:\/\/dembedesign.hu\/en\/wp-json\/wp\/v2\/product_tag?post=8819"}],"curies":[{"name":"wp","href":"https:\/\/api.w.org\/{rel}","templated":true}]}}