{"id":8826,"date":"2022-09-12T21:55:21","date_gmt":"2022-09-12T19:55:21","guid":{"rendered":"https:\/\/dembedesign.hu\/?post_type=product&#038;p=8826"},"modified":"2026-03-31T11:53:41","modified_gmt":"2026-03-31T09:53:41","slug":"orolt-szarvascsont","status":"publish","type":"product","link":"https:\/\/dembedesign.hu\/en\/product\/orolt-szarvascsont\/","title":{"rendered":"\u0150r\u00f6lt szarvascsont (kalciump\u00f3tl\u00e1s, csonter\u0151s\u00edt\u00e9s)"},"content":{"rendered":"<p><strong>Az \u0151r\u00f6lt szarvascsont er\u0151s\u00edti a csontozatot, a fogazatot \u00e9s az \u00edz\u00fcleteket. Kiv\u00e1l\u00f3 k\u00e1lcium \u00e9s foszfor forr\u00e1s. <strong style=\"font-size: 16px;\">A szarvas alacsony allerg\u00e9n faktor\u00fa, \u00edgy allergi\u00e1s kuty\u00e1k sz\u00e1m\u00e1ra is ide\u00e1lis. <\/strong><\/strong><strong style=\"font-size: 16px;\">Elengedhetetlen szerepe van a n\u00f6veked\u00e9sben. A haszn\u00e1lata minden \u00e9letkorban javasolt! Sz\u00e1razt\u00e1p \u00e9s f\u0151tt men\u00fc mell\u00e9 k\u00f6telez\u0151!\u00a0A hat\u00e1s\u00e1t\u00a0<\/strong><strong>fokozza a D-vitamin, \u00edgy ide\u00e1lis <span style=\"color: #99cc00;\"><a style=\"color: #99cc00;\" href=\"https:\/\/dembedesign.hu\/en\/product\/csukamajolaj-szivmukodes-egeszseges-szem-es-bor-e-vitamin-potlas\/\">csukam\u00e1jolajjal<\/a><\/span> egy\u00fctt haszn\u00e1lni!<\/strong><\/p>\n<p><strong>PROPERTIES:<\/strong><\/p>\n<ul>\n<li>Er\u0151s\u00edti a csontozatot, a fogazatot \u00e9s az \u00edz\u00fcleteket.<\/li>\n<li>Term\u00e9szetes k\u00e1lcium \u00e9s foszfor forr\u00e1s.<\/li>\n<li>Alacsony allerg\u00e9n faktor\u00fa, \u00edgy allergi\u00e1s kuty\u00e1k sz\u00e1m\u00e1ra is ide\u00e1lis!<\/li>\n<li>Seg\u00edti az eg\u00e9szs\u00e9ges n\u00f6veked\u00e9st.<\/li>\n<li>Haszn\u00e1lata minden \u00e9letkorban javasolt!<\/li>\n<li>Sz\u00e1razt\u00e1p vagy f\u0151tt men\u00fc mell\u00e9 k\u00f6telez\u0151!<\/li>\n<li>A hat\u00e1s\u00e1t fokozza a D-vitamin, \u00edgy javasoljuk, hogy <strong><span style=\"color: #99cc00;\"><a style=\"color: #99cc00;\" href=\"https:\/\/dembedesign.hu\/en\/product\/csukamajolaj-szivmukodes-egeszseges-szem-es-bor-e-vitamin-potlas\/\">csukam\u00e1jolajjal<\/a><\/span><\/strong> egy\u00fctt add!<\/li>\n<\/ul>\n<p><strong><img decoding=\"async\" class=\"alignnone wp-image-8739\" src=\"https:\/\/dembedesign.hu\/wp-content\/uploads\/2022\/09\/Kepernyofoto-2022-08-29-19.51.31-300x295.png\" sizes=\"(max-width: 113px) 100vw, 113px\" srcset=\"https:\/\/dembedesign.hu\/wp-content\/uploads\/2022\/09\/Kepernyofoto-2022-08-29-19.51.31-300x295.png 300w, https:\/\/dembedesign.hu\/wp-content\/uploads\/2022\/09\/Kepernyofoto-2022-08-29-19.51.31-1024x1007.png 1024w, https:\/\/dembedesign.hu\/wp-content\/uploads\/2022\/09\/Kepernyofoto-2022-08-29-19.51.31-768x755.png 768w, https:\/\/dembedesign.hu\/wp-content\/uploads\/2022\/09\/Kepernyofoto-2022-08-29-19.51.31-12x12.png 12w, https:\/\/dembedesign.hu\/wp-content\/uploads\/2022\/09\/Kepernyofoto-2022-08-29-19.51.31-600x590.png 600w, https:\/\/dembedesign.hu\/wp-content\/uploads\/2022\/09\/Kepernyofoto-2022-08-29-19.51.31.png 1056w\" alt=\"WOOLF Earth Noohide \u2013 nyulas kollag\u00e9nes r\u00fad\" width=\"121\" height=\"119\" \/>Ingredients:\u00a0<\/strong>100% szarvascsont<\/p>\n<p><strong>Analytical components:<\/strong>\u00a0nyersfeh\u00e9rje 39,5%, zs\u00edrtartalom 15,9%, nyershamu 38%, Ca 15%, P 7%, Na 0,62%<\/p>\n<p><strong>Adagol\u00e1s: <\/strong><br \/>\n<strong>K\u00f6ly\u00f6kkuty\u00e1knak 1 \u00e9ves\u00a0korig:\u00a0<\/strong>\u00a02 g \/ testt\u00f6meg kg-onk\u00e9nt<br \/>\nEgy csapott te\u00e1skan\u00e1lt jelent kilogrammonk\u00e9nt.<br \/>\n<strong>Feln\u0151tt kuty\u00e1knak:\u00a0<\/strong>0,5 g \/ testt\u00f6meg kg-onk\u00e9nt<br \/>\nEgy f\u00e9l mokk\u00e1skan\u00e1lt jelent kilogrammonk\u00e9nt.<br \/>\nFolyamatosan \u00e9s k\u00faraszer\u0171en is adhat\u00f3!\u00a0Megel\u0151z\u00e9s c\u00e9lj\u00e1b\u00f3l javasoljuk, hogy 4\u00a0hetes k\u00far\u00e1kban haszn\u00e1ld!<\/p>\n<p><em>T\u00e1rol\u00e1sa: sz\u00e1raz helyen, napf\u00e9nyt\u0151l v\u00e9dve<\/em><\/p>\n<p>Figyelem! A term\u00e9k takarm\u00e1ny-kieg\u00e9sz\u00edt\u0151 \u00e9s nem helyettes\u00edti az esetlegesen sz\u00fcks\u00e9ges \u00e1llatorvosi kezel\u00e9st!<\/p>\n<p>&nbsp;<\/p>\n<p>&nbsp;<\/p>","protected":false},"excerpt":{"rendered":"<p>Er\u0151s\u00edti a csontozatot, a fogazatot \u00e9s az \u00edz\u00fcleteket. Biztos\u00edtja a sz\u00fcks\u00e9ges k\u00e1lciumot \u00e9s foszfort. A szarvas az allergi\u00e1s kuty\u00e1k sz\u00e1m\u00e1ra is ide\u00e1lis!\u00a0Elengedhetetlen szerepe van a n\u00f6veked\u00e9sben. A haszn\u00e1lata minden \u00e9letkorban javasolt! Sz\u00e1razt\u00e1p \u00e9s f\u0151tt men\u00fc mell\u00e9 k\u00f6telez\u0151!<\/p>\n<p><strong>Kiszerel\u00e9s<\/strong>: 150 g<br \/>\n<strong>Adagol\u00e1s:\u00a0<\/strong><br \/>\nK\u00f6ly\u00f6kkuty\u00e1knak 1 \u00e9ves\u00a0korig: 1 csapott te\u00e1skan\u00e1l\/kg<br \/>\nFeln\u0151tt kuty\u00e1knak:\u00a0egy f\u00e9l mokk\u00e1skan\u00e1l\/kg<br \/>\n<strong>Id\u0151tartam:\u00a0<\/strong>10 kg feln\u0151tt kuty\u00e1nak kb 30 napra el\u00e9g<\/p>","protected":false},"featured_media":11134,"template":"","meta":{"om_disable_all_campaigns":false,"_monsterinsights_skip_tracking":false,"_monsterinsights_sitenote_active":false,"_monsterinsights_sitenote_note":"","_monsterinsights_sitenote_category":0,"site-sidebar-layout":"default","site-content-layout":"default","ast-site-content-layout":"default","site-content-style":"default","site-sidebar-style":"default","ast-global-header-display":"","ast-banner-title-visibility":"","ast-main-header-display":"","ast-hfb-above-header-display":"","ast-hfb-below-header-display":"","ast-hfb-mobile-header-display":"","site-post-title":"","ast-breadcrumbs-content":"","ast-featured-img":"","footer-sml-layout":"","theme-transparent-header-meta":"default","adv-header-id-meta":"","stick-header-meta":"","header-above-stick-meta":"","header-main-stick-meta":"","header-below-stick-meta":"","astra-migrate-meta-layouts":"default","ast-page-background-enabled":"default","ast-page-background-meta":{"desktop":{"background-color":"","background-image":"","background-repeat":"repeat","background-position":"center center","background-size":"auto","background-attachment":"scroll","background-type":"","background-media":"","overlay-type":"","overlay-color":"","overlay-opacity":"","overlay-gradient":""},"tablet":{"background-color":"","background-image":"","background-repeat":"repeat","background-position":"center center","background-size":"auto","background-attachment":"scroll","background-type":"","background-media":"","overlay-type":"","overlay-color":"","overlay-opacity":"","overlay-gradient":""},"mobile":{"background-color":"","background-image":"","background-repeat":"repeat","background-position":"center center","background-size":"auto","background-attachment":"scroll","background-type":"","background-media":"","overlay-type":"","overlay-color":"","overlay-opacity":"","overlay-gradient":""}},"ast-content-background-meta":{"desktop":{"background-color":"var(--ast-global-color-5)","background-image":"","background-repeat":"repeat","background-position":"center center","background-size":"auto","background-attachment":"scroll","background-type":"","background-media":"","overlay-type":"","overlay-color":"","overlay-opacity":"","overlay-gradient":""},"tablet":{"background-color":"var(--ast-global-color-5)","background-image":"","background-repeat":"repeat","background-position":"center center","background-size":"auto","background-attachment":"scroll","background-type":"","background-media":"","overlay-type":"","overlay-color":"","overlay-opacity":"","overlay-gradient":""},"mobile":{"background-color":"var(--ast-global-color-5)","background-image":"","background-repeat":"repeat","background-position":"center center","background-size":"auto","background-attachment":"scroll","background-type":"","background-media":"","overlay-type":"","overlay-color":"","overlay-opacity":"","overlay-gradient":""}}},"product_brand":[],"product_cat":[258],"product_tag":[791,824,823,788,787,813,792,789,785,786,667],"class_list":{"0":"post-8826","1":"product","2":"type-product","3":"status-publish","4":"has-post-thumbnail","6":"product_cat-francia-bulldog-taplalekkiegeszito-vitamin","7":"product_tag-csonterosito","8":"product_tag-francia-bulldog-taplalekkiegeszito","9":"product_tag-francia-bulldog-vitamin","10":"product_tag-kalcium-forras","11":"product_tag-kalciumpotlas","12":"product_tag-kutya-csonterosito","13":"product_tag-kutya-izulet","14":"product_tag-kutya-kalcium","15":"product_tag-orolt-szarvascsont","16":"product_tag-orolt-szarvascsont-por","17":"product_tag-szarvascsont","18":"desktop-align-left","19":"tablet-align-left","20":"mobile-align-left","22":"first","23":"instock","24":"shipping-taxable","25":"purchasable","26":"product-type-simple"},"aioseo_notices":[],"_links":{"self":[{"href":"https:\/\/dembedesign.hu\/en\/wp-json\/wp\/v2\/product\/8826","targetHints":{"allow":["GET"]}}],"collection":[{"href":"https:\/\/dembedesign.hu\/en\/wp-json\/wp\/v2\/product"}],"about":[{"href":"https:\/\/dembedesign.hu\/en\/wp-json\/wp\/v2\/types\/product"}],"version-history":[{"count":21,"href":"https:\/\/dembedesign.hu\/en\/wp-json\/wp\/v2\/product\/8826\/revisions"}],"predecessor-version":[{"id":17156,"href":"https:\/\/dembedesign.hu\/en\/wp-json\/wp\/v2\/product\/8826\/revisions\/17156"}],"wp:featuredmedia":[{"embeddable":true,"href":"https:\/\/dembedesign.hu\/en\/wp-json\/wp\/v2\/media\/11134"}],"wp:attachment":[{"href":"https:\/\/dembedesign.hu\/en\/wp-json\/wp\/v2\/media?parent=8826"}],"wp:term":[{"taxonomy":"product_brand","embeddable":true,"href":"https:\/\/dembedesign.hu\/en\/wp-json\/wp\/v2\/product_brand?post=8826"},{"taxonomy":"product_cat","embeddable":true,"href":"https:\/\/dembedesign.hu\/en\/wp-json\/wp\/v2\/product_cat?post=8826"},{"taxonomy":"product_tag","embeddable":true,"href":"https:\/\/dembedesign.hu\/en\/wp-json\/wp\/v2\/product_tag?post=8826"}],"curies":[{"name":"wp","href":"https:\/\/api.w.org\/{rel}","templated":true}]}}