{"id":8845,"date":"2022-09-12T23:48:52","date_gmt":"2022-09-12T21:48:52","guid":{"rendered":"https:\/\/dembedesign.hu\/?post_type=product&#038;p=8845"},"modified":"2026-04-21T17:17:49","modified_gmt":"2026-04-21T15:17:49","slug":"sana-szaritott-edesburgonya","status":"publish","type":"product","link":"https:\/\/dembedesign.hu\/en\/product\/sana-szaritott-edesburgonya\/","title":{"rendered":"SANA &#8211; Sz\u00e1r\u00edtott \u00e9desburgonya"},"content":{"rendered":"<p><strong>Eg\u00e9szs\u00e9ges \u00e9s \u00edzletes sz\u00e1r\u00edtott \u00e9desburgonya. A k\u00edm\u00e9letes sz\u00e1r\u00edt\u00e1si elj\u00e1r\u00e1snak k\u00f6sz\u00f6nhet\u0151en meg\u0151rzi a benne l\u00e9v\u0151 \u00e9rt\u00e9kes vitaminokat \u00e9s \u00e1sv\u00e1nyi anyagokat. Magas az\u00a0A-, B-, C- \u00e9s E-vitamin tartalma. Hozz\u00e1j\u00e1rul a szem, a b\u0151r \u00e9s a sz\u0151rzet eg\u00e9szs\u00e9g\u00e9hez. Magas rosttartalm\u00e1val seg\u00edti az eg\u00e9szs\u00e9ges b\u00e9lm\u0171k\u00f6d\u00e9st. Felhaszn\u00e1lhat\u00f3 tr\u00e9ning snackk\u00e9nt \u00e9s \u00e9trend kieg\u00e9sz\u00edt\u0151 z\u00f6lds\u00e9gk\u00e9nt is!<\/strong><\/p>\n<p><strong>PROPERTIES:<\/strong><\/p>\n<ul>\n<li>Eg\u00e9szs\u00e9ges \u00e9s \u00edzletes sz\u00e1r\u00edtott \u00e9desburgonya.<\/li>\n<li>K\u00edm\u00e9letes elj\u00e1r\u00e1ssal, leveg\u0151n sz\u00e1r\u00edt\u00e1ssal k\u00e9sz\u00fcl.<\/li>\n<li>Magas az\u00a0A-, B-, C- \u00e9s E-vitamin tartalma.<\/li>\n<li>Hozz\u00e1j\u00e1rul a szem, a b\u0151r \u00e9s a sz\u0151rzet eg\u00e9szs\u00e9g\u00e9hez.<\/li>\n<li>Magas rosttartalm\u00e1val seg\u00edti az eg\u00e9szs\u00e9ges b\u00e9lm\u0171k\u00f6d\u00e9st.<\/li>\n<li>Allergi\u00e1ra \u00e9s h\u00edz\u00e1sra hajlamos\u00a0kuty\u00e1k sz\u00e1m\u00e1ra is ide\u00e1lis!<\/li>\n<li>Tr\u00e9ning snackk\u00e9nt \u00e9s \u00e9trend kieg\u00e9sz\u00edt\u0151 z\u00f6lds\u00e9gk\u00e9nt is haszn\u00e1lhat\u00f3!<\/li>\n<\/ul>\n<p><strong>FELHASZN\u00c1L\u00c1S:<\/strong><\/p>\n<ul>\n<li>Haszn\u00e1lhatod sz\u00e1r\u00edtott form\u00e1ban jutalomk\u00e9nt\u00a0a tr\u00e9ning sor\u00e1n!<\/li>\n<li>\u00c9tkez\u00e9st kieg\u00e9sz\u00edt\u0151 z\u00f6lds\u00e9gk\u00e9nt is alkalmazhat\u00f3! A n\u00f6v\u00e9nyi pelyheket 20 percig meleg v\u00edzbe kell \u00e1ztatni, majd \u00f6sszekeverhet\u0151 az \u00e9tellel! A 150 gramm sz\u00e1r\u00edtott s\u00fct\u0151t\u00f6k 375 grammnak felel meg \u00e1ztatva.<\/li>\n<\/ul>\n<p><strong>Ingredients:<\/strong> 100%\u00a0\u00e9desburgonya<\/p>\n<p><strong>Analytical components:<\/strong> 6.3% nyers feh\u00e9rje, 0.04% nyerszs\u00edr, 10% nyersrost, 6.25% nyers hamu, 6.06% nedvess\u00e9g<\/p>\n<p><strong><img decoding=\"async\" class=\"alignnone wp-image-8739\" src=\"https:\/\/dembedesign.hu\/wp-content\/uploads\/2022\/09\/Kepernyofoto-2022-08-29-19.51.31-300x295.png\" sizes=\"(max-width: 131px) 100vw, 131px\" srcset=\"https:\/\/dembedesign.hu\/wp-content\/uploads\/2022\/09\/Kepernyofoto-2022-08-29-19.51.31-300x295.png 300w, https:\/\/dembedesign.hu\/wp-content\/uploads\/2022\/09\/Kepernyofoto-2022-08-29-19.51.31-1024x1007.png 1024w, https:\/\/dembedesign.hu\/wp-content\/uploads\/2022\/09\/Kepernyofoto-2022-08-29-19.51.31-768x755.png 768w, https:\/\/dembedesign.hu\/wp-content\/uploads\/2022\/09\/Kepernyofoto-2022-08-29-19.51.31-12x12.png 12w, https:\/\/dembedesign.hu\/wp-content\/uploads\/2022\/09\/Kepernyofoto-2022-08-29-19.51.31-600x590.png 600w, https:\/\/dembedesign.hu\/wp-content\/uploads\/2022\/09\/Kepernyofoto-2022-08-29-19.51.31.png 1056w\" alt=\"\" width=\"131\" height=\"129\" \/>Nem tartalmaz\u00a0mesters\u00e9ges\u00a0adal\u00e9kanyagokat!<\/strong><strong>\u200b<\/strong>.<\/p>\n<p>\u00dcgyelj\u00fcnk a\u00a0 megfelel\u0151 mennyis\u00e9g\u0171 folyad\u00e9k biztos\u00edt\u00e1s\u00e1ra.<br \/>\nH\u0171v\u00f6s, sz\u00e1raz helyen t\u00e1roland\u00f3. Mindig sz\u00e1raz kanalat haszn\u00e1ljon a t\u00e1lal\u00e1shoz!<\/p>\n<p>&nbsp;<\/p>\n<p>&nbsp;<\/p>","protected":false},"excerpt":{"rendered":"<p>Eg\u00e9szs\u00e9ges \u00e9s \u00edzletes sz\u00e1r\u00edtott \u00e9desburgonya. Magas az\u00a0A-, B-, C- \u00e9s E-vitamin tartalma. Hozz\u00e1j\u00e1rul a szem, a b\u0151r \u00e9s a sz\u0151rzet eg\u00e9szs\u00e9g\u00e9hez. Magas rosttartalm\u00e1val seg\u00edti az eg\u00e9szs\u00e9ges b\u00e9lm\u0171k\u00f6d\u00e9st. Felhaszn\u00e1lhat\u00f3 tr\u00e9ning snackk\u00e9nt \u00e9s \u00e9trend kieg\u00e9sz\u00edt\u0151 z\u00f6lds\u00e9gk\u00e9nt is!<\/p>\n<p><b>How many:\u00a0<\/b>150 g<\/p>","protected":false},"featured_media":14276,"template":"","meta":{"om_disable_all_campaigns":false,"_monsterinsights_skip_tracking":false,"_monsterinsights_sitenote_active":false,"_monsterinsights_sitenote_note":"","_monsterinsights_sitenote_category":0,"site-sidebar-layout":"default","site-content-layout":"default","ast-site-content-layout":"default","site-content-style":"default","site-sidebar-style":"default","ast-global-header-display":"","ast-banner-title-visibility":"","ast-main-header-display":"","ast-hfb-above-header-display":"","ast-hfb-below-header-display":"","ast-hfb-mobile-header-display":"","site-post-title":"","ast-breadcrumbs-content":"","ast-featured-img":"","footer-sml-layout":"","theme-transparent-header-meta":"default","adv-header-id-meta":"","stick-header-meta":"","header-above-stick-meta":"","header-main-stick-meta":"","header-below-stick-meta":"","astra-migrate-meta-layouts":"default","ast-page-background-enabled":"default","ast-page-background-meta":{"desktop":{"background-color":"","background-image":"","background-repeat":"repeat","background-position":"center center","background-size":"auto","background-attachment":"scroll","background-type":"","background-media":"","overlay-type":"","overlay-color":"","overlay-opacity":"","overlay-gradient":""},"tablet":{"background-color":"","background-image":"","background-repeat":"repeat","background-position":"center center","background-size":"auto","background-attachment":"scroll","background-type":"","background-media":"","overlay-type":"","overlay-color":"","overlay-opacity":"","overlay-gradient":""},"mobile":{"background-color":"","background-image":"","background-repeat":"repeat","background-position":"center center","background-size":"auto","background-attachment":"scroll","background-type":"","background-media":"","overlay-type":"","overlay-color":"","overlay-opacity":"","overlay-gradient":""}},"ast-content-background-meta":{"desktop":{"background-color":"var(--ast-global-color-5)","background-image":"","background-repeat":"repeat","background-position":"center center","background-size":"auto","background-attachment":"scroll","background-type":"","background-media":"","overlay-type":"","overlay-color":"","overlay-opacity":"","overlay-gradient":""},"tablet":{"background-color":"var(--ast-global-color-5)","background-image":"","background-repeat":"repeat","background-position":"center center","background-size":"auto","background-attachment":"scroll","background-type":"","background-media":"","overlay-type":"","overlay-color":"","overlay-opacity":"","overlay-gradient":""},"mobile":{"background-color":"var(--ast-global-color-5)","background-image":"","background-repeat":"repeat","background-position":"center center","background-size":"auto","background-attachment":"scroll","background-type":"","background-media":"","overlay-type":"","overlay-color":"","overlay-opacity":"","overlay-gradient":""}}},"product_brand":[],"product_cat":[102,693],"product_tag":[469,213,523,666,320,453],"class_list":{"0":"post-8845","1":"product","2":"type-product","3":"status-publish","4":"has-post-thumbnail","6":"product_cat-francia-bulldog-jutalomfalat","7":"product_cat-francia-bulldog-zoldseg-gyumolcs","8":"product_tag-edesburgonya","9":"product_tag-jutalomfalat","10":"product_tag-sana","11":"product_tag-szaritott-edesburgonya","12":"product_tag-trening-snack","13":"product_tag-zoldseg","14":"desktop-align-left","15":"tablet-align-left","16":"mobile-align-left","18":"first","19":"instock","20":"sale","21":"shipping-taxable","22":"purchasable","23":"product-type-simple"},"aioseo_notices":[],"_links":{"self":[{"href":"https:\/\/dembedesign.hu\/en\/wp-json\/wp\/v2\/product\/8845","targetHints":{"allow":["GET"]}}],"collection":[{"href":"https:\/\/dembedesign.hu\/en\/wp-json\/wp\/v2\/product"}],"about":[{"href":"https:\/\/dembedesign.hu\/en\/wp-json\/wp\/v2\/types\/product"}],"version-history":[{"count":4,"href":"https:\/\/dembedesign.hu\/en\/wp-json\/wp\/v2\/product\/8845\/revisions"}],"predecessor-version":[{"id":14277,"href":"https:\/\/dembedesign.hu\/en\/wp-json\/wp\/v2\/product\/8845\/revisions\/14277"}],"wp:featuredmedia":[{"embeddable":true,"href":"https:\/\/dembedesign.hu\/en\/wp-json\/wp\/v2\/media\/14276"}],"wp:attachment":[{"href":"https:\/\/dembedesign.hu\/en\/wp-json\/wp\/v2\/media?parent=8845"}],"wp:term":[{"taxonomy":"product_brand","embeddable":true,"href":"https:\/\/dembedesign.hu\/en\/wp-json\/wp\/v2\/product_brand?post=8845"},{"taxonomy":"product_cat","embeddable":true,"href":"https:\/\/dembedesign.hu\/en\/wp-json\/wp\/v2\/product_cat?post=8845"},{"taxonomy":"product_tag","embeddable":true,"href":"https:\/\/dembedesign.hu\/en\/wp-json\/wp\/v2\/product_tag?post=8845"}],"curies":[{"name":"wp","href":"https:\/\/api.w.org\/{rel}","templated":true}]}}