{"id":9445,"date":"2022-11-16T22:00:08","date_gmt":"2022-11-16T21:00:08","guid":{"rendered":"https:\/\/dembedesign.hu\/?post_type=product&#038;p=9445"},"modified":"2026-05-10T20:01:04","modified_gmt":"2026-05-10T18:01:04","slug":"zee-dog-fresco-2in1-pluss-kemeny-eros-ragok-ellenfele","status":"publish","type":"product","link":"https:\/\/dembedesign.hu\/en\/product\/zee-dog-fresco-2in1-pluss-kemeny-eros-ragok-ellenfele\/","title":{"rendered":"Zee.Dog &#8211; FRESCO 2in1 pl\u00fcss (kem\u00e9ny, er\u0151s r\u00e1g\u00f3k ellenfele)"},"content":{"rendered":"<p><strong>A Zee.Dog FRESCO sz\u00f6rnyecske nem egy szokv\u00e1nyos pl\u00fcssj\u00e1t\u00e9k. K\u00edv\u00fcl puha, de bel\u00fcl egy kem\u00e9ny term\u00e9szetes gumib\u00f3l k\u00e9sz\u00fclt figura. H<span class=\"relative -mx-px my-[-0.2rem] rounded px-px py-[0.2rem] transition-colors duration-100 ease-in-out\">osszabb ideig tart\u00f3 sz\u00f3rakoz\u00e1st \u00e9s k\u00fcl\u00f6nb\u00f6z\u0151 \u00a0j\u00e1t\u00e9k\u00e9lm\u00e9nyt biztos\u00edt a kuty\u00e1k sz\u00e1m\u00e1ra. <\/span>A k\u00fcl\u00f6nleges kialak\u00edt\u00e1sa \u00e9s kem\u00e9nys\u00e9ge miatt ide\u00e1lis az er\u0151sebb r\u00e1g\u00f3hajlam\u00fa kuty\u00e1k sz\u00e1m\u00e1ra! <span class=\"relative -mx-px my-[-0.2rem] rounded px-px py-[0.2rem] transition-colors duration-100 ease-in-out\">Nem tartalmaz klasszikus poli\u00e9szter t\u00f6lt\u0151anyagot!\u00a0<\/span>Toxikus m\u00e9reganyagokt\u00f3l mentes.<\/strong><\/p>\n<p><strong>TULAJDONS\u00c1GAI:<\/strong><\/p>\n<ul>\n<li>2 az 1-ben kialak\u00edt\u00e1sa miatt hosszabb j\u00e1t\u00e9k\u00e9lm\u00e9ny.<\/li>\n<li>Rendk\u00edv\u00fcl kem\u00e9ny term\u00e9szetes gumi figura.<\/li>\n<li>Ide\u00e1lis az er\u0151sebb r\u00e1g\u00f3hajlam\u00fa kuty\u00e1k sz\u00e1m\u00e1ra!<\/li>\n<li><span class=\"relative -mx-px my-[-0.2rem] rounded px-px py-[0.2rem] transition-colors duration-100 ease-in-out\">Nem tartalmaz klasszikus t\u00f6lt\u0151anyagot!\u00a0<\/span><\/li>\n<li>Toxikus m\u00e9reganyagokt\u00f3l mentes!<\/li>\n<li><strong>M\u00e9rete:<\/strong> 13\u00d78 cm<\/li>\n<\/ul>\n<p>Egy j\u00e1t\u00e9k sem elpuszt\u00edthatatlan, ez\u00e9rt k\u00e9rlek mindig ellen\u0151rizd a j\u00e1t\u00e9kot \u00e9s fel\u00fcgyeld a kiskuty\u00e1d!<\/p>\n<p>&nbsp;<\/p>\n<p>&nbsp;<\/p>\n","protected":false},"excerpt":{"rendered":"<p>A Zee.Dog FRESCO sz\u00f6rnyecske k\u00edv\u00fcl puha, de bel\u00fcl egy kem\u00e9ny term\u00e9szetes gumib\u00f3l k\u00e9sz\u00fclt figura. H<span class=\"relative -mx-px my-[-0.2rem] rounded px-px py-[0.2rem] transition-colors duration-100 ease-in-out\">osszabb ideig tart\u00f3 sz\u00f3rakoz\u00e1st biztos\u00edt a kuty\u00e1k sz\u00e1m\u00e1ra. <\/span>Ide\u00e1lis az er\u0151sebb r\u00e1g\u00f3hajlam\u00fa kuty\u00e1k sz\u00e1m\u00e1ra!<\/p>\n<p><strong>M\u00e9ret:<\/strong> 13x8cm<\/p>\n","protected":false},"featured_media":16779,"template":"","meta":{"om_disable_all_campaigns":false,"_monsterinsights_skip_tracking":false,"_monsterinsights_sitenote_active":false,"_monsterinsights_sitenote_note":"","_monsterinsights_sitenote_category":0,"site-sidebar-layout":"default","site-content-layout":"default","ast-site-content-layout":"default","site-content-style":"default","site-sidebar-style":"default","ast-global-header-display":"","ast-banner-title-visibility":"","ast-main-header-display":"","ast-hfb-above-header-display":"","ast-hfb-below-header-display":"","ast-hfb-mobile-header-display":"","site-post-title":"","ast-breadcrumbs-content":"","ast-featured-img":"","footer-sml-layout":"","theme-transparent-header-meta":"default","adv-header-id-meta":"","stick-header-meta":"","header-above-stick-meta":"","header-main-stick-meta":"","header-below-stick-meta":"","astra-migrate-meta-layouts":"set","ast-page-background-enabled":"default","ast-page-background-meta":{"desktop":{"background-color":"","background-image":"","background-repeat":"repeat","background-position":"center center","background-size":"auto","background-attachment":"scroll","background-type":"","background-media":"","overlay-type":"","overlay-color":"","overlay-opacity":"","overlay-gradient":""},"tablet":{"background-color":"","background-image":"","background-repeat":"repeat","background-position":"center center","background-size":"auto","background-attachment":"scroll","background-type":"","background-media":"","overlay-type":"","overlay-color":"","overlay-opacity":"","overlay-gradient":""},"mobile":{"background-color":"","background-image":"","background-repeat":"repeat","background-position":"center center","background-size":"auto","background-attachment":"scroll","background-type":"","background-media":"","overlay-type":"","overlay-color":"","overlay-opacity":"","overlay-gradient":""}},"ast-content-background-meta":{"desktop":{"background-color":"var(--ast-global-color-5)","background-image":"","background-repeat":"repeat","background-position":"center center","background-size":"auto","background-attachment":"scroll","background-type":"","background-media":"","overlay-type":"","overlay-color":"","overlay-opacity":"","overlay-gradient":""},"tablet":{"background-color":"var(--ast-global-color-5)","background-image":"","background-repeat":"repeat","background-position":"center center","background-size":"auto","background-attachment":"scroll","background-type":"","background-media":"","overlay-type":"","overlay-color":"","overlay-opacity":"","overlay-gradient":""},"mobile":{"background-color":"var(--ast-global-color-5)","background-image":"","background-repeat":"repeat","background-position":"center center","background-size":"auto","background-attachment":"scroll","background-type":"","background-media":"","overlay-type":"","overlay-color":"","overlay-opacity":"","overlay-gradient":""}}},"product_brand":[],"product_cat":[103,612],"product_tag":[148,216,307,554,306],"class_list":{"0":"post-9445","1":"product","2":"type-product","3":"status-publish","4":"has-post-thumbnail","6":"product_cat-jatek","7":"product_cat-plussok","8":"product_tag-jatek","9":"product_tag-mereganyagmentes","10":"product_tag-pluss","11":"product_tag-sipolo-pluss","12":"product_tag-zeedog","13":"desktop-align-left","14":"tablet-align-left","15":"mobile-align-left","17":"first","18":"outofstock","19":"shipping-taxable","20":"purchasable","21":"product-type-simple"},"aioseo_notices":[],"_links":{"self":[{"href":"https:\/\/dembedesign.hu\/en\/wp-json\/wp\/v2\/product\/9445","targetHints":{"allow":["GET"]}}],"collection":[{"href":"https:\/\/dembedesign.hu\/en\/wp-json\/wp\/v2\/product"}],"about":[{"href":"https:\/\/dembedesign.hu\/en\/wp-json\/wp\/v2\/types\/product"}],"version-history":[{"count":8,"href":"https:\/\/dembedesign.hu\/en\/wp-json\/wp\/v2\/product\/9445\/revisions"}],"predecessor-version":[{"id":18658,"href":"https:\/\/dembedesign.hu\/en\/wp-json\/wp\/v2\/product\/9445\/revisions\/18658"}],"wp:featuredmedia":[{"embeddable":true,"href":"https:\/\/dembedesign.hu\/en\/wp-json\/wp\/v2\/media\/16779"}],"wp:attachment":[{"href":"https:\/\/dembedesign.hu\/en\/wp-json\/wp\/v2\/media?parent=9445"}],"wp:term":[{"taxonomy":"product_brand","embeddable":true,"href":"https:\/\/dembedesign.hu\/en\/wp-json\/wp\/v2\/product_brand?post=9445"},{"taxonomy":"product_cat","embeddable":true,"href":"https:\/\/dembedesign.hu\/en\/wp-json\/wp\/v2\/product_cat?post=9445"},{"taxonomy":"product_tag","embeddable":true,"href":"https:\/\/dembedesign.hu\/en\/wp-json\/wp\/v2\/product_tag?post=9445"}],"curies":[{"name":"wp","href":"https:\/\/api.w.org\/{rel}","templated":true}]}}